{"id":9908,"date":"2023-01-05T20:22:46","date_gmt":"2023-01-05T19:22:46","guid":{"rendered":"https:\/\/www.lux-airport.lu\/?page_id=9908"},"modified":"2023-06-01T12:50:09","modified_gmt":"2023-06-01T11:50:09","slug":"carrieres-a-laeroport","status":"publish","type":"page","link":"https:\/\/www.lux-airport.lu\/fr\/entreprise\/carrieres\/carrieres-a-laeroport\/","title":{"rendered":"Carri\u00e8res \u00e0 l&rsquo;a\u00e9roport"},"content":{"rendered":"\n<p><strong><br>Travailler dans un a\u00e9roport : \u00e7a se passe comment ?<\/strong><strong><\/strong><\/p>\n\n\n\n<p>C&rsquo;est \u00e0 la fois fascinant et stimulant !<\/p>\n\n\n\n<p>Vous \u00e9voluez dans un cadre unique, au sein d\u2019un environnement en constante \u00e9volution, aupr\u00e8s d\u2019un acteur cl\u00e9 de l&rsquo;\u00e9conomie nationale.<\/p>\n\n\n\n<p>Il est un fait que le secteur a\u00e9roportuaire exerce une attraction certaine, et pas seulement sur les mordus d\u2019aviation !<\/p>\n\n\n\n<p>L\u2019a\u00e9roport de Luxembourg est l\u2019une des principales plateformes de transport en Grande R\u00e9gion. Cela nous pousse \u00e0 relever quotidiennement de nombreux d\u00e9fis logistiques, \u00e9conomiques et humains.<\/p>\n\n\n\n<p>Nous sommes \u00e9galement garants de la s\u00fbret\u00e9 nationale et de l\u2019image de marque du pays. Pour mener \u00e0 bien nos missions, nous pouvons compter sur nos collaborateurs, r\u00e9partis en plusieurs d\u00e9partements :<\/p>\n\n\n\n<ul class=\"wp-block-list\">\n<li>notre d\u00e9partement Op\u00e9rations s\u2019occupe de tous les aspects op\u00e9rationnels au sein de l\u2019a\u00e9rogare et sur l\u2019aire de trafic ;<\/li>\n\n\n\n<li>notre d\u00e9partement S\u00fbret\u00e9 est charg\u00e9 d&rsquo;assurer et de renforcer la s\u00fbret\u00e9 du pays&nbsp;;<\/li>\n\n\n\n<li>&nbsp; nos \u00e9quipes Projets et Immobilier sont responsables du d\u00e9veloppement de notre a\u00e9roport et de ses environs ;<\/li>\n\n\n\n<li>notre d\u00e9partement S\u00e9curit\u00e9 et Conformit\u00e9 est responsable du respect des normes a\u00e9roportuaires, en termes de s\u00e9curit\u00e9, de processus, d\u2019acc\u00e8s \u2026 ;<\/li>\n\n\n\n<li>notre d\u00e9partement Commercial d\u00e9veloppe des solutions pour am\u00e9liorer le confort des passagers, notamment des solutions pour la vente au d\u00e9tail, les parking, l\u2019optimisation de l\u2019exp\u00e9rience voyageur \u2026<\/li>\n\n\n\n<li>&nbsp;nos autres \u00e9quipes de Business Support s\u2019att\u00e8lent chaque jour \u00e0 fournir \u00e0 l\u2019entreprise et \u00e0 ses collaborateurs des services de qualit\u00e9, notamment dans les domaines administratif, juridique, financier, informatique ainsi que dans les domaines de la gestion de la qualit\u00e9, des achats, des RH, du marketing et de la communication.<\/li>\n<\/ul>\n\n\n\n<p>Il est important pour nous de placer l&rsquo;\u00eatre humain au centre de nos pr\u00e9occupations. <a href=\"https:\/\/www.lux-airport.lu\/fr\/corporate\/open-positions\/\" target=\"_blank\" rel=\"noreferrer noopener\">Alors rejoignez-nous pour faire partie de cette belle aventure !<\/a><\/p>\n\n\n\n<div class=\"wp-block-columns is-layout-flex wp-container-core-columns-is-layout-9d6595d7 wp-block-columns-is-layout-flex\">\n<div class=\"wp-block-column is-layout-flow wp-block-column-is-layout-flow\">\n<figure class=\"wp-block-embed is-type-video is-provider-youtube wp-block-embed-youtube wp-embed-aspect-16-9 wp-has-aspect-ratio\"><div class=\"wp-block-embed__wrapper\">\n<iframe loading=\"lazy\" title=\"Welcome to Luxembourg Airport  | Mother language day\" width=\"640\" height=\"360\" src=\"https:\/\/www.youtube.com\/embed\/88t8bnOZh4M?feature=oembed\" frameborder=\"0\" allow=\"accelerometer; autoplay; clipboard-write; encrypted-media; gyroscope; picture-in-picture; web-share\" referrerpolicy=\"strict-origin-when-cross-origin\" allowfullscreen><\/iframe>\n<\/div><\/figure>\n<\/div>\n\n\n\n<div class=\"wp-block-column is-layout-flow wp-block-column-is-layout-flow\">\n<figure class=\"wp-block-embed is-type-video is-provider-youtube wp-block-embed-youtube wp-embed-aspect-16-9 wp-has-aspect-ratio\"><div class=\"wp-block-embed__wrapper\">\n<iframe loading=\"lazy\" title=\"Meet our Security Agents | lux-Airport\" width=\"640\" height=\"360\" src=\"https:\/\/www.youtube.com\/embed\/VzLLTVcwh2I?feature=oembed\" frameborder=\"0\" allow=\"accelerometer; autoplay; clipboard-write; encrypted-media; gyroscope; picture-in-picture; web-share\" referrerpolicy=\"strict-origin-when-cross-origin\" allowfullscreen><\/iframe>\n<\/div><\/figure>\n<\/div>\n\n\n\n<div class=\"wp-block-column is-layout-flow wp-block-column-is-layout-flow\">\n<figure class=\"wp-block-embed is-type-video is-provider-youtube wp-block-embed-youtube wp-embed-aspect-16-9 wp-has-aspect-ratio\"><div class=\"wp-block-embed__wrapper\">\n<iframe loading=\"lazy\" title=\"Meet our operations department | lux-Airport\" width=\"640\" height=\"360\" src=\"https:\/\/www.youtube.com\/embed\/z9IJc3nsr8o?feature=oembed\" frameborder=\"0\" allow=\"accelerometer; autoplay; clipboard-write; encrypted-media; gyroscope; picture-in-picture; web-share\" referrerpolicy=\"strict-origin-when-cross-origin\" allowfullscreen><\/iframe>\n<\/div><\/figure>\n<\/div>\n<\/div>\n","protected":false},"excerpt":{"rendered":"<p>Travailler dans un a\u00e9roport : \u00e7a se passe comment ? C&rsquo;est \u00e0 la fois fascinant et stimulant ! Vous \u00e9voluez dans un cadre unique, au sein d\u2019un environnement en constante \u00e9volution, aupr\u00e8s d\u2019un acteur cl\u00e9 de l&rsquo;\u00e9conomie nationale. Il est un fait que le secteur a\u00e9roportuaire exerce une attraction certaine, et pas seulement sur les [&hellip;]<\/p>\n","protected":false},"author":1,"featured_media":0,"parent":7085,"menu_order":0,"comment_status":"closed","ping_status":"closed","template":"","meta":{"_acf_changed":false,"footnotes":""},"class_list":["post-9908","page","type-page","status-publish","hentry"],"acf":{"set_page_width_full":false,"start_with_small_header":false,"reno_options":{"hide_reno_widget":false,"open_widget_on_page_load":false,"which_tab_to_open":"chatbot","hide_reno_turn_onoff":false,"set_height_to_mini":false,"reno_page_branded_text_back_front":{"reno_show_branded_text":false,"reno_text_in_the_back":"JOURNEY","reno_text_in_the_front":"my journey starts here"}},"branded_text_backfront":{"hide_branded_text":false,"text_in_the_back":"JOURNEY","text_in_the_front_left":"My journey","text_in_the_front_right":"starts here"},"hide_breadcrumbs":false,"hide_footer_widgets":false,"hide_page_title":false,"advertising__adsense":{"show_ads_in_this_page":true,"image_instead_of_adsense":{"enable_image_instead_of_adsense":false,"banner_image_300x250":null,"banner_url":""}},"header_image_options":{"show_header_image":"Yes","header_image":""}},"_links":{"self":[{"href":"https:\/\/www.lux-airport.lu\/fr\/wp-json\/wp\/v2\/pages\/9908","targetHints":{"allow":["GET"]}}],"collection":[{"href":"https:\/\/www.lux-airport.lu\/fr\/wp-json\/wp\/v2\/pages"}],"about":[{"href":"https:\/\/www.lux-airport.lu\/fr\/wp-json\/wp\/v2\/types\/page"}],"author":[{"embeddable":true,"href":"https:\/\/www.lux-airport.lu\/fr\/wp-json\/wp\/v2\/users\/1"}],"replies":[{"embeddable":true,"href":"https:\/\/www.lux-airport.lu\/fr\/wp-json\/wp\/v2\/comments?post=9908"}],"version-history":[{"count":0,"href":"https:\/\/www.lux-airport.lu\/fr\/wp-json\/wp\/v2\/pages\/9908\/revisions"}],"up":[{"embeddable":true,"href":"https:\/\/www.lux-airport.lu\/fr\/wp-json\/wp\/v2\/pages\/7085"}],"wp:attachment":[{"href":"https:\/\/www.lux-airport.lu\/fr\/wp-json\/wp\/v2\/media?parent=9908"}],"curies":[{"name":"wp","href":"https:\/\/api.w.org\/{rel}","templated":true}]}}