{"id":9849,"date":"2022-10-05T16:14:58","date_gmt":"2022-10-05T14:14:58","guid":{"rendered":"https:\/\/www.lux-airport.lu\/la-societe\/presse\/download-media-requests\/"},"modified":"2023-02-03T16:09:47","modified_gmt":"2023-02-03T15:09:47","slug":"telecharger-les-demandes-des-medias","status":"publish","type":"page","link":"https:\/\/www.lux-airport.lu\/fr\/entreprise\/presse\/telecharger-les-demandes-des-medias\/","title":{"rendered":"T\u00e9l\u00e9charger les demandes des m\u00e9dias"},"content":{"rendered":"\n<p>Si vous avez d\u00e9j\u00e0 un compte, <a href=\"https:\/\/www.lux-airport.lu\/fr\/entreprise\/presse\/images-videos\/\" data-type=\"URL\" data-id=\"https:\/\/www.lux-airport.lu\/fr\/entreprise\/presse\/images-videos\/\">cliquez ici<\/a> pour vous connecter.<\/p>\n\n\n\n<p>Inscrivez-vous ici pour recevoir les communiqu\u00e9s de presse et les rapports de trafic de lux-Airport, l&rsquo;exploitant de l&rsquo;a\u00e9rodrome de l&rsquo;a\u00e9roport de Luxembourg.<\/p>\n\n\n\n<div class=\"wp-block-contact-form-7-contact-form-selector\">[contact-form-7 id=\u00a0\u00bb5939&Prime; title=\u00a0\u00bbPR Requests\u00a0\u00bb]<\/div>\n","protected":false},"excerpt":{"rendered":"<p>Si vous avez d\u00e9j\u00e0 un compte, cliquez ici pour vous connecter. Inscrivez-vous ici pour recevoir les communiqu\u00e9s de presse et les rapports de trafic de lux-Airport, l&rsquo;exploitant de l&rsquo;a\u00e9rodrome de l&rsquo;a\u00e9roport de Luxembourg.<\/p>\n","protected":false},"author":1,"featured_media":0,"parent":6947,"menu_order":0,"comment_status":"closed","ping_status":"closed","template":"","meta":{"_acf_changed":false,"footnotes":""},"class_list":["post-9849","page","type-page","status-publish","hentry"],"acf":{"set_page_width_full":false,"start_with_small_header":false,"reno_options":{"hide_reno_widget":false,"open_widget_on_page_load":false,"which_tab_to_open":"chatbot","hide_reno_turn_onoff":false,"set_height_to_mini":false,"reno_page_branded_text_back_front":{"reno_show_branded_text":false,"reno_text_in_the_back":"JOURNEY","reno_text_in_the_front":"my journey starts here"}},"branded_text_backfront":{"hide_branded_text":false,"text_in_the_back":"JOURNEY","text_in_the_front_left":"My journey","text_in_the_front_right":"starts here"},"hide_breadcrumbs":false,"hide_footer_widgets":false,"hide_page_title":false,"advertising__adsense":{"show_ads_in_this_page":true,"image_instead_of_adsense":{"enable_image_instead_of_adsense":false,"banner_image_300x250":null,"banner_url":""}},"header_image_options":{"show_header_image":"Yes","header_image":""}},"_links":{"self":[{"href":"https:\/\/www.lux-airport.lu\/fr\/wp-json\/wp\/v2\/pages\/9849","targetHints":{"allow":["GET"]}}],"collection":[{"href":"https:\/\/www.lux-airport.lu\/fr\/wp-json\/wp\/v2\/pages"}],"about":[{"href":"https:\/\/www.lux-airport.lu\/fr\/wp-json\/wp\/v2\/types\/page"}],"author":[{"embeddable":true,"href":"https:\/\/www.lux-airport.lu\/fr\/wp-json\/wp\/v2\/users\/1"}],"replies":[{"embeddable":true,"href":"https:\/\/www.lux-airport.lu\/fr\/wp-json\/wp\/v2\/comments?post=9849"}],"version-history":[{"count":0,"href":"https:\/\/www.lux-airport.lu\/fr\/wp-json\/wp\/v2\/pages\/9849\/revisions"}],"up":[{"embeddable":true,"href":"https:\/\/www.lux-airport.lu\/fr\/wp-json\/wp\/v2\/pages\/6947"}],"wp:attachment":[{"href":"https:\/\/www.lux-airport.lu\/fr\/wp-json\/wp\/v2\/media?parent=9849"}],"curies":[{"name":"wp","href":"https:\/\/api.w.org\/{rel}","templated":true}]}}