{"id":9768,"date":"2023-01-05T17:11:12","date_gmt":"2023-01-05T16:11:12","guid":{"rendered":"https:\/\/www.lux-airport.lu\/?page_id=9768"},"modified":"2023-06-01T12:47:42","modified_gmt":"2023-06-01T11:47:42","slug":"skypark-center-sud","status":"publish","type":"page","link":"https:\/\/www.lux-airport.lu\/fr\/entreprise\/a-propos-de-nous\/skypark-center-sud\/","title":{"rendered":"Skypark Center South"},"content":{"rendered":"\n<p>Le Skypark Business Center est le premier jalon visible d\u2019Airport City, un projet immobilier d\u2019envergure \u00e0 proximit\u00e9 imm\u00e9diate de l\u2019a\u00e9roport de Luxembourg. La construction de cet \u00e9difice de conception ultramoderne avance \u00e0 grands pas. Le Skypark Business Center est appel\u00e9 \u00e0 devenir un b\u00e2timent de r\u00e9f\u00e9rence en mati\u00e8re de durabilit\u00e9 et de sensibilisation aux questions environnementales. Il utilise des m\u00e9thodes de construction ax\u00e9es sur le bois, visant \u00e0 r\u00e9duire l\u2019empreinte carbone du projet, ainsi qu\u2019une s\u00e9rie d\u2019autres dispositifs et technologies intelligentes qui en assurent sa durabilit\u00e9.<\/p>\n\n\n\n<div style=\"height:30px\" aria-hidden=\"true\" class=\"wp-block-spacer\"><\/div>\n\n\n\n<p><strong><strong>Derni\u00e8res nouvelles concernant skypark novembre 2022<\/strong><\/strong><\/p>\n\n\n\n<div style=\"height:30px\" aria-hidden=\"true\" class=\"wp-block-spacer\"><\/div>\n\n\n\n<h2 class=\"wp-block-heading\"><strong><strong>Moxy hotel s\u2019installe au Skypark business center avec un acc\u00e8s direct \u00e0 l&rsquo;a\u00e9roport de Luxembourg<\/strong><\/strong><\/h2>\n\n\n\n<ul class=\"wp-block-list\">\n<li>Confirmation de l\u2019installation de Moxy Hotel, membre du groupe de Marriott International, dans le nouveau centre d&rsquo;affaires Skypark<\/li>\n\n\n\n<li>130 chambres d&rsquo;h\u00f4tel de standing avec une vue unique et un acc\u00e8s direct au terminal de l&rsquo;a\u00e9roport<\/li>\n\n\n\n<li>Terrasse en plein air<\/li>\n<\/ul>\n\n\n<div class=\"wp-block-image\">\n<figure class=\"aligncenter size-large\"><img loading=\"lazy\" decoding=\"async\" width=\"1024\" height=\"576\" src=\"https:\/\/www.lux-airport.lu\/wp-content\/uploads\/2023\/01\/image-7-1024x576.png\" alt=\"\" class=\"wp-image-9760\" srcset=\"https:\/\/www.lux-airport.lu\/wp-content\/uploads\/2023\/01\/image-7-1024x576.png 1024w, https:\/\/www.lux-airport.lu\/wp-content\/uploads\/2023\/01\/image-7-300x169.png 300w, https:\/\/www.lux-airport.lu\/wp-content\/uploads\/2023\/01\/image-7-768x432.png 768w, https:\/\/www.lux-airport.lu\/wp-content\/uploads\/2023\/01\/image-7.png 1051w\" sizes=\"auto, (max-width: 1024px) 100vw, 1024px\" \/><\/figure>\n<\/div>\n\n\n<div style=\"height:30px\" aria-hidden=\"true\" class=\"wp-block-spacer\"><\/div>\n\n\n\n<p>Ces derniers mois, le chantier du Skypark Business Center a avanc\u00e9 \u00e0 grand pas, au point que l\u2019on peut \u00e0 pr\u00e9sent se faire une id\u00e9e de son aspect final. \u00c0 mesure que le Skypark Business Center continue de prendre forme, les nouvelles concernant l&rsquo;h\u00f4tel qui prendra place dans le centre d&rsquo;affaires se concr\u00e9tisent.<\/p>\n\n\n\n<p>Le nouveau Moxy Hotel Luxembourg Airport proposera 130 chambres de standing et de tout confort offrant une vue unique sur l\u2019a\u00e9roport de Luxembourg, une superbe terrasse en plein air et, en son centre, un Moxy Bar faisant office de r\u00e9ception.<\/p>\n\n\n\n<p>Moxy est une marque h\u00f4teli\u00e8re ludique, abordable et branch\u00e9e, qui a pour mantra d\u2019offrir aux clients tout ce qu&rsquo;ils d\u00e9sirent et rien de ce qu\u2019ils ne d\u00e9sirent pas. Le Moxy Hotel Luxembourg Airport sera reli\u00e9 directement au terminal de l&rsquo;a\u00e9roport par une passerelle int\u00e9rieure depuis le centre d&rsquo;affaires Skypark. La date d&rsquo;ouverture est pr\u00e9vue pour le premier semestre 2024.<\/p>\n\n\n\n<p>Par ailleurs, le Moxy Hotel sera id\u00e9alement desservi par une nouvelle ligne de tram qui assurera la liaison avec l\u2019a\u00e9roport et qui sera implant\u00e9e \u00e0 proximit\u00e9 imm\u00e9diate du terminal, \u00e9galement \u00e0 l\u2019horizon 2024.<\/p>\n\n\n\n<p>\u00ab Le concept Moxy r\u00e9pond parfaitement \u00e0 la promesse que nous avons faite aux voyageurs d\u2019allier confort, qualit\u00e9 et durabilit\u00e9 dans notre a\u00e9roport et dans la future Airport City. Nous sommes fiers d\u2019avoir \u00e0 notre bord un partenaire exp\u00e9riment\u00e9 et innovant tel que Marriott International et sa marque Moxy. Qu\u2019ils voyagent pour agr\u00e9ment ou pour affaires, les voyageurs appr\u00e9cieront ce nouvel h\u00f4tel \u00bb, d\u00e9clare Alexander Flassak, PDG de lux-Airport.<\/p>\n\n\n\n<p>\u00ab Implanter un h\u00f4tel dans un environnement aussi formidable qu\u2019est notre a\u00e9roport est une entreprise exceptionnelle. L\u2019a\u00e9roport de Luxembourg est en soi un cadre d\u2019exception et l\u2019ensemble du Skypark Business Center, un lieu incomparable en termes de situation, de vue, d\u2019innovation et de durabilit\u00e9.&nbsp; Nous sommes plus que ravis d\u2019en faire partie \u00bb, a d\u00e9clar\u00e9 Tim Zeichhardt, directeur principal du d\u00e9veloppement chez Marriott International.<\/p>\n\n\n\n<div style=\"height:30px\" aria-hidden=\"true\" class=\"wp-block-spacer\"><\/div>\n\n\n\n<figure class=\"wp-block-embed is-type-video is-provider-youtube wp-block-embed-youtube wp-embed-aspect-16-9 wp-has-aspect-ratio\"><div class=\"wp-block-embed__wrapper\">\n<iframe loading=\"lazy\" title=\"Skypark Business Center at Luxembourg Airport - a glimpse into the future\" width=\"640\" height=\"360\" src=\"https:\/\/www.youtube.com\/embed\/OJD3kx9rlBc?feature=oembed\" frameborder=\"0\" allow=\"accelerometer; autoplay; clipboard-write; encrypted-media; gyroscope; picture-in-picture; web-share\" referrerpolicy=\"strict-origin-when-cross-origin\" allowfullscreen><\/iframe>\n<\/div><\/figure>\n","protected":false},"excerpt":{"rendered":"<p>Le Skypark Business Center est le premier jalon visible d\u2019Airport City, un projet immobilier d\u2019envergure \u00e0 proximit\u00e9 imm\u00e9diate de l\u2019a\u00e9roport de Luxembourg. La construction de cet \u00e9difice de conception ultramoderne avance \u00e0 grands pas. Le Skypark Business Center est appel\u00e9 \u00e0 devenir un b\u00e2timent de r\u00e9f\u00e9rence en mati\u00e8re de durabilit\u00e9 et de sensibilisation aux questions [&hellip;]<\/p>\n","protected":false},"author":1,"featured_media":0,"parent":7075,"menu_order":0,"comment_status":"closed","ping_status":"closed","template":"","meta":{"_acf_changed":false,"footnotes":""},"class_list":["post-9768","page","type-page","status-publish","hentry"],"acf":{"set_page_width_full":false,"start_with_small_header":false,"reno_options":{"hide_reno_widget":false,"open_widget_on_page_load":false,"which_tab_to_open":"chatbot","hide_reno_turn_onoff":false,"set_height_to_mini":false,"reno_page_branded_text_back_front":{"reno_show_branded_text":false,"reno_text_in_the_back":"JOURNEY","reno_text_in_the_front":"my journey starts here"}},"branded_text_backfront":{"hide_branded_text":false,"text_in_the_back":"JOURNEY","text_in_the_front_left":"My journey","text_in_the_front_right":"starts here"},"hide_breadcrumbs":false,"hide_footer_widgets":false,"hide_page_title":false,"advertising__adsense":{"show_ads_in_this_page":true,"image_instead_of_adsense":{"enable_image_instead_of_adsense":false,"banner_image_300x250":null,"banner_url":""}},"header_image_options":{"show_header_image":"Yes","header_image":""}},"_links":{"self":[{"href":"https:\/\/www.lux-airport.lu\/fr\/wp-json\/wp\/v2\/pages\/9768","targetHints":{"allow":["GET"]}}],"collection":[{"href":"https:\/\/www.lux-airport.lu\/fr\/wp-json\/wp\/v2\/pages"}],"about":[{"href":"https:\/\/www.lux-airport.lu\/fr\/wp-json\/wp\/v2\/types\/page"}],"author":[{"embeddable":true,"href":"https:\/\/www.lux-airport.lu\/fr\/wp-json\/wp\/v2\/users\/1"}],"replies":[{"embeddable":true,"href":"https:\/\/www.lux-airport.lu\/fr\/wp-json\/wp\/v2\/comments?post=9768"}],"version-history":[{"count":0,"href":"https:\/\/www.lux-airport.lu\/fr\/wp-json\/wp\/v2\/pages\/9768\/revisions"}],"up":[{"embeddable":true,"href":"https:\/\/www.lux-airport.lu\/fr\/wp-json\/wp\/v2\/pages\/7075"}],"wp:attachment":[{"href":"https:\/\/www.lux-airport.lu\/fr\/wp-json\/wp\/v2\/media?parent=9768"}],"curies":[{"name":"wp","href":"https:\/\/api.w.org\/{rel}","templated":true}]}}