{"id":9749,"date":"2023-01-05T13:37:19","date_gmt":"2023-01-05T12:37:19","guid":{"rendered":"https:\/\/www.lux-airport.lu\/?page_id=9749"},"modified":"2023-09-11T11:29:48","modified_gmt":"2023-09-11T09:29:48","slug":"construction-du-nouveau-luxair-maintenance-hangar","status":"publish","type":"page","link":"https:\/\/www.lux-airport.lu\/fr\/entreprise\/a-propos-de-nous\/construction-du-nouveau-luxair-maintenance-hangar\/","title":{"rendered":"Construction du nouveau hangar de maintenance Luxair"},"content":{"rendered":"\n<h2 class=\"wp-block-heading\"><strong><strong>lux-Airport construit le nouveau hangar de maintenance Luxair<\/strong><\/strong><\/h2>\n\n\n\n<p>lux-Airport se consid\u00e8re comme un gestionnaire de projet innovant, porteur d\u2019une vision r\u00e9solument tourn\u00e9e vers l\u2019avenir et de projets \u00e0 la pointe de la technologie. La construction du hangar de maintenance de Luxair constitue \u00e0 cet \u00e9gard un projet embl\u00e9matique. Apr\u00e8s 70 ans de bons et loyaux services, le hangar Nennig ne r\u00e9pond plus aux exigences actuelles. C\u2019est pourquoi un nouveau hangar, dont le nom est encore tenu secret, sera construit selon les normes actuelles. Nous l\u2019appelons pour l\u2019instant le \u00ab&nbsp;nouveau hangar&nbsp;\u00bb. Ce hangar pourra accueillir jusqu&rsquo;\u00e0 3 avions en m\u00eame temps et disposera m\u00eame suffisamment d\u2019espace pour des bureaux et des entrep\u00f4ts.<\/p>\n\n\n\n<div class=\"wp-block-columns is-layout-flex wp-container-core-columns-is-layout-9d6595d7 wp-block-columns-is-layout-flex\">\n<div class=\"wp-block-column is-vertically-aligned-center is-layout-flow wp-block-column-is-layout-flow\">\n<h2 class=\"wp-block-heading\"><strong><strong><strong>Le nouveau hangar de maintenance luxair, en bref&nbsp;:<\/strong><\/strong><\/strong><\/h2>\n\n\n\n<p>Architecte: Pit Hoffmann de cubus Architectes S.\u00e0.r.l. L-5360 Schrassig<\/p>\n\n\n\n<p>Travaux&nbsp;: commenc\u00e9s le 05\/2022, ils s\u2019ach\u00e8veront fin 2023<br>Dimensions du b\u00e2timent : 110 m x 100 m, hauteur max. 22 m<\/p>\n\n\n\n<p>Types d\u2019avions pouvant y \u00eatre accueillis&nbsp;: BOEING 737, BOMBARDIER Q400, AIRBUS A321. Possibilit\u00e9 d\u2019accueillir jusqu\u2019\u00e0 trois avions simultan\u00e9ment.<\/p>\n\n\n\n<p>Que trouvera-t -on dans le hangar&nbsp;? Des ateliers pour la maintenance, un espace de stockage pour les pi\u00e8ces de rechange, neuf trappes au sol (PIT) pour l\u2019alimentation \u00e9lectrique des avions et l\u2019aspiration des vapeurs de k\u00e9ros\u00e8ne, des bureaux administratifs, etc.<\/p>\n<\/div>\n\n\n\n<div class=\"wp-block-column is-vertically-aligned-center is-layout-flow wp-block-column-is-layout-flow\"><div class=\"wp-block-image\">\n<figure class=\"aligncenter size-full\"><img loading=\"lazy\" decoding=\"async\" width=\"849\" height=\"566\" src=\"https:\/\/www.lux-airport.lu\/wp-content\/uploads\/2023\/01\/image-6.png\" alt=\"\" class=\"wp-image-9731\" srcset=\"https:\/\/www.lux-airport.lu\/wp-content\/uploads\/2023\/01\/image-6.png 849w, https:\/\/www.lux-airport.lu\/wp-content\/uploads\/2023\/01\/image-6-300x200.png 300w, https:\/\/www.lux-airport.lu\/wp-content\/uploads\/2023\/01\/image-6-768x512.png 768w\" sizes=\"auto, (max-width: 849px) 100vw, 849px\" \/><\/figure>\n<\/div><\/div>\n<\/div>\n","protected":false},"excerpt":{"rendered":"<p>lux-Airport construit le nouveau hangar de maintenance Luxair lux-Airport se consid\u00e8re comme un gestionnaire de projet innovant, porteur d\u2019une vision r\u00e9solument tourn\u00e9e vers l\u2019avenir et de projets \u00e0 la pointe de la technologie. La construction du hangar de maintenance de Luxair constitue \u00e0 cet \u00e9gard un projet embl\u00e9matique. Apr\u00e8s 70 ans de bons et loyaux [&hellip;]<\/p>\n","protected":false},"author":1,"featured_media":0,"parent":7075,"menu_order":0,"comment_status":"closed","ping_status":"closed","template":"","meta":{"_acf_changed":false,"footnotes":""},"class_list":["post-9749","page","type-page","status-publish","hentry"],"acf":{"set_page_width_full":false,"start_with_small_header":false,"reno_options":{"hide_reno_widget":false,"open_widget_on_page_load":false,"which_tab_to_open":"chatbot","hide_reno_turn_onoff":false,"set_height_to_mini":false,"reno_page_branded_text_back_front":{"reno_show_branded_text":false,"reno_text_in_the_back":"JOURNEY","reno_text_in_the_front":"my journey starts here"}},"branded_text_backfront":{"hide_branded_text":false,"text_in_the_back":"JOURNEY","text_in_the_front_left":"My journey","text_in_the_front_right":"starts here"},"hide_breadcrumbs":false,"hide_footer_widgets":false,"hide_page_title":false,"advertising__adsense":{"show_ads_in_this_page":true,"image_instead_of_adsense":{"enable_image_instead_of_adsense":false,"banner_image_300x250":null,"banner_url":""}},"header_image_options":{"show_header_image":"Yes","header_image":""}},"_links":{"self":[{"href":"https:\/\/www.lux-airport.lu\/fr\/wp-json\/wp\/v2\/pages\/9749","targetHints":{"allow":["GET"]}}],"collection":[{"href":"https:\/\/www.lux-airport.lu\/fr\/wp-json\/wp\/v2\/pages"}],"about":[{"href":"https:\/\/www.lux-airport.lu\/fr\/wp-json\/wp\/v2\/types\/page"}],"author":[{"embeddable":true,"href":"https:\/\/www.lux-airport.lu\/fr\/wp-json\/wp\/v2\/users\/1"}],"replies":[{"embeddable":true,"href":"https:\/\/www.lux-airport.lu\/fr\/wp-json\/wp\/v2\/comments?post=9749"}],"version-history":[{"count":0,"href":"https:\/\/www.lux-airport.lu\/fr\/wp-json\/wp\/v2\/pages\/9749\/revisions"}],"up":[{"embeddable":true,"href":"https:\/\/www.lux-airport.lu\/fr\/wp-json\/wp\/v2\/pages\/7075"}],"wp:attachment":[{"href":"https:\/\/www.lux-airport.lu\/fr\/wp-json\/wp\/v2\/media?parent=9749"}],"curies":[{"name":"wp","href":"https:\/\/api.w.org\/{rel}","templated":true}]}}