{"id":8931,"date":"2022-11-27T02:12:14","date_gmt":"2022-11-27T01:12:14","guid":{"rendered":"https:\/\/www.lux-airport.lu\/la-societe\/notre-engagement\/environment-and-sustainability\/"},"modified":"2025-12-03T12:13:04","modified_gmt":"2025-12-03T11:13:04","slug":"environnement-et-durabilite","status":"publish","type":"page","link":"https:\/\/www.lux-airport.lu\/fr\/entreprise\/notre-engagement\/environnement-et-durabilite\/","title":{"rendered":"Environnement et durabilit\u00e9"},"content":{"rendered":"\n<h2 class=\"wp-block-heading\"><strong>L&rsquo;ENVIRONNEMENT FAIT PARTIE INT\u00c9GRANTE DES ACTIVIT\u00c9S DE LUX-AIRPORT<\/strong><\/h2>\n\n\n\n<p><strong><strong>Am\u00e9liorer la durabilit\u00e9 d\u2019un a\u00e9roport est un d\u00e9fi. Cependant, avec le soutien d\u2019une direction impliqu\u00e9e, de partenaires engag\u00e9s et de collaborateurs motiv\u00e9s, les opportunit\u00e9s fleurissent. Chez lux-Airport, nous poursuivons plusieurs objectifs en mati\u00e8re de gestion environnementale : la r\u00e9duction de notre consommation d\u2019\u00e9nergie et de notre empreinte carbone, la gestion de l\u2019eau, des d\u00e9chets, du sol et du sous-sol ainsi que la pr\u00e9servation de la biodiversit\u00e9.<\/strong><\/strong><\/p>\n\n\n\n<p>Nous voulons orienter nos actions vers un syst\u00e8me de gestion environnementale structur\u00e9. Nous cr\u00e9ons ainsi une base solide pour motiver toutes nos parties prenantes et travailler avec elles \u00e0 la protection et \u00e0 l&rsquo;am\u00e9lioration de l&rsquo;environnement. Cette section du site et la deuxi\u00e8me \u00e9dition de notre &gt; <a href=\"https:\/\/www.lux-airport.lu\/wp-content\/uploads\/2023\/08\/LUX_S-Report_V2_230931_Web.pdf\" data-type=\"link\" data-id=\"https:\/\/www.lux-airport.lu\/wp-content\/uploads\/2023\/08\/LUX_S-Report_V2_230931_Web.pdf\"><strong><u>rapport environnemental<\/u><\/strong><\/a><strong> <\/strong>d\u00e9taillent nos r\u00e9alisations et la mani\u00e8re dont nous approchons la question essentielle aujourd&rsquo;hui : comment pouvons-nous contribuer \u00e0 une industrie a\u00e9ronautique plus durable ? Merci de nous accompagner dans ce voyage passionnant. Nous nous r\u00e9jouissons de votre int\u00e9r\u00eat. Pour plus d\u2019informations, vous trouverez ici notre &gt; <a href=\"https:\/\/www.lux-airport.lu\/wp-content\/uploads\/2025\/09\/Politique-Environnement-v5_signee.pdf\"><em><strong>politique de d\u00e9veloppement environnemental (pdf<\/strong><\/em><\/a>).<\/p>\n\n\n\n<div style=\"height:30px\" aria-hidden=\"true\" class=\"wp-block-spacer\"><\/div>\n\n\n\n<h2 class=\"wp-block-heading has-text-color\" style=\"color:#96c11f\">Nos domaines d\u2019action<\/h2>\n\n\n\n<div class=\"wp-block-columns sustainabilityColumns has-background is-layout-flex wp-container-core-columns-is-layout-9d6595d7 wp-block-columns-is-layout-flex\" style=\"background-color:#96c11f\">\n<div class=\"wp-block-column is-layout-flow wp-block-column-is-layout-flow\" style=\"flex-basis:25%\">\n<p class=\"has-text-align-center has-white-color has-text-color\"><strong><a href=\"https:\/\/www.lux-airport.lu\/fr\/entreprise\/notre-engagement\/environnement-et-durabilite\/empreinte-carbone\/\" data-type=\"page\" data-id=\"6900\">Empreinte carbone<\/a><\/strong><\/p>\n\n\n\n<figure class=\"wp-block-image size-full\"><a href=\"https:\/\/www.lux-airport.lu\/fr\/entreprise\/notre-engagement\/environnement-et-durabilite\/empreinte-carbone\/\"><img loading=\"lazy\" decoding=\"async\" width=\"253\" height=\"271\" src=\"https:\/\/www.lux-airport.lu\/wp-content\/uploads\/2022\/11\/carbon-footprint.png\" alt=\"\" class=\"wp-image-8457\"><\/a><\/figure>\n<\/div>\n\n\n\n<div class=\"wp-block-column is-layout-flow wp-block-column-is-layout-flow\" style=\"flex-basis:25%\">\n<p class=\"has-text-align-center has-white-color has-text-color\"><strong><a href=\"https:\/\/www.lux-airport.lu\/fr\/entreprise\/notre-engagement\/environnement-et-durabilite\/gestion-des-dechets\/\" data-type=\"page\" data-id=\"5536\">Gestion de l&rsquo;eau &amp; des d\u00e9chets<\/a><\/strong><\/p>\n\n\n\n<figure class=\"wp-block-image size-full\"><a href=\"https:\/\/www.lux-airport.lu\/fr\/entreprise\/notre-engagement\/environnement-et-durabilite\/gestion-des-dechets\/\"><img loading=\"lazy\" decoding=\"async\" width=\"253\" height=\"271\" src=\"https:\/\/www.lux-airport.lu\/wp-content\/uploads\/2022\/11\/waste-management.png\" alt=\"\" class=\"wp-image-8460\"><\/a><\/figure>\n<\/div>\n\n\n\n<div class=\"wp-block-column is-layout-flow wp-block-column-is-layout-flow\" style=\"flex-basis:25%\">\n<p class=\"has-text-align-center has-white-color has-text-color\"><strong><a href=\"https:\/\/www.lux-airport.lu\/fr\/entreprise\/notre-engagement\/environnement-et-durabilite\/biodiversite\/\" data-type=\"page\" data-id=\"5540\">Biodiversit\u00e9 &amp; Gestion des sols<\/a><\/strong><\/p>\n\n\n\n<figure class=\"wp-block-image size-full\"><a href=\"https:\/\/www.lux-airport.lu\/fr\/entreprise\/notre-engagement\/environnement-et-durabilite\/biodiversite\/\"><img loading=\"lazy\" decoding=\"async\" width=\"253\" height=\"271\" src=\"https:\/\/www.lux-airport.lu\/wp-content\/uploads\/2022\/11\/biodiversity.png\" alt=\"\" class=\"wp-image-8463\"><\/a><\/figure>\n<\/div>\n\n\n\n<div class=\"wp-block-column is-layout-flow wp-block-column-is-layout-flow\" style=\"flex-basis:25%\">\n<p class=\"has-text-align-center has-white-color has-text-color\"><strong><a href=\"https:\/\/www.lux-airport.lu\/fr\/entreprise\/notre-engagement\/environnement-et-durabilite\/durabilite\/\" data-type=\"page\" data-id=\"6897\">Durabilit\u00e9<\/a><\/strong><\/p>\n\n\n\n<figure class=\"wp-block-image size-full\"><a href=\"https:\/\/www.lux-airport.lu\/fr\/entreprise\/notre-engagement\/environnement-et-durabilite\/durabilite\/\"><img loading=\"lazy\" decoding=\"async\" width=\"253\" height=\"271\" src=\"https:\/\/www.lux-airport.lu\/wp-content\/uploads\/2022\/11\/sustainability.png\" alt=\"\" class=\"wp-image-8466\"><\/a><\/figure>\n<\/div>\n<\/div>\n\n\n\n<div class=\"wp-block-columns sustainabilityColumns has-background is-layout-flex wp-container-core-columns-is-layout-9d6595d7 wp-block-columns-is-layout-flex\" style=\"background-color:#96c11f\">\n<div class=\"wp-block-column is-layout-flow wp-block-column-is-layout-flow\" style=\"flex-basis:25%\">\n<p class=\"has-text-align-center has-white-color has-text-color\"><strong><a href=\"https:\/\/www.lux-airport.lu\/fr\/entreprise\/notre-engagement\/environnement-et-durabilite\/electricite-verte\/\" data-type=\"page\" data-id=\"8491\">\u00c9nergie<\/a><\/strong><\/p>\n\n\n\n<figure class=\"wp-block-image size-full\"><a href=\"https:\/\/www.lux-airport.lu\/fr\/entreprise\/notre-engagement\/environnement-et-durabilite\/electricite-verte\/\"><img loading=\"lazy\" decoding=\"async\" width=\"253\" height=\"271\" src=\"https:\/\/www.lux-airport.lu\/wp-content\/uploads\/2022\/11\/Energy.png\" alt=\"\" class=\"wp-image-8469\"><\/a><\/figure>\n<\/div>\n\n\n\n<div class=\"wp-block-column is-layout-flow wp-block-column-is-layout-flow\" style=\"flex-basis:25%\">\n<p class=\"has-text-align-center has-white-color has-text-color\"><strong><a href=\"https:\/\/www.lux-airport.lu\/fr\/entreprise\/notre-engagement\/environnement-et-durabilite\/gestion-du-bruit\/\" data-type=\"page\" data-id=\"5534\">Gestion du bruit<\/a><\/strong><\/p>\n\n\n\n<figure class=\"wp-block-image size-full\"><a href=\"https:\/\/www.lux-airport.lu\/fr\/entreprise\/notre-engagement\/environnement-et-durabilite\/gestion-du-bruit\/\"><img loading=\"lazy\" decoding=\"async\" width=\"253\" height=\"271\" src=\"https:\/\/www.lux-airport.lu\/wp-content\/uploads\/2022\/11\/noise-management.png\" alt=\"\" class=\"wp-image-8472\"><\/a><\/figure>\n<\/div>\n\n\n\n<div class=\"wp-block-column is-layout-flow wp-block-column-is-layout-flow\" style=\"flex-basis:25%\">\n<p class=\"has-text-align-center has-white-color has-text-color\"><strong><a href=\"https:\/\/www.lux-airport.lu\/fr\/entreprise\/notre-engagement\/environnement-et-durabilite\/qualite-de-lair\/\" data-type=\"page\" data-id=\"5538\">Qualit\u00e9 de l&rsquo;air<\/a><\/strong><\/p>\n\n\n\n<figure class=\"wp-block-image size-full\"><a href=\"https:\/\/www.lux-airport.lu\/fr\/entreprise\/notre-engagement\/environnement-et-durabilite\/qualite-de-lair\/\"><img loading=\"lazy\" decoding=\"async\" width=\"253\" height=\"271\" src=\"https:\/\/www.lux-airport.lu\/wp-content\/uploads\/2022\/11\/air-quality.png\" alt=\"\" class=\"wp-image-8475\"><\/a><\/figure>\n<\/div>\n\n\n\n<div class=\"wp-block-column is-layout-flow wp-block-column-is-layout-flow\" style=\"flex-basis:25%\">\n<p class=\"has-text-align-center has-white-color has-text-color\"><strong><a href=\"https:\/\/www.lux-airport.lu\/fr\/entreprise\/notre-engagement\/environnement-et-durabilite\/faits-chiffres\/\" data-type=\"page\" data-id=\"5542\">Faits et chiffres<\/a><\/strong><\/p>\n\n\n\n<figure class=\"wp-block-image size-full\"><a href=\"https:\/\/www.lux-airport.lu\/fr\/entreprise\/notre-engagement\/environnement-et-durabilite\/faits-chiffres\/\"><img loading=\"lazy\" decoding=\"async\" width=\"253\" height=\"271\" src=\"https:\/\/www.lux-airport.lu\/wp-content\/uploads\/2022\/11\/key-figures.png\" alt=\"\" class=\"wp-image-8478\"><\/a><\/figure>\n<\/div>\n<\/div>\n\n\n\n<div style=\"height:50px\" aria-hidden=\"true\" class=\"wp-block-spacer\"><\/div>\n\n\n\n<p><strong><strong>Nous sommes fiers des certificats d\u00e9j\u00e0 obtenus dans notre \u00e9volution pour devenir un a\u00e9roport vert :<\/strong><\/strong><\/p>\n\n\n\n<div class=\"wp-block-columns is-layout-flex wp-container-core-columns-is-layout-9d6595d7 wp-block-columns-is-layout-flex\">\n<div class=\"wp-block-column is-vertically-aligned-center is-layout-flow wp-block-column-is-layout-flow\" style=\"flex-basis:20%\">\n<figure class=\"wp-block-image size-full\"><img loading=\"lazy\" decoding=\"async\" width=\"1080\" height=\"1080\" src=\"https:\/\/www.lux-airport.lu\/wp-content\/uploads\/2025\/12\/Level-4-WB-002.jpg\" alt=\"\" class=\"wp-image-23465\" srcset=\"https:\/\/www.lux-airport.lu\/wp-content\/uploads\/2025\/12\/Level-4-WB-002.jpg 1080w, https:\/\/www.lux-airport.lu\/wp-content\/uploads\/2025\/12\/Level-4-WB-002-300x300.jpg 300w, https:\/\/www.lux-airport.lu\/wp-content\/uploads\/2025\/12\/Level-4-WB-002-1024x1024.jpg 1024w, https:\/\/www.lux-airport.lu\/wp-content\/uploads\/2025\/12\/Level-4-WB-002-150x150.jpg 150w, https:\/\/www.lux-airport.lu\/wp-content\/uploads\/2025\/12\/Level-4-WB-002-768x768.jpg 768w\" sizes=\"auto, (max-width: 1080px) 100vw, 1080px\" \/><\/figure>\n<\/div>\n\n\n\n<div class=\"wp-block-column is-vertically-aligned-center is-layout-flow wp-block-column-is-layout-flow\" style=\"flex-basis:20%\">\n<figure class=\"wp-block-image size-full\"><img loading=\"lazy\" decoding=\"async\" width=\"174\" height=\"200\" src=\"https:\/\/www.lux-airport.lu\/wp-content\/uploads\/2023\/01\/image-4.png\" alt=\"\" class=\"wp-image-9712\"><\/figure>\n<\/div>\n\n\n\n<div class=\"wp-block-column is-vertically-aligned-center is-layout-flow wp-block-column-is-layout-flow\" style=\"flex-basis:20%\">\n<figure class=\"wp-block-image size-full\"><img loading=\"lazy\" decoding=\"async\" width=\"250\" height=\"141\" src=\"https:\/\/www.lux-airport.lu\/wp-content\/uploads\/2023\/01\/image-5.png\" alt=\"\" class=\"wp-image-9716\"><\/figure>\n<\/div>\n\n\n\n<div class=\"wp-block-column is-vertically-aligned-center is-layout-flow wp-block-column-is-layout-flow\" style=\"flex-basis:20%\">\n<figure class=\"wp-block-gallery has-nested-images columns-default is-cropped wp-block-gallery-1 is-layout-flex wp-block-gallery-is-layout-flex\">\n<figure class=\"wp-block-image size-large\"><img loading=\"lazy\" decoding=\"async\" width=\"1024\" height=\"518\" data-id=\"22614\" src=\"https:\/\/www.lux-airport.lu\/wp-content\/uploads\/2025\/06\/TR-Testmark_9000037269_EN_CMYK_without-QR-Code-1-1024x518.jpg\" alt=\"\" class=\"wp-image-22614\" srcset=\"https:\/\/www.lux-airport.lu\/wp-content\/uploads\/2025\/06\/TR-Testmark_9000037269_EN_CMYK_without-QR-Code-1-1024x518.jpg 1024w, https:\/\/www.lux-airport.lu\/wp-content\/uploads\/2025\/06\/TR-Testmark_9000037269_EN_CMYK_without-QR-Code-1-300x152.jpg 300w, https:\/\/www.lux-airport.lu\/wp-content\/uploads\/2025\/06\/TR-Testmark_9000037269_EN_CMYK_without-QR-Code-1-768x388.jpg 768w, https:\/\/www.lux-airport.lu\/wp-content\/uploads\/2025\/06\/TR-Testmark_9000037269_EN_CMYK_without-QR-Code-1.jpg 1434w\" sizes=\"auto, (max-width: 1024px) 100vw, 1024px\" \/><\/figure>\n<\/figure>\n<\/div>\n\n\n\n<div class=\"wp-block-column is-vertically-aligned-center is-layout-flow wp-block-column-is-layout-flow\" style=\"flex-basis:20%\">\n<figure class=\"wp-block-image size-full\"><img loading=\"lazy\" decoding=\"async\" width=\"250\" height=\"95\" src=\"https:\/\/www.lux-airport.lu\/wp-content\/uploads\/2022\/08\/sdk-700x265-1-250x95-1.png\" alt=\"\" class=\"wp-image-2323\"><\/figure>\n<\/div>\n\n\n\n<div class=\"wp-block-column is-vertically-aligned-center is-layout-flow wp-block-column-is-layout-flow\" style=\"flex-basis:20%\">\n<figure class=\"wp-block-image size-full\"><img loading=\"lazy\" decoding=\"async\" width=\"221\" height=\"202\" src=\"https:\/\/www.lux-airport.lu\/wp-content\/uploads\/2022\/08\/LAGStar-1.png\" alt=\"\" class=\"wp-image-2320\"><\/figure>\n<\/div>\n<\/div>\n\n\n\n<div style=\"height:30px\" aria-hidden=\"true\" class=\"wp-block-spacer\"><\/div>\n\n\n\n<div class=\"wp-block-columns are-vertically-aligned-center lightGreenBackground is-layout-flex wp-container-core-columns-is-layout-9d6595d7 wp-block-columns-is-layout-flex\">\n<div class=\"wp-block-column is-vertically-aligned-center is-layout-flow wp-block-column-is-layout-flow\">\n<h2 class=\"wp-block-heading has-text-align-center\"><a href=\"https:\/\/www.lux-airport.lu\/wp-content\/uploads\/2022\/11\/LUX_Sustainability-Report_Issue-1.pdf\" target=\"_blank\" rel=\"noreferrer noopener\">T\u00e9l\u00e9chargez la premi\u00e8re \u00e9dition de notre rapport sur le d\u00e9veloppement durable.<\/a><\/h2>\n<\/div>\n\n\n\n<div class=\"wp-block-column is-vertically-aligned-center is-layout-flow wp-block-column-is-layout-flow\">\n<figure class=\"wp-block-image size-full\"><a class=\"https:\/\/www.lux-airport.lu\/wp-content\/uploads\/2022\/11\/LUX_Sustainability-Report_Issue-1.pdf\" href=\"https:\/\/www.lux-airport.lu\/wp-content\/uploads\/2022\/11\/LUX_Sustainability-Report_Issue-1.pdf\" target=\"_blank\" rel=\"noreferrer noopener\"><img loading=\"lazy\" decoding=\"async\" width=\"245\" height=\"417\" src=\"https:\/\/www.lux-airport.lu\/wp-content\/uploads\/2022\/09\/sustainability-report.jpg\" alt=\"\" class=\"wp-image-5918\" srcset=\"https:\/\/www.lux-airport.lu\/wp-content\/uploads\/2022\/09\/sustainability-report.jpg 245w, https:\/\/www.lux-airport.lu\/wp-content\/uploads\/2022\/09\/sustainability-report-176x300.jpg 176w\" sizes=\"auto, (max-width: 245px) 100vw, 245px\" \/><\/a><\/figure>\n<\/div>\n<\/div>\n\n\n\n<div class=\"wp-block-columns are-vertically-aligned-center lightGreenBackground is-layout-flex wp-container-core-columns-is-layout-9d6595d7 wp-block-columns-is-layout-flex\">\n<div class=\"wp-block-column is-vertically-aligned-center is-layout-flow wp-block-column-is-layout-flow\">\n<h2 class=\"wp-block-heading has-text-align-center\"><a href=\"https:\/\/www.lux-airport.lu\/wp-content\/uploads\/2023\/08\/LUX_S-Report_V2_230931_Web.pdf\" target=\"_blank\" rel=\"noreferrer noopener\">T\u00e9l\u00e9chargez la deuxi\u00e8me \u00e9dition de notre rapport sur le d\u00e9veloppement durable.<\/a><\/h2>\n<\/div>\n\n\n\n<div class=\"wp-block-column is-vertically-aligned-center is-layout-flow wp-block-column-is-layout-flow\">\n<figure class=\"wp-block-image size-large is-resized\"><a class=\"https:\/\/www.lux-airport.lu\/wp-content\/uploads\/2022\/11\/LUX_Sustainability-Report_Issue-1.pdf\" href=\"https:\/\/www.lux-airport.lu\/wp-content\/uploads\/2023\/08\/LUX_S-Report_V2_230931_Web.pdf\" target=\"_blank\" rel=\"noreferrer noopener\"><img loading=\"lazy\" decoding=\"async\" width=\"597\" height=\"1024\" src=\"https:\/\/www.lux-airport.lu\/wp-content\/uploads\/2023\/08\/Screenshot_74-597x1024.png\" alt=\"\" class=\"wp-image-14673\" style=\"width:250px;height:429px\" srcset=\"https:\/\/www.lux-airport.lu\/wp-content\/uploads\/2023\/08\/Screenshot_74-597x1024.png 597w, https:\/\/www.lux-airport.lu\/wp-content\/uploads\/2023\/08\/Screenshot_74-175x300.png 175w, https:\/\/www.lux-airport.lu\/wp-content\/uploads\/2023\/08\/Screenshot_74-768x1317.png 768w, https:\/\/www.lux-airport.lu\/wp-content\/uploads\/2023\/08\/Screenshot_74.png 852w\" sizes=\"auto, (max-width: 597px) 100vw, 597px\" \/><\/a><\/figure>\n<\/div>\n<\/div>\n\n\n\n<div style=\"height:50px\" aria-hidden=\"true\" class=\"wp-block-spacer\"><\/div>\n\n\n\n<figure class=\"wp-block-image size-full\"><img loading=\"lazy\" decoding=\"async\" width=\"1722\" height=\"564\" src=\"https:\/\/www.lux-airport.lu\/wp-content\/uploads\/2022\/11\/image-3.png\" alt=\"sch\u00e9ma d'optimisation de l'environnement\" class=\"wp-image-8506\" srcset=\"https:\/\/www.lux-airport.lu\/wp-content\/uploads\/2022\/11\/image-3.png 1722w, https:\/\/www.lux-airport.lu\/wp-content\/uploads\/2022\/11\/image-3-300x98.png 300w, https:\/\/www.lux-airport.lu\/wp-content\/uploads\/2022\/11\/image-3-1024x335.png 1024w, https:\/\/www.lux-airport.lu\/wp-content\/uploads\/2022\/11\/image-3-768x252.png 768w, https:\/\/www.lux-airport.lu\/wp-content\/uploads\/2022\/11\/image-3-1536x503.png 1536w\" sizes=\"auto, (max-width: 1722px) 100vw, 1722px\" \/><\/figure>\n","protected":false},"excerpt":{"rendered":"<p>L&rsquo;ENVIRONNEMENT FAIT PARTIE INT\u00c9GRANTE DES ACTIVIT\u00c9S DE LUX-AIRPORT Am\u00e9liorer la durabilit\u00e9 d\u2019un a\u00e9roport est un d\u00e9fi. Cependant, avec le soutien d\u2019une direction impliqu\u00e9e, de partenaires engag\u00e9s et de collaborateurs motiv\u00e9s, les opportunit\u00e9s fleurissent. Chez lux-Airport, nous poursuivons plusieurs objectifs en mati\u00e8re de gestion environnementale : la r\u00e9duction de notre consommation d\u2019\u00e9nergie et de notre empreinte [&hellip;]<\/p>\n","protected":false},"author":1,"featured_media":0,"parent":6893,"menu_order":0,"comment_status":"closed","ping_status":"closed","template":"","meta":{"_acf_changed":false,"footnotes":""},"class_list":["post-8931","page","type-page","status-publish","hentry"],"acf":{"set_page_width_full":false,"start_with_small_header":false,"reno_options":{"hide_reno_widget":false,"open_widget_on_page_load":false,"which_tab_to_open":"chatbot","hide_reno_turn_onoff":false,"set_height_to_mini":false,"reno_page_branded_text_back_front":{"reno_show_branded_text":false,"reno_text_in_the_back":"JOURNEY","reno_text_in_the_front":"my journey starts here"}},"branded_text_backfront":{"hide_branded_text":false,"text_in_the_back":"JOURNEY","text_in_the_front_left":"My journey","text_in_the_front_right":"starts here"},"hide_breadcrumbs":false,"hide_footer_widgets":false,"hide_page_title":false,"advertising__adsense":{"show_ads_in_this_page":true,"image_instead_of_adsense":{"enable_image_instead_of_adsense":false,"banner_image_300x250":null,"banner_url":""}},"header_image_options":{"show_header_image":"Yes","header_image":""}},"_links":{"self":[{"href":"https:\/\/www.lux-airport.lu\/fr\/wp-json\/wp\/v2\/pages\/8931","targetHints":{"allow":["GET"]}}],"collection":[{"href":"https:\/\/www.lux-airport.lu\/fr\/wp-json\/wp\/v2\/pages"}],"about":[{"href":"https:\/\/www.lux-airport.lu\/fr\/wp-json\/wp\/v2\/types\/page"}],"author":[{"embeddable":true,"href":"https:\/\/www.lux-airport.lu\/fr\/wp-json\/wp\/v2\/users\/1"}],"replies":[{"embeddable":true,"href":"https:\/\/www.lux-airport.lu\/fr\/wp-json\/wp\/v2\/comments?post=8931"}],"version-history":[{"count":0,"href":"https:\/\/www.lux-airport.lu\/fr\/wp-json\/wp\/v2\/pages\/8931\/revisions"}],"up":[{"embeddable":true,"href":"https:\/\/www.lux-airport.lu\/fr\/wp-json\/wp\/v2\/pages\/6893"}],"wp:attachment":[{"href":"https:\/\/www.lux-airport.lu\/fr\/wp-json\/wp\/v2\/media?parent=8931"}],"curies":[{"name":"wp","href":"https:\/\/api.w.org\/{rel}","templated":true}]}}