{"id":8896,"date":"2022-12-02T19:25:20","date_gmt":"2022-12-02T18:25:20","guid":{"rendered":"https:\/\/www.lux-airport.lu\/la-societe\/presse\/images-videos\/"},"modified":"2023-01-05T20:56:04","modified_gmt":"2023-01-05T19:56:04","slug":"images-videos","status":"publish","type":"page","link":"https:\/\/www.lux-airport.lu\/fr\/entreprise\/presse\/images-videos\/","title":{"rendered":"Images et vid\u00e9os"},"content":{"rendered":"\n<p>Bienvenue au <strong>centre de presse de l&rsquo;a\u00e9roport de Luxembourg<\/strong>. Ici, vous pouvez parcourir une s\u00e9rie d&rsquo;<strong>images<\/strong> <strong>et de vid\u00e9os<\/strong> de <strong>l&rsquo;a\u00e9roport<\/strong> qui sont disponibles pour le t\u00e9l\u00e9chargement.<\/p>\n\n<div class=\"wp-block-columns is-layout-flex wp-container-core-columns-is-layout-9d6595d7 wp-block-columns-is-layout-flex\">\n<div class=\"wp-block-column is-layout-flow wp-block-column-is-layout-flow\" style=\"flex-basis:33.34%\">\n<h2 class=\"wp-block-heading\">Terminal<\/h2>\n\n\n<div class=\"wp-block-image is-style-default\">\n<figure class=\"aligncenter size-medium\"><img loading=\"lazy\" decoding=\"async\" width=\"300\" height=\"200\" src=\"https:\/\/www.lux-airport.lu\/wp-content\/uploads\/2022\/12\/Luxairport_042015_Terminal-300x200.jpg\" alt=\"\" class=\"wp-image-8838\" srcset=\"https:\/\/www.lux-airport.lu\/wp-content\/uploads\/2022\/12\/Luxairport_042015_Terminal-300x200.jpg 300w, https:\/\/www.lux-airport.lu\/wp-content\/uploads\/2022\/12\/Luxairport_042015_Terminal-1024x683.jpg 1024w, https:\/\/www.lux-airport.lu\/wp-content\/uploads\/2022\/12\/Luxairport_042015_Terminal-768x512.jpg 768w, https:\/\/www.lux-airport.lu\/wp-content\/uploads\/2022\/12\/Luxairport_042015_Terminal-1536x1024.jpg 1536w, https:\/\/www.lux-airport.lu\/wp-content\/uploads\/2022\/12\/Luxairport_042015_Terminal-2048x1365.jpg 2048w\" sizes=\"auto, (max-width: 300px) 100vw, 300px\" \/><\/figure>\n<\/div>\n\n\n<p>Photo : J. Bands \/ lux-Airport<\/p>\n\n\n\n<div class=\"wp-block-buttons is-content-justification-center is-layout-flex wp-container-core-buttons-is-layout-16018d1d wp-block-buttons-is-layout-flex\">\n<div class=\"wp-block-button blueButton\"><a class=\"wp-block-button__link wp-element-button\">TELECHARGER<\/a><\/div>\n<\/div>\n\n\n\n<p>Notre terminal moderne et efficace, vu du c\u00f4t\u00e9 terre.<\/p>\n<\/div>\n\n\n\n<div class=\"wp-block-column is-layout-flow wp-block-column-is-layout-flow\" style=\"flex-basis:33.34%\">\n<h2 class=\"wp-block-heading\">Portail<\/h2>\n\n\n<div class=\"wp-block-image\">\n<figure class=\"aligncenter size-medium\"><img loading=\"lazy\" decoding=\"async\" width=\"300\" height=\"169\" src=\"https:\/\/www.lux-airport.lu\/wp-content\/uploads\/2022\/12\/Luxairport_102016_Gate-300x169.jpg\" alt=\"\" class=\"wp-image-8851\" srcset=\"https:\/\/www.lux-airport.lu\/wp-content\/uploads\/2022\/12\/Luxairport_102016_Gate-300x169.jpg 300w, https:\/\/www.lux-airport.lu\/wp-content\/uploads\/2022\/12\/Luxairport_102016_Gate-1024x576.jpg 1024w, https:\/\/www.lux-airport.lu\/wp-content\/uploads\/2022\/12\/Luxairport_102016_Gate-768x432.jpg 768w, https:\/\/www.lux-airport.lu\/wp-content\/uploads\/2022\/12\/Luxairport_102016_Gate-1536x864.jpg 1536w, https:\/\/www.lux-airport.lu\/wp-content\/uploads\/2022\/12\/Luxairport_102016_Gate-2048x1152.jpg 2048w\" sizes=\"auto, (max-width: 300px) 100vw, 300px\" \/><\/figure>\n<\/div>\n\n\n<p>Pic : FrameArt \/ lux-Airport<\/p>\n\n\n\n<div class=\"wp-block-buttons is-content-justification-center is-layout-flex wp-container-core-buttons-is-layout-16018d1d wp-block-buttons-is-layout-flex\">\n<div class=\"wp-block-button blueButton\"><a class=\"wp-block-button__link wp-element-button\">TELECHARGER<\/a><\/div>\n<\/div>\n\n\n\n<p>Une atmosph\u00e8re de fin de soir\u00e9e dans la zone de notre porte.<\/p>\n<\/div>\n\n\n\n<div class=\"wp-block-column is-layout-flow wp-block-column-is-layout-flow\" style=\"flex-basis:33.33%\">\n<h2 class=\"wp-block-heading\">Plan directeur de la ville a\u00e9roportuaire<\/h2>\n\n\n<div class=\"wp-block-image\">\n<figure class=\"aligncenter size-medium\"><img loading=\"lazy\" decoding=\"async\" width=\"300\" height=\"150\" src=\"https:\/\/www.lux-airport.lu\/wp-content\/uploads\/2022\/12\/Luxairport_062016_Master-plan-Airport-City-300x150.jpg\" alt=\"\" class=\"wp-image-8858\" srcset=\"https:\/\/www.lux-airport.lu\/wp-content\/uploads\/2022\/12\/Luxairport_062016_Master-plan-Airport-City-300x150.jpg 300w, https:\/\/www.lux-airport.lu\/wp-content\/uploads\/2022\/12\/Luxairport_062016_Master-plan-Airport-City-1024x512.jpg 1024w, https:\/\/www.lux-airport.lu\/wp-content\/uploads\/2022\/12\/Luxairport_062016_Master-plan-Airport-City-768x384.jpg 768w, https:\/\/www.lux-airport.lu\/wp-content\/uploads\/2022\/12\/Luxairport_062016_Master-plan-Airport-City-1536x768.jpg 1536w, https:\/\/www.lux-airport.lu\/wp-content\/uploads\/2022\/12\/Luxairport_062016_Master-plan-Airport-City-2048x1024.jpg 2048w\" sizes=\"auto, (max-width: 300px) 100vw, 300px\" \/><\/figure>\n<\/div>\n\n\n<p>Photo : lux-Airport<\/p>\n\n\n\n<div class=\"wp-block-buttons is-content-justification-center is-layout-flex wp-container-core-buttons-is-layout-16018d1d wp-block-buttons-is-layout-flex\">\n<div class=\"wp-block-button blueButton\"><a class=\"wp-block-button__link wp-element-button\">TELECHARGER<\/a><\/div>\n<\/div>\n\n\n\n<p>Composante essentielle du plan directeur global de l&rsquo;a\u00e9roport actuellement en cours de d\u00e9veloppement, le plan directeur de la zone c\u00f4t\u00e9 terre devant le terminal a \u00e9t\u00e9 d\u00e9voil\u00e9 lors d&rsquo;une conf\u00e9rence de presse le 28 juin 2016.<\/p>\n<\/div>\n<\/div>\n\n<div class=\"wp-block-columns is-layout-flex wp-container-core-columns-is-layout-9d6595d7 wp-block-columns-is-layout-flex\">\n<div class=\"wp-block-column is-layout-flow wp-block-column-is-layout-flow\" style=\"flex-basis:33.34%\">\n<h2 class=\"wp-block-heading\">VW UP \u00e9lectrique<\/h2>\n\n\n<div class=\"wp-block-image\">\n<figure class=\"aligncenter size-medium\"><img loading=\"lazy\" decoding=\"async\" width=\"300\" height=\"200\" src=\"https:\/\/www.lux-airport.lu\/wp-content\/uploads\/2022\/12\/Luxairport_102016_VW-UP-Electric-300x200.jpg\" alt=\"\" class=\"wp-image-8862\" srcset=\"https:\/\/www.lux-airport.lu\/wp-content\/uploads\/2022\/12\/Luxairport_102016_VW-UP-Electric-300x200.jpg 300w, https:\/\/www.lux-airport.lu\/wp-content\/uploads\/2022\/12\/Luxairport_102016_VW-UP-Electric-1024x684.jpg 1024w, https:\/\/www.lux-airport.lu\/wp-content\/uploads\/2022\/12\/Luxairport_102016_VW-UP-Electric-768x513.jpg 768w, https:\/\/www.lux-airport.lu\/wp-content\/uploads\/2022\/12\/Luxairport_102016_VW-UP-Electric-1536x1025.jpg 1536w, https:\/\/www.lux-airport.lu\/wp-content\/uploads\/2022\/12\/Luxairport_102016_VW-UP-Electric-2048x1367.jpg 2048w\" sizes=\"auto, (max-width: 300px) 100vw, 300px\" \/><\/figure>\n<\/div>\n\n\n<p>Photo : M.Lazzarini \/ lux-Airport<\/p>\n\n\n\n<div class=\"wp-block-buttons is-content-justification-center is-layout-flex wp-container-core-buttons-is-layout-16018d1d wp-block-buttons-is-layout-flex\">\n<div class=\"wp-block-button blueButton\"><a class=\"wp-block-button__link wp-element-button\">TELECHARGER<\/a><\/div>\n<\/div>\n\n\n\n<p>Depuis plus de 3 ans, nous utilisons une flotte d&rsquo;E-Ups pour nos op\u00e9rations a\u00e9roportuaires. Les a\u00e9roports sont l&rsquo;environnement naturel des voitures \u00e9lectriques. Tout le monde chez LUX aime les conduire.<\/p>\n<\/div>\n\n\n\n<div class=\"wp-block-column is-layout-flow wp-block-column-is-layout-flow\" style=\"flex-basis:33.34%\">\n<h2 class=\"wp-block-heading\">Premier vol de la Swiss C-Series<\/h2>\n\n\n\n<figure class=\"wp-block-image size-medium is-style-default\"><img loading=\"lazy\" decoding=\"async\" width=\"300\" height=\"200\" src=\"https:\/\/www.lux-airport.lu\/wp-content\/uploads\/2022\/12\/Luxairport_122016_C_Series_firstflight_2-300x200.jpg\" alt=\"\" class=\"wp-image-8868\" srcset=\"https:\/\/www.lux-airport.lu\/wp-content\/uploads\/2022\/12\/Luxairport_122016_C_Series_firstflight_2-300x200.jpg 300w, https:\/\/www.lux-airport.lu\/wp-content\/uploads\/2022\/12\/Luxairport_122016_C_Series_firstflight_2-1024x682.jpg 1024w, https:\/\/www.lux-airport.lu\/wp-content\/uploads\/2022\/12\/Luxairport_122016_C_Series_firstflight_2-768x512.jpg 768w, https:\/\/www.lux-airport.lu\/wp-content\/uploads\/2022\/12\/Luxairport_122016_C_Series_firstflight_2-1536x1024.jpg 1536w, https:\/\/www.lux-airport.lu\/wp-content\/uploads\/2022\/12\/Luxairport_122016_C_Series_firstflight_2.jpg 2000w\" sizes=\"auto, (max-width: 300px) 100vw, 300px\" \/><\/figure>\n\n\n\n<p>Photo : Vincent Flamion \/ lux-Airport<\/p>\n\n\n\n<div class=\"wp-block-buttons is-content-justification-center is-layout-flex wp-container-core-buttons-is-layout-16018d1d wp-block-buttons-is-layout-flex\">\n<div class=\"wp-block-button blueButton\"><a class=\"wp-block-button__link wp-element-button\">TELECHARGER<\/a><\/div>\n<\/div>\n\n\n\n<p>L&rsquo;a\u00e9roport de Luxembourg accueille le nouveau \u00ab\u00a0whisperjet\u00a0\u00bb -SWISS ajoute le Luxembourg \u00e0 son portefeuille de destinations Bombardier C Series. La nouvelle s\u00e9rie C de Bombardier remplacera progressivement les Avro RJ100 actuels sur les lignes court et moyen-courriers de SWISS.<\/p>\n<\/div>\n\n\n\n<div class=\"wp-block-column is-layout-flow wp-block-column-is-layout-flow\" style=\"flex-basis:33.33%\">\n<h2 class=\"wp-block-heading\">Vol de lancement de Ryanair<\/h2>\n\n\n\n<figure class=\"wp-block-image size-medium\"><img loading=\"lazy\" decoding=\"async\" width=\"300\" height=\"192\" src=\"https:\/\/www.lux-airport.lu\/wp-content\/uploads\/2022\/12\/Luxairport_112016_Ryanair_inauguralflight-300x192.jpg\" alt=\"\" class=\"wp-image-8871\" srcset=\"https:\/\/www.lux-airport.lu\/wp-content\/uploads\/2022\/12\/Luxairport_112016_Ryanair_inauguralflight-300x192.jpg 300w, https:\/\/www.lux-airport.lu\/wp-content\/uploads\/2022\/12\/Luxairport_112016_Ryanair_inauguralflight-1024x657.jpg 1024w, https:\/\/www.lux-airport.lu\/wp-content\/uploads\/2022\/12\/Luxairport_112016_Ryanair_inauguralflight-768x493.jpg 768w, https:\/\/www.lux-airport.lu\/wp-content\/uploads\/2022\/12\/Luxairport_112016_Ryanair_inauguralflight-1536x985.jpg 1536w, https:\/\/www.lux-airport.lu\/wp-content\/uploads\/2022\/12\/Luxairport_112016_Ryanair_inauguralflight-2048x1313.jpg 2048w\" sizes=\"auto, (max-width: 300px) 100vw, 300px\" \/><\/figure>\n\n\n\n<p>Pic : O.Minaire \/ lux-Airport<\/p>\n\n\n\n<div class=\"wp-block-buttons is-content-justification-center is-layout-flex wp-container-core-buttons-is-layout-16018d1d wp-block-buttons-is-layout-flex\">\n<div class=\"wp-block-button blueButton\"><a class=\"wp-block-button__link wp-element-button\">TELECHARGER<\/a><\/div>\n<\/div>\n\n\n\n<p>Ryanair a lanc\u00e9 mercredi soir (09 novembre) ses tarifs bas au d\u00e9part de Luxembourg vers Londres Stansted avec une liaison d&rsquo;un vol quotidien, ainsi que sa liaison vers Porto avec cinq vols hebdomadaires.<\/p>\n<\/div>\n<\/div>\n\n<div class=\"wp-block-columns is-layout-flex wp-container-core-columns-is-layout-9d6595d7 wp-block-columns-is-layout-flex\">\n<div class=\"wp-block-column is-layout-flow wp-block-column-is-layout-flow\" style=\"flex-basis:33.34%\">\n<h2 class=\"wp-block-heading\">Premier vol pour Turin avec Luxair<\/h2>\n\n\n\n<figure class=\"wp-block-image size-medium\"><img loading=\"lazy\" decoding=\"async\" width=\"300\" height=\"200\" src=\"https:\/\/www.lux-airport.lu\/wp-content\/uploads\/2022\/12\/Luxairport_092016_Turin_first-flight-300x200.jpg\" alt=\"\" class=\"wp-image-8875\" srcset=\"https:\/\/www.lux-airport.lu\/wp-content\/uploads\/2022\/12\/Luxairport_092016_Turin_first-flight-300x200.jpg 300w, https:\/\/www.lux-airport.lu\/wp-content\/uploads\/2022\/12\/Luxairport_092016_Turin_first-flight-1024x683.jpg 1024w, https:\/\/www.lux-airport.lu\/wp-content\/uploads\/2022\/12\/Luxairport_092016_Turin_first-flight-768x512.jpg 768w, https:\/\/www.lux-airport.lu\/wp-content\/uploads\/2022\/12\/Luxairport_092016_Turin_first-flight-1536x1024.jpg 1536w, https:\/\/www.lux-airport.lu\/wp-content\/uploads\/2022\/12\/Luxairport_092016_Turin_first-flight-2048x1365.jpg 2048w\" sizes=\"auto, (max-width: 300px) 100vw, 300px\" \/><\/figure>\n\n\n\n<p>Photo : O. Minaire \/ lux-Airport<\/p>\n\n\n\n<div class=\"wp-block-buttons is-content-justification-center is-layout-flex wp-container-core-buttons-is-layout-16018d1d wp-block-buttons-is-layout-flex\">\n<div class=\"wp-block-button blueButton\"><a class=\"wp-block-button__link wp-element-button\">TELECHARGER<\/a><\/div>\n<\/div>\n\n\n\n<p>Nous avons c\u00e9l\u00e9br\u00e9 ce matin le premier vol direct pour Turin ! Un petit-d\u00e9jeuner italien bienvenu a \u00e9t\u00e9 servi aux premiers passagers, avec des espressos et des panettones.<br\/>Il y a quatre vols par semaine : un vol quotidien le lundi et le mardi matin et un vol quotidien le jeudi et le vendredi soir.<\/p>\n<\/div>\n\n\n\n<div class=\"wp-block-column is-layout-flow wp-block-column-is-layout-flow\" style=\"flex-basis:33.34%\">\n<h2 class=\"wp-block-heading\">Vol inaugural de Flybe<\/h2>\n\n\n\n<figure class=\"wp-block-image size-medium\"><img loading=\"lazy\" decoding=\"async\" width=\"300\" height=\"200\" src=\"https:\/\/www.lux-airport.lu\/wp-content\/uploads\/2022\/12\/Luxairport_092016_Flybe_inauguralflight_2-300x200.jpg\" alt=\"\" class=\"wp-image-8878\" srcset=\"https:\/\/www.lux-airport.lu\/wp-content\/uploads\/2022\/12\/Luxairport_092016_Flybe_inauguralflight_2-300x200.jpg 300w, https:\/\/www.lux-airport.lu\/wp-content\/uploads\/2022\/12\/Luxairport_092016_Flybe_inauguralflight_2-1024x684.jpg 1024w, https:\/\/www.lux-airport.lu\/wp-content\/uploads\/2022\/12\/Luxairport_092016_Flybe_inauguralflight_2-768x513.jpg 768w, https:\/\/www.lux-airport.lu\/wp-content\/uploads\/2022\/12\/Luxairport_092016_Flybe_inauguralflight_2-1536x1025.jpg 1536w, https:\/\/www.lux-airport.lu\/wp-content\/uploads\/2022\/12\/Luxairport_092016_Flybe_inauguralflight_2.jpg 2048w\" sizes=\"auto, (max-width: 300px) 100vw, 300px\" \/><\/figure>\n\n\n\n<p>Photo : Pulsa Pictures \/ lux-Airport<\/p>\n\n\n\n<div class=\"wp-block-buttons is-content-justification-center is-layout-flex wp-container-core-buttons-is-layout-16018d1d wp-block-buttons-is-layout-flex\">\n<div class=\"wp-block-button blueButton\"><a class=\"wp-block-button__link wp-element-button\">TELECHARGER<\/a><\/div>\n<\/div>\n\n\n\n<p>Le 1er septembre, Flybe a lanc\u00e9 son nouveau service \u00e0 l&rsquo;ann\u00e9e entre Luxembourg et Manchester. Flybe, la plus grande compagnie a\u00e9rienne r\u00e9gionale d&rsquo;Europe, est la quatri\u00e8me nouvelle compagnie a\u00e9rienne \u00e0 desservir l&rsquo;a\u00e9roport de Luxembourg cette ann\u00e9e.<\/p>\n<\/div>\n\n\n\n<div class=\"wp-block-column is-layout-flow wp-block-column-is-layout-flow\" style=\"flex-basis:33.33%\">\n<h2 class=\"wp-block-heading\">Inauguration d&rsquo;Aegean<\/h2>\n\n\n\n<figure class=\"wp-block-image size-medium is-style-default\"><img loading=\"lazy\" decoding=\"async\" width=\"300\" height=\"200\" src=\"https:\/\/www.lux-airport.lu\/wp-content\/uploads\/2022\/12\/Luxairport_052016_Aegean-Inauguration-300x200.jpg\" alt=\"\" class=\"wp-image-8907\" srcset=\"https:\/\/www.lux-airport.lu\/wp-content\/uploads\/2022\/12\/Luxairport_052016_Aegean-Inauguration-300x200.jpg 300w, https:\/\/www.lux-airport.lu\/wp-content\/uploads\/2022\/12\/Luxairport_052016_Aegean-Inauguration-1024x684.jpg 1024w, https:\/\/www.lux-airport.lu\/wp-content\/uploads\/2022\/12\/Luxairport_052016_Aegean-Inauguration-768x513.jpg 768w, https:\/\/www.lux-airport.lu\/wp-content\/uploads\/2022\/12\/Luxairport_052016_Aegean-Inauguration-1536x1025.jpg 1536w, https:\/\/www.lux-airport.lu\/wp-content\/uploads\/2022\/12\/Luxairport_052016_Aegean-Inauguration.jpg 2048w\" sizes=\"auto, (max-width: 300px) 100vw, 300px\" \/><\/figure>\n\n\n\n<p>Photo : Pulsa Pictures \/ lux-Airport<\/p>\n\n\n\n<div class=\"wp-block-buttons is-content-justification-center is-layout-flex wp-container-core-buttons-is-layout-16018d1d wp-block-buttons-is-layout-flex\">\n<div class=\"wp-block-button blueButton\"><a class=\"wp-block-button__link wp-element-button\">TELECHARGER<\/a><\/div>\n<\/div>\n\n\n\n<p>Aegean Airlines, le plus grand transporteur grec et membre de Star Alliance, lance une nouvelle ligne au d\u00e9part de Luxembourg vers Ath\u00e8nes pour la saison estivale. Les vols sont assur\u00e9s par un Airbus A320 de 174 places, offrant une configuration en double classe et un service \u00e0 bord complet, comprenant des boissons et des repas gratuits.<\/p>\n<\/div>\n<\/div>\n\n<div class=\"wp-block-columns is-layout-flex wp-container-core-columns-is-layout-9d6595d7 wp-block-columns-is-layout-flex\">\n<div class=\"wp-block-column is-layout-flow wp-block-column-is-layout-flow\" style=\"flex-basis:33.34%\">\n<h2 class=\"wp-block-heading\">Vol inaugural de LOT<\/h2>\n\n\n\n<figure class=\"wp-block-image size-medium\"><img loading=\"lazy\" decoding=\"async\" width=\"300\" height=\"200\" src=\"https:\/\/www.lux-airport.lu\/wp-content\/uploads\/2022\/12\/Luxairport_032016_LOT_inauguralflight-300x200.jpg\" alt=\"\" class=\"wp-image-8901\" srcset=\"https:\/\/www.lux-airport.lu\/wp-content\/uploads\/2022\/12\/Luxairport_032016_LOT_inauguralflight-300x200.jpg 300w, https:\/\/www.lux-airport.lu\/wp-content\/uploads\/2022\/12\/Luxairport_032016_LOT_inauguralflight-1024x684.jpg 1024w, https:\/\/www.lux-airport.lu\/wp-content\/uploads\/2022\/12\/Luxairport_032016_LOT_inauguralflight-768x513.jpg 768w, https:\/\/www.lux-airport.lu\/wp-content\/uploads\/2022\/12\/Luxairport_032016_LOT_inauguralflight-1536x1025.jpg 1536w, https:\/\/www.lux-airport.lu\/wp-content\/uploads\/2022\/12\/Luxairport_032016_LOT_inauguralflight.jpg 2048w\" sizes=\"auto, (max-width: 300px) 100vw, 300px\" \/><\/figure>\n\n\n\n<p>Photo : lux-Airport<\/p>\n\n\n\n<div class=\"wp-block-buttons is-content-justification-center is-layout-flex wp-container-core-buttons-is-layout-16018d1d wp-block-buttons-is-layout-flex\">\n<div class=\"wp-block-button blueButton\"><a class=\"wp-block-button__link wp-element-button\">TELECHARGER<\/a><\/div>\n<\/div>\n\n\n\n<p>Le 1er mars, le premier avion a d\u00e9coll\u00e9 de Luxembourg \u00e0 destination de Varsovie pour inaugurer la nouvelle ligne. LOT exploite cette ligne six fois par semaine avec un jet Embraer 175. Les passagers voyageant de Luxembourg via Varsovie b\u00e9n\u00e9ficient de transferts pratiques vers de nombreuses destinations mondiales.<\/p>\n<\/div>\n\n\n\n<div class=\"wp-block-column is-layout-flow wp-block-column-is-layout-flow\" style=\"flex-basis:33.34%\">\n<h2 class=\"wp-block-heading\">HOP ! Vol inaugural<\/h2>\n\n\n\n<figure class=\"wp-block-image size-medium\"><img loading=\"lazy\" decoding=\"async\" width=\"300\" height=\"200\" src=\"https:\/\/www.lux-airport.lu\/wp-content\/uploads\/2022\/12\/Luxairport_022016_HOP_inauguralflight-300x200.jpg\" alt=\"\" class=\"wp-image-8904\" srcset=\"https:\/\/www.lux-airport.lu\/wp-content\/uploads\/2022\/12\/Luxairport_022016_HOP_inauguralflight-300x200.jpg 300w, https:\/\/www.lux-airport.lu\/wp-content\/uploads\/2022\/12\/Luxairport_022016_HOP_inauguralflight-1024x683.jpg 1024w, https:\/\/www.lux-airport.lu\/wp-content\/uploads\/2022\/12\/Luxairport_022016_HOP_inauguralflight-768x512.jpg 768w, https:\/\/www.lux-airport.lu\/wp-content\/uploads\/2022\/12\/Luxairport_022016_HOP_inauguralflight-1536x1024.jpg 1536w, https:\/\/www.lux-airport.lu\/wp-content\/uploads\/2022\/12\/Luxairport_022016_HOP_inauguralflight.jpg 2048w\" sizes=\"auto, (max-width: 300px) 100vw, 300px\" \/><\/figure>\n\n\n\n<p>Photo : Pulsa Pictures \/ lux-Airport<\/p>\n\n\n\n<div class=\"wp-block-buttons is-content-justification-center is-layout-flex wp-container-core-buttons-is-layout-16018d1d wp-block-buttons-is-layout-flex\">\n<div class=\"wp-block-button blueButton\"><a class=\"wp-block-button__link wp-element-button\">TELECHARGER<\/a><\/div>\n<\/div>\n\n\n\n<p>HOP ! Air France a inaugur\u00e9 en f\u00e9vrier la ligne Luxembourg-Lyon avec un vol quotidien sauf le samedi. Avec ses 24 destinations, Lyon offre un large r\u00e9seau de connexions. Un ATR 42-500 est utilis\u00e9 pour la liaison Luxembourg-Lyon. C&rsquo;est la premi\u00e8re fois qu&rsquo;un avion de ce type atterrit \u00e0 l&rsquo;a\u00e9roport de Luxembourg.<\/p>\n<\/div>\n\n\n\n<div class=\"wp-block-column is-layout-flow wp-block-column-is-layout-flow\" style=\"flex-basis:33.33%\">\n<div class=\"wp-block-buttons is-content-justification-center is-layout-flex wp-container-core-buttons-is-layout-16018d1d wp-block-buttons-is-layout-flex\"><\/div>\n<\/div>\n<\/div>\n\n<iframe loading=\"lazy\" width=\"100%\" height=\"405\" src=\"https:\/\/www.youtube.com\/embed\/?listType=playlist&#038;list=PLXfQcBNjY9eTQGrgfRgBOKbsPGBCdEUL5\" frameborder=\"0\" allowfullscreen=\"\"><\/iframe>\n\n","protected":false},"excerpt":{"rendered":"<p>Bienvenue au centre de presse de l&rsquo;a\u00e9roport de Luxembourg. Ici, vous pouvez parcourir une s\u00e9rie d&rsquo;images et de vid\u00e9os de l&rsquo;a\u00e9roport qui sont disponibles pour le t\u00e9l\u00e9chargement. Terminal Photo : J. Bands \/ lux-Airport Notre terminal moderne et efficace, vu du c\u00f4t\u00e9 terre. Portail Pic : FrameArt \/ lux-Airport Une atmosph\u00e8re de fin de soir\u00e9e [&hellip;]<\/p>\n","protected":false},"author":1,"featured_media":0,"parent":6947,"menu_order":0,"comment_status":"closed","ping_status":"closed","template":"page-templates\/template-images-videos.php","meta":{"_acf_changed":false,"footnotes":""},"class_list":["post-8896","page","type-page","status-publish","hentry"],"acf":{"set_page_width_full":false,"start_with_small_header":false,"reno_options":{"hide_reno_widget":false,"open_widget_on_page_load":false,"which_tab_to_open":"chatbot","hide_reno_turn_onoff":false,"set_height_to_mini":false,"reno_page_branded_text_back_front":{"reno_show_branded_text":false,"reno_text_in_the_back":"JOURNEY","reno_text_in_the_front":"my journey starts here"}},"branded_text_backfront":{"hide_branded_text":false,"text_in_the_back":"JOURNEY","text_in_the_front_left":"My journey","text_in_the_front_right":"starts here"},"hide_breadcrumbs":false,"hide_footer_widgets":false,"hide_page_title":false,"advertising__adsense":{"show_ads_in_this_page":true,"image_instead_of_adsense":{"enable_image_instead_of_adsense":false,"banner_image_300x250":null,"banner_url":""}},"header_image_options":{"show_header_image":"Yes","header_image":""}},"_links":{"self":[{"href":"https:\/\/www.lux-airport.lu\/fr\/wp-json\/wp\/v2\/pages\/8896","targetHints":{"allow":["GET"]}}],"collection":[{"href":"https:\/\/www.lux-airport.lu\/fr\/wp-json\/wp\/v2\/pages"}],"about":[{"href":"https:\/\/www.lux-airport.lu\/fr\/wp-json\/wp\/v2\/types\/page"}],"author":[{"embeddable":true,"href":"https:\/\/www.lux-airport.lu\/fr\/wp-json\/wp\/v2\/users\/1"}],"replies":[{"embeddable":true,"href":"https:\/\/www.lux-airport.lu\/fr\/wp-json\/wp\/v2\/comments?post=8896"}],"version-history":[{"count":0,"href":"https:\/\/www.lux-airport.lu\/fr\/wp-json\/wp\/v2\/pages\/8896\/revisions"}],"up":[{"embeddable":true,"href":"https:\/\/www.lux-airport.lu\/fr\/wp-json\/wp\/v2\/pages\/6947"}],"wp:attachment":[{"href":"https:\/\/www.lux-airport.lu\/fr\/wp-json\/wp\/v2\/media?parent=8896"}],"curies":[{"name":"wp","href":"https:\/\/api.w.org\/{rel}","templated":true}]}}