{"id":8634,"date":"2022-11-27T22:47:20","date_gmt":"2022-11-27T21:47:20","guid":{"rendered":"https:\/\/www.lux-airport.lu\/travailler-a-lux\/airport-community-newsletter-insiders\/"},"modified":"2023-01-25T22:33:06","modified_gmt":"2023-01-25T21:33:06","slug":"airport-community-newsletter-insiders","status":"publish","type":"page","link":"https:\/\/www.lux-airport.lu\/fr\/entreprise\/notre-engagement\/airport-community-newsletter-insiders\/","title":{"rendered":"Bulletin d&rsquo;information de la communaut\u00e9 a\u00e9roportuaire &#8211; Insiders"},"content":{"rendered":"\n<figure class=\"wp-block-image size-large\"><img loading=\"lazy\" decoding=\"async\" width=\"1024\" height=\"297\" src=\"https:\/\/www.lux-airport.lu\/wp-content\/uploads\/2023\/01\/image-20-1024x297.png\" alt=\"\" class=\"wp-image-10711\" srcset=\"https:\/\/www.lux-airport.lu\/wp-content\/uploads\/2023\/01\/image-20-1024x297.png 1024w, https:\/\/www.lux-airport.lu\/wp-content\/uploads\/2023\/01\/image-20-300x87.png 300w, https:\/\/www.lux-airport.lu\/wp-content\/uploads\/2023\/01\/image-20-768x223.png 768w, https:\/\/www.lux-airport.lu\/wp-content\/uploads\/2023\/01\/image-20.png 1200w\" sizes=\"auto, (max-width: 1024px) 100vw, 1024px\" \/><\/figure>\n\n<p>La lettre d&rsquo;information Airport Insiders tient tous les membres de notre communaut\u00e9 a\u00e9roportuaire au courant des derni\u00e8res nouvelles. Il s&rsquo;adresse \u00e0 tous les d\u00e9tenteurs d&rsquo;un badge a\u00e9roportuaire, quelle que soit l&rsquo;entreprise pour laquelle ils travaillent. La lettre d&rsquo;information vous est exclusivement destin\u00e9e en tant qu&rsquo;initi\u00e9. Ne manquez jamais une offre exclusive du personnel dans nos magasins et restaurants, et restez inform\u00e9 des innovations importantes en mati\u00e8re d&rsquo;exploitation et de s\u00e9curit\u00e9. Vous y trouverez \u00e9galement des mises \u00e0 jour sur les projets (tels que la ville a\u00e9roportuaire, le Skypark et la r\u00e9novation des pistes), des informations sur les \u00e9v\u00e9nements et les derni\u00e8res nouvelles de notre communaut\u00e9 a\u00e9roportuaire. Nous formons une \u00e9quipe formidable qui assure le fonctionnement de l&rsquo;a\u00e9roport et nous nous r\u00e9jouissons de pouvoir communiquer ouvertement avec vous. Inscrivez-vous ci-dessous et restez \u00e0 jour.<\/p>\n\n<figure class=\"wp-block-image size-large\"><img loading=\"lazy\" decoding=\"async\" width=\"1024\" height=\"682\" src=\"https:\/\/www.lux-airport.lu\/wp-content\/uploads\/2023\/01\/image-19-1024x682.png\" alt=\"\" class=\"wp-image-10694\" srcset=\"https:\/\/www.lux-airport.lu\/wp-content\/uploads\/2023\/01\/image-19-1024x682.png 1024w, https:\/\/www.lux-airport.lu\/wp-content\/uploads\/2023\/01\/image-19-300x200.png 300w, https:\/\/www.lux-airport.lu\/wp-content\/uploads\/2023\/01\/image-19-768x511.png 768w, https:\/\/www.lux-airport.lu\/wp-content\/uploads\/2023\/01\/image-19.png 1200w\" sizes=\"auto, (max-width: 1024px) 100vw, 1024px\" \/><\/figure>\n\n<div style=\"height:20px\" aria-hidden=\"true\" class=\"wp-block-spacer\"><\/div>\n\n<iframe class=\"mj-w-res-iframe\" src=\"https:\/\/app.mailjet.com\/widget\/iframe\/269P\/LfX\" width=\"100%\" frameborder=\"0\" marginwidth=\"0\" marginheight=\"0\" scrolling=\"no\" id=\"iFrameResizer0\" style=\"overflow: hidden; height: 334px;\"><\/iframe>\n","protected":false},"excerpt":{"rendered":"<p>La lettre d&rsquo;information Airport Insiders tient tous les membres de notre communaut\u00e9 a\u00e9roportuaire au courant des derni\u00e8res nouvelles. Il s&rsquo;adresse \u00e0 tous les d\u00e9tenteurs d&rsquo;un badge a\u00e9roportuaire, quelle que soit l&rsquo;entreprise pour laquelle ils travaillent. La lettre d&rsquo;information vous est exclusivement destin\u00e9e en tant qu&rsquo;initi\u00e9. Ne manquez jamais une offre exclusive du personnel dans nos [&hellip;]<\/p>\n","protected":false},"author":1,"featured_media":0,"parent":6893,"menu_order":0,"comment_status":"closed","ping_status":"closed","template":"","meta":{"_acf_changed":false,"footnotes":""},"class_list":["post-8634","page","type-page","status-publish","hentry"],"acf":{"set_page_width_full":false,"start_with_small_header":false,"reno_options":{"hide_reno_widget":false,"open_widget_on_page_load":false,"which_tab_to_open":"chatbot","hide_reno_turn_onoff":false,"set_height_to_mini":false,"reno_page_branded_text_back_front":{"reno_show_branded_text":false,"reno_text_in_the_back":"JOURNEY","reno_text_in_the_front":"my journey starts here"}},"branded_text_backfront":{"hide_branded_text":false,"text_in_the_back":"JOURNEY","text_in_the_front_left":"My journey","text_in_the_front_right":"starts here"},"hide_breadcrumbs":false,"hide_footer_widgets":false,"hide_page_title":false,"advertising__adsense":{"show_ads_in_this_page":true,"image_instead_of_adsense":{"enable_image_instead_of_adsense":false,"banner_image_300x250":null,"banner_url":""}},"header_image_options":{"show_header_image":"Yes","header_image":""}},"_links":{"self":[{"href":"https:\/\/www.lux-airport.lu\/fr\/wp-json\/wp\/v2\/pages\/8634","targetHints":{"allow":["GET"]}}],"collection":[{"href":"https:\/\/www.lux-airport.lu\/fr\/wp-json\/wp\/v2\/pages"}],"about":[{"href":"https:\/\/www.lux-airport.lu\/fr\/wp-json\/wp\/v2\/types\/page"}],"author":[{"embeddable":true,"href":"https:\/\/www.lux-airport.lu\/fr\/wp-json\/wp\/v2\/users\/1"}],"replies":[{"embeddable":true,"href":"https:\/\/www.lux-airport.lu\/fr\/wp-json\/wp\/v2\/comments?post=8634"}],"version-history":[{"count":0,"href":"https:\/\/www.lux-airport.lu\/fr\/wp-json\/wp\/v2\/pages\/8634\/revisions"}],"up":[{"embeddable":true,"href":"https:\/\/www.lux-airport.lu\/fr\/wp-json\/wp\/v2\/pages\/6893"}],"wp:attachment":[{"href":"https:\/\/www.lux-airport.lu\/fr\/wp-json\/wp\/v2\/media?parent=8634"}],"curies":[{"name":"wp","href":"https:\/\/api.w.org\/{rel}","templated":true}]}}