{"id":8420,"date":"2022-10-25T17:06:31","date_gmt":"2022-10-25T15:06:31","guid":{"rendered":"https:\/\/www.lux-airport.lu\/parking-transport\/pick-up-drop-off\/"},"modified":"2026-04-02T13:21:54","modified_gmt":"2026-04-02T11:21:54","slug":"depose-minute","status":"publish","type":"page","link":"https:\/\/www.lux-airport.lu\/fr\/parking-transport\/depose-minute\/","title":{"rendered":"D\u00e9pose-minute"},"content":{"rendered":"\n<div style=\"height:30px\" aria-hidden=\"true\" class=\"wp-block-spacer\"><\/div>\n\n\n\n<div class=\"wp-block-buttons is-content-justification-space-between is-layout-flex wp-container-core-buttons-is-layout-3d213aab wp-block-buttons-is-layout-flex\">\n<div class=\"wp-block-button turquoiseButton\"><a class=\"wp-block-button__link wp-element-button\" href=\"https:\/\/www.lux-airport.lu\/fr\/parking-transport\/parking-information\/\">Informations sur le parking<\/a><\/div>\n\n\n\n<div class=\"wp-block-button turquoiseButton\"><a class=\"wp-block-button__link wp-element-button\" href=\"https:\/\/www.lux-airport.lu\/fr\/parking-transport\/acces-direct\/\">Prix acc\u00e8s direct<\/a><\/div>\n\n\n\n<div class=\"wp-block-button turquoiseButton\"><a class=\"wp-block-button__link wp-element-button\" href=\"https:\/\/www.lux-airport.lu\/fr\/parking-transport\/reservation-de-parking\/\">R\u00e9server un parking<\/a><\/div>\n\n\n\n<div class=\"wp-block-button turquoiseButton\"><a class=\"wp-block-button__link wp-element-button\" href=\"https:\/\/www.lux-airport.lu\/fr\/parking-transport\/modifier-la-reservation\/\">Modifier la r\u00e9servation<\/a><\/div>\n<\/div>\n\n\n\n<div style=\"height:30px\" aria-hidden=\"true\" class=\"wp-block-spacer\"><\/div>\n\n\n<div class=\"wp-block-image lightbox\">\n<figure class=\"aligncenter size-large\"><img loading=\"lazy\" decoding=\"async\" width=\"1024\" height=\"486\" src=\"https:\/\/www.lux-airport.lu\/wp-content\/uploads\/2025\/04\/luxembourg-airport-parking-map-1-1024x486.png\" alt=\"\" class=\"wp-image-20916\" srcset=\"https:\/\/www.lux-airport.lu\/wp-content\/uploads\/2025\/04\/luxembourg-airport-parking-map-1-1024x486.png 1024w, https:\/\/www.lux-airport.lu\/wp-content\/uploads\/2025\/04\/luxembourg-airport-parking-map-1-300x142.png 300w, https:\/\/www.lux-airport.lu\/wp-content\/uploads\/2025\/04\/luxembourg-airport-parking-map-1-768x365.png 768w, https:\/\/www.lux-airport.lu\/wp-content\/uploads\/2025\/04\/luxembourg-airport-parking-map-1-1536x729.png 1536w, https:\/\/www.lux-airport.lu\/wp-content\/uploads\/2025\/04\/luxembourg-airport-parking-map-1-2048x973.png 2048w\" sizes=\"auto, (max-width: 1024px) 100vw, 1024px\" \/><\/figure>\n<\/div>\n\n\n<div style=\"height:50px\" aria-hidden=\"true\" class=\"wp-block-spacer\"><\/div>\n\n\n\n<h2 class=\"wp-block-heading\"><strong>KISS &amp; FLY<\/strong><\/h2>\n\n\n\n<p>Notre parking KISS &amp; FLY\u00a9 (parking&nbsp;C), juste en face du terminal, vous permet de stationner gratuitement pendant 15 minutes.<\/p>\n\n\n\n<p>C&rsquo;est la solution id\u00e9ale&nbsp;:<\/p>\n\n\n\n<p>&nbsp;&nbsp;&nbsp;&nbsp;&nbsp; pour d\u00e9poser et r\u00e9cup\u00e9rer des passagers<\/p>\n\n\n\n<p>&nbsp;&nbsp;&nbsp;&nbsp;&nbsp; pour un bref arr\u00eat avec acc\u00e8s direct au terminal.<\/p>\n\n\n\n<p>Tant que vous ne d\u00e9passez pas ces 15 minutes, vous pouvez vous rendre directement \u00e0 la sortie sans passer par la caisse automatique.<\/p>\n\n\n\n<p>Pass\u00e9 ce d\u00e9lai, vous serez factur\u00e9 2,70 euros par tranche de 15 minutes. Le tarif journalier est de 71,50 euros.<\/p>\n\n\n\n<figure class=\"wp-block-table\"><table><tbody><tr><td><strong>Duration<\/strong><\/td><td><strong>Price<\/strong><\/td><\/tr><tr><td>0-15 min<\/td><td> 0,00 \u20ac<\/td><\/tr><tr><td>Par 15 min<\/td><td> 2,70 \u20ac<\/td><\/tr><tr><td>Par jour<\/td><td>71,50 \u20ac<\/td><\/tr><tr><td>Par semaine<\/td><td>275,00 \u20ac<\/td><\/tr><\/tbody><\/table><\/figure>\n\n\n\n<p>Dans notre parking KISS &amp; Fly\u00a9, vous trouverez \u00e9galement des emplacements pour motos et des places r\u00e9serv\u00e9es aux personnes \u00e0 mobilit\u00e9 r\u00e9duite \u00e0 proximit\u00e9 du terminal.<\/p>\n\n\n\n<p>NOUVEAU&nbsp;: Paiement sans contact \u00e0 la barri\u00e8re de sortie.<\/p>\n\n\n\n<p>Pour les petits montants, vous pouvez \u00e9galement payer directement aux barri\u00e8res de sortie KISS &amp; FLY avec votre carte de cr\u00e9dit\/d\u00e9bit. Il suffit de pr\u00e9senter la carte devant le lecteur de carte \u00e0 puce (pictogramme NFC). Si vous souhaitez laisser<\/p>\n\n\n\n<p>Si vous souhaitez passer plus de temps \u00e0 l&rsquo;a\u00e9roport, nous vous recommandons notre parking souterrain A\/B ou le parking G situ\u00e9 directement \u00e0 c\u00f4t\u00e9 du terminal.<\/p>\n\n\n\n<div class=\"wp-block-group parkingTermsContainer is-content-justification-space-between is-nowrap is-layout-flex wp-container-core-group-is-layout-0dfbf163 wp-block-group-is-layout-flex\">\n<p><a href=\"mailto:hello@airportparking.lu\" data-type=\"mailto\" data-id=\"mailto:hello@airportparking.lu\" target=\"_blank\" rel=\"noreferrer noopener\">Contactez-nous pour les questions de stationnement<\/a><\/p>\n\n\n\n<p><\/p>\n\n\n\n<p><a href=\"https:\/\/www.lux-airport.lu\/wp-content\/uploads\/2023\/02\/Conditions-generales-Parking-2022-v12-FR-clean-1.pdf\" target=\"_blank\" rel=\"noreferrer noopener\">Conditions g\u00e9n\u00e9rales de vente<\/a><\/p>\n<\/div>\n\n","protected":false},"excerpt":{"rendered":"<p>KISS &amp; FLY Notre parking KISS &amp; FLY\u00a9 (parking&nbsp;C), juste en face du terminal, vous permet de stationner gratuitement pendant 15 minutes. C&rsquo;est la solution id\u00e9ale&nbsp;: &nbsp;&nbsp;&nbsp;&nbsp;&nbsp; pour d\u00e9poser et r\u00e9cup\u00e9rer des passagers &nbsp;&nbsp;&nbsp;&nbsp;&nbsp; pour un bref arr\u00eat avec acc\u00e8s direct au terminal. Tant que vous ne d\u00e9passez pas ces 15 minutes, vous pouvez vous [&hellip;]<\/p>\n","protected":false},"author":1,"featured_media":0,"parent":6949,"menu_order":3,"comment_status":"closed","ping_status":"closed","template":"","meta":{"_acf_changed":false,"footnotes":""},"class_list":["post-8420","page","type-page","status-publish","hentry"],"acf":{"set_page_width_full":false,"start_with_small_header":false,"reno_options":{"hide_reno_widget":false,"open_widget_on_page_load":false,"which_tab_to_open":"chatbot","hide_reno_turn_onoff":false,"set_height_to_mini":false,"reno_page_branded_text_back_front":{"reno_show_branded_text":false,"reno_text_in_the_back":"JOURNEY","reno_text_in_the_front":"my journey starts here"}},"branded_text_backfront":{"hide_branded_text":false,"text_in_the_back":"PARKING","text_in_the_front_left":"My journey","text_in_the_front_right":"is smooth"},"hide_breadcrumbs":false,"hide_footer_widgets":false,"hide_page_title":false,"advertising__adsense":{"show_ads_in_this_page":true,"image_instead_of_adsense":{"enable_image_instead_of_adsense":false,"banner_image_300x250":null,"banner_url":""}},"header_image_options":{"show_header_image":"Yes","header_image":""}},"_links":{"self":[{"href":"https:\/\/www.lux-airport.lu\/fr\/wp-json\/wp\/v2\/pages\/8420","targetHints":{"allow":["GET"]}}],"collection":[{"href":"https:\/\/www.lux-airport.lu\/fr\/wp-json\/wp\/v2\/pages"}],"about":[{"href":"https:\/\/www.lux-airport.lu\/fr\/wp-json\/wp\/v2\/types\/page"}],"author":[{"embeddable":true,"href":"https:\/\/www.lux-airport.lu\/fr\/wp-json\/wp\/v2\/users\/1"}],"replies":[{"embeddable":true,"href":"https:\/\/www.lux-airport.lu\/fr\/wp-json\/wp\/v2\/comments?post=8420"}],"version-history":[{"count":1,"href":"https:\/\/www.lux-airport.lu\/fr\/wp-json\/wp\/v2\/pages\/8420\/revisions"}],"predecessor-version":[{"id":23862,"href":"https:\/\/www.lux-airport.lu\/fr\/wp-json\/wp\/v2\/pages\/8420\/revisions\/23862"}],"up":[{"embeddable":true,"href":"https:\/\/www.lux-airport.lu\/fr\/wp-json\/wp\/v2\/pages\/6949"}],"wp:attachment":[{"href":"https:\/\/www.lux-airport.lu\/fr\/wp-json\/wp\/v2\/media?parent=8420"}],"curies":[{"name":"wp","href":"https:\/\/api.w.org\/{rel}","templated":true}]}}