{"id":8017,"date":"2022-10-13T15:41:17","date_gmt":"2022-10-13T13:41:17","guid":{"rendered":"https:\/\/www.lux-airport.lu\/vole\/airlines\/"},"modified":"2024-07-11T17:10:46","modified_gmt":"2024-07-11T15:10:46","slug":"compagnies-aeriennes","status":"publish","type":"page","link":"https:\/\/www.lux-airport.lu\/fr\/vols\/compagnies-aeriennes\/","title":{"rendered":"Compagnies a\u00e9riennes"},"content":{"rendered":"\n<p>Situ\u00e9 au c\u0153ur de l&rsquo;Europe, l&rsquo;a\u00e9roport de Luxembourg est le point de d\u00e9part id\u00e9al de tous vos voyages. Vous trouverez ci-dessous toutes les informations dont vous avez besoin sur <strong>les compagnies a\u00e9riennes pr\u00e9sentes \u00e0 l\u2019a\u00e9roport de Luxembourg<\/strong> et les destinations que nous desservons. L\u2019Europe n\u2019a jamais \u00e9t\u00e9 aussi connect\u00e9e.<\/p>\n\n\n\n<div style=\"height:30px\" aria-hidden=\"true\" class=\"wp-block-spacer\"><\/div>\n\n\n\n<div class=\"wp-block-group airlineContainer is-vertical is-content-justification-center is-nowrap is-layout-flex wp-container-core-group-is-layout-73832be3 wp-block-group-is-layout-flex\">\n<figure class=\"wp-block-image size-full\"><img loading=\"lazy\" decoding=\"async\" width=\"200\" height=\"50\" src=\"https:\/\/www.lux-airport.lu\/wp-content\/uploads\/2022\/12\/image.png\" alt=\"\" class=\"wp-image-9276\"><\/figure>\n\n\n\n<h4 class=\"wp-block-heading\">Contact du service client\u00e8le<\/h4>\n\n\n\n<p class=\"has-text-align-center\"><a href=\"tel:+3227534710\">(+32) 275 34710<br><\/a><a href=\"https:\/\/en.aegeanair.com\/contact\/\" target=\"_blank\" rel=\"noreferrer noopener nofollow\">Aide et contact<\/a><\/p>\n\n\n\n<div class=\"wp-block-buttons is-layout-flex wp-block-buttons-is-layout-flex\">\n<div class=\"wp-block-button blueButton\"><a class=\"wp-block-button__link wp-element-button\" href=\"https:\/\/en.aegeanair.com\/\" target=\"_blank\" rel=\"noreferrer noopener nofollow\">R\u00c9SERVEZ MAINTENANT<\/a><\/div>\n<\/div>\n<\/div>\n\n\n\n<div class=\"wp-block-group airlineContainer is-vertical is-content-justification-center is-nowrap is-layout-flex wp-container-core-group-is-layout-73832be3 wp-block-group-is-layout-flex\">\n<figure class=\"wp-block-image size-full is-resized\"><img loading=\"lazy\" decoding=\"async\" width=\"200\" height=\"50\" src=\"https:\/\/www.lux-airport.lu\/wp-content\/uploads\/2024\/07\/Air-Dolomiti-logo-1.png\" alt=\"\" class=\"wp-image-17679\" style=\"width:200px\"><\/figure>\n\n\n\n<h4 class=\"wp-block-heading\">Contact du service client\u00e8le<\/h4>\n\n\n\n<p class=\"has-text-align-center\"><a href=\"tel:+390452886140\">+39 045 2886140<\/a><br><a href=\"https:\/\/www.airdolomiti.eu\/support-and-contacts\/customer-relations-eu-2\" target=\"_blank\" rel=\"noreferrer noopener nofollow\">Aide et Contact<\/a><\/p>\n\n\n\n<div class=\"wp-block-buttons is-layout-flex wp-block-buttons-is-layout-flex\">\n<div class=\"wp-block-button blueButton\"><a class=\"wp-block-button__link wp-element-button\" href=\"https:\/\/www.airdolomiti.eu\/\" target=\"_blank\" rel=\"noreferrer noopener nofollow\">R\u00c9SERVEZ MAINTENANT<\/a><\/div>\n<\/div>\n<\/div>\n\n\n\n<div class=\"wp-block-group airlineContainer is-vertical is-content-justification-center is-nowrap is-layout-flex wp-container-core-group-is-layout-73832be3 wp-block-group-is-layout-flex\">\n<figure class=\"wp-block-image size-full is-resized\"><img loading=\"lazy\" decoding=\"async\" width=\"190\" height=\"48\" src=\"https:\/\/www.lux-airport.lu\/wp-content\/uploads\/2024\/07\/air-france-logo.png\" alt=\"\" class=\"wp-image-17657\" style=\"width:200px\"><\/figure>\n\n\n\n<h4 class=\"wp-block-heading\">Contact du service client\u00e8le<\/h4>\n\n\n\n<p class=\"has-text-align-center\"><a href=\"tel:+390452886140\"><\/a><a href=\"tel:+35227302006\" data-type=\"tel\" data-id=\"tel:+35227302006\">+352 27 302 006<br><\/a><a href=\"https:\/\/wwws.airfrance.lu\/contact\" data-type=\"link\" data-id=\"https:\/\/wwws.airfrance.lu\/contact\" rel=\"nofollow noopener\" target=\"_blank\">Aide et Contact<\/a><\/p>\n\n\n\n<div class=\"wp-block-buttons is-layout-flex wp-block-buttons-is-layout-flex\">\n<div class=\"wp-block-button blueButton\"><a class=\"wp-block-button__link wp-element-button\" href=\"https:\/\/www.airdolomiti.eu\/\" target=\"_blank\" rel=\"noreferrer noopener nofollow\">R\u00c9SERVEZ MAINTENANT<\/a><\/div>\n<\/div>\n<\/div>\n\n\n\n<div class=\"wp-block-group airlineContainer is-vertical is-content-justification-center is-nowrap is-layout-flex wp-container-core-group-is-layout-73832be3 wp-block-group-is-layout-flex\">\n<figure class=\"wp-block-image size-full\"><img loading=\"lazy\" decoding=\"async\" width=\"200\" height=\"50\" src=\"https:\/\/www.lux-airport.lu\/wp-content\/uploads\/2022\/12\/image-2.png\" alt=\"\" class=\"wp-image-9287\"><\/figure>\n\n\n\n<h4 class=\"wp-block-heading\">Contact du service client\u00e8le<\/h4>\n\n\n\n<p class=\"has-text-align-center\"><a href=\"tel:+3523420808323\">(+352) 34 20 80 8323<\/a><br><a href=\"https:\/\/www.britishairways.com\/travel\/askbainter\/public\/en_lu\" target=\"_blank\" rel=\"noreferrer noopener nofollow\">Aide et contact<\/a><\/p>\n\n\n\n<div class=\"wp-block-buttons is-layout-flex wp-block-buttons-is-layout-flex\">\n<div class=\"wp-block-button blueButton\"><a class=\"wp-block-button__link wp-element-button\" href=\"https:\/\/www.ba.com\/\" target=\"_blank\" rel=\"noreferrer noopener nofollow\">R\u00c9SERVEZ MAINTENANT<\/a><\/div>\n<\/div>\n<\/div>\n\n\n\n<div class=\"wp-block-group airlineContainer is-vertical is-content-justification-center is-nowrap is-layout-flex wp-container-core-group-is-layout-73832be3 wp-block-group-is-layout-flex\">\n<figure class=\"wp-block-image size-full is-resized\"><img loading=\"lazy\" decoding=\"async\" width=\"200\" height=\"50\" src=\"https:\/\/www.lux-airport.lu\/wp-content\/uploads\/2024\/07\/China-Southern-Logo-1.png\" alt=\"\" class=\"wp-image-17667\" style=\"width:216px;height:auto\"><\/figure>\n\n\n\n<h4 class=\"wp-block-heading\">Contact du service client\u00e8le<\/h4>\n\n\n\n<p class=\"has-text-align-center\"><a href=\"https:\/\/+86-4008695539-1-4-1\" data-type=\"tel\" data-id=\"tel:+32090355505\" rel=\"nofollow\">+86-4008695539-1-4-1<\/a><br><a href=\"https:\/\/www.csair.com\/en\/\" target=\"_blank\" rel=\"noreferrer noopener nofollow\">Aide et contact<\/a><\/p>\n\n\n\n<div class=\"wp-block-buttons is-layout-flex wp-block-buttons-is-layout-flex\">\n<div class=\"wp-block-button blueButton\"><a class=\"wp-block-button__link wp-element-button\" href=\"https:\/\/www.csair.com\/en\/\" target=\"_blank\" rel=\"noreferrer noopener nofollow\">R\u00c9SERVEZ MAINTENANT<\/a><\/div>\n<\/div>\n<\/div>\n\n\n\n<div class=\"wp-block-group airlineContainer is-vertical is-content-justification-center is-nowrap is-layout-flex wp-container-core-group-is-layout-73832be3 wp-block-group-is-layout-flex\">\n<figure class=\"wp-block-image size-full\"><img loading=\"lazy\" decoding=\"async\" width=\"200\" height=\"50\" src=\"https:\/\/www.lux-airport.lu\/wp-content\/uploads\/2022\/12\/image-3.png\" alt=\"\" class=\"wp-image-9291\"><\/figure>\n\n\n\n<h4 class=\"wp-block-heading\">Contact du service client\u00e8le<\/h4>\n\n\n\n<p class=\"has-text-align-center\"><a href=\"tel:+443305515151\">(+44) 330 551 5151<\/a><br><a href=\"https:\/\/www.easyjet.com\/en\/help\/contact\" target=\"_blank\" rel=\"noreferrer noopener nofollow\">Aide et contact<\/a><\/p>\n\n\n\n<div class=\"wp-block-buttons is-layout-flex wp-block-buttons-is-layout-flex\">\n<div class=\"wp-block-button blueButton\"><a class=\"wp-block-button__link wp-element-button\" href=\"https:\/\/www.easyjet.com\/\" target=\"_blank\" rel=\"noreferrer noopener nofollow\">R\u00c9SERVEZ MAINTENANT<\/a><\/div>\n<\/div>\n<\/div>\n\n\n\n<div class=\"wp-block-group airlineContainer is-vertical is-content-justification-center is-nowrap is-layout-flex wp-container-core-group-is-layout-73832be3 wp-block-group-is-layout-flex\">\n<figure class=\"wp-block-image size-full is-resized\"><img loading=\"lazy\" decoding=\"async\" width=\"200\" height=\"50\" src=\"https:\/\/www.lux-airport.lu\/wp-content\/uploads\/2024\/07\/gp-aviation-Logo-1.png\" alt=\"\" class=\"wp-image-17670\" style=\"width:250px\"><\/figure>\n\n\n\n<h4 class=\"wp-block-heading\">Contact du service client\u00e8le<\/h4>\n\n\n\n<p class=\"has-text-align-center\"><a href=\"tel:+4917674909978\">&nbsp;+49 176 749 099 78<\/a><br><a href=\"https:\/\/www.easyjet.com\/en\/help\/contact\" target=\"_blank\" rel=\"noreferrer noopener nofollow\"><\/a><a href=\"https:\/\/www.gpaviation.eu\/\" rel=\"nofollow noopener\" target=\"_blank\">Aide et contact<\/a><\/p>\n\n\n\n<div class=\"wp-block-buttons is-layout-flex wp-block-buttons-is-layout-flex\">\n<div class=\"wp-block-button blueButton\"><a class=\"wp-block-button__link wp-element-button\" href=\"https:\/\/www.gpaviation.eu\/\" target=\"_blank\" rel=\"noreferrer noopener nofollow\">R\u00c9SERVEZ MAINTENANT<\/a><\/div>\n<\/div>\n<\/div>\n\n\n\n<div class=\"wp-block-group airlineContainer is-vertical is-content-justification-center is-nowrap is-layout-flex wp-container-core-group-is-layout-73832be3 wp-block-group-is-layout-flex\">\n<figure class=\"wp-block-image size-full\"><img loading=\"lazy\" decoding=\"async\" width=\"200\" height=\"50\" src=\"https:\/\/www.lux-airport.lu\/wp-content\/uploads\/2022\/12\/image-5.png\" alt=\"\" class=\"wp-image-9300\"><\/figure>\n\n\n\n<h4 class=\"wp-block-heading\">Contact du service client\u00e8le<\/h4>\n\n\n\n<p class=\"has-text-align-center\"><a href=\"tel:+35227302307\">(+352) 27 302 307<\/a><br><a href=\"https:\/\/www.klm.lu\/contact\" target=\"_blank\" rel=\"noreferrer noopener nofollow\">Aide et contact<\/a><\/p>\n\n\n\n<div class=\"wp-block-buttons is-layout-flex wp-block-buttons-is-layout-flex\">\n<div class=\"wp-block-button blueButton\"><a class=\"wp-block-button__link wp-element-button\" href=\"https:\/\/www.klm.lu\/\" target=\"_blank\" rel=\"noreferrer noopener nofollow\">R\u00c9SERVEZ MAINTENANT<\/a><\/div>\n<\/div>\n<\/div>\n\n\n\n<div class=\"wp-block-group airlineContainer is-vertical is-content-justification-center is-nowrap is-layout-flex wp-container-core-group-is-layout-73832be3 wp-block-group-is-layout-flex\">\n<figure class=\"wp-block-image size-full\"><img loading=\"lazy\" decoding=\"async\" width=\"200\" height=\"50\" src=\"https:\/\/www.lux-airport.lu\/wp-content\/uploads\/2022\/12\/image-6.png\" alt=\"\" class=\"wp-image-9304\"><\/figure>\n\n\n\n<h4 class=\"wp-block-heading\">Contact du service client\u00e8le<\/h4>\n\n\n\n<p class=\"has-text-align-center\"><a href=\"tel:+3523420808723\">(+352) 342 080 8723<\/a><br><a href=\"https:\/\/www.lot.com\/lu\/en\/help-center\/contact\/forms\" target=\"_blank\" rel=\"noreferrer noopener nofollow\">Aide et contact<\/a><\/p>\n\n\n\n<div class=\"wp-block-buttons is-layout-flex wp-block-buttons-is-layout-flex\">\n<div class=\"wp-block-button blueButton\"><a class=\"wp-block-button__link wp-element-button\" href=\"https:\/\/www.lot.com\/\" target=\"_blank\" rel=\"noreferrer noopener nofollow\">R\u00c9SERVEZ MAINTENANT<\/a><\/div>\n<\/div>\n<\/div>\n\n\n\n<div class=\"wp-block-group airlineContainer is-vertical is-content-justification-center is-nowrap is-layout-flex wp-container-core-group-is-layout-73832be3 wp-block-group-is-layout-flex\">\n<figure class=\"wp-block-image size-full\"><img loading=\"lazy\" decoding=\"async\" width=\"200\" height=\"50\" src=\"https:\/\/www.lux-airport.lu\/wp-content\/uploads\/2022\/12\/image-7.png\" alt=\"\" class=\"wp-image-9307\"><\/figure>\n\n\n\n<h4 class=\"wp-block-heading\">Contact du service client\u00e8le<\/h4>\n\n\n\n<p class=\"has-text-align-center\"><a href=\"tel:+3523420808980\">(+352) 3420 8089 80<\/a><br><a href=\"https:\/\/www.lufthansa.com\/lu\/en\/help-and-contact\" target=\"_blank\" rel=\"noreferrer noopener nofollow\">Aide et contact<\/a><\/p>\n\n\n\n<div class=\"wp-block-buttons is-layout-flex wp-block-buttons-is-layout-flex\">\n<div class=\"wp-block-button blueButton\"><a class=\"wp-block-button__link wp-element-button\" href=\"https:\/\/www.lufthansa.com\/\" target=\"_blank\" rel=\"noreferrer noopener nofollow\">R\u00c9SERVEZ MAINTENANT<\/a><\/div>\n<\/div>\n<\/div>\n\n\n\n<div class=\"wp-block-group airlineContainer is-vertical is-content-justification-center is-nowrap is-layout-flex wp-container-core-group-is-layout-73832be3 wp-block-group-is-layout-flex\">\n<figure class=\"wp-block-image size-full\"><img loading=\"lazy\" decoding=\"async\" width=\"200\" height=\"50\" src=\"https:\/\/www.lux-airport.lu\/wp-content\/uploads\/2022\/12\/image-8.png\" alt=\"\" class=\"wp-image-9310\"><\/figure>\n\n\n\n<h4 class=\"wp-block-heading\">Contact du service client\u00e8le<\/h4>\n\n\n\n<p class=\"has-text-align-center\"><a href=\"tel:+35224561\">(+352) 2456-1<\/a><br><a href=\"https:\/\/www.luxair.lu\/en\/contact#\/who-are-you\" target=\"_blank\" rel=\"noreferrer noopener nofollow\">Aide et contact<\/a><\/p>\n\n\n\n<div class=\"wp-block-buttons is-layout-flex wp-block-buttons-is-layout-flex\">\n<div class=\"wp-block-button blueButton\"><a class=\"wp-block-button__link wp-element-button\" href=\"https:\/\/www.luxair.lu\/\" target=\"_blank\" rel=\"noreferrer noopener nofollow\">R\u00c9SERVEZ MAINTENANT<\/a><\/div>\n<\/div>\n<\/div>\n\n\n\n<div class=\"wp-block-group airlineContainer is-vertical is-content-justification-center is-nowrap is-layout-flex wp-container-core-group-is-layout-73832be3 wp-block-group-is-layout-flex\">\n<figure class=\"wp-block-image size-full\"><img loading=\"lazy\" decoding=\"async\" width=\"200\" height=\"50\" src=\"https:\/\/www.lux-airport.lu\/wp-content\/uploads\/2022\/12\/image-9.png\" alt=\"\" class=\"wp-image-9313\"><\/figure>\n\n\n\n<h4 class=\"wp-block-heading\">Contact du service client\u00e8le<\/h4>\n\n\n\n<p class=\"has-text-align-center\"><a href=\"tel:+441279358395\">(+44) 1279358395<\/a><br><a href=\"https:\/\/www.ryanair.com\/gb\/en\/lp\/help\" target=\"_blank\" rel=\"noreferrer noopener nofollow\">Aide et contact<\/a><\/p>\n\n\n\n<div class=\"wp-block-buttons is-layout-flex wp-block-buttons-is-layout-flex\">\n<div class=\"wp-block-button blueButton\"><a class=\"wp-block-button__link wp-element-button\" href=\"https:\/\/www.ryanair.com\/gb\/en\/\" target=\"_blank\" rel=\"noreferrer noopener nofollow\">R\u00c9SERVEZ MAINTENANT<\/a><\/div>\n<\/div>\n<\/div>\n\n\n\n<div class=\"wp-block-group airlineContainer is-vertical is-content-justification-center is-nowrap is-layout-flex wp-container-core-group-is-layout-73832be3 wp-block-group-is-layout-flex\">\n<figure class=\"wp-block-image size-full\"><img loading=\"lazy\" decoding=\"async\" width=\"200\" height=\"50\" src=\"https:\/\/www.lux-airport.lu\/wp-content\/uploads\/2022\/12\/image-11.png\" alt=\"\" class=\"wp-image-9319\"><\/figure>\n\n\n\n<h4 class=\"wp-block-heading\">Contact du service client\u00e8le<\/h4>\n\n\n\n<p class=\"has-text-align-center\"><a href=\"tel:+3523420808981\">(+352) 34 20 808 981<\/a><br><a href=\"https:\/\/www.swiss.com\/lu\/en\/customer-support\/contact-us\" target=\"_blank\" rel=\"noreferrer noopener nofollow\">Aide et contact<\/a><\/p>\n\n\n\n<div class=\"wp-block-buttons is-layout-flex wp-block-buttons-is-layout-flex\">\n<div class=\"wp-block-button blueButton\"><a class=\"wp-block-button__link wp-element-button\" href=\"https:\/\/www.swiss.com\/\" target=\"_blank\" rel=\"noreferrer noopener nofollow\">R\u00c9SERVEZ MAINTENANT<\/a><\/div>\n<\/div>\n<\/div>\n\n\n\n<div class=\"wp-block-group airlineContainer is-vertical is-content-justification-center is-nowrap is-layout-flex wp-container-core-group-is-layout-73832be3 wp-block-group-is-layout-flex\">\n<figure class=\"wp-block-image size-full\"><img loading=\"lazy\" decoding=\"async\" width=\"200\" height=\"50\" src=\"https:\/\/www.lux-airport.lu\/wp-content\/uploads\/2022\/12\/image-12.png\" alt=\"\" class=\"wp-image-9322\"><\/figure>\n\n\n\n<h4 class=\"wp-block-heading\">Contact du service client\u00e8le<\/h4>\n\n\n\n<p class=\"has-text-align-center\"><a href=\"tel:+351211234400\">(+351) 211 234 400<\/a><br><a href=\"https:\/\/www.flytap.com\/en-pt\/support\/contacts\" target=\"_blank\" rel=\"noreferrer noopener nofollow\">Aide et contact<\/a><\/p>\n\n\n\n<div class=\"wp-block-buttons is-layout-flex wp-block-buttons-is-layout-flex\">\n<div class=\"wp-block-button blueButton\"><a class=\"wp-block-button__link wp-element-button\" href=\"https:\/\/www.flytap.com\/pt-pt\/\" target=\"_blank\" rel=\"noreferrer noopener nofollow\">R\u00c9SERVEZ MAINTENANT<\/a><\/div>\n<\/div>\n<\/div>\n\n\n\n<div class=\"wp-block-group airlineContainer is-vertical is-content-justification-center is-nowrap is-layout-flex wp-container-core-group-is-layout-73832be3 wp-block-group-is-layout-flex\">\n<figure class=\"wp-block-image size-full\"><img loading=\"lazy\" decoding=\"async\" width=\"200\" height=\"50\" src=\"https:\/\/www.lux-airport.lu\/wp-content\/uploads\/2022\/12\/image-13.png\" alt=\"\" class=\"wp-image-9325\"><\/figure>\n\n\n\n<h4 class=\"wp-block-heading\">Contact du service client\u00e8le<\/h4>\n\n\n\n<p class=\"has-text-align-center\"><a href=\"tel:+3226200849\">(+32) 2 620 0 849<\/a><br><a href=\"https:\/\/www.turkishairlines.com\/en-int\/any-questions\/get-in-touch\/\" target=\"_blank\" rel=\"noreferrer noopener nofollow\">Aide et contact<\/a><\/p>\n\n\n\n<div class=\"wp-block-buttons is-layout-flex wp-block-buttons-is-layout-flex\">\n<div class=\"wp-block-button blueButton\"><a class=\"wp-block-button__link wp-element-button\" href=\"https:\/\/www.turkishairlines.com\/en-int\/\" target=\"_blank\" rel=\"noreferrer noopener nofollow\">R\u00c9SERVEZ MAINTENANT<\/a><\/div>\n<\/div>\n<\/div>\n\n\n\n<div class=\"wp-block-group airlineContainer is-vertical is-content-justification-center is-nowrap is-layout-flex wp-container-core-group-is-layout-73832be3 wp-block-group-is-layout-flex\">\n<figure class=\"wp-block-image size-full\"><img loading=\"lazy\" decoding=\"async\" width=\"200\" height=\"50\" src=\"https:\/\/www.lux-airport.lu\/wp-content\/uploads\/2023\/01\/Volotea.png\" alt=\"\" class=\"wp-image-10131\"><\/figure>\n\n\n\n<h4 class=\"wp-block-heading\">Contact du service client\u00e8le<\/h4>\n\n\n\n<p class=\"has-text-align-center\"><a href=\"tel:+34931220717\">(+34) 93 12 20 717<\/a><br><a href=\"https:\/\/www.volotea.com\/en\/contact\/\" target=\"_blank\" rel=\"noreferrer noopener nofollow\">Aide et contact<\/a><\/p>\n\n\n\n<div class=\"wp-block-buttons is-layout-flex wp-block-buttons-is-layout-flex\">\n<div class=\"wp-block-button blueButton\"><a class=\"wp-block-button__link wp-element-button\" href=\"https:\/\/www.volotea.com\/\" target=\"_blank\" rel=\"noreferrer noopener nofollow\">R\u00c9SERVEZ MAINTENANT<\/a><\/div>\n<\/div>\n<\/div>\n","protected":false},"excerpt":{"rendered":"<p>Situ\u00e9 au c\u0153ur de l&rsquo;Europe, l&rsquo;a\u00e9roport de Luxembourg est le point de d\u00e9part id\u00e9al de tous vos voyages. Vous trouverez ci-dessous toutes les informations dont vous avez besoin sur les compagnies a\u00e9riennes pr\u00e9sentes \u00e0 l\u2019a\u00e9roport de Luxembourg et les destinations que nous desservons. L\u2019Europe n\u2019a jamais \u00e9t\u00e9 aussi connect\u00e9e. Contact du service client\u00e8le (+32) 275 [&hellip;]<\/p>\n","protected":false},"author":1,"featured_media":0,"parent":7047,"menu_order":3,"comment_status":"closed","ping_status":"closed","template":"","meta":{"_acf_changed":false,"footnotes":""},"class_list":["post-8017","page","type-page","status-publish","hentry"],"acf":{"set_page_width_full":false,"start_with_small_header":false,"reno_options":{"hide_reno_widget":false,"open_widget_on_page_load":false,"which_tab_to_open":"chatbot","hide_reno_turn_onoff":false,"set_height_to_mini":false,"reno_page_branded_text_back_front":{"reno_show_branded_text":false,"reno_text_in_the_back":"JOURNEY","reno_text_in_the_front":"my journey starts here"}},"branded_text_backfront":{"hide_branded_text":false,"text_in_the_back":"AIRLINES","text_in_the_front_left":"My journey","text_in_the_front_right":"has options"},"hide_breadcrumbs":false,"hide_footer_widgets":false,"hide_page_title":false,"advertising__adsense":{"show_ads_in_this_page":true,"image_instead_of_adsense":{"enable_image_instead_of_adsense":false,"banner_image_300x250":null,"banner_url":""}},"header_image_options":{"show_header_image":"Yes","header_image":""}},"_links":{"self":[{"href":"https:\/\/www.lux-airport.lu\/fr\/wp-json\/wp\/v2\/pages\/8017","targetHints":{"allow":["GET"]}}],"collection":[{"href":"https:\/\/www.lux-airport.lu\/fr\/wp-json\/wp\/v2\/pages"}],"about":[{"href":"https:\/\/www.lux-airport.lu\/fr\/wp-json\/wp\/v2\/types\/page"}],"author":[{"embeddable":true,"href":"https:\/\/www.lux-airport.lu\/fr\/wp-json\/wp\/v2\/users\/1"}],"replies":[{"embeddable":true,"href":"https:\/\/www.lux-airport.lu\/fr\/wp-json\/wp\/v2\/comments?post=8017"}],"version-history":[{"count":0,"href":"https:\/\/www.lux-airport.lu\/fr\/wp-json\/wp\/v2\/pages\/8017\/revisions"}],"up":[{"embeddable":true,"href":"https:\/\/www.lux-airport.lu\/fr\/wp-json\/wp\/v2\/pages\/7047"}],"wp:attachment":[{"href":"https:\/\/www.lux-airport.lu\/fr\/wp-json\/wp\/v2\/media?parent=8017"}],"curies":[{"name":"wp","href":"https:\/\/api.w.org\/{rel}","templated":true}]}}