{"id":7926,"date":"2022-09-07T00:20:06","date_gmt":"2022-09-06T23:20:06","guid":{"rendered":"https:\/\/www.lux-airport.lu\/les-etapes-de-la-renovation-de-la-piste-datterrissage\/"},"modified":"2023-05-11T11:41:23","modified_gmt":"2023-05-11T10:41:23","slug":"les-etapes-de-la-renovation-de-la-piste-datterrissage","status":"publish","type":"page","link":"https:\/\/www.lux-airport.lu\/fr\/entreprise\/a-propos-de-nous\/renovation-de-la-piste-datterrissage\/les-etapes-de-la-renovation-de-la-piste-datterrissage\/","title":{"rendered":"Les \u00e9tapes de la r\u00e9novation de la piste d&rsquo;atterrissage"},"content":{"rendered":"\n<p>Obtenez des informations sur les \u00e9tapes importantes des travaux de r\u00e9habilitation de la piste de l&rsquo;a\u00e9roport de Luxembourg.<\/p>\n\n\n\n<h3 class=\"wp-block-heading\">SEPTEMBRE 2021 : Ach\u00e8vement des travaux de nuit<\/h3>\n\n\n\n<p>Ach\u00e8vement des travaux de construction pendant la fermeture nocturne de la RWY.<\/p>\n\n\n\n<figure class=\"wp-block-image size-large\"><img loading=\"lazy\" decoding=\"async\" width=\"1024\" height=\"576\" src=\"https:\/\/www.lux-airport.lu\/wp-content\/uploads\/2023\/05\/September-01-scaled-1-1024x576.jpg\" alt=\"\" class=\"wp-image-11875\" srcset=\"https:\/\/www.lux-airport.lu\/wp-content\/uploads\/2023\/05\/September-01-scaled-1-1024x576.jpg 1024w, https:\/\/www.lux-airport.lu\/wp-content\/uploads\/2023\/05\/September-01-scaled-1-300x169.jpg 300w, https:\/\/www.lux-airport.lu\/wp-content\/uploads\/2023\/05\/September-01-scaled-1-768x432.jpg 768w, https:\/\/www.lux-airport.lu\/wp-content\/uploads\/2023\/05\/September-01-scaled-1-1536x864.jpg 1536w, https:\/\/www.lux-airport.lu\/wp-content\/uploads\/2023\/05\/September-01-scaled-1-2048x1152.jpg 2048w\" sizes=\"auto, (max-width: 1024px) 100vw, 1024px\" \/><\/figure>\n\n\n\n<h3 class=\"wp-block-heading\"><br>AOUT 2021 : R\u00e9duction des op\u00e9rations sur les pistes<\/h3>\n\n\n\n<p>Mise en \u0153uvre de l&rsquo;exploitation de pistes r\u00e9duites, permettant l&rsquo;exploitation des avions \u00e0 une extr\u00e9mit\u00e9 tandis que les travaux de construction sont en cours \u00e0 l&rsquo;autre.<\/p>\n\n\n\n<figure class=\"wp-block-image size-large\"><img loading=\"lazy\" decoding=\"async\" width=\"1024\" height=\"576\" src=\"https:\/\/www.lux-airport.lu\/wp-content\/uploads\/2023\/05\/August-01-1024x576.jpg\" alt=\"\" class=\"wp-image-11878\" srcset=\"https:\/\/www.lux-airport.lu\/wp-content\/uploads\/2023\/05\/August-01-1024x576.jpg 1024w, https:\/\/www.lux-airport.lu\/wp-content\/uploads\/2023\/05\/August-01-300x169.jpg 300w, https:\/\/www.lux-airport.lu\/wp-content\/uploads\/2023\/05\/August-01-768x432.jpg 768w, https:\/\/www.lux-airport.lu\/wp-content\/uploads\/2023\/05\/August-01-1536x864.jpg 1536w, https:\/\/www.lux-airport.lu\/wp-content\/uploads\/2023\/05\/August-01.jpg 1900w\" sizes=\"auto, (max-width: 1024px) 100vw, 1024px\" \/><\/figure>\n\n\n\n<h3 class=\"wp-block-heading\"><br>JUILLET 2021 : Reprofilage termin\u00e9<\/h3>\n\n\n\n<p>Reprofilage pour 2021 de la piste achev\u00e9.<\/p>\n\n\n\n<figure class=\"wp-block-image size-large\"><img loading=\"lazy\" decoding=\"async\" width=\"1024\" height=\"576\" src=\"https:\/\/www.lux-airport.lu\/wp-content\/uploads\/2023\/05\/July-01-1024x576.jpg\" alt=\"\" class=\"wp-image-11881\" srcset=\"https:\/\/www.lux-airport.lu\/wp-content\/uploads\/2023\/05\/July-01-1024x576.jpg 1024w, https:\/\/www.lux-airport.lu\/wp-content\/uploads\/2023\/05\/July-01-300x169.jpg 300w, https:\/\/www.lux-airport.lu\/wp-content\/uploads\/2023\/05\/July-01-768x432.jpg 768w, https:\/\/www.lux-airport.lu\/wp-content\/uploads\/2023\/05\/July-01-1536x864.jpg 1536w, https:\/\/www.lux-airport.lu\/wp-content\/uploads\/2023\/05\/July-01.jpg 1900w\" sizes=\"auto, (max-width: 1024px) 100vw, 1024px\" \/><\/figure>\n\n\n\n<h3 class=\"wp-block-heading\"><br>JUIN 2021 : R\u00e9duction de la largeur de la piste<\/h3>\n\n\n\n<p>R\u00e9duction de la largeur de la piste existante de 60 m \u00e0 45 m avec deux accotements de 7,5 m. D\u00e9placer 130 lumi\u00e8res et peindre 14 000<sup>m2<\/sup> en une nuit.<\/p>\n\n\n\n<figure class=\"wp-block-image size-large\"><img loading=\"lazy\" decoding=\"async\" width=\"1024\" height=\"576\" src=\"https:\/\/www.lux-airport.lu\/wp-content\/uploads\/2023\/05\/20210612_044608-copy-scaled-1-1024x576.jpg\" alt=\"\" class=\"wp-image-11884\" srcset=\"https:\/\/www.lux-airport.lu\/wp-content\/uploads\/2023\/05\/20210612_044608-copy-scaled-1-1024x576.jpg 1024w, https:\/\/www.lux-airport.lu\/wp-content\/uploads\/2023\/05\/20210612_044608-copy-scaled-1-300x169.jpg 300w, https:\/\/www.lux-airport.lu\/wp-content\/uploads\/2023\/05\/20210612_044608-copy-scaled-1-768x432.jpg 768w, https:\/\/www.lux-airport.lu\/wp-content\/uploads\/2023\/05\/20210612_044608-copy-scaled-1-1536x864.jpg 1536w, https:\/\/www.lux-airport.lu\/wp-content\/uploads\/2023\/05\/20210612_044608-copy-scaled-1-2048x1152.jpg 2048w\" sizes=\"auto, (max-width: 1024px) 100vw, 1024px\" \/><\/figure>\n\n\n\n<h3 class=\"wp-block-heading\"><br>MAI 2021 : d\u00e9but des grands travaux d&rsquo;asphaltage<\/h3>\n\n\n\n<p>Les travaux d&rsquo;asphaltage de nuit ont commenc\u00e9. Pose d&rsquo;asphalte et peinture avant l&rsquo;ouverture de la piste.<\/p>\n\n\n\n<figure class=\"wp-block-image is-resized\"><a href=\"https:\/\/www.lux-airport.lu\/wp-content\/uploads\/2021\/06\/AERLUX-01-26052021-WEB-%E2%94%AC%C2%AE-LCGDP-L1210810-1-copy.jpg\"><img decoding=\"async\" src=\"https:\/\/www.lux-airport.lu\/wp-content\/uploads\/2021\/06\/AERLUX-01-26052021-WEB-%E2%94%AC%C2%AE-LCGDP-L1210810-1-copy.jpg\" alt=\"\" class=\"wp-image-17160\" width=\"640\"><\/a><\/figure>\n\n\n\n<h3 class=\"wp-block-heading\"><br>AVRIL 2021 : d\u00e9but des travaux pr\u00e9paratoires<\/h3>\n\n\n\n<p>La premi\u00e8re r\u00e9novation de la piste a commenc\u00e9. Les travaux sont programm\u00e9s en construction nocturne p\u00e9riodique et en saisons d&rsquo;avril \u00e0 octobre jusqu&rsquo;\u00e0 la fin de 2022.<br><\/p>\n\n\n\n<figure class=\"wp-block-image size-full is-resized\"><img decoding=\"async\" src=\"https:\/\/www.lux-airport.lu\/wp-content\/uploads\/2022\/09\/image-36.png\" alt=\"\" class=\"wp-image-5075\" width=\"640\" srcset=\"https:\/\/www.lux-airport.lu\/wp-content\/uploads\/2022\/09\/image-36.png 700w, https:\/\/www.lux-airport.lu\/wp-content\/uploads\/2022\/09\/image-36-300x158.png 300w\" sizes=\"(max-width: 700px) 100vw, 700px\" \/><\/figure>\n\n\n\n<h3 class=\"wp-block-heading\"><br>MARS 2021 : Un nouveau point de contr\u00f4le de s\u00e9curit\u00e9<\/h3>\n\n\n\n<p>Pour garantir un acc\u00e8s rapide et facile au chantier et r\u00e9duire le trafic, un nouveau point d&rsquo;acc\u00e8s s\u00e9curis\u00e9 a \u00e9t\u00e9 construit.<\/p>\n\n\n\n<figure class=\"wp-block-image size-full\"><img loading=\"lazy\" decoding=\"async\" width=\"700\" height=\"394\" src=\"https:\/\/www.lux-airport.lu\/wp-content\/uploads\/2023\/05\/E121-march-700x394-1.jpg\" alt=\"\" class=\"wp-image-11887\" srcset=\"https:\/\/www.lux-airport.lu\/wp-content\/uploads\/2023\/05\/E121-march-700x394-1.jpg 700w, https:\/\/www.lux-airport.lu\/wp-content\/uploads\/2023\/05\/E121-march-700x394-1-300x169.jpg 300w\" sizes=\"auto, (max-width: 700px) 100vw, 700px\" \/><\/figure>\n","protected":false},"excerpt":{"rendered":"<p>Obtenez des informations sur les \u00e9tapes importantes des travaux de r\u00e9habilitation de la piste de l&rsquo;a\u00e9roport de Luxembourg. SEPTEMBRE 2021 : Ach\u00e8vement des travaux de nuit Ach\u00e8vement des travaux de construction pendant la fermeture nocturne de la RWY. AOUT 2021 : R\u00e9duction des op\u00e9rations sur les pistes Mise en \u0153uvre de l&rsquo;exploitation de pistes r\u00e9duites, [&hellip;]<\/p>\n","protected":false},"author":1,"featured_media":0,"parent":7929,"menu_order":0,"comment_status":"closed","ping_status":"closed","template":"","meta":{"_acf_changed":false,"footnotes":""},"class_list":["post-7926","page","type-page","status-publish","hentry"],"acf":{"set_page_width_full":false,"start_with_small_header":false,"reno_options":{"hide_reno_widget":false,"open_widget_on_page_load":false,"which_tab_to_open":"chatbot","hide_reno_turn_onoff":false,"set_height_to_mini":false,"reno_page_branded_text_back_front":{"reno_show_branded_text":false,"reno_text_in_the_back":"JOURNEY","reno_text_in_the_front":"my journey starts here"}},"branded_text_backfront":{"hide_branded_text":false,"text_in_the_back":"JOURNEY","text_in_the_front_left":"My journey","text_in_the_front_right":"starts here"},"hide_breadcrumbs":false,"hide_footer_widgets":false,"hide_page_title":false,"advertising__adsense":{"show_ads_in_this_page":true,"image_instead_of_adsense":{"enable_image_instead_of_adsense":false,"banner_image_300x250":null,"banner_url":""}},"header_image_options":{"show_header_image":"Yes","header_image":""}},"_links":{"self":[{"href":"https:\/\/www.lux-airport.lu\/fr\/wp-json\/wp\/v2\/pages\/7926","targetHints":{"allow":["GET"]}}],"collection":[{"href":"https:\/\/www.lux-airport.lu\/fr\/wp-json\/wp\/v2\/pages"}],"about":[{"href":"https:\/\/www.lux-airport.lu\/fr\/wp-json\/wp\/v2\/types\/page"}],"author":[{"embeddable":true,"href":"https:\/\/www.lux-airport.lu\/fr\/wp-json\/wp\/v2\/users\/1"}],"replies":[{"embeddable":true,"href":"https:\/\/www.lux-airport.lu\/fr\/wp-json\/wp\/v2\/comments?post=7926"}],"version-history":[{"count":0,"href":"https:\/\/www.lux-airport.lu\/fr\/wp-json\/wp\/v2\/pages\/7926\/revisions"}],"up":[{"embeddable":true,"href":"https:\/\/www.lux-airport.lu\/fr\/wp-json\/wp\/v2\/pages\/7929"}],"wp:attachment":[{"href":"https:\/\/www.lux-airport.lu\/fr\/wp-json\/wp\/v2\/media?parent=7926"}],"curies":[{"name":"wp","href":"https:\/\/api.w.org\/{rel}","templated":true}]}}