{"id":7066,"date":"2022-10-16T16:09:50","date_gmt":"2022-10-16T14:09:50","guid":{"rendered":"https:\/\/www.lux-airport.lu\/?page_id=7066"},"modified":"2023-05-31T08:55:03","modified_gmt":"2023-05-31T07:55:03","slug":"expositions-dart","status":"publish","type":"page","link":"https:\/\/www.lux-airport.lu\/fr\/achetez-degustez-et-decouvrez\/expositions-dart\/","title":{"rendered":"Expositions d\u2019art"},"content":{"rendered":"\n<p>L\u2019a\u00e9roport de Luxembourg a d\u00e9j\u00e0 eu l\u2019occasion d\u2019exposer les \u0153uvres d&rsquo;artistes luxembourgeois locaux dans son Business Aviation Centre, mettant ainsi en valeur la culture et les comp\u00e9tences qui fleurissent au Luxembourg. Jusqu\u2019\u00e0 pr\u00e9sent, Sophia Rein et Carmenly ont pu ainsi pr\u00e9senter leur travail artistique respectif. Et nous sommes bien \u00e9videmment impatients d&rsquo;accueillir de nombreux autres talents locaux dans nos expositions \u00e0 l&rsquo;a\u00e9roport !<\/p>\n\n\n\n<h2 class=\"wp-block-heading\">Sophia Rein<\/h2>\n\n\n\n<div class=\"wp-block-columns is-layout-flex wp-container-core-columns-is-layout-9d6595d7 wp-block-columns-is-layout-flex\">\n<div class=\"wp-block-column is-vertically-aligned-center is-layout-flow wp-block-column-is-layout-flow\"><div class=\"wp-block-image\">\n<figure class=\"aligncenter size-full\"><img loading=\"lazy\" decoding=\"async\" width=\"447\" height=\"447\" src=\"https:\/\/www.lux-airport.lu\/wp-content\/uploads\/2023\/01\/image.png\" alt=\"\" class=\"wp-image-9643\" srcset=\"https:\/\/www.lux-airport.lu\/wp-content\/uploads\/2023\/01\/image.png 447w, https:\/\/www.lux-airport.lu\/wp-content\/uploads\/2023\/01\/image-300x300.png 300w, https:\/\/www.lux-airport.lu\/wp-content\/uploads\/2023\/01\/image-150x150.png 150w\" sizes=\"auto, (max-width: 447px) 100vw, 447px\" \/><\/figure>\n<\/div><\/div>\n\n\n\n<div class=\"wp-block-column is-vertically-aligned-center is-layout-flow wp-block-column-is-layout-flow\">\n<h3 class=\"wp-block-heading\"><strong>\u00c0 PROPOS DE L\u2019ARTISTE<\/strong><\/h3>\n\n\n\n<p>Premi\u00e8re artiste \u00e0 \u00eatre expos\u00e9e dans l\u2019enceinte de l&rsquo;a\u00e9roport de Luxembourg, Sophia Rein est une \u00e2me errante qui nourrit une passion pour les paysages urbains, l&rsquo;architecture et les ambiances tropicales. Observer la vie \u00e0 travers l&rsquo;objectif de son appareil photo stimule sa cr\u00e9ativit\u00e9 d\u2019artiste et l\u2019incite \u00e0 rehausser les couleurs de cette vie qu\u2019elle saisit ainsi, \u00e0 la rendre plus dynamique et plus passionnante ! Le contraste entre le r\u00e9alisme de la photo et la touche d\u2019\u00e9nergie chromatique qu\u2019elle y insuffle en se servant de diff\u00e9rents m\u00e9dias conf\u00e8re une nouvelle perspective, une nouvelle dimension au monde qui nous entoure.<\/p>\n<\/div>\n<\/div>\n\n\n\n<div class=\"wp-block-columns is-layout-flex wp-container-core-columns-is-layout-9d6595d7 wp-block-columns-is-layout-flex\">\n<div class=\"wp-block-column is-vertically-aligned-center is-layout-flow wp-block-column-is-layout-flow\">\n<h3 class=\"wp-block-heading\"><strong><strong>IMPRESSIONS DE VOYAGE &#8230; HAUTES EN COULEURS<\/strong><\/strong><\/h3>\n\n\n\n<p>L&rsquo;art color\u00e9 de Sophia Rein allie de mani\u00e8re \u00e9tonnante l\u2019art et le voyage. Toutes ses cr\u00e9ations ont en effet pour point de d\u00e9part des photos que Sophia a prises lors de ses voyages \u00e0 travers le monde. L&rsquo;exposition ENJOY ! pr\u00e9sente ainsi des photos de ses p\u00e9riples de Luxembourg \u00e0 Miami en passant par Saint-Tropez. En regardant les photos, vous pouvez partager et revivre avec Sophia les meilleurs instants de ses voyages. Le travail de Sophia proc\u00e8de d\u2019une technique particuli\u00e8re appel\u00e9e \u00ab photo-peinture \u00bb, o\u00f9 les photos, imprim\u00e9es d\u2019abord en noir et blanc sur un support en alu-dibond, sont ensuite coloris\u00e9es \u00e0 la main. Par ce proc\u00e9d\u00e9, Sophia transforme des instants fugaces de la r\u00e9alit\u00e9 en des souvenirs merveilleux et transcendants ; l\u2019enjeu \u00e9tant de parvenir \u00e0 cueillir la beaut\u00e9 de l\u2019instant pr\u00e9sent ! L&rsquo;exposition offre un aper\u00e7u de quelques-unes des plus belles destinations de voyage : quoi de plus normal d\u00e8s lors \u00e0 ce que l&rsquo;a\u00e9roport accueille cette exposition.<\/p>\n<\/div>\n\n\n\n<div class=\"wp-block-column is-vertically-aligned-center is-layout-flow wp-block-column-is-layout-flow\"><div class=\"wp-block-image\">\n<figure class=\"aligncenter size-full\"><img loading=\"lazy\" decoding=\"async\" width=\"436\" height=\"436\" src=\"https:\/\/www.lux-airport.lu\/wp-content\/uploads\/2023\/01\/image-1.png\" alt=\"\" class=\"wp-image-9646\" srcset=\"https:\/\/www.lux-airport.lu\/wp-content\/uploads\/2023\/01\/image-1.png 436w, https:\/\/www.lux-airport.lu\/wp-content\/uploads\/2023\/01\/image-1-300x300.png 300w, https:\/\/www.lux-airport.lu\/wp-content\/uploads\/2023\/01\/image-1-150x150.png 150w\" sizes=\"auto, (max-width: 436px) 100vw, 436px\" \/><\/figure>\n<\/div><\/div>\n<\/div>\n\n\n\n<div style=\"height:50px\" aria-hidden=\"true\" class=\"wp-block-spacer\"><\/div>\n\n\n\n<figure class=\"wp-block-embed is-type-video is-provider-youtube wp-block-embed-youtube wp-embed-aspect-16-9 wp-has-aspect-ratio\"><div class=\"wp-block-embed__wrapper\">\n<iframe loading=\"lazy\" title=\"Art at lux-Airport with Sophia Rein\" width=\"640\" height=\"360\" src=\"https:\/\/www.youtube.com\/embed\/s4QAaDS5H-s?feature=oembed\" frameborder=\"0\" allow=\"accelerometer; autoplay; clipboard-write; encrypted-media; gyroscope; picture-in-picture; web-share\" referrerpolicy=\"strict-origin-when-cross-origin\" allowfullscreen><\/iframe>\n<\/div><\/figure>\n\n\n\n<div style=\"height:50px\" aria-hidden=\"true\" class=\"wp-block-spacer\"><\/div>\n\n\n\n<hr class=\"wp-block-separator has-alpha-channel-opacity is-style-wide\"\/>\n\n\n\n<h2 class=\"wp-block-heading\">Carmenly<\/h2>\n\n\n\n<div class=\"wp-block-columns is-layout-flex wp-container-core-columns-is-layout-9d6595d7 wp-block-columns-is-layout-flex\">\n<div class=\"wp-block-column is-vertically-aligned-center is-layout-flow wp-block-column-is-layout-flow\"><div class=\"wp-block-image\">\n<figure class=\"aligncenter size-full\"><img loading=\"lazy\" decoding=\"async\" width=\"353\" height=\"352\" src=\"https:\/\/www.lux-airport.lu\/wp-content\/uploads\/2023\/01\/image-2.png\" alt=\"\" class=\"wp-image-9673\" srcset=\"https:\/\/www.lux-airport.lu\/wp-content\/uploads\/2023\/01\/image-2.png 353w, https:\/\/www.lux-airport.lu\/wp-content\/uploads\/2023\/01\/image-2-300x300.png 300w, https:\/\/www.lux-airport.lu\/wp-content\/uploads\/2023\/01\/image-2-150x150.png 150w\" sizes=\"auto, (max-width: 353px) 100vw, 353px\" \/><\/figure>\n<\/div><\/div>\n\n\n\n<div class=\"wp-block-column is-vertically-aligned-center is-layout-flow wp-block-column-is-layout-flow\">\n<h3 class=\"wp-block-heading\"><strong>\u00c0 PROPOS DE L\u2019ARTISTE<\/strong><\/h3>\n\n\n\n<p>Carmenly est la seconde artiste \u00e0 avoir expos\u00e9 \u00e0 l\u2019a\u00e9roport. Apr\u00e8s des \u00e9tudes de marketing et communication, Carmenly a obtenu un dipl\u00f4me de graphisme et design en 2006. Elle travaille ensuite comme infographiste pour une agence d\u2019\u00e9v\u00e9nementiel parisienne, prend go\u00fbt \u00e0 la peinture \u00e0 l\u2019acrylique, et int\u00e8gre progressivement d\u2019autres mat\u00e9riaux.\u00a0 Elle cr\u00e9e ses premiers tableaux en 2008.\u00a0 Son travail est ax\u00e9 sur la repr\u00e9sentation de la femme dans la soci\u00e9t\u00e9 moderne et ses tableaux sont fortement teint\u00e9s de po\u00e9sie.<\/p>\n<\/div>\n<\/div>\n\n\n\n<div class=\"wp-block-columns is-layout-flex wp-container-core-columns-is-layout-9d6595d7 wp-block-columns-is-layout-flex\">\n<div class=\"wp-block-column is-vertically-aligned-center is-layout-flow wp-block-column-is-layout-flow\">\n<h3 class=\"wp-block-heading\"><strong><strong><strong>LES FEMMES DANS LA SOCI\u00c9T\u00c9 MODERNE<\/strong><\/strong><\/strong><\/h3>\n\n\n\n<p>L&rsquo;approche de Carmenly se fonde sur la repr\u00e9sentation de la femme au sein de la soci\u00e9t\u00e9 moderne. Elle cherche \u00e0 toucher le spectateur en \u00e9voquant l&rsquo;aura du sujet, ce qui \u00e9mane de lui. La beaut\u00e9 et la simple plastique ne suffisent pas, il s&rsquo;agit d\u2019aller chercher ce \u00ab truc en plus \u00bb que l&rsquo;on pourrait appeler du charisme ou de la personnalit\u00e9 : \u00ab Je veux exprimer des \u00e9motions et, pour cela, j\u2019utilise essentiellement les couleurs.\u00a0 Mon but est de cr\u00e9er une esth\u00e9tique relationnelle, qui vise \u00e0 susciter la curiosit\u00e9 et un lien personnel avec l\u2019image. \u00bb L\u2019attitude des femmes, leur look et leurs histoires refl\u00e8tent un certain \u00e9tat d\u2019esprit.\u00a0 Elles ont toutes en commun une m\u00e9lancolie profond\u00e9ment ancr\u00e9e qu\u2019elles sont pr\u00eates \u00e0 partager avec vous.\u00a0 L&rsquo;exposition met en lumi\u00e8re la diversit\u00e9 des femmes, qu&rsquo;il s\u2019agisse de leurs temp\u00e9raments ou de leurs origines.<\/p>\n\n\n<div class=\"wp-block-image\">\n<figure class=\"aligncenter size-full\"><img loading=\"lazy\" decoding=\"async\" width=\"374\" height=\"502\" src=\"https:\/\/www.lux-airport.lu\/wp-content\/uploads\/2023\/01\/image-3.png\" alt=\"\" class=\"wp-image-9676\" srcset=\"https:\/\/www.lux-airport.lu\/wp-content\/uploads\/2023\/01\/image-3.png 374w, https:\/\/www.lux-airport.lu\/wp-content\/uploads\/2023\/01\/image-3-224x300.png 224w\" sizes=\"auto, (max-width: 374px) 100vw, 374px\" \/><\/figure>\n<\/div><\/div>\n<\/div>\n\n\n\n<div style=\"height:50px\" aria-hidden=\"true\" class=\"wp-block-spacer\"><\/div>\n\n\n\n<figure class=\"wp-block-embed aligncenter is-type-video is-provider-youtube wp-block-embed-youtube wp-embed-aspect-16-9 wp-has-aspect-ratio\"><div class=\"wp-block-embed__wrapper\">\n<iframe loading=\"lazy\" title=\"Art at lux-Airport with Carmenly\" width=\"640\" height=\"360\" src=\"https:\/\/www.youtube.com\/embed\/MvIW6WPt8qU?feature=oembed\" frameborder=\"0\" allow=\"accelerometer; autoplay; clipboard-write; encrypted-media; gyroscope; picture-in-picture; web-share\" referrerpolicy=\"strict-origin-when-cross-origin\" allowfullscreen><\/iframe>\n<\/div><\/figure>\n\n\n\n<div style=\"height:50px\" aria-hidden=\"true\" class=\"wp-block-spacer\"><\/div>\n","protected":false},"excerpt":{"rendered":"<p>L\u2019a\u00e9roport de Luxembourg a d\u00e9j\u00e0 eu l\u2019occasion d\u2019exposer les \u0153uvres d&rsquo;artistes luxembourgeois locaux dans son Business Aviation Centre, mettant ainsi en valeur la culture et les comp\u00e9tences qui fleurissent au Luxembourg. Jusqu\u2019\u00e0 pr\u00e9sent, Sophia Rein et Carmenly ont pu ainsi pr\u00e9senter leur travail artistique respectif. Et nous sommes bien \u00e9videmment impatients d&rsquo;accueillir de nombreux autres [&hellip;]<\/p>\n","protected":false},"author":1,"featured_media":0,"parent":6889,"menu_order":0,"comment_status":"closed","ping_status":"closed","template":"","meta":{"_acf_changed":false,"footnotes":""},"class_list":["post-7066","page","type-page","status-publish","hentry"],"acf":{"set_page_width_full":false,"start_with_small_header":false,"reno_options":{"hide_reno_widget":false,"open_widget_on_page_load":false,"which_tab_to_open":"chatbot","hide_reno_turn_onoff":false,"set_height_to_mini":false,"reno_page_branded_text_back_front":{"reno_show_branded_text":false,"reno_text_in_the_back":"JOURNEY","reno_text_in_the_front":"my journey starts here"}},"branded_text_backfront":{"hide_branded_text":false,"text_in_the_back":"CREATIVITY","text_in_the_front_left":"My journey","text_in_the_front_right":"is inspired"},"hide_breadcrumbs":false,"hide_footer_widgets":false,"hide_page_title":false,"advertising__adsense":{"show_ads_in_this_page":true,"image_instead_of_adsense":{"enable_image_instead_of_adsense":false,"banner_image_300x250":null,"banner_url":""}},"header_image_options":{"show_header_image":"Yes","header_image":""}},"_links":{"self":[{"href":"https:\/\/www.lux-airport.lu\/fr\/wp-json\/wp\/v2\/pages\/7066","targetHints":{"allow":["GET"]}}],"collection":[{"href":"https:\/\/www.lux-airport.lu\/fr\/wp-json\/wp\/v2\/pages"}],"about":[{"href":"https:\/\/www.lux-airport.lu\/fr\/wp-json\/wp\/v2\/types\/page"}],"author":[{"embeddable":true,"href":"https:\/\/www.lux-airport.lu\/fr\/wp-json\/wp\/v2\/users\/1"}],"replies":[{"embeddable":true,"href":"https:\/\/www.lux-airport.lu\/fr\/wp-json\/wp\/v2\/comments?post=7066"}],"version-history":[{"count":0,"href":"https:\/\/www.lux-airport.lu\/fr\/wp-json\/wp\/v2\/pages\/7066\/revisions"}],"up":[{"embeddable":true,"href":"https:\/\/www.lux-airport.lu\/fr\/wp-json\/wp\/v2\/pages\/6889"}],"wp:attachment":[{"href":"https:\/\/www.lux-airport.lu\/fr\/wp-json\/wp\/v2\/media?parent=7066"}],"curies":[{"name":"wp","href":"https:\/\/api.w.org\/{rel}","templated":true}]}}