{"id":6939,"date":"2022-10-12T21:02:09","date_gmt":"2022-10-12T20:02:09","guid":{"rendered":"https:\/\/www.lux-airport.lu\/?page_id=6939"},"modified":"2023-07-03T08:29:04","modified_gmt":"2023-07-03T07:29:04","slug":"durabilite","status":"publish","type":"page","link":"https:\/\/www.lux-airport.lu\/fr\/entreprise\/notre-engagement\/environnement-et-durabilite\/durabilite\/","title":{"rendered":"Durabilit\u00e9"},"content":{"rendered":"\n<h2 class=\"wp-block-heading\">SKYPARK BUSINESS CENTER<\/h2>\n\n\n\n<p><strong><strong>Les architectes du groupe Bjarke Ingels (BIG) de Copenhague ont con\u00e7u la superstructure durable du b\u00e2timent de l\u2019a\u00e9roport. La structure donne une impression de transparence et s\u2019ouvre sur l\u2019espace environnant. Elle est constitu\u00e9e de colonnes et de poutres en bois, de dalles l\u00e9g\u00e8res et offrira une superficie totale de 30.700 m\u00b2 au terme de la phase 1.<\/strong><\/strong><\/p>\n\n\n\n<figure class=\"wp-block-table\"><table class=\"has-fixed-layout\"><thead><tr><th class=\"has-text-align-center\" data-align=\"center\"><strong>30,700<\/strong><\/th><th class=\"has-text-align-center\" data-align=\"center\">7<\/th><th class=\"has-text-align-center\" data-align=\"center\">GREEN<\/th><\/tr><\/thead><tbody><tr><td class=\"has-text-align-center\" data-align=\"center\">M\u00b2 DE SUPERSTRUCTURE EN BOIS <\/td><td class=\"has-text-align-center\" data-align=\"center\">\u00c9TAGES<\/td><td class=\"has-text-align-center\" data-align=\"center\">B\u00c2TIMENT<\/td><\/tr><\/tbody><\/table><\/figure>\n\n\n\n<p>Le choix d\u2019\u00e9l\u00e9ments de construction en bois r\u00e9pond \u00e0 des crit\u00e8res \u00e0 la fois de durabilit\u00e9 et de rapidit\u00e9 de mise en \u0153uvre. La conception s\u2019inspire des concepts de l\u2019\u00e9conomie circulaire, qui privil\u00e9gie les mat\u00e9riaux faciles \u00e0 adapter et \u00e0 recycler si n\u00e9cessaire. Quatre \u00e9tages de parking en sous-sol en b\u00e9ton arm\u00e9 compl\u00e8tent la structure.<\/p>\n\n\n\n<p>Le b\u00e2timent se distinguera par un am\u00e9nagement des espaces int\u00e9rieurs extr\u00eamement efficace et flexible. Le produit final sera un immeuble de bureaux agr\u00e9ment\u00e9 de trois niveaux de terrasses en toiture, offrant aux visiteurs des vues uniques sur un environnement vert et luxuriant. Sur son flanc est, le b\u00e2timent est reli\u00e9 au terminal A, o\u00f9 les visiteurs pourront savourer un caf\u00e9 ou un repas dans un espace aux dimensions g\u00e9n\u00e9reuses.<\/p>\n\n\n<div class=\"wp-block-image\">\n<figure class=\"aligncenter size-full\"><img loading=\"lazy\" decoding=\"async\" width=\"768\" height=\"540\" src=\"https:\/\/www.lux-airport.lu\/wp-content\/uploads\/2022\/10\/image-14.png\" alt=\"photo du centre d'affaires Skypark\" class=\"wp-image-7199\" srcset=\"https:\/\/www.lux-airport.lu\/wp-content\/uploads\/2022\/10\/image-14.png 768w, https:\/\/www.lux-airport.lu\/wp-content\/uploads\/2022\/10\/image-14-300x211.png 300w\" sizes=\"auto, (max-width: 768px) 100vw, 768px\" \/><\/figure>\n<\/div>\n\n\n<div style=\"height:100px\" aria-hidden=\"true\" class=\"wp-block-spacer\"><\/div>\n\n\n\n<pre class=\"wp-block-preformatted\">\u00ab La durabilit\u00e9 ne peut \u00eatre une sorte de sacrifice moral, de dilemme politique ou de cause philanthropique. Elle doit \u00eatre un d\u00e9fi de conception. \u00bb\n\nBjarke Ingels \u2013 Fondateur de BIG<\/pre>\n\n\n\n<div style=\"height:100px\" aria-hidden=\"true\" class=\"wp-block-spacer\"><\/div>\n\n\n\n<h2 class=\"wp-block-heading\">L\u2019importance des mat\u00e9riaux durables<\/h2>\n\n\n\n<p>De quoi est-il fait ? La durabilit\u00e9 d\u2019un b\u00e2timent ne se mesure pas uniquement \u00e0 l\u2019aune de sa consommation \u00e9nerg\u00e9tique. L\u2019\u00e9nergie grise des mat\u00e9riaux de construction contribue largement \u00e0 l\u2019empreinte carbone globale d\u2019un b\u00e2timent.<\/p>\n\n\n\n<div class=\"wp-block-columns is-layout-flex wp-container-core-columns-is-layout-9d6595d7 wp-block-columns-is-layout-flex\">\n<div class=\"wp-block-column is-vertically-aligned-center is-layout-flow wp-block-column-is-layout-flow\" style=\"flex-basis:33.33%\"><div class=\"wp-block-image\">\n<figure class=\"aligncenter size-full\"><img loading=\"lazy\" decoding=\"async\" width=\"120\" height=\"120\" src=\"https:\/\/www.lux-airport.lu\/wp-content\/uploads\/2022\/10\/image-15.png\" alt=\"Logo CLT\" class=\"wp-image-7207\"\/><\/figure>\n<\/div><\/div>\n\n\n\n<div class=\"wp-block-column is-layout-flow wp-block-column-is-layout-flow\" style=\"flex-basis:66.66%\">\n<p><strong>Le bois lamell\u00e9 crois\u00e9<\/strong> (CLT) constitue le principal \u00e9l\u00e9ment de construction des niveaux z\u00e9ro \u00e0 six du Skypark Business Center. Le CLT a une \u00e9nergie grise largement inf\u00e9rieure \u00e0 celle du b\u00e9ton ou de l\u2019acier puisqu\u2019il s\u2019agit d\u2019un mat\u00e9riau renouvelable.<\/p>\n<\/div>\n<\/div>\n\n\n\n<div class=\"wp-block-columns is-layout-flex wp-container-core-columns-is-layout-9d6595d7 wp-block-columns-is-layout-flex\">\n<div class=\"wp-block-column is-vertically-aligned-center is-layout-flow wp-block-column-is-layout-flow\" style=\"flex-basis:33.33%\"><div class=\"wp-block-image\">\n<figure class=\"aligncenter size-full\"><img loading=\"lazy\" decoding=\"async\" width=\"120\" height=\"120\" src=\"https:\/\/www.lux-airport.lu\/wp-content\/uploads\/2022\/10\/image-16.png\" alt=\"Logo des toits verts\" class=\"wp-image-7213\"\/><\/figure>\n<\/div><\/div>\n\n\n\n<div class=\"wp-block-column is-layout-flow wp-block-column-is-layout-flow\" style=\"flex-basis:66.66%\">\n<p><strong>Les toitures seront v\u00e9g\u00e9talis\u00e9es<\/strong> pour r\u00e9duire l\u2019effet d\u2019\u00eelot thermique, stocker temporairement l\u2019eau pluviale et r\u00e9duire les besoins de climatisation de l\u2019\u00e9tage sup\u00e9rieur en \u00e9t\u00e9, gr\u00e2ce \u00e0 l\u2019\u00e9vaporation de l\u2019eau de pluie sur les surfaces de la toiture.<\/p>\n<\/div>\n<\/div>\n\n\n\n<div class=\"wp-block-columns is-layout-flex wp-container-core-columns-is-layout-9d6595d7 wp-block-columns-is-layout-flex\">\n<div class=\"wp-block-column is-vertically-aligned-center is-layout-flow wp-block-column-is-layout-flow\" style=\"flex-basis:33.33%\"><div class=\"wp-block-image\">\n<figure class=\"aligncenter size-full\"><img loading=\"lazy\" decoding=\"async\" width=\"120\" height=\"120\" src=\"https:\/\/www.lux-airport.lu\/wp-content\/uploads\/2022\/10\/image-17.png\" alt=\"Logo des panneaux photovolta\u00efques\" class=\"wp-image-7217\"\/><\/figure>\n<\/div><\/div>\n\n\n\n<div class=\"wp-block-column is-layout-flow wp-block-column-is-layout-flow\" style=\"flex-basis:66.66%\">\n<p><strong><strong>Des panneaux photovolta\u00efques<\/strong> <\/strong>seront install\u00e9s sur le toit pour produire de l\u2019\u00e9nergie renouvelable destin\u00e9e \u00e0 la consommation du site. Une grande partie de la demande \u00e9nerg\u00e9tique du b\u00e2timent pourra \u00eatre satisfaite sur place.<\/p>\n<\/div>\n<\/div>\n\n\n\n<div class=\"wp-block-columns is-layout-flex wp-container-core-columns-is-layout-9d6595d7 wp-block-columns-is-layout-flex\">\n<div class=\"wp-block-column is-vertically-aligned-center is-layout-flow wp-block-column-is-layout-flow\" style=\"flex-basis:33.33%\"><div class=\"wp-block-image\">\n<figure class=\"aligncenter size-full\"><img loading=\"lazy\" decoding=\"async\" width=\"120\" height=\"120\" src=\"https:\/\/www.lux-airport.lu\/wp-content\/uploads\/2022\/10\/image-18.png\" alt=\"logo de la fa\u00e7ade en zig-zag\" class=\"wp-image-7220\"\/><\/figure>\n<\/div><\/div>\n\n\n\n<div class=\"wp-block-column is-layout-flow wp-block-column-is-layout-flow\" style=\"flex-basis:66.66%\">\n<p>Les niveaux un \u00e0 six pr\u00e9sentent une <strong>double fa\u00e7ade<\/strong> : une <strong>fa\u00e7ade ext\u00e9rieure en dents de scie<\/strong>, rev\u00eatue d\u2019un \u00e9l\u00e9ment opaque et transparent les prot\u00e9geant du bruit et du vent, et une seconde fa\u00e7ade int\u00e9rieure \u00e9quip\u00e9e de triple vitrage qui les isole du bruit et de la chaleur.<\/p>\n<\/div>\n<\/div>\n\n\n\n<div style=\"height:50px\" aria-hidden=\"true\" class=\"wp-block-spacer\"><\/div>\n\n\n<div class=\"wp-block-image\">\n<figure class=\"aligncenter size-full\"><img loading=\"lazy\" decoding=\"async\" width=\"768\" height=\"542\" src=\"https:\/\/www.lux-airport.lu\/wp-content\/uploads\/2022\/10\/image-19.png\" alt=\"photo du b\u00e2timent\" class=\"wp-image-7223\" srcset=\"https:\/\/www.lux-airport.lu\/wp-content\/uploads\/2022\/10\/image-19.png 768w, https:\/\/www.lux-airport.lu\/wp-content\/uploads\/2022\/10\/image-19-300x212.png 300w\" sizes=\"auto, (max-width: 768px) 100vw, 768px\" \/><\/figure>\n<\/div>\n\n\n<div style=\"height:50px\" aria-hidden=\"true\" class=\"wp-block-spacer\"><\/div>\n\n\n\n<h2 class=\"wp-block-heading\">PLANTER POUR L\u2019AVENIR<\/h2>\n\n\n\n<p>Dans tout le b\u00e2timent, sur toutes les terrasses et dans toutes les zones d\u00e9pose-minute, des arbres, des buissons, des arbustes, des pelouses cr\u00e9eront un biotope luxuriant et accueillant o\u00f9 il fera bon se promener et offriront des vues agr\u00e9ables \u00e0 tous les \u00e9tages.<\/p>\n\n\n\n<p>La toiture v\u00e9g\u00e9talis\u00e9e se composera de pelouses, de plantes vivaces et d\u2019arbrisseaux. La valeur esth\u00e9tique et r\u00e9cr\u00e9ative d\u2019une toiture et de terrasses v\u00e9g\u00e9talis\u00e9es est \u00e9vidente. Leur apport \u00e0 l\u2019environnement urbain va cependant bien au-del\u00e0 : elles am\u00e9liorent la biodiversit\u00e9, en offrant aux plantes et aux animaux de nouveaux habitats.<\/p>\n\n\n\n<p>Les propri\u00e9t\u00e9s de r\u00e9tention d\u2019une toiture v\u00e9g\u00e9talis\u00e9e permettent \u00e9galement une meilleure gestion de l\u2019eau : l\u2019eau de pluie est absorb\u00e9e, s\u2019\u00e9vapore et est stock\u00e9e provisoirement, all\u00e9geant de la sorte la pression sur les syst\u00e8mes d\u2019\u00e9vacuation. Le microclimat en tire \u00e9galement profit dans la mesure o\u00f9 l\u2019augmentation de la vapeur d\u2019eau \u00e9quilibre les \u00e9carts de temp\u00e9rature au niveau local. Les surfaces v\u00e9g\u00e9tales filtrent les particules fines et les m\u00e9taux lourds pr\u00e9sents dans l\u2019air.<\/p>\n\n\n<div class=\"wp-block-image\">\n<figure class=\"aligncenter size-large\"><img loading=\"lazy\" decoding=\"async\" width=\"729\" height=\"1024\" src=\"https:\/\/www.lux-airport.lu\/wp-content\/uploads\/2023\/06\/Asset-9@5x-2-729x1024.png\" alt=\"\" class=\"wp-image-14209\" srcset=\"https:\/\/www.lux-airport.lu\/wp-content\/uploads\/2023\/06\/Asset-9@5x-2-729x1024.png 729w, https:\/\/www.lux-airport.lu\/wp-content\/uploads\/2023\/06\/Asset-9@5x-2-214x300.png 214w, https:\/\/www.lux-airport.lu\/wp-content\/uploads\/2023\/06\/Asset-9@5x-2-768x1078.png 768w, https:\/\/www.lux-airport.lu\/wp-content\/uploads\/2023\/06\/Asset-9@5x-2-1094x1536.png 1094w, https:\/\/www.lux-airport.lu\/wp-content\/uploads\/2023\/06\/Asset-9@5x-2-1459x2048.png 1459w, https:\/\/www.lux-airport.lu\/wp-content\/uploads\/2023\/06\/Asset-9@5x-2.png 1708w\" sizes=\"auto, (max-width: 729px) 100vw, 729px\" \/><\/figure>\n<\/div>\n\n\n<p><strong>AUTRES QUALIT\u00c9S ET AVANTAGES<\/strong><\/p>\n\n\n\n<div style=\"height:30px\" aria-hidden=\"true\" class=\"wp-block-spacer\"><\/div>\n\n\n\n<p><\/p>\n\n\n\n<ul class=\"wp-block-list\">\n<li>La couche v\u00e9g\u00e9tale assure un effet isolant tant sur le plan thermique qu\u2019acoustique.<\/li>\n\n\n\n<li>La dur\u00e9e de vie de la membrane du toit est plus longue d\u00e8s lors qu\u2019elle n\u2019est pas expos\u00e9e \u00e0 la lumi\u00e8re du soleil et aux \u00e9carts de temp\u00e9rature.<\/li>\n\n\n\n<li>La v\u00e9g\u00e9tation filtre le vent et constitue une protection.<\/li>\n\n\n\n<li>Les toitures v\u00e9g\u00e9talis\u00e9es offrent une plus grande r\u00e9sistance au feu gr\u00e2ce \u00e0 la teneur en eau du sol et de la v\u00e9g\u00e9tation.<\/li>\n<\/ul>\n\n\n<div class=\"wp-block-image\">\n<figure class=\"aligncenter size-large\"><img loading=\"lazy\" decoding=\"async\" width=\"1024\" height=\"831\" src=\"https:\/\/www.lux-airport.lu\/wp-content\/uploads\/2023\/07\/Asset-10@5x-1024x831.png\" alt=\"\" class=\"wp-image-14217\" srcset=\"https:\/\/www.lux-airport.lu\/wp-content\/uploads\/2023\/07\/Asset-10@5x-1024x831.png 1024w, https:\/\/www.lux-airport.lu\/wp-content\/uploads\/2023\/07\/Asset-10@5x-300x244.png 300w, https:\/\/www.lux-airport.lu\/wp-content\/uploads\/2023\/07\/Asset-10@5x-768x624.png 768w, https:\/\/www.lux-airport.lu\/wp-content\/uploads\/2023\/07\/Asset-10@5x-1536x1247.png 1536w, https:\/\/www.lux-airport.lu\/wp-content\/uploads\/2023\/07\/Asset-10@5x-2048x1663.png 2048w\" sizes=\"auto, (max-width: 1024px) 100vw, 1024px\" \/><\/figure>\n<\/div>\n\n\n<div style=\"height:100px\" aria-hidden=\"true\" class=\"wp-block-spacer\"><\/div>\n\n\n\n<h4 class=\"wp-block-heading\"><strong>STRUCTURE EN BOIS : DE MULTIPLES TALENTS <\/strong><\/h4>\n\n\n\n<p>Le CO2 est retir\u00e9 de l\u2019atmosph\u00e8re pendant toute la dur\u00e9e de vie du b\u00e2timent.<\/p>\n\n\n<div class=\"wp-block-image\">\n<figure class=\"aligncenter size-large is-resized\"><img loading=\"lazy\" decoding=\"async\" src=\"https:\/\/www.lux-airport.lu\/wp-content\/uploads\/2023\/06\/Asset-14@5x-1-edited.png\" alt=\"\" class=\"wp-image-14201\" width=\"947\" height=\"947\" srcset=\"https:\/\/www.lux-airport.lu\/wp-content\/uploads\/2023\/06\/Asset-14@5x-1-edited.png 1894w, https:\/\/www.lux-airport.lu\/wp-content\/uploads\/2023\/06\/Asset-14@5x-1-edited-300x300.png 300w, https:\/\/www.lux-airport.lu\/wp-content\/uploads\/2023\/06\/Asset-14@5x-1-edited-1024x1024.png 1024w, https:\/\/www.lux-airport.lu\/wp-content\/uploads\/2023\/06\/Asset-14@5x-1-edited-150x150.png 150w, https:\/\/www.lux-airport.lu\/wp-content\/uploads\/2023\/06\/Asset-14@5x-1-edited-768x768.png 768w, https:\/\/www.lux-airport.lu\/wp-content\/uploads\/2023\/06\/Asset-14@5x-1-edited-1536x1536.png 1536w\" sizes=\"auto, (max-width: 947px) 100vw, 947px\" \/><\/figure>\n<\/div>\n\n\n<div style=\"height:100px\" aria-hidden=\"true\" class=\"wp-block-spacer\"><\/div>\n\n\n\n<figure class=\"wp-block-image size-full\"><img loading=\"lazy\" decoding=\"async\" width=\"1722\" height=\"564\" src=\"https:\/\/www.lux-airport.lu\/wp-content\/uploads\/2022\/11\/image-3.png\" alt=\"sch\u00e9ma d'optimisation de l'environnement\" class=\"wp-image-8506\" srcset=\"https:\/\/www.lux-airport.lu\/wp-content\/uploads\/2022\/11\/image-3.png 1722w, https:\/\/www.lux-airport.lu\/wp-content\/uploads\/2022\/11\/image-3-300x98.png 300w, https:\/\/www.lux-airport.lu\/wp-content\/uploads\/2022\/11\/image-3-1024x335.png 1024w, https:\/\/www.lux-airport.lu\/wp-content\/uploads\/2022\/11\/image-3-768x252.png 768w, https:\/\/www.lux-airport.lu\/wp-content\/uploads\/2022\/11\/image-3-1536x503.png 1536w\" sizes=\"auto, (max-width: 1722px) 100vw, 1722px\" \/><\/figure>\n","protected":false},"excerpt":{"rendered":"<p>SKYPARK BUSINESS CENTER Les architectes du groupe Bjarke Ingels (BIG) de Copenhague ont con\u00e7u la superstructure durable du b\u00e2timent de l\u2019a\u00e9roport. La structure donne une impression de transparence et s\u2019ouvre sur l\u2019espace environnant. Elle est constitu\u00e9e de colonnes et de poutres en bois, de dalles l\u00e9g\u00e8res et offrira une superficie totale de 30.700 m\u00b2 au [&hellip;]<\/p>\n","protected":false},"author":1,"featured_media":0,"parent":8931,"menu_order":0,"comment_status":"closed","ping_status":"closed","template":"","meta":{"_acf_changed":false,"footnotes":""},"class_list":["post-6939","page","type-page","status-publish","hentry"],"acf":{"set_page_width_full":false,"start_with_small_header":false,"reno_options":{"hide_reno_widget":false,"open_widget_on_page_load":false,"which_tab_to_open":"chatbot","hide_reno_turn_onoff":false,"set_height_to_mini":false,"reno_page_branded_text_back_front":{"reno_show_branded_text":false,"reno_text_in_the_back":"JOURNEY","reno_text_in_the_front":"my journey starts here"}},"branded_text_backfront":{"hide_branded_text":false,"text_in_the_back":"JOURNEY","text_in_the_front_left":"My journey","text_in_the_front_right":"starts here"},"hide_breadcrumbs":false,"hide_footer_widgets":false,"hide_page_title":false,"advertising__adsense":{"show_ads_in_this_page":true,"image_instead_of_adsense":{"enable_image_instead_of_adsense":false,"banner_image_300x250":null,"banner_url":""}},"header_image_options":{"show_header_image":"Yes","header_image":""}},"_links":{"self":[{"href":"https:\/\/www.lux-airport.lu\/fr\/wp-json\/wp\/v2\/pages\/6939","targetHints":{"allow":["GET"]}}],"collection":[{"href":"https:\/\/www.lux-airport.lu\/fr\/wp-json\/wp\/v2\/pages"}],"about":[{"href":"https:\/\/www.lux-airport.lu\/fr\/wp-json\/wp\/v2\/types\/page"}],"author":[{"embeddable":true,"href":"https:\/\/www.lux-airport.lu\/fr\/wp-json\/wp\/v2\/users\/1"}],"replies":[{"embeddable":true,"href":"https:\/\/www.lux-airport.lu\/fr\/wp-json\/wp\/v2\/comments?post=6939"}],"version-history":[{"count":0,"href":"https:\/\/www.lux-airport.lu\/fr\/wp-json\/wp\/v2\/pages\/6939\/revisions"}],"up":[{"embeddable":true,"href":"https:\/\/www.lux-airport.lu\/fr\/wp-json\/wp\/v2\/pages\/8931"}],"wp:attachment":[{"href":"https:\/\/www.lux-airport.lu\/fr\/wp-json\/wp\/v2\/media?parent=6939"}],"curies":[{"name":"wp","href":"https:\/\/api.w.org\/{rel}","templated":true}]}}