{"id":6931,"date":"2022-10-12T21:04:35","date_gmt":"2022-10-12T19:04:35","guid":{"rendered":"https:\/\/www.lux-airport.lu\/?page_id=6931"},"modified":"2024-05-27T09:49:01","modified_gmt":"2024-05-27T07:49:01","slug":"empreinte-carbone","status":"publish","type":"page","link":"https:\/\/www.lux-airport.lu\/fr\/entreprise\/notre-engagement\/environnement-et-durabilite\/empreinte-carbone\/","title":{"rendered":"Empreinte carbone"},"content":{"rendered":"\n<h3 class=\"wp-block-heading\"><strong>NOUS AGISSONS<\/strong><\/h3>\n\n\n\n<p><strong>lux-Airport est d\u00e9sormais certifi\u00e9 par le programme Airport Carbon Accreditation, administr\u00e9 par WSP. L&rsquo;a\u00e9roport de Luxembourg a d\u00e9croch\u00e9 le niveau d&rsquo;accr\u00e9ditation 3+, \u00abneutralit\u00e9&nbsp;\u00bb, en reconnaissance des actions mises en place pour ma\u00eetriser ses \u00e9missions de CO2.<\/strong><strong><\/strong><\/p>\n\n\n\n<p><strong>Le programme de certification s\u2019inscrit dans la r\u00e9ponse globale du secteur a\u00e9roportuaire aux d\u00e9fis du changement climatique<\/strong>.<\/p>\n\n\n\n<figure class=\"wp-block-table\"><table class=\"has-fixed-layout\"><thead><tr><th class=\"has-text-align-center\" data-align=\"center\">327<\/th><th class=\"has-text-align-center\" data-align=\"center\">3+<\/th><th class=\"has-text-align-center\" data-align=\"center\">63<\/th><\/tr><\/thead><tbody><tr><td class=\"has-text-align-center\" data-align=\"center\">A\u00c9ROPORTS DANS LE MONDE<\/td><td class=\"has-text-align-center\" data-align=\"center\">NIVEAU POUR LUX-AIRPORT<\/td><td class=\"has-text-align-center\" data-align=\"center\">A\u00c9ROPORTS \u00c0 NEUTRALIT\u00c9 CARBONE<\/td><\/tr><\/tbody><\/table><\/figure>\n\n\n\n<pre class=\"wp-block-preformatted\">\u00ab Au d\u00e9but des ann\u00e9es 1990, je passais pour un doux r\u00eaveur en annon\u00e7ant que nous allions diviser par deux les \u00e9missions de CO2.  Aujourd\u2019hui, c\u2019est le cas.  J\u2019en reviens \u00e0 la m\u00eame id\u00e9e : le plus dur est de choisir de changer de cap.  Apr\u00e8s, ce n\u2019est qu\u2019une question d\u2019\u00e9ch\u00e9ances et de progression. \u00bb\n\nCamille Gira \u2013 Ancient secr\u00e9taire d\u2019\u00c9tat au D\u00e9veloppement durable et aux Infrastructures, Luxembourg<\/pre>\n\n\n\n<h3 class=\"wp-block-heading\"><strong><strong>S&rsquo;engager \u00e0 atteindre une consommation nette z\u00e9ro d&rsquo;ici \u00e0 2030<\/strong><\/strong><\/h3>\n\n\n\n<p>lux-Airport est l&rsquo;un des 97 a\u00e9roports qui se sont engag\u00e9s \u00e0 atteindre le Net Zero, la neutralit\u00e9 carbone absolue, d&rsquo;ici 2030.<\/p>\n\n\n\n<p>Afin d&rsquo;\u00e9viter les r\u00e9percussions les plus graves du changement climatique, notre civilisation doit parvenir \u00e0 des \u00ab \u00e9missions nettes de carbone \u00bb d&rsquo;ici 2050 au plus tard. Le z\u00e9ro net, tel que d\u00e9fini par le GIEC, est l&rsquo;\u00e9tat dans lequel \u00ab les \u00e9missions anthropiques de CO2 sont globalement \u00e9quilibr\u00e9es par les absorptions anthropiques de CO2 au cours d&rsquo;une p\u00e9riode donn\u00e9e \u00bb.<\/p>\n\n\n\n<p>En d&rsquo;autres termes, pour atteindre cet objectif, nous devons soit cesser de produire de nouvelles \u00e9missions de CO2, soit compenser les \u00e9missions existantes en les \u00e9liminant de l&rsquo;atmosph\u00e8re terrestre. <\/p>\n\n\n<div class=\"wp-block-image\">\n<figure class=\"aligncenter size-full\"><img loading=\"lazy\" decoding=\"async\" width=\"410\" height=\"667\" src=\"https:\/\/www.lux-airport.lu\/wp-content\/uploads\/2024\/05\/4544.jpg\" alt=\"\" class=\"wp-image-17380\" srcset=\"https:\/\/www.lux-airport.lu\/wp-content\/uploads\/2024\/05\/4544.jpg 410w, https:\/\/www.lux-airport.lu\/wp-content\/uploads\/2024\/05\/4544-184x300.jpg 184w\" sizes=\"auto, (max-width: 410px) 100vw, 410px\" \/><\/figure>\n<\/div>\n\n\n<div style=\"height:100px\" aria-hidden=\"true\" class=\"wp-block-spacer\"><\/div>\n\n\n<div class=\"wp-block-image\">\n<figure class=\"aligncenter size-full\"><img loading=\"lazy\" decoding=\"async\" width=\"914\" height=\"983\" src=\"https:\/\/www.lux-airport.lu\/wp-content\/uploads\/2024\/05\/43432-1.png\" alt=\"\" class=\"wp-image-17386\" srcset=\"https:\/\/www.lux-airport.lu\/wp-content\/uploads\/2024\/05\/43432-1.png 914w, https:\/\/www.lux-airport.lu\/wp-content\/uploads\/2024\/05\/43432-1-279x300.png 279w, https:\/\/www.lux-airport.lu\/wp-content\/uploads\/2024\/05\/43432-1-768x826.png 768w\" sizes=\"auto, (max-width: 914px) 100vw, 914px\" \/><\/figure>\n<\/div>\n\n\n<p><em>Un certain nombre d&rsquo;a\u00e9roports se sont engag\u00e9s \u00e0 atteindre un bilan carbone net z\u00e9ro d&rsquo;ici 2030<\/em><\/p>\n\n\n\n<p><strong>En bonne compagnie : Les a\u00e9roports europ\u00e9ens se serrent les coudes<\/strong><\/p>\n\n\n\n<p>Les a\u00e9roports ont des ambitions audacieuses sur leur chemin vers la neutralit\u00e9 carbone, avec une exp\u00e9rience en mati\u00e8re de gestion du carbone accumul\u00e9e depuis plus d&rsquo;une d\u00e9cennie. Dans leur r\u00e9solution historique adopt\u00e9e en juin 2019, ils se sont engag\u00e9s \u00e0 parvenir \u00e0 des \u00e9missions nettes de carbone provenant d&rsquo;op\u00e9rations enti\u00e8rement sous leur contr\u00f4le d&rsquo;ici 2050 au plus tard. lux-Airport est l&rsquo;un des 97 a\u00e9roports qui se sont engag\u00e9s \u00e0 atteindre le net z\u00e9ro, la neutralit\u00e9 absolue en mati\u00e8re de carbone, d&rsquo;ici 2030.<\/p>\n\n\n\n<div style=\"height:100px\" aria-hidden=\"true\" class=\"wp-block-spacer\"><\/div>\n\n\n\n<h3 class=\"wp-block-heading\"><strong><strong>Inventaire des \u00e9missions et d\u00e9finition des objectifs<\/strong><\/strong><\/h3>\n\n\n\n<p><strong>\u00c9valuation de l&#8217;empreinte carbone<\/strong><\/p>\n\n\n\n<p>L&rsquo;ann\u00e9e 2019 a \u00e9t\u00e9 choisie comme ann\u00e9e de r\u00e9f\u00e9rence pour la feuille de route. Cette d\u00e9cision a \u00e9t\u00e9 prise en raison de la disponibilit\u00e9 de donn\u00e9es claires pour l&rsquo;\u00e9lectricit\u00e9, le chauffage, le refroidissement et le carburant des v\u00e9hicules. Une fois la base de r\u00e9f\u00e9rence d\u00e9termin\u00e9e, une analyse d\u00e9taill\u00e9e des sources d&rsquo;\u00e9mission a \u00e9t\u00e9 pr\u00e9par\u00e9e afin de comprendre o\u00f9 se situent les principales possibilit\u00e9s d&rsquo;am\u00e9lioration dans les a\u00e9roports. Une longue liste de solutions utilis\u00e9es dans d&rsquo;autres a\u00e9roports et dans d&rsquo;autres secteurs a \u00e9t\u00e9 \u00e9tudi\u00e9e et le potentiel de leur application \u00e0 lux-Airport a \u00e9t\u00e9 analys\u00e9 en d\u00e9tail. Cette approche a permis d&rsquo;analyser les diff\u00e9rentes possibilit\u00e9s d&rsquo;atteindre le niveau z\u00e9ro, leur impact potentiel et les d\u00e9fis \u00e0 relever. A partir de l\u00e0, la liste des solutions possibles applicables \u00e0 lux-Airport a \u00e9t\u00e9 \u00e9largie.<\/p>\n\n\n\n<p>Nos sources d&rsquo;\u00e9missions de carbone<\/p>\n\n\n\n<p>(ann\u00e9e de r\u00e9f\u00e9rence 2019)<\/p>\n\n\n<div class=\"wp-block-image\">\n<figure class=\"aligncenter size-full\"><img loading=\"lazy\" decoding=\"async\" width=\"970\" height=\"843\" src=\"https:\/\/www.lux-airport.lu\/wp-content\/uploads\/2024\/05\/3423.jpg\" alt=\"\" class=\"wp-image-17389\" srcset=\"https:\/\/www.lux-airport.lu\/wp-content\/uploads\/2024\/05\/3423.jpg 970w, https:\/\/www.lux-airport.lu\/wp-content\/uploads\/2024\/05\/3423-300x261.jpg 300w, https:\/\/www.lux-airport.lu\/wp-content\/uploads\/2024\/05\/3423-768x667.jpg 768w\" sizes=\"auto, (max-width: 970px) 100vw, 970px\" \/><\/figure>\n<\/div>\n\n\n<div style=\"height:100px\" aria-hidden=\"true\" class=\"wp-block-spacer\"><\/div>\n\n\n\n<h4 class=\"wp-block-heading\"><strong>Sc\u00e9nario cibl\u00e9 : 4 piliers<\/strong><\/h4>\n\n\n\n<p>Notre approche consiste \u00e0 cr\u00e9er un inventaire des \u00e9missions (ann\u00e9e de r\u00e9f\u00e9rence : 2019) et \u00e0 \u00e9tablir une pr\u00e9vision des \u00e9missions de r\u00e9f\u00e9rence pour couvrir la p\u00e9riode allant d&rsquo;aujourd&rsquo;hui \u00e0 2023. Nous consid\u00e9rons quatre piliers : le carburant des v\u00e9hicules, le chauffage, le refroidissement et l&rsquo;\u00e9lectricit\u00e9. Pour chacun de ces piliers, nous d\u00e9velopperons et \u00e9valuerons les mesures possibles, y compris une v\u00e9rification de la faisabilit\u00e9 technique, une \u00e9valuation des r\u00e9ductions possibles de CO2, ainsi qu&rsquo;un calendrier et une estimation des co\u00fbts (CAPEX\/OPEX).<\/p>\n\n\n\n<p>La matrice de faisabilit\u00e9\/sc\u00e9nario qui en r\u00e9sultera d\u00e9terminera nos actions.<\/p>\n\n\n<div class=\"wp-block-image\">\n<figure class=\"aligncenter size-full\"><img loading=\"lazy\" decoding=\"async\" width=\"483\" height=\"481\" src=\"https:\/\/www.lux-airport.lu\/wp-content\/uploads\/2024\/05\/54423.png\" alt=\"\" class=\"wp-image-17392\" srcset=\"https:\/\/www.lux-airport.lu\/wp-content\/uploads\/2024\/05\/54423.png 483w, https:\/\/www.lux-airport.lu\/wp-content\/uploads\/2024\/05\/54423-300x300.png 300w, https:\/\/www.lux-airport.lu\/wp-content\/uploads\/2024\/05\/54423-150x150.png 150w\" sizes=\"auto, (max-width: 483px) 100vw, 483px\" \/><\/figure>\n<\/div>\n\n\n<div style=\"height:100px\" aria-hidden=\"true\" class=\"wp-block-spacer\"><\/div>\n\n\n\n<p>\u00c9missions difficiles \u00e0 supprimer Bien que les sc\u00e9narios d\u00e9velopp\u00e9s d\u00e9crivent des voies qui visent \u00e0 garantir que lux-Airport devienne un a\u00e9roport net z\u00e9ro carbone, quelques sources d&rsquo;\u00e9missions difficiles \u00e0 supprimer devraient subsister. lux-Airport choisira une solution conforme aux exigences, telle que la capture et le stockage du carbone ou d&rsquo;autres formes de production naturelle locale.<\/p>\n\n\n\n<div style=\"height:100px\" aria-hidden=\"true\" class=\"wp-block-spacer\"><\/div>\n\n\n<div class=\"wp-block-image\">\n<figure class=\"aligncenter size-full is-resized\"><img loading=\"lazy\" decoding=\"async\" width=\"539\" height=\"925\" src=\"https:\/\/www.lux-airport.lu\/wp-content\/uploads\/2024\/05\/343423.png\" alt=\"\" class=\"wp-image-17395\" style=\"width:540px;height:auto\" srcset=\"https:\/\/www.lux-airport.lu\/wp-content\/uploads\/2024\/05\/343423.png 539w, https:\/\/www.lux-airport.lu\/wp-content\/uploads\/2024\/05\/343423-175x300.png 175w\" sizes=\"auto, (max-width: 539px) 100vw, 539px\" \/><\/figure>\n<\/div>\n\n\n<div style=\"height:100px\" aria-hidden=\"true\" class=\"wp-block-spacer\"><\/div>\n\n\n\n<h3 class=\"wp-block-heading\"><strong>R\u00e9sultats de la r\u00e9duction de l&#8217;empreinte carbone<\/strong><\/h3>\n\n\n\n<p>Pour calculer l&#8217;empreinte carbone bas\u00e9e sur le march\u00e9, les a\u00e9roports utilisent le facteur d&rsquo;\u00e9mission d\u00e9riv\u00e9 des attributs \u00e9nerg\u00e9tiques sp\u00e9cifi\u00e9s dans leurs contrats.<\/p>\n\n\n\n<div class=\"wp-block-group lightGreenBackground is-content-justification-center is-nowrap is-layout-flex wp-container-core-group-is-layout-94bc23d7 wp-block-group-is-layout-flex\">\n<figure class=\"wp-block-image size-full\"><img loading=\"lazy\" decoding=\"async\" width=\"1385\" height=\"883\" src=\"https:\/\/www.lux-airport.lu\/wp-content\/uploads\/2024\/05\/44543.jpg\" alt=\"\" class=\"wp-image-17398\" srcset=\"https:\/\/www.lux-airport.lu\/wp-content\/uploads\/2024\/05\/44543.jpg 1385w, https:\/\/www.lux-airport.lu\/wp-content\/uploads\/2024\/05\/44543-300x191.jpg 300w, https:\/\/www.lux-airport.lu\/wp-content\/uploads\/2024\/05\/44543-1024x653.jpg 1024w, https:\/\/www.lux-airport.lu\/wp-content\/uploads\/2024\/05\/44543-768x490.jpg 768w\" sizes=\"auto, (max-width: 1385px) 100vw, 1385px\" \/><\/figure>\n<\/div>\n\n\n\n<p>Chez lux-Airport, nos sources d&rsquo;\u00e9lectricit\u00e9 et de gaz sont neutres en carbone :<\/p>\n\n\n\n<p><strong>\u00c9lectricit\u00e9 (y compris le refroidissement) <\/strong>: \u00c9nergie verte Ecomix Hydro d&rsquo;Enovos, qui provient enti\u00e8rement de sources renouvelables (centrales hydro\u00e9lectriques).<\/p>\n\n\n\n<p><strong>Chauffage au gaz <\/strong>: Naturgas est 100% neutre sur le plan climatique et compense ses \u00e9missions de gaz \u00e0 effet de serre par des projets de d\u00e9veloppement de qualit\u00e9.<\/p>\n\n\n\n<div style=\"height:100px\" aria-hidden=\"true\" class=\"wp-block-spacer\"><\/div>\n\n\n\n<figure class=\"wp-block-image size-full\"><img loading=\"lazy\" decoding=\"async\" width=\"1722\" height=\"564\" src=\"https:\/\/www.lux-airport.lu\/wp-content\/uploads\/2022\/11\/image-3.png\" alt=\"Sch\u00e9ma d'optimisation de l'environnement\" class=\"wp-image-8506\" srcset=\"https:\/\/www.lux-airport.lu\/wp-content\/uploads\/2022\/11\/image-3.png 1722w, https:\/\/www.lux-airport.lu\/wp-content\/uploads\/2022\/11\/image-3-300x98.png 300w, https:\/\/www.lux-airport.lu\/wp-content\/uploads\/2022\/11\/image-3-1024x335.png 1024w, https:\/\/www.lux-airport.lu\/wp-content\/uploads\/2022\/11\/image-3-768x252.png 768w, https:\/\/www.lux-airport.lu\/wp-content\/uploads\/2022\/11\/image-3-1536x503.png 1536w\" sizes=\"auto, (max-width: 1722px) 100vw, 1722px\" \/><\/figure>\n","protected":false},"excerpt":{"rendered":"<p>NOUS AGISSONS lux-Airport est d\u00e9sormais certifi\u00e9 par le programme Airport Carbon Accreditation, administr\u00e9 par WSP. L&rsquo;a\u00e9roport de Luxembourg a d\u00e9croch\u00e9 le niveau d&rsquo;accr\u00e9ditation 3+, \u00abneutralit\u00e9&nbsp;\u00bb, en reconnaissance des actions mises en place pour ma\u00eetriser ses \u00e9missions de CO2. Le programme de certification s\u2019inscrit dans la r\u00e9ponse globale du secteur a\u00e9roportuaire aux d\u00e9fis du changement climatique. [&hellip;]<\/p>\n","protected":false},"author":1,"featured_media":0,"parent":8931,"menu_order":0,"comment_status":"closed","ping_status":"closed","template":"","meta":{"_acf_changed":false,"footnotes":""},"class_list":["post-6931","page","type-page","status-publish","hentry"],"acf":{"set_page_width_full":false,"start_with_small_header":false,"reno_options":{"hide_reno_widget":false,"open_widget_on_page_load":false,"which_tab_to_open":"chatbot","hide_reno_turn_onoff":false,"set_height_to_mini":false,"reno_page_branded_text_back_front":{"reno_show_branded_text":false,"reno_text_in_the_back":"JOURNEY","reno_text_in_the_front":"my journey starts here"}},"branded_text_backfront":{"hide_branded_text":false,"text_in_the_back":"JOURNEY","text_in_the_front_left":"My journey","text_in_the_front_right":"starts here"},"hide_breadcrumbs":false,"hide_footer_widgets":false,"hide_page_title":false,"advertising__adsense":{"show_ads_in_this_page":true,"image_instead_of_adsense":{"enable_image_instead_of_adsense":false,"banner_image_300x250":null,"banner_url":""}},"header_image_options":{"show_header_image":"Yes","header_image":""}},"_links":{"self":[{"href":"https:\/\/www.lux-airport.lu\/fr\/wp-json\/wp\/v2\/pages\/6931","targetHints":{"allow":["GET"]}}],"collection":[{"href":"https:\/\/www.lux-airport.lu\/fr\/wp-json\/wp\/v2\/pages"}],"about":[{"href":"https:\/\/www.lux-airport.lu\/fr\/wp-json\/wp\/v2\/types\/page"}],"author":[{"embeddable":true,"href":"https:\/\/www.lux-airport.lu\/fr\/wp-json\/wp\/v2\/users\/1"}],"replies":[{"embeddable":true,"href":"https:\/\/www.lux-airport.lu\/fr\/wp-json\/wp\/v2\/comments?post=6931"}],"version-history":[{"count":0,"href":"https:\/\/www.lux-airport.lu\/fr\/wp-json\/wp\/v2\/pages\/6931\/revisions"}],"up":[{"embeddable":true,"href":"https:\/\/www.lux-airport.lu\/fr\/wp-json\/wp\/v2\/pages\/8931"}],"wp:attachment":[{"href":"https:\/\/www.lux-airport.lu\/fr\/wp-json\/wp\/v2\/media?parent=6931"}],"curies":[{"name":"wp","href":"https:\/\/api.w.org\/{rel}","templated":true}]}}