{"id":6921,"date":"2022-09-11T16:43:20","date_gmt":"2022-09-11T14:43:20","guid":{"rendered":"https:\/\/www.lux-airport.lu\/?page_id=6921"},"modified":"2024-05-27T09:54:29","modified_gmt":"2024-05-27T07:54:29","slug":"faits-chiffres","status":"publish","type":"page","link":"https:\/\/www.lux-airport.lu\/fr\/entreprise\/notre-engagement\/environnement-et-durabilite\/faits-chiffres\/","title":{"rendered":"Faits &#038; chiffres"},"content":{"rendered":"\n<h2 class=\"wp-block-heading\">NOS OBJECTIFS<\/h2>\n\n\n\n<ol class=\"wp-block-list\">\n<li><strong>Engagement Net Zero 2030<br><\/strong>lux-Airport promeut activement la production et l&rsquo;utilisation d&rsquo;\u00e9nergie renouvelable et depuis 2014, n&rsquo;ach\u00e8te que de l&rsquo;\u00e9nergie renouvelable, notamment de l&rsquo;hydro\u00e9lectricit\u00e9 \u00e0 100%. L&rsquo;engagement dans le programme Airport Carbon Accreditation signifie que nous visons \u00e0 atteindre la neutralit\u00e9 sp\u00e9cifi\u00e9e par l&rsquo;exigence de niveau 3+ en 2022. lux-Airport pr\u00e9voit d&rsquo;atteindre l&rsquo;exigence de niveau 4+ d&rsquo;ici 2025, comme d\u00e9fini dans la feuille de route pour atteindre la neutralit\u00e9 r\u00e9elle d&rsquo;ici 2030. La premi\u00e8re \u00e9toile de la certification Lean &amp; Green a \u00e9t\u00e9 attribu\u00e9e en 2019 et la deuxi\u00e8me \u00e9toile est pr\u00e9vue pour 2025. En parall\u00e8le, lux-Airport est fortement engag\u00e9 dans la r\u00e9duction de sa consommation d&rsquo;\u00e9nergie avec une task force d\u00e9di\u00e9e. Chaque nouveau projet int\u00e8gre des \u00e9nergies renouvelables.<\/li>\n\n\n\n<li><strong>Gestion de l&rsquo;eau<br><\/strong>Situ\u00e9 dans trois zones diff\u00e9rentes de protection des eaux souterraines, lux-Airport travaille en \u00e9troite collaboration avec les entit\u00e9s concern\u00e9es pour assurer la qualit\u00e9 des eaux souterraines, et prend des mesures pour d\u00e9velopper des proc\u00e9dures de gestion des urgences environnementales afin d&rsquo;\u00e9viter tout risque. La gestion des eaux us\u00e9es, en cours d&rsquo;am\u00e9lioration gr\u00e2ce \u00e0 de nouvelles installations, est renforc\u00e9e par l&rsquo;\u00e9vacuation des eaux de d\u00e9givrage directement sur le stand afin d&rsquo;optimiser le traitement.<\/li>\n\n\n\n<li><strong>Gestion des d\u00e9chets<br><\/strong>lux-Airport s&rsquo;efforce en permanence de r\u00e9duire la production de d\u00e9chets \u00e0 la source : il s&rsquo;efforce de mettre fin au plastique \u00e0 usage unique en favorisant les articles r\u00e9utilisables, augmente le taux de recyclage et recherche de nouvelles solutions de recyclage et de r\u00e9cup\u00e9ration. Cette gestion est certifi\u00e9e par le label SuperDrecksKescht.<\/li>\n\n\n\n<li><strong>Gestion des sols<br><\/strong>lux-Airport d\u00e9veloppe un plan d&rsquo;occupation des sols pour les diff\u00e9rentes zones, permettant de prendre les mesures anti-pollution n\u00e9cessaires pour garantir un environnement sain et \u00e9viter les contaminations. Pour chaque projet, la qualit\u00e9 du sol est analys\u00e9e et la restauration r\u00e9alis\u00e9e.<\/li>\n\n\n\n<li><strong>La biodiversit\u00e9<br><\/strong>La pr\u00e9servation de la faune et de la flore est prise en compte dans chaque nouveau projet et les mesures n\u00e9cessaires sont pr\u00e9vues pour \u00e9viter toute perturbation. La promotion de la biodiversit\u00e9 passe par diff\u00e9rents projets tels que le d\u00e9veloppement de ruches, la cr\u00e9ation de nouveaux habitats, l&rsquo;am\u00e9lioration de la qualit\u00e9 de vie environnementale par l&rsquo;arr\u00eat de l&rsquo;utilisation du glyphosate sur l&rsquo;ensemble de l&rsquo;a\u00e9roport.<\/li>\n\n\n\n<li><strong>Gestion du Bruit<br><\/strong>Lux-Airport m\u00e8ne des \u00e9tudes de bruit au sol afin de d\u00e9finir la pollution sonore et d&rsquo;\u00e9tablir un plan d&rsquo;action. Lux-Airport participe \u00e9galement au comit\u00e9 consultatif sur le bruit de l&rsquo;a\u00e9roport afin d&rsquo;am\u00e9liorer l&rsquo;environnement sonore pour ses voisins.<\/li>\n\n\n\n<li><strong>Qualit\u00e9 de l&rsquo;air<br><\/strong>La qualit\u00e9 de l&rsquo;air au sol est fortement li\u00e9e aux itin\u00e9raires des avions et \u00e0 l&rsquo;utilisation des v\u00e9hicules. Sur la base d&rsquo;une \u00e9tude de la qualit\u00e9 de l&rsquo;air au sol, lux-Airport a identifi\u00e9 les domaines \u00e0 am\u00e9liorer et a d\u00e9j\u00e0 test\u00e9 de nouvelles technologies pour r\u00e9duire les \u00e9missions atmosph\u00e9riques.<\/li>\n<\/ol>\n\n\n\n<div class=\"wp-block-group lightGreenBackground is-content-justification-center is-nowrap is-layout-flex wp-container-core-group-is-layout-94bc23d7 wp-block-group-is-layout-flex\">\n<figure class=\"wp-block-image size-large is-resized\"><img loading=\"lazy\" decoding=\"async\" width=\"541\" height=\"1024\" src=\"https:\/\/www.lux-airport.lu\/wp-content\/uploads\/2024\/05\/222-1-541x1024.png\" alt=\"\" class=\"wp-image-17345\" style=\"width:500px\" srcset=\"https:\/\/www.lux-airport.lu\/wp-content\/uploads\/2024\/05\/222-1-541x1024.png 541w, https:\/\/www.lux-airport.lu\/wp-content\/uploads\/2024\/05\/222-1-158x300.png 158w, https:\/\/www.lux-airport.lu\/wp-content\/uploads\/2024\/05\/222-1-768x1455.png 768w, https:\/\/www.lux-airport.lu\/wp-content\/uploads\/2024\/05\/222-1-811x1536.png 811w, https:\/\/www.lux-airport.lu\/wp-content\/uploads\/2024\/05\/222-1-1081x2048.png 1081w, https:\/\/www.lux-airport.lu\/wp-content\/uploads\/2024\/05\/222-1.png 1618w\" sizes=\"auto, (max-width: 541px) 100vw, 541px\" \/><\/figure>\n<\/div>\n\n\n\n<div style=\"height:100px\" aria-hidden=\"true\" class=\"wp-block-spacer\"><\/div>\n\n\n\n<h2 class=\"wp-block-heading\">CHIFFRES CL\u00c9S<\/h2>\n\n\n\n<p>Nous mesurons nos performances en mati\u00e8re de durabilit\u00e9 \u00e0 l\u2019aide d\u2019indicateurs chiffr\u00e9s pertinents. Ces chiffres nous permettent de rendre compte de notre progression, mais aussi de mettre en \u00e9vidence les am\u00e9liorations n\u00e9cessaires. Nous les utilisons donc pour g\u00e9rer la durabilit\u00e9 de nos activit\u00e9s et atteindre notre objectif : \u00eatre 100% durable.<\/p>\n\n\n\n<div class=\"wp-block-group lightGreenBackground is-content-justification-center is-nowrap is-layout-flex wp-container-core-group-is-layout-94bc23d7 wp-block-group-is-layout-flex\">\n<figure class=\"wp-block-image size-full\"><img loading=\"lazy\" decoding=\"async\" width=\"870\" height=\"812\" src=\"https:\/\/www.lux-airport.lu\/wp-content\/uploads\/2024\/05\/3333-2.png\" alt=\"\" class=\"wp-image-17372\" srcset=\"https:\/\/www.lux-airport.lu\/wp-content\/uploads\/2024\/05\/3333-2.png 870w, https:\/\/www.lux-airport.lu\/wp-content\/uploads\/2024\/05\/3333-2-300x280.png 300w, https:\/\/www.lux-airport.lu\/wp-content\/uploads\/2024\/05\/3333-2-768x717.png 768w\" sizes=\"auto, (max-width: 870px) 100vw, 870px\" \/><\/figure>\n<\/div>\n\n\n\n<div style=\"height:100px\" aria-hidden=\"true\" class=\"wp-block-spacer\"><\/div>\n\n\n\n<h2 class=\"wp-block-heading\">EMPREINTE CARBONE<\/h2>\n\n\n\n<p><strong>Airport Carbon Accreditation niveau 3+<\/strong><\/p>\n\n\n\n<p>lux-Airport est pass\u00e9 directement du niveau 2 au niveau 3+ de l&rsquo;Airport Carbon Accreditation d\u00e9velopp\u00e9 par l&rsquo;ACI.<\/p>\n\n\n\n<p>L&rsquo;Airport Carbon Accreditation est la norme mondiale en mati\u00e8re de gestion du carbone dans l&rsquo;industrie a\u00e9roportuaire. L&rsquo;objectif de ce programme est d&rsquo;encourager et de permettre aux a\u00e9roports de mettre en \u0153uvre les meilleures pratiques en mati\u00e8re de gestion du carbone, dans le but ultime de parvenir \u00e0 un bilan carbone nul. Le programme de certification fait partie de la r\u00e9ponse de l&rsquo;industrie a\u00e9roportuaire mondiale au d\u00e9fi du changement climatique.<\/p>\n\n\n\n<p>lux-Airport a atteint le niveau 2 de l&rsquo;Airport Carbon Accreditation en janvier 2020. Depuis lors, la crise sanitaire a fortement affect\u00e9 le secteur de l&rsquo;aviation et, en particulier, les op\u00e9rations a\u00e9roportuaires.<\/p>\n\n\n\n<p>Malgr\u00e9 cela, lux-Airport a poursuivi ses efforts pour r\u00e9duire son empreinte carbone et atteindre le niveau 3+ le 1er f\u00e9vrier 2022.<\/p>\n\n\n\n<div class=\"wp-block-group lightGreenBackground is-content-justification-center is-nowrap is-layout-flex wp-container-core-group-is-layout-94bc23d7 wp-block-group-is-layout-flex\">\n<figure class=\"wp-block-image size-full\"><img loading=\"lazy\" decoding=\"async\" width=\"2560\" height=\"2042\" src=\"https:\/\/www.lux-airport.lu\/wp-content\/uploads\/2022\/10\/image-39.png\" alt=\"Carbon footprints\" class=\"wp-image-7338\" srcset=\"https:\/\/www.lux-airport.lu\/wp-content\/uploads\/2022\/10\/image-39.png 2560w, https:\/\/www.lux-airport.lu\/wp-content\/uploads\/2022\/10\/image-39-300x239.png 300w, https:\/\/www.lux-airport.lu\/wp-content\/uploads\/2022\/10\/image-39-1024x817.png 1024w, https:\/\/www.lux-airport.lu\/wp-content\/uploads\/2022\/10\/image-39-768x613.png 768w, https:\/\/www.lux-airport.lu\/wp-content\/uploads\/2022\/10\/image-39-1536x1225.png 1536w, https:\/\/www.lux-airport.lu\/wp-content\/uploads\/2022\/10\/image-39-2048x1634.png 2048w\" sizes=\"auto, (max-width: 2560px) 100vw, 2560px\" \/><\/figure>\n\n\n\n<p><\/p>\n<\/div>\n\n\n\n<div style=\"height:100px\" aria-hidden=\"true\" class=\"wp-block-spacer\"><\/div>\n\n\n\n<figure class=\"wp-block-image size-large\"><img loading=\"lazy\" decoding=\"async\" width=\"1024\" height=\"656\" src=\"https:\/\/www.lux-airport.lu\/wp-content\/uploads\/2024\/05\/444-1024x656.jpg\" alt=\"\" class=\"wp-image-17356\" srcset=\"https:\/\/www.lux-airport.lu\/wp-content\/uploads\/2024\/05\/444-1024x656.jpg 1024w, https:\/\/www.lux-airport.lu\/wp-content\/uploads\/2024\/05\/444-300x192.jpg 300w, https:\/\/www.lux-airport.lu\/wp-content\/uploads\/2024\/05\/444-768x492.jpg 768w, https:\/\/www.lux-airport.lu\/wp-content\/uploads\/2024\/05\/444.jpg 1031w\" sizes=\"auto, (max-width: 1024px) 100vw, 1024px\" \/><\/figure>\n\n\n\n<p>C\u00e9l\u00e9bration du niveau 3+ de l&rsquo;ACA : lux-Airport pr\u00e9sente une s\u00e9lection de ses v\u00e9hicules \u00e9lectriques exclusivement charg\u00e9s avec de l&rsquo;\u00e9nergie hydraulique \u00e0 100 %.<\/p>\n\n\n\n<p><strong>niveau 3 : Actions entreprises<\/strong><\/p>\n\n\n\n<p>Pour obtenir la certification de niveau 3, lux-Airport a continu\u00e9 \u00e0 r\u00e9duire son empreinte carbone relative, tout en travaillant avec les principaux partenaires de l&rsquo;a\u00e9roport, en particulier ceux qui contribuent de mani\u00e8re significative aux \u00e9missions de carbone de l&rsquo;a\u00e9roport. Ensemble, ils ont d\u00e9velopp\u00e9 un syst\u00e8me commun de gestion de l&#8217;empreinte carbone et ont d\u00e9fini un plan d&rsquo;action avec des mesures \u00e0 appliquer pour r\u00e9duire cette empreinte.<\/p>\n\n\n\n<p><strong>Actions cl\u00e9s<\/strong><\/p>\n\n\n\n<p>R\u00e9guler l&rsquo;utilisation des moteurs pendant le roulage (LTO = cycles d&rsquo;atterrissage et de d\u00e9collage)<br>R\u00e9guler l&rsquo;utilisation des APU sur l&rsquo;aire de trafic<\/p>\n\n\n\n<p><br><strong>Efficacit\u00e9 \u00e9nerg\u00e9tique<\/strong><\/p>\n\n\n\n<p>Certains partenaires, comme Cargolux, ont investi dans le renouvellement de leur flotte avec des avions plus \u00e9conomes en \u00e9nergie. La principale soci\u00e9t\u00e9 de manutention, Luxair, pr\u00e9voit \u00e9galement de passer \u00e0 des GSE \u00e9lectriques dans la mesure du possible.<\/p>\n\n\n\n<p><strong>\u00c9lectricit\u00e9 verte<\/strong><\/p>\n\n\n\n<p>En outre, les principaux acteurs de l&rsquo;a\u00e9roport n&rsquo;utilisent que de l&rsquo;\u00e9lectricit\u00e9 produite \u00e0 partir de sources 100 % renouvelables bas\u00e9es sur l&rsquo;hydro\u00e9lectricit\u00e9. Ainsi, toutes les bornes de recharge \u00e9lectrique sont aliment\u00e9es en \u00e9nergie renouvelable.<\/p>\n\n\n\n<p><strong>Projet de compensation de niveau 3<\/strong><\/p>\n\n\n\n<p>Le niveau 3+ repr\u00e9sente la neutralit\u00e9 carbone atteinte par lux-Airport en compensant financi\u00e8rement son empreinte carbone par un projet certifi\u00e9 par des organisations internationales reconnues.<\/p>\n\n\n\n<p><strong>Station d&rsquo;\u00e9puration des eaux us\u00e9es de Kubratovo<\/strong><\/p>\n\n\n\n<p>Le projet choisi pour compenser nos \u00e9missions de 2020-2021 est un projet combin\u00e9 de r\u00e9duction des \u00e9missions de m\u00e9thane et de production d&rsquo;\u00e9nergie en Bulgarie. Le m\u00e9thane produit dans la station d&rsquo;\u00e9puration de Kubratovo est captur\u00e9 dans des r\u00e9servoirs et alimente un moteur \u00e0 gaz de cog\u00e9n\u00e9ration pour la production d&rsquo;\u00e9lectricit\u00e9 et de chaleur.<\/p>\n\n\n\n<figure class=\"wp-block-image size-full\"><img loading=\"lazy\" decoding=\"async\" width=\"743\" height=\"587\" src=\"https:\/\/www.lux-airport.lu\/wp-content\/uploads\/2024\/05\/555.jpg\" alt=\"\" class=\"wp-image-17359\" srcset=\"https:\/\/www.lux-airport.lu\/wp-content\/uploads\/2024\/05\/555.jpg 743w, https:\/\/www.lux-airport.lu\/wp-content\/uploads\/2024\/05\/555-300x237.jpg 300w\" sizes=\"auto, (max-width: 743px) 100vw, 743px\" \/><\/figure>\n\n\n\n<p>Station d&rsquo;\u00e9puration des eaux us\u00e9es de Kubratovo<br><\/p>\n\n\n\n<p><strong>L&rsquo;impact<\/strong><\/p>\n\n\n\n<p>R\u00e9duction consid\u00e9rable des \u00e9missions de gaz m\u00e9thane<\/p>\n\n\n\n<p>R\u00e9duction du volume de boues \u00e0 transporter<\/p>\n\n\n\n<p>Production d&rsquo;\u00e9lectricit\u00e9 et de chaleur sur place, en remplacement de l&rsquo;approvisionnement par le r\u00e9seau et de l&rsquo;utilisation du diesel<\/p>\n\n\n\n<figure class=\"wp-block-image size-full\"><img loading=\"lazy\" decoding=\"async\" width=\"449\" height=\"527\" src=\"https:\/\/www.lux-airport.lu\/wp-content\/uploads\/2024\/05\/565.jpg\" alt=\"\" class=\"wp-image-17362\" srcset=\"https:\/\/www.lux-airport.lu\/wp-content\/uploads\/2024\/05\/565.jpg 449w, https:\/\/www.lux-airport.lu\/wp-content\/uploads\/2024\/05\/565-256x300.jpg 256w\" sizes=\"auto, (max-width: 449px) 100vw, 449px\" \/><\/figure>\n\n\n\n<p><strong>Aucune raison de se reposer<\/strong><\/p>\n\n\n\n<p>L&rsquo;ACI a mis au point de nouveaux niveaux de certification : les niveaux 4 et 4+. L&rsquo;introduction de ces deux nouveaux niveaux marque un changement dans l&rsquo;ambition du programme. L&rsquo;ensemble des exigences strictes comprend l&rsquo;alignement sur l&rsquo;Accord de Paris, l&rsquo;inclusion de sources d&rsquo;\u00e9missions suppl\u00e9mentaires, en particulier toutes les \u00e9missions op\u00e9rationnelles significatives provenant de tiers, et un engagement renforc\u00e9 des parties prenantes.<\/p>\n\n\n\n<figure class=\"wp-block-image size-large\"><img loading=\"lazy\" decoding=\"async\" width=\"1024\" height=\"956\" src=\"https:\/\/www.lux-airport.lu\/wp-content\/uploads\/2024\/05\/556-1024x956.png\" alt=\"\" class=\"wp-image-17365\" srcset=\"https:\/\/www.lux-airport.lu\/wp-content\/uploads\/2024\/05\/556-1024x956.png 1024w, https:\/\/www.lux-airport.lu\/wp-content\/uploads\/2024\/05\/556-300x280.png 300w, https:\/\/www.lux-airport.lu\/wp-content\/uploads\/2024\/05\/556-768x717.png 768w, https:\/\/www.lux-airport.lu\/wp-content\/uploads\/2024\/05\/556-1536x1434.png 1536w, https:\/\/www.lux-airport.lu\/wp-content\/uploads\/2024\/05\/556.png 1831w\" sizes=\"auto, (max-width: 1024px) 100vw, 1024px\" \/><\/figure>\n\n\n\n<h2 class=\"wp-block-heading\">LES CHIFFRES DE LA MOBILIT\u00c9 \u00c9LECTRIQUE<\/h2>\n\n\n\n<p>De nouvelles stations de recharge pour les v\u00e9hicules \u00e9lectriques ont \u00e9t\u00e9 install\u00e9es dans le parking souterrain du terminal. Nous encourageons l\u2019utilisation des v\u00e9hicules \u00e9lectriques sur la piste et les aires de trafic de l\u2019a\u00e9roport.<\/p>\n\n\n\n<p>Nous avons pass\u00e9 un accord avec une soci\u00e9t\u00e9 qui ne loue que des v\u00e9hicules \u00e9lectriques.<\/p>\n\n\n\n<div style=\"height:30px\" aria-hidden=\"true\" class=\"wp-block-spacer\"><\/div>\n\n\n\n<h3 class=\"wp-block-heading\">DES R\u00c9DUCTIONS AU NIVEAU DES BUS<\/h3>\n\n\n\n<p><strong>Bus au diesel = 110 t CO<sub>\u00b2<\/sub>&nbsp;\/ an<br>Bus \u00e9lectriques = 1 t CO<sub>\u00b2&nbsp;<\/sub>\/ an<\/strong><\/p>\n\n\n\n<p><strong>R\u00e9duction = 109 t CO<sub>\u00b2<\/sub>&nbsp;\/ an<\/strong><\/p>\n\n\n\n<div style=\"height:100px\" aria-hidden=\"true\" class=\"wp-block-spacer\"><\/div>\n\n\n\n<figure class=\"wp-block-image size-full\"><img loading=\"lazy\" decoding=\"async\" width=\"1722\" height=\"564\" src=\"https:\/\/www.lux-airport.lu\/wp-content\/uploads\/2022\/11\/image-3.png\" alt=\"sch\u00e9ma d'optimisation de l'environnement\" class=\"wp-image-8506\" srcset=\"https:\/\/www.lux-airport.lu\/wp-content\/uploads\/2022\/11\/image-3.png 1722w, https:\/\/www.lux-airport.lu\/wp-content\/uploads\/2022\/11\/image-3-300x98.png 300w, https:\/\/www.lux-airport.lu\/wp-content\/uploads\/2022\/11\/image-3-1024x335.png 1024w, https:\/\/www.lux-airport.lu\/wp-content\/uploads\/2022\/11\/image-3-768x252.png 768w, https:\/\/www.lux-airport.lu\/wp-content\/uploads\/2022\/11\/image-3-1536x503.png 1536w\" sizes=\"auto, (max-width: 1722px) 100vw, 1722px\" \/><\/figure>\n","protected":false},"excerpt":{"rendered":"<p>NOS OBJECTIFS CHIFFRES CL\u00c9S Nous mesurons nos performances en mati\u00e8re de durabilit\u00e9 \u00e0 l\u2019aide d\u2019indicateurs chiffr\u00e9s pertinents. Ces chiffres nous permettent de rendre compte de notre progression, mais aussi de mettre en \u00e9vidence les am\u00e9liorations n\u00e9cessaires. Nous les utilisons donc pour g\u00e9rer la durabilit\u00e9 de nos activit\u00e9s et atteindre notre objectif : \u00eatre 100% durable. [&hellip;]<\/p>\n","protected":false},"author":1,"featured_media":0,"parent":8931,"menu_order":0,"comment_status":"closed","ping_status":"closed","template":"","meta":{"_acf_changed":false,"footnotes":""},"class_list":["post-6921","page","type-page","status-publish","hentry"],"acf":{"set_page_width_full":false,"start_with_small_header":false,"reno_options":{"hide_reno_widget":false,"open_widget_on_page_load":false,"which_tab_to_open":"chatbot","hide_reno_turn_onoff":false,"set_height_to_mini":false,"reno_page_branded_text_back_front":{"reno_show_branded_text":false,"reno_text_in_the_back":"JOURNEY","reno_text_in_the_front":"my journey starts here"}},"branded_text_backfront":{"hide_branded_text":false,"text_in_the_back":"JOURNEY","text_in_the_front_left":"My journey","text_in_the_front_right":"starts here"},"hide_breadcrumbs":false,"hide_footer_widgets":false,"hide_page_title":false,"advertising__adsense":{"show_ads_in_this_page":true,"image_instead_of_adsense":{"enable_image_instead_of_adsense":false,"banner_image_300x250":null,"banner_url":""}},"header_image_options":{"show_header_image":"Yes","header_image":""}},"_links":{"self":[{"href":"https:\/\/www.lux-airport.lu\/fr\/wp-json\/wp\/v2\/pages\/6921","targetHints":{"allow":["GET"]}}],"collection":[{"href":"https:\/\/www.lux-airport.lu\/fr\/wp-json\/wp\/v2\/pages"}],"about":[{"href":"https:\/\/www.lux-airport.lu\/fr\/wp-json\/wp\/v2\/types\/page"}],"author":[{"embeddable":true,"href":"https:\/\/www.lux-airport.lu\/fr\/wp-json\/wp\/v2\/users\/1"}],"replies":[{"embeddable":true,"href":"https:\/\/www.lux-airport.lu\/fr\/wp-json\/wp\/v2\/comments?post=6921"}],"version-history":[{"count":0,"href":"https:\/\/www.lux-airport.lu\/fr\/wp-json\/wp\/v2\/pages\/6921\/revisions"}],"up":[{"embeddable":true,"href":"https:\/\/www.lux-airport.lu\/fr\/wp-json\/wp\/v2\/pages\/8931"}],"wp:attachment":[{"href":"https:\/\/www.lux-airport.lu\/fr\/wp-json\/wp\/v2\/media?parent=6921"}],"curies":[{"name":"wp","href":"https:\/\/api.w.org\/{rel}","templated":true}]}}