{"id":6916,"date":"2022-09-11T16:41:30","date_gmt":"2022-09-11T14:41:30","guid":{"rendered":"https:\/\/www.lux-airport.lu\/?page_id=6916"},"modified":"2024-05-24T15:05:46","modified_gmt":"2024-05-24T13:05:46","slug":"qualite-de-lair","status":"publish","type":"page","link":"https:\/\/www.lux-airport.lu\/fr\/entreprise\/notre-engagement\/environnement-et-durabilite\/qualite-de-lair\/","title":{"rendered":"Qualit\u00e9 de l&rsquo;air"},"content":{"rendered":"\n<h2 class=\"wp-block-heading\"><strong>Analyse de la qualit\u00e9 de l&rsquo;air au sol<\/strong><\/h2>\n\n\n\n<figure class=\"wp-block-table\"><table class=\"has-fixed-layout\"><thead><tr><th class=\"has-text-align-center\" data-align=\"center\"><strong>2019<\/strong><\/th><th class=\"has-text-align-center\" data-align=\"center\"><strong>33<\/strong><\/th><th class=\"has-text-align-center\" data-align=\"center\"><strong><strong>341<\/strong><\/strong><\/th><\/tr><\/thead><tbody><tr><td class=\"has-text-align-center\" data-align=\"center\">Ann\u00e9e de r\u00e9f\u00e9rence<\/td><td class=\"has-text-align-center\" data-align=\"center\">PM10 max. \u03bcg\/m3<\/td><td class=\"has-text-align-center\" data-align=\"center\">NOx max.\u03bcg\/m3<\/td><\/tr><\/tbody><\/table><\/figure>\n\n\n\n<h3 class=\"wp-block-heading\"><strong>Etude sur l&rsquo;impact des activit\u00e9s au sol<\/strong><\/h3>\n\n\n\n<p>Une analyse calcul\u00e9e \u00e0 l&rsquo;a\u00e9roport de Lux des PM10 et NOx pour 2019 a \u00e9t\u00e9 compar\u00e9e aux mesures prises dans l&rsquo;environnement.<\/p>\n\n\n\n<p>Nous avons men\u00e9 une \u00e9tude des \u00e9missions atmosph\u00e9riques au sol, qui compl\u00e8te la campagne autour de l&rsquo;a\u00e9roport men\u00e9e par l&rsquo;Administration de l&rsquo;Environnement avec le LIST en 2018-2019 pour d\u00e9terminer l&rsquo;impact des activit\u00e9s a\u00e9roportuaires sur la r\u00e9gion. Dans cette \u00e9tude, nous avons analys\u00e9 les param\u00e8tres les plus couramment associ\u00e9s \u00e0 un a\u00e9roport : les NOx et les particules, notamment les PM10.<\/p>\n\n\n\n<div class=\"wp-block-columns is-layout-flex wp-container-core-columns-is-layout-9d6595d7 wp-block-columns-is-layout-flex\">\n<div class=\"wp-block-column is-layout-flow wp-block-column-is-layout-flow\">\n<p><strong>Affaire particuli\u00e8re<\/strong><\/p>\n\n\n\n<p>Les particules (PM 10) font r\u00e9f\u00e9rence \u00e0 toutes les particules pr\u00e9sentes dans l&rsquo;air qui sont inf\u00e9rieures \u00e0 10 microm\u00e8tres. Les particules proviennent du trafic, du b\u00e9tail, des processus de combustion (par exemple dans l&rsquo;industrie) et de sources naturelles (par exemple le sel marin). Les particules primaires sont rejet\u00e9es directement dans l\u2019atmosph\u00e8re par les activit\u00e9s humaines. La partie de la concentration de particules qui se forme dans l\u2019air est appel\u00e9e mati\u00e8re particulaire secondaire. Les PM10 sont l\u2019une des substances qui contribuent au smog.<\/p>\n\n\n\n<p>Pour les PM10, il existe un seuil de 40 \u00b5g\/m3 en moyenne annuelle \u00e0 ne pas d\u00e9passer, et un seuil de 50 \u00b5g\/m3 en moyenne sur 24 heures \u00e0 ne pas d\u00e9passer plus de 35 fois par an. .<\/p>\n\n\n\n<p><strong>PM10 (moyenne annuelle)<\/strong><\/p>\n\n\n\n<p>Le calcul a \u00e9t\u00e9 effectu\u00e9 sur une ann\u00e9e compl\u00e8te. La concentration la plus \u00e9lev\u00e9e a \u00e9t\u00e9 trouv\u00e9e au centre de la cargaison avec une valeur de 32,79 \u03bcg\/m3, ce qui est inf\u00e9rieur au seuil annuel moyen de 40 \u03bcg\/m3. En g\u00e9n\u00e9ral, les concentrations les plus \u00e9lev\u00e9es ont \u00e9t\u00e9 trouv\u00e9es autour de l&rsquo;aire de trafic (moins de 10 \u03bcg\/m3), suivies par les zones de voies de circulation et de pistes (moins de 1 \u03bcg\/m3), puis ont rapidement diminu\u00e9 jusqu&rsquo;\u00e0 moins de 0,1 \u03bcg\/m3 en dehors du p\u00e9rim\u00e8tre de l&rsquo;a\u00e9roport. .<\/p>\n<\/div>\n\n\n\n<div class=\"wp-block-column is-layout-flow wp-block-column-is-layout-flow\">\n<figure class=\"wp-block-image size-large\"><img loading=\"lazy\" decoding=\"async\" width=\"1024\" height=\"841\" src=\"https:\/\/www.lux-airport.lu\/wp-content\/uploads\/2024\/05\/32323223-1024x841.png\" alt=\"\" class=\"wp-image-17516\" srcset=\"https:\/\/www.lux-airport.lu\/wp-content\/uploads\/2024\/05\/32323223-1024x841.png 1024w, https:\/\/www.lux-airport.lu\/wp-content\/uploads\/2024\/05\/32323223-300x246.png 300w, https:\/\/www.lux-airport.lu\/wp-content\/uploads\/2024\/05\/32323223-768x631.png 768w, https:\/\/www.lux-airport.lu\/wp-content\/uploads\/2024\/05\/32323223-1536x1262.png 1536w, https:\/\/www.lux-airport.lu\/wp-content\/uploads\/2024\/05\/32323223.png 1557w\" sizes=\"auto, (max-width: 1024px) 100vw, 1024px\" \/><\/figure>\n<\/div>\n<\/div>\n\n\n\n<h2 class=\"wp-block-heading\"><strong>PM10 \u2014 Comparaison avec l&rsquo;\u00e9tude<\/strong><\/h2>\n\n\n\n<h3 class=\"wp-block-heading\"><strong>\u00ab\u00a0Surveillance de la qualit\u00e9 de l&rsquo;air \u00e0 l&rsquo;a\u00e9roport de Findel\u00a0\u00bb<\/strong><\/h3>\n\n\n<div class=\"wp-block-image\">\n<figure class=\"aligncenter size-full\"><img loading=\"lazy\" decoding=\"async\" width=\"750\" height=\"1143\" src=\"https:\/\/www.lux-airport.lu\/wp-content\/uploads\/2024\/05\/5334.png\" alt=\"\" class=\"wp-image-17520\" srcset=\"https:\/\/www.lux-airport.lu\/wp-content\/uploads\/2024\/05\/5334.png 750w, https:\/\/www.lux-airport.lu\/wp-content\/uploads\/2024\/05\/5334-197x300.png 197w, https:\/\/www.lux-airport.lu\/wp-content\/uploads\/2024\/05\/5334-672x1024.png 672w\" sizes=\"auto, (max-width: 750px) 100vw, 750px\" \/><\/figure>\n<\/div>\n\n\n<div style=\"height:50px\" aria-hidden=\"true\" class=\"wp-block-spacer\"><\/div>\n\n\n\n<p><strong>Dioxyde d&rsquo;azote<\/strong><\/p>\n\n\n\n<p>Le dioxyde d&rsquo;azote (NO2) appartient \u00e0 un groupe de gaz hautement r\u00e9actifs appel\u00e9s oxydes d&rsquo;azote (NOx). La certification OACI mesure les \u00e9missions totales de NOx (NOx = NO + NO2). Cependant, la proportion de chaque composant varie en fonction du moteur et du r\u00e9glage de pouss\u00e9e (Timko et al., 2010a).<\/p>\n\n\n\n<p>Sur la base des conditions pr\u00e9valant dans l&rsquo;aviation, une valeur moyenne de f-NO2 de 0,15 est recommand\u00e9e pour la fraction de NOx \u00e9mise comme NO2 primaire par ces sources, \u00e0 l&rsquo;exception des phases de roulage au sol, pour lesquelles un ratio de 1 est utilis\u00e9.<\/p>\n\n\n\n<p><strong>NOx (moyenne annuelle)<\/strong><\/p>\n\n\n\n<p>Le calcul a \u00e9t\u00e9 effectu\u00e9 sur une ann\u00e9e enti\u00e8re. Les concentrations les plus \u00e9lev\u00e9es ont \u00e9t\u00e9 trouv\u00e9es \u00e0 deux endroits au milieu de l&rsquo;aire de trafic, tant cargo que commercial, avec une valeur de 341,06 \u03bcg\/m3. Cette concentration \u00e9lev\u00e9e chute rapidement \u00e0 des niveaux inf\u00e9rieurs.<\/p>\n\n\n\n<p>En g\u00e9n\u00e9ral, les concentrations de NOx les plus \u00e9lev\u00e9es ont \u00e9t\u00e9 trouv\u00e9es dans toute la zone a\u00e9roportuaire avec des valeurs de l&rsquo;ordre du dixi\u00e8me de \u03bcg\/m3. La zone entourant l\u2019a\u00e9roport pr\u00e9sentait une concentration inf\u00e9rieure \u00e0 10 \u03bcg\/m3. Le niveau descend \u00e0 moins de 1 \u03bcg\/m3 \u00e0 une distance d&rsquo;au moins 4 km de l&rsquo;a\u00e9roport (plus en direction de la piste).<\/p>\n\n\n\n<div class=\"wp-block-group lightGreenBackground is-content-justification-center is-nowrap is-layout-flex wp-container-core-group-is-layout-94bc23d7 wp-block-group-is-layout-flex\">\n<figure class=\"wp-block-image size-full is-resized\"><img loading=\"lazy\" decoding=\"async\" width=\"1559\" height=\"1287\" src=\"https:\/\/www.lux-airport.lu\/wp-content\/uploads\/2024\/05\/121211.png\" alt=\"\" class=\"wp-image-17523\" style=\"width:800px\" srcset=\"https:\/\/www.lux-airport.lu\/wp-content\/uploads\/2024\/05\/121211.png 1559w, https:\/\/www.lux-airport.lu\/wp-content\/uploads\/2024\/05\/121211-300x248.png 300w, https:\/\/www.lux-airport.lu\/wp-content\/uploads\/2024\/05\/121211-1024x845.png 1024w, https:\/\/www.lux-airport.lu\/wp-content\/uploads\/2024\/05\/121211-768x634.png 768w, https:\/\/www.lux-airport.lu\/wp-content\/uploads\/2024\/05\/121211-1536x1268.png 1536w\" sizes=\"auto, (max-width: 1559px) 100vw, 1559px\" \/><\/figure>\n<\/div>\n\n\n<div class=\"wp-block-image\">\n<figure class=\"aligncenter size-large\"><img loading=\"lazy\" decoding=\"async\" width=\"1024\" height=\"940\" src=\"https:\/\/www.lux-airport.lu\/wp-content\/uploads\/2024\/05\/2121221-1024x940.png\" alt=\"\" class=\"wp-image-17526\" srcset=\"https:\/\/www.lux-airport.lu\/wp-content\/uploads\/2024\/05\/2121221-1024x940.png 1024w, https:\/\/www.lux-airport.lu\/wp-content\/uploads\/2024\/05\/2121221-300x275.png 300w, https:\/\/www.lux-airport.lu\/wp-content\/uploads\/2024\/05\/2121221-768x705.png 768w, https:\/\/www.lux-airport.lu\/wp-content\/uploads\/2024\/05\/2121221.png 1385w\" sizes=\"auto, (max-width: 1024px) 100vw, 1024px\" \/><\/figure>\n<\/div>\n\n\n<div style=\"height:100px\" aria-hidden=\"true\" class=\"wp-block-spacer\"><\/div>\n\n\n\n<p>Le graphique ci-dessus compare les concentrations moyennes mesur\u00e9es entre juin 2018 et mai 2019 \u00e0 proximit\u00e9 de l&rsquo;a\u00e9roport (en vert) avec les moyennes annuelles en 2019 des stations de mesure continue de NO\u00b2 du r\u00e9seau de surveillance de la qualit\u00e9 de l&rsquo;air (en blanc). On peut en d\u00e9duire que les concentrations autour de l&rsquo;a\u00e9roport sont inf\u00e9rieures aux concentrations des stations \u00e9valuant l&rsquo;impact du trafic. Les concentrations observ\u00e9es correspondent davantage \u00e0 une situation p\u00e9riurbaine, voire rurale.<\/p>\n\n\n\n<p><strong>Conclusions<\/strong><\/p>\n\n\n\n<p>Les \u00e9missions de particules (PM10) et de NOx de l&rsquo;a\u00e9roport sont centralis\u00e9es \u00e0 l&rsquo;int\u00e9rieur de l&rsquo;a\u00e9roport et la dispersion \u00e0 l&rsquo;ext\u00e9rieur est tr\u00e8s faible. La moyenne annuelle des plus fortes concentrations de PM10 reste inf\u00e9rieure au seuil moyen. Le calcul de la dispersion des \u00e9missions dues aux activit\u00e9s a\u00e9roportuaires au sol montre qu&rsquo;elle est faible, ce qui confirme les hypoth\u00e8ses et conclusions formul\u00e9es dans le rapport final \u00ab Surveillance de la qualit\u00e9 de l&rsquo;air \u00e0 l&rsquo;a\u00e9roport du Findel \u00bb.<\/p>\n\n\n\n<h3 class=\"wp-block-heading\"><strong>Gestion de l&rsquo;air<\/strong><\/h3>\n\n\n\n<h3 class=\"wp-block-heading\"><strong>Anti-smog<\/strong><\/h3>\n\n\n\n<p>Technologie bas\u00e9e sur l&rsquo;hydrog\u00e8ne<\/p>\n\n\n\n<p>\u00e9missions atmosph\u00e9riques -80%<\/p>\n\n\n\n<p>Certifi\u00e9 impulsion solaire<\/p>\n\n\n\n<p>La technologie anti-smog pour v\u00e9hicules est int\u00e9gr\u00e9e \u00e0 la technologie existante dans les moteurs \u00e0 combustion interne et agit en pr\u00e9-combustion. En d\u2019autres termes, la technologie agit avant que le processus de combustion n\u2019ait lieu. La solution repose sur un principe innovant d\u2019am\u00e9lioration du carburant hydrog\u00e8ne. L\u2019ajout de petites quantit\u00e9s d\u2019hydrog\u00e8ne au m\u00e9lange air-carburant contribue \u00e0 r\u00e9duire les \u00e9missions d\u2019\u00e9chappement, notamment les particules et les NOx. Ce proc\u00e9d\u00e9 a \u00e9t\u00e9 adapt\u00e9 pour permettre sa mise en \u0153uvre \u00e0 plus petite \u00e9chelle dans les v\u00e9hicules.&nbsp;<\/p>\n\n\n\n<p>Le proc\u00e9d\u00e9 repose sur la g\u00e9n\u00e9ration de petites quantit\u00e9s d\u2019hydrog\u00e8ne \u00e0 bord du v\u00e9hicule, en utilisant le principe de l\u2019\u00e9lectrolyse d\u2019une solution \u00e9lectrolytique de potassium \u00e0 base d\u2019eau. Cette petite quantit\u00e9 d&rsquo;hydrog\u00e8ne est ensuite ajout\u00e9e au m\u00e9lange air-carburant du v\u00e9hicule avant la combustion. L\u2019hydrog\u00e8ne permet alors au carburant de br\u00fbler plus compl\u00e8tement, r\u00e9duisant ainsi la quantit\u00e9 de gaz et de particules non br\u00fbl\u00e9s. Contrairement aux filtres ou \u00e0 la r\u00e9duction catalytique s\u00e9lective qui sont des technologies de post-combustion aujourd&rsquo;hui utilis\u00e9es, l&rsquo;enrichissement en hydrog\u00e8ne est une solution de pr\u00e9-combustion, qui est au c\u0153ur de l&rsquo;innovation propos\u00e9e.<\/p>\n\n\n\n<p><strong>Technologies de pr\u00e9-combustion<\/strong><\/p>\n\n\n\n<p>Cette technologie est adapt\u00e9e aux moteurs diesel des v\u00e9hicules de plus de 5 ans. Chez lux-Airport, forts de notre engagement dans une politique de renouvellement de notre flotte selon notre feuille de route vers la neutralit\u00e9, nous ne disposons pas de ce type de v\u00e9hicule. Nous avons cependant d\u00e9cid\u00e9 de l&rsquo;installer dans l&rsquo;un de nos m\u00e2ts diesel mobiles, qui \u00e9clairent certaines zones des aires de stationnement des avions. Cela permettra de comparer son impact avec celui d&rsquo;un m\u00e2t mobile non \u00e9quip\u00e9 lors de la phase de test. En fonction des r\u00e9sultats, nous \u00e9tendrons cela \u00e0 l\u2019ensemble de nos m\u00e2ts mobiles et encouragerons l\u2019utilisation de cette technologie dans les \u00e9quipements d\u2019assistance au sol de nos intervenants. Gr\u00e2ce \u00e0 cette initiative, nous esp\u00e9rons r\u00e9duire les \u00e9missions jusqu&rsquo;\u00e0 80 % et la consommation de carburant jusqu&rsquo;\u00e0 20 %.<\/p>\n\n\n<div class=\"wp-block-image\">\n<figure class=\"aligncenter size-full\"><img loading=\"lazy\" decoding=\"async\" width=\"514\" height=\"646\" src=\"https:\/\/www.lux-airport.lu\/wp-content\/uploads\/2024\/05\/12121221.png\" alt=\"\" class=\"wp-image-17529\" srcset=\"https:\/\/www.lux-airport.lu\/wp-content\/uploads\/2024\/05\/12121221.png 514w, https:\/\/www.lux-airport.lu\/wp-content\/uploads\/2024\/05\/12121221-239x300.png 239w\" sizes=\"auto, (max-width: 514px) 100vw, 514px\" \/><\/figure>\n<\/div>\n\n\n<figure class=\"wp-block-image size-full\"><img loading=\"lazy\" decoding=\"async\" width=\"1722\" height=\"564\" src=\"https:\/\/www.lux-airport.lu\/wp-content\/uploads\/2022\/11\/image-3.png\" alt=\"sch\u00e9ma d'optimisation de l'environnement\" class=\"wp-image-8506\" srcset=\"https:\/\/www.lux-airport.lu\/wp-content\/uploads\/2022\/11\/image-3.png 1722w, https:\/\/www.lux-airport.lu\/wp-content\/uploads\/2022\/11\/image-3-300x98.png 300w, https:\/\/www.lux-airport.lu\/wp-content\/uploads\/2022\/11\/image-3-1024x335.png 1024w, https:\/\/www.lux-airport.lu\/wp-content\/uploads\/2022\/11\/image-3-768x252.png 768w, https:\/\/www.lux-airport.lu\/wp-content\/uploads\/2022\/11\/image-3-1536x503.png 1536w\" sizes=\"auto, (max-width: 1722px) 100vw, 1722px\" \/><\/figure>\n","protected":false},"excerpt":{"rendered":"<p>Analyse de la qualit\u00e9 de l&rsquo;air au sol 2019 33 341 Ann\u00e9e de r\u00e9f\u00e9rence PM10 max. \u03bcg\/m3 NOx max.\u03bcg\/m3 Etude sur l&rsquo;impact des activit\u00e9s au sol Une analyse calcul\u00e9e \u00e0 l&rsquo;a\u00e9roport de Lux des PM10 et NOx pour 2019 a \u00e9t\u00e9 compar\u00e9e aux mesures prises dans l&rsquo;environnement. Nous avons men\u00e9 une \u00e9tude des \u00e9missions atmosph\u00e9riques [&hellip;]<\/p>\n","protected":false},"author":1,"featured_media":0,"parent":8931,"menu_order":0,"comment_status":"closed","ping_status":"closed","template":"","meta":{"_acf_changed":false,"footnotes":""},"class_list":["post-6916","page","type-page","status-publish","hentry"],"acf":{"set_page_width_full":false,"start_with_small_header":false,"reno_options":{"hide_reno_widget":false,"open_widget_on_page_load":false,"which_tab_to_open":"chatbot","hide_reno_turn_onoff":false,"set_height_to_mini":false,"reno_page_branded_text_back_front":{"reno_show_branded_text":false,"reno_text_in_the_back":"JOURNEY","reno_text_in_the_front":"my journey starts here"}},"branded_text_backfront":{"hide_branded_text":false,"text_in_the_back":"JOURNEY","text_in_the_front_left":"My journey","text_in_the_front_right":"starts here"},"hide_breadcrumbs":false,"hide_footer_widgets":false,"hide_page_title":false,"advertising__adsense":{"show_ads_in_this_page":true,"image_instead_of_adsense":{"enable_image_instead_of_adsense":false,"banner_image_300x250":null,"banner_url":""}},"header_image_options":{"show_header_image":"Yes","header_image":""}},"_links":{"self":[{"href":"https:\/\/www.lux-airport.lu\/fr\/wp-json\/wp\/v2\/pages\/6916","targetHints":{"allow":["GET"]}}],"collection":[{"href":"https:\/\/www.lux-airport.lu\/fr\/wp-json\/wp\/v2\/pages"}],"about":[{"href":"https:\/\/www.lux-airport.lu\/fr\/wp-json\/wp\/v2\/types\/page"}],"author":[{"embeddable":true,"href":"https:\/\/www.lux-airport.lu\/fr\/wp-json\/wp\/v2\/users\/1"}],"replies":[{"embeddable":true,"href":"https:\/\/www.lux-airport.lu\/fr\/wp-json\/wp\/v2\/comments?post=6916"}],"version-history":[{"count":0,"href":"https:\/\/www.lux-airport.lu\/fr\/wp-json\/wp\/v2\/pages\/6916\/revisions"}],"up":[{"embeddable":true,"href":"https:\/\/www.lux-airport.lu\/fr\/wp-json\/wp\/v2\/pages\/8931"}],"wp:attachment":[{"href":"https:\/\/www.lux-airport.lu\/fr\/wp-json\/wp\/v2\/media?parent=6916"}],"curies":[{"name":"wp","href":"https:\/\/api.w.org\/{rel}","templated":true}]}}