{"id":5847,"date":"2022-09-27T17:33:23","date_gmt":"2022-09-27T15:33:23","guid":{"rendered":"https:\/\/www.lux-airport.lu\/airport-rules-and-regulations\/"},"modified":"2025-04-29T17:28:08","modified_gmt":"2025-04-29T15:28:08","slug":"airport-rules-and-regulations","status":"publish","type":"page","link":"https:\/\/www.lux-airport.lu\/fr\/entreprise\/business-partenaires\/airport-rules-and-regulations\/","title":{"rendered":"R\u00e9glementations a\u00e9roportuaires"},"content":{"rendered":"\n<p>Tout usager de l\u2019a\u00e9roport \u2013 qu&rsquo;il soit \u00e0 bord d\u2019un avion, d\u2019un v\u00e9hicule au sol ou \u00e0 pied \u2013 est soumis aux lois et r\u00e8glements existants et futurs, et est tenu au respect des r\u00e9glementations, proc\u00e9dures, manuels et instructions existants et futurs en vigueur \u00e0 l\u2019a\u00e9roport de Luxembourg.<\/p>\n\n\n\n<p>Veuillez trouver ci-dessous les\u00a0<a href=\"https:\/\/www.lux-airport.lu\/wp-content\/uploads\/2025\/04\/Airport-Rules-and-Regulations-fr-25042025.pdf\" target=\"_blank\" data-type=\"URL\" data-id=\"https:\/\/www.lux-airport.lu\/wp-content\/uploads\/2022\/10\/Airport-Rules-and-Regulations_FR_10102017.pdf\" rel=\"noreferrer noopener\">r\u00e9glementations a\u00e9roportuaires<\/a>.<\/p>\n\n\n\n<div data-wp-interactive=\"core\/file\" class=\"wp-block-file\"><object data-wp-bind--hidden=\"!state.hasPdfPreview\" hidden class=\"wp-block-file__embed\" data=\"https:\/\/www.lux-airport.lu\/wp-content\/uploads\/2025\/04\/Airport-Rules-and-Regulations-fr-25042025.pdf\" type=\"application\/pdf\" style=\"width:100%;height:600px\" aria-label=\"Contenu embarqu\u00e9 Airport Rules and Regulations (fr) 25042025.\"><\/object><a id=\"wp-block-file--media-e0180ea9-26bb-4a14-96ba-9f88bd2346a7\" href=\"https:\/\/www.lux-airport.lu\/wp-content\/uploads\/2025\/04\/Airport-Rules-and-Regulations-fr-25042025.pdf\">Airport Rules and Regulations (fr) 25042025<\/a><a href=\"https:\/\/www.lux-airport.lu\/wp-content\/uploads\/2025\/04\/Airport-Rules-and-Regulations-fr-25042025.pdf\" class=\"wp-block-file__button wp-element-button\" download aria-describedby=\"wp-block-file--media-e0180ea9-26bb-4a14-96ba-9f88bd2346a7\">Download<\/a><\/div>\n","protected":false},"excerpt":{"rendered":"<p>Tout usager de l\u2019a\u00e9roport \u2013 qu&rsquo;il soit \u00e0 bord d\u2019un avion, d\u2019un v\u00e9hicule au sol ou \u00e0 pied \u2013 est soumis aux lois et r\u00e8glements existants et futurs, et est tenu au respect des r\u00e9glementations, proc\u00e9dures, manuels et instructions existants et futurs en vigueur \u00e0 l\u2019a\u00e9roport de Luxembourg. Veuillez trouver ci-dessous les\u00a0r\u00e9glementations a\u00e9roportuaires.<\/p>\n","protected":false},"author":1,"featured_media":0,"parent":6963,"menu_order":0,"comment_status":"closed","ping_status":"closed","template":"","meta":{"_acf_changed":false,"footnotes":""},"class_list":["post-5847","page","type-page","status-publish","hentry"],"acf":{"set_page_width_full":false,"start_with_small_header":false,"reno_options":{"hide_reno_widget":false,"open_widget_on_page_load":false,"which_tab_to_open":"chatbot","hide_reno_turn_onoff":false,"set_height_to_mini":false,"reno_page_branded_text_back_front":{"reno_show_branded_text":false,"reno_text_in_the_back":"JOURNEY","reno_text_in_the_front":"my journey starts here"}},"branded_text_backfront":{"hide_branded_text":false,"text_in_the_back":"JOURNEY","text_in_the_front_left":"My journey","text_in_the_front_right":"starts here"},"hide_breadcrumbs":false,"hide_footer_widgets":false,"hide_page_title":false,"advertising__adsense":{"show_ads_in_this_page":true,"image_instead_of_adsense":{"enable_image_instead_of_adsense":false,"banner_image_300x250":null,"banner_url":""}},"header_image_options":{"show_header_image":"Yes","header_image":""}},"_links":{"self":[{"href":"https:\/\/www.lux-airport.lu\/fr\/wp-json\/wp\/v2\/pages\/5847","targetHints":{"allow":["GET"]}}],"collection":[{"href":"https:\/\/www.lux-airport.lu\/fr\/wp-json\/wp\/v2\/pages"}],"about":[{"href":"https:\/\/www.lux-airport.lu\/fr\/wp-json\/wp\/v2\/types\/page"}],"author":[{"embeddable":true,"href":"https:\/\/www.lux-airport.lu\/fr\/wp-json\/wp\/v2\/users\/1"}],"replies":[{"embeddable":true,"href":"https:\/\/www.lux-airport.lu\/fr\/wp-json\/wp\/v2\/comments?post=5847"}],"version-history":[{"count":1,"href":"https:\/\/www.lux-airport.lu\/fr\/wp-json\/wp\/v2\/pages\/5847\/revisions"}],"predecessor-version":[{"id":23771,"href":"https:\/\/www.lux-airport.lu\/fr\/wp-json\/wp\/v2\/pages\/5847\/revisions\/23771"}],"up":[{"embeddable":true,"href":"https:\/\/www.lux-airport.lu\/fr\/wp-json\/wp\/v2\/pages\/6963"}],"wp:attachment":[{"href":"https:\/\/www.lux-airport.lu\/fr\/wp-json\/wp\/v2\/media?parent=5847"}],"curies":[{"name":"wp","href":"https:\/\/api.w.org\/{rel}","templated":true}]}}