{"id":5794,"date":"2022-09-08T16:09:25","date_gmt":"2022-09-08T14:09:25","guid":{"rendered":"https:\/\/www.lux-airport.lu\/management-team\/board-of-directors\/"},"modified":"2026-02-09T10:07:08","modified_gmt":"2026-02-09T09:07:08","slug":"board-of-directors","status":"publish","type":"page","link":"https:\/\/www.lux-airport.lu\/fr\/entreprise\/a-propos-de-nous\/equipe-de-direction\/board-of-directors\/","title":{"rendered":"Conseil d\u2019administration"},"content":{"rendered":"\n<h2 class=\"wp-block-heading\">Gilio Fonck<\/h2>\n\n\n\n<p>Premier Conseiller de Gouvernement au Minist\u00e8re de la Mobilit\u00e9 et des Travaux publics<br>Chair of the Board<\/p>\n\n\n\n<h2 class=\"wp-block-heading\">Serge Hoffmann<\/h2>\n\n\n\n<p>Premier Inspecteur des Finances au Minist\u00e8re des Finances<br>Vice-Chair of the Board<\/p>\n\n\n\n<h2 class=\"wp-block-heading\">B\u00e9atrice Abondio<\/h2>\n\n\n\n<p>Premier Conseiller de Gouvernement au Minist\u00e8re des Affaires int\u00e9rieures<br>Administrator<\/p>\n\n\n\n<h2 class=\"wp-block-heading\">R\u00e9gis Baumann<\/h2>\n\n\n\n<p>Employee representative<br>Administrator<\/p>\n\n\n\n<h2 class=\"wp-block-heading\">Daniel Delgado<\/h2>\n\n\n\n<p>Employee representative<br>Administrator<\/p>\n\n\n\n<h2 class=\"wp-block-heading\">Roland Fox<\/h2>\n\n\n\n<p>Directeur de l\u2019Administration des Ponts et Chauss\u00e9es<br>Administrator<\/p>\n\n\n\n<h2 class=\"wp-block-heading\">Yannick Pireaux<\/h2>\n\n\n\n<p>Employee representative<br>Administrator<\/p>\n\n\n\n<h2 class=\"wp-block-heading\">Thomas Schoos<\/h2>\n\n\n\n<p>Conseiller de Gouvernement au Minist\u00e8re de l\u2019Environnement, du Climat et de la Biodiversit\u00e9<br>Administrator<\/p>\n\n\n\n<h2 class=\"wp-block-heading\">Romain Spaus<\/h2>\n\n\n\n<p>Conseiller au Minist\u00e8re de la Mobilit\u00e9 et des Travaux publics<br>Administrator<\/p>\n\n\n\n<h2 class=\"wp-block-heading\">Max D\u00f6rner<\/h2>\n\n\n\n<p>Premier Conseiller de Gouvernement au Minist\u00e8re de la Mobilit\u00e9 et des Travaux publics<br>Administrator<\/p>\n","protected":false},"excerpt":{"rendered":"<p>Gilio Fonck Premier Conseiller de Gouvernement au Minist\u00e8re de la Mobilit\u00e9 et des Travaux publicsChair of the Board Serge Hoffmann Premier Inspecteur des Finances au Minist\u00e8re des FinancesVice-Chair of the Board B\u00e9atrice Abondio Premier Conseiller de Gouvernement au Minist\u00e8re des Affaires int\u00e9rieuresAdministrator R\u00e9gis Baumann Employee representativeAdministrator Daniel Delgado Employee representativeAdministrator Roland Fox Directeur de l\u2019Administration [&hellip;]<\/p>\n","protected":false},"author":1,"featured_media":0,"parent":4853,"menu_order":0,"comment_status":"closed","ping_status":"closed","template":"","meta":{"_acf_changed":false,"footnotes":""},"class_list":["post-5794","page","type-page","status-publish","hentry"],"acf":{"set_page_width_full":false,"start_with_small_header":false,"reno_options":{"hide_reno_widget":false,"open_widget_on_page_load":false,"which_tab_to_open":"chatbot","hide_reno_turn_onoff":false,"set_height_to_mini":false,"reno_page_branded_text_back_front":{"reno_show_branded_text":false,"reno_text_in_the_back":"JOURNEY","reno_text_in_the_front":"my journey starts here"}},"branded_text_backfront":{"hide_branded_text":false,"text_in_the_back":"JOURNEY","text_in_the_front_left":"My journey","text_in_the_front_right":"starts here"},"hide_breadcrumbs":false,"hide_footer_widgets":false,"hide_page_title":false,"advertising__adsense":{"show_ads_in_this_page":true,"image_instead_of_adsense":{"enable_image_instead_of_adsense":false,"banner_image_300x250":null,"banner_url":""}},"header_image_options":{"show_header_image":"Yes","header_image":""}},"_links":{"self":[{"href":"https:\/\/www.lux-airport.lu\/fr\/wp-json\/wp\/v2\/pages\/5794","targetHints":{"allow":["GET"]}}],"collection":[{"href":"https:\/\/www.lux-airport.lu\/fr\/wp-json\/wp\/v2\/pages"}],"about":[{"href":"https:\/\/www.lux-airport.lu\/fr\/wp-json\/wp\/v2\/types\/page"}],"author":[{"embeddable":true,"href":"https:\/\/www.lux-airport.lu\/fr\/wp-json\/wp\/v2\/users\/1"}],"replies":[{"embeddable":true,"href":"https:\/\/www.lux-airport.lu\/fr\/wp-json\/wp\/v2\/comments?post=5794"}],"version-history":[{"count":0,"href":"https:\/\/www.lux-airport.lu\/fr\/wp-json\/wp\/v2\/pages\/5794\/revisions"}],"up":[{"embeddable":true,"href":"https:\/\/www.lux-airport.lu\/fr\/wp-json\/wp\/v2\/pages\/4853"}],"wp:attachment":[{"href":"https:\/\/www.lux-airport.lu\/fr\/wp-json\/wp\/v2\/media?parent=5794"}],"curies":[{"name":"wp","href":"https:\/\/api.w.org\/{rel}","templated":true}]}}