{"id":4940,"date":"2022-09-06T16:56:24","date_gmt":"2022-09-06T14:56:24","guid":{"rendered":"https:\/\/www.lux-airport.lu\/airport-fees-and-charges\/"},"modified":"2023-06-01T12:56:23","modified_gmt":"2023-06-01T11:56:23","slug":"taxes-et-redevances-aeroportuaires","status":"publish","type":"page","link":"https:\/\/www.lux-airport.lu\/fr\/entreprise\/business-partenaires\/taxes-et-redevances-aeroportuaires\/","title":{"rendered":"Frais et redevances a\u00e9roportuaires"},"content":{"rendered":"\n<h2 class=\"wp-block-heading\">Frais d&rsquo;a\u00e9roport<\/h2>\n\n\n\n<p>Le document ci-apr\u00e8s \u00e9tablit les frais et redevances a\u00e9roportuaires en vigueur \u00e0 l&rsquo;a\u00e9roport de Luxembourg et en fixe les conditions et modalit\u00e9s d&rsquo;application.<br><\/p>\n\n\n\n<div data-wp-interactive=\"core\/file\" class=\"wp-block-file\"><object data-wp-bind--hidden=\"!state.hasPdfPreview\" hidden class=\"wp-block-file__embed\" data=\"https:\/\/www.lux-airport.lu\/wp-content\/uploads\/2022\/10\/Airport-Charges-Regime-2022-EN-5.0-published.pdf\" type=\"application\/pdf\" style=\"width:100%;height:600px\" aria-label=\"PDF embarqu\u00e9\"><\/object><a href=\"https:\/\/www.lux-airport.lu\/wp-content\/uploads\/2022\/10\/Airport-Charges-Regime-2022-EN-5.0-published.pdf\" class=\"wp-block-file__button wp-element-button\" download>T\u00e9l\u00e9charger<\/a><\/div>\n\n\n\n<p><\/p>\n\n\n\n<h2 class=\"wp-block-heading\">Frais de navigation terminale (TNC)<\/h2>\n\n\n\n<p>Vous pouvez trouver les conditions actuelles de l&rsquo;<em>Administration de la navigation a\u00e9rienne<\/em> (ANA) <a href=\"https:\/\/ana.gouvernement.lu\/en\/statistiques\/Redevances.html\" target=\"_blank\" rel=\"noreferrer noopener nofollow\">ici<\/a>.<\/p>\n","protected":false},"excerpt":{"rendered":"<p>Frais d&rsquo;a\u00e9roport Le document ci-apr\u00e8s \u00e9tablit les frais et redevances a\u00e9roportuaires en vigueur \u00e0 l&rsquo;a\u00e9roport de Luxembourg et en fixe les conditions et modalit\u00e9s d&rsquo;application. Frais de navigation terminale (TNC) Vous pouvez trouver les conditions actuelles de l&rsquo;Administration de la navigation a\u00e9rienne (ANA) ici.<\/p>\n","protected":false},"author":1,"featured_media":0,"parent":6963,"menu_order":0,"comment_status":"closed","ping_status":"closed","template":"","meta":{"_acf_changed":false,"footnotes":""},"class_list":["post-4940","page","type-page","status-publish","hentry"],"acf":{"set_page_width_full":false,"start_with_small_header":false,"reno_options":{"hide_reno_widget":false,"open_widget_on_page_load":false,"which_tab_to_open":"chatbot","hide_reno_turn_onoff":false,"set_height_to_mini":false,"reno_page_branded_text_back_front":{"reno_show_branded_text":false,"reno_text_in_the_back":"JOURNEY","reno_text_in_the_front":"my journey starts here"}},"branded_text_backfront":{"hide_branded_text":false,"text_in_the_back":"JOURNEY","text_in_the_front_left":"My journey","text_in_the_front_right":"starts here"},"hide_breadcrumbs":false,"hide_footer_widgets":false,"hide_page_title":false,"advertising__adsense":{"show_ads_in_this_page":true,"image_instead_of_adsense":{"enable_image_instead_of_adsense":false,"banner_image_300x250":null,"banner_url":""}},"header_image_options":{"show_header_image":"Yes","header_image":""}},"_links":{"self":[{"href":"https:\/\/www.lux-airport.lu\/fr\/wp-json\/wp\/v2\/pages\/4940","targetHints":{"allow":["GET"]}}],"collection":[{"href":"https:\/\/www.lux-airport.lu\/fr\/wp-json\/wp\/v2\/pages"}],"about":[{"href":"https:\/\/www.lux-airport.lu\/fr\/wp-json\/wp\/v2\/types\/page"}],"author":[{"embeddable":true,"href":"https:\/\/www.lux-airport.lu\/fr\/wp-json\/wp\/v2\/users\/1"}],"replies":[{"embeddable":true,"href":"https:\/\/www.lux-airport.lu\/fr\/wp-json\/wp\/v2\/comments?post=4940"}],"version-history":[{"count":0,"href":"https:\/\/www.lux-airport.lu\/fr\/wp-json\/wp\/v2\/pages\/4940\/revisions"}],"up":[{"embeddable":true,"href":"https:\/\/www.lux-airport.lu\/fr\/wp-json\/wp\/v2\/pages\/6963"}],"wp:attachment":[{"href":"https:\/\/www.lux-airport.lu\/fr\/wp-json\/wp\/v2\/media?parent=4940"}],"curies":[{"name":"wp","href":"https:\/\/api.w.org\/{rel}","templated":true}]}}