{"id":4916,"date":"2022-09-06T15:02:41","date_gmt":"2022-09-06T13:02:41","guid":{"rendered":"https:\/\/www.lux-airport.lu\/?page_id=4916"},"modified":"2023-02-09T11:59:45","modified_gmt":"2023-02-09T10:59:45","slug":"plan-de-laeroport","status":"publish","type":"page","link":"https:\/\/www.lux-airport.lu\/fr\/enregistrement-et-voyage\/plan-de-laeroport\/","title":{"rendered":"Plan de l&rsquo;a\u00e9roport"},"content":{"rendered":"\n<p>L&rsquo;a\u00e9roport de Luxembourg est plus qu&rsquo;un simple a\u00e9roport. C&rsquo;est un endroit o\u00f9 vous pouvez vous laisser tenter par une cuisine raffin\u00e9e, fl\u00e2ner dans des boutiques \u00e9l\u00e9gantes et vous d\u00e9tendre avant votre vol, le tout sous un m\u00eame toit. Ce qui vous fera vraiment tomber amoureux de l&rsquo;a\u00e9roport, c&rsquo;est sa taille. L&rsquo;a\u00e9roport-boutique contemporain combine de mani\u00e8re transparente les choix de destinations d&rsquo;un grand a\u00e9roport international avec la tranquillit\u00e9 d&rsquo;un a\u00e9roport de type r\u00e9gional. Les courtes distances de marche vers les portes d\u2019embarquement permettent de profiter agr\u00e9ablement des services et produits propos\u00e9s dans les boutiques duty free o\u00f9 vous trouverez un choix vari\u00e9 \u00e0 votre disposition.<\/p>\n\n\n\n<p>Utilisez la carte interactive ci-dessous pour en savoir plus sur l&rsquo;<strong>a\u00e9roport de Luxembourg, des informations<\/strong> sur les magasins et les restaurants et bien plus encore.<\/p>\n\n\n\n<div class=\"wp-block-columns is-layout-flex wp-container-core-columns-is-layout-9d6595d7 wp-block-columns-is-layout-flex\">\n<div class=\"wp-block-column airportMapListContainer airportMapListContainerA1 is-layout-flow wp-block-column-is-layout-flow\" style=\"flex-basis:25%\">\n<p style=\"font-size:25px\"><strong>Terminal A<\/strong><\/p>\n\n\n\n<h3 class=\"wp-block-heading\">Niveau +1 <span class=\"tangerine\">Mezzanine<\/span><\/h3>\n\n\n\n<p class=\"airportMapListA1\">stores will appear here dynamically<\/p>\n<\/div>\n\n\n\n<div class=\"wp-block-column is-vertically-aligned-center is-layout-flow wp-block-column-is-layout-flow\" style=\"flex-basis:75%\"><div class=\"wp-block-image airportMapFigure airportMapA1\">\n<figure class=\"aligncenter size-full\"><img loading=\"lazy\" decoding=\"async\" width=\"1000\" height=\"522\" src=\"https:\/\/www.lux-airport.lu\/wp-content\/uploads\/2022\/11\/lux-Airport-map-Level-1-4.png\" alt=\"\" class=\"wp-image-8321\" srcset=\"https:\/\/www.lux-airport.lu\/wp-content\/uploads\/2022\/11\/lux-Airport-map-Level-1-4.png 1000w, https:\/\/www.lux-airport.lu\/wp-content\/uploads\/2022\/11\/lux-Airport-map-Level-1-4-300x157.png 300w, https:\/\/www.lux-airport.lu\/wp-content\/uploads\/2022\/11\/lux-Airport-map-Level-1-4-768x401.png 768w\" sizes=\"auto, (max-width: 1000px) 100vw, 1000px\" \/><\/figure>\n<\/div>\n\n\n<div class=\"wp-block-columns is-not-stacked-on-mobile airportMapMatrix is-layout-flex wp-container-core-columns-is-layout-9d6595d7 wp-block-columns-is-layout-flex\">\n<div class=\"wp-block-column has-background is-layout-flow wp-block-column-is-layout-flow\" style=\"background-color:#fadc9c\">\n<p class=\"has-text-align-center\"><strong>Shopping \/ Alimentation et boissons<\/strong><\/p>\n<\/div>\n\n\n\n<div class=\"wp-block-column has-white-color has-text-color has-background is-layout-flow wp-block-column-is-layout-flow\" style=\"background-color:#7f8a9e\">\n<p class=\"has-text-align-center\"><strong>Services \/ Informations<\/strong><\/p>\n<\/div>\n\n\n\n<div class=\"wp-block-column airportMapLegendWC has-background is-layout-flow wp-block-column-is-layout-flow\" style=\"background-color:#85feff\">\n<p class=\"has-text-align-center\"><strong>WC \/ Toilette<\/strong><\/p>\n<\/div>\n\n\n\n<div class=\"wp-block-column airportMapLegendAdmin has-white-color has-text-color has-background is-layout-flow wp-block-column-is-layout-flow\" style=\"background-color:#df2b32\">\n<p class=\"has-text-align-center\"><strong>Zone Admin<\/strong><\/p>\n<\/div>\n<\/div>\n\n\n\n<div class=\"wp-block-columns is-not-stacked-on-mobile airportMapMatrix is-layout-flex wp-container-core-columns-is-layout-9d6595d7 wp-block-columns-is-layout-flex\">\n<div class=\"wp-block-column has-background is-layout-flow wp-block-column-is-layout-flow\" style=\"background-color:#f5f4ef\">\n<p class=\"has-text-align-center\"><strong>PUBLIC<\/strong> <strong>AREA<\/strong><\/p>\n<\/div>\n\n\n\n<div class=\"wp-block-column has-background is-layout-flow wp-block-column-is-layout-flow\" style=\"background-color:#e1d9b4\">\n<p class=\"has-text-align-center\"><strong>PASSAGER NON SCHENGEN<\/strong><\/p>\n<\/div>\n\n\n\n<div class=\"wp-block-column has-background is-layout-flow wp-block-column-is-layout-flow\" style=\"background-color:#f8ffc9\">\n<p class=\"has-text-align-center\"><strong>PASSAGER SCHENGEN<\/strong><\/p>\n<\/div>\n<\/div>\n<\/div>\n<\/div>\n\n\n\n<div class=\"wp-block-columns is-layout-flex wp-container-core-columns-is-layout-9d6595d7 wp-block-columns-is-layout-flex\">\n<div class=\"wp-block-column airportMapListContainer airportMapListContainerA0 is-layout-flow wp-block-column-is-layout-flow\" style=\"flex-basis:25%\">\n<p style=\"font-size:25px\"><strong>Terminal A<\/strong><\/p>\n\n\n\n<h3 class=\"wp-block-heading\">Niveau 0 <span class=\"tangerine\">Rez-de-Chaussee<\/span><\/h3>\n\n\n\n<p class=\"airportMapListA0\">stores will appear here dynamically<\/p>\n<\/div>\n\n\n\n<div class=\"wp-block-column is-vertically-aligned-center is-layout-flow wp-block-column-is-layout-flow\" style=\"flex-basis:75%\"><div class=\"wp-block-image airportMapFigure airportMapA0\">\n<figure class=\"aligncenter size-full\"><img loading=\"lazy\" decoding=\"async\" width=\"1000\" height=\"511\" src=\"https:\/\/www.lux-airport.lu\/wp-content\/uploads\/2022\/11\/lux-Airport-map-Level-0-3.png\" alt=\"\" class=\"wp-image-8318\" srcset=\"https:\/\/www.lux-airport.lu\/wp-content\/uploads\/2022\/11\/lux-Airport-map-Level-0-3.png 1000w, https:\/\/www.lux-airport.lu\/wp-content\/uploads\/2022\/11\/lux-Airport-map-Level-0-3-300x153.png 300w, https:\/\/www.lux-airport.lu\/wp-content\/uploads\/2022\/11\/lux-Airport-map-Level-0-3-768x392.png 768w\" sizes=\"auto, (max-width: 1000px) 100vw, 1000px\" \/><\/figure>\n<\/div>\n\n\n<div class=\"wp-block-columns is-not-stacked-on-mobile airportMapMatrix is-layout-flex wp-container-core-columns-is-layout-9d6595d7 wp-block-columns-is-layout-flex\">\n<div class=\"wp-block-column has-background is-layout-flow wp-block-column-is-layout-flow\" style=\"background-color:#fadc9c\">\n<p class=\"has-text-align-center\"><strong>Shopping \/ Alimentation et boissons<\/strong><\/p>\n<\/div>\n\n\n\n<div class=\"wp-block-column has-white-color has-text-color has-background is-layout-flow wp-block-column-is-layout-flow\" style=\"background-color:#7f8a9e\">\n<p class=\"has-text-align-center\"><strong>Services \/ Informations<\/strong><\/p>\n<\/div>\n\n\n\n<div class=\"wp-block-column airportMapLegendWC has-background is-layout-flow wp-block-column-is-layout-flow\" style=\"background-color:#85feff\">\n<p class=\"has-text-align-center\"><strong>WC \/ Toilette<\/strong><\/p>\n<\/div>\n\n\n\n<div class=\"wp-block-column airportMapLegendAdmin has-white-color has-text-color has-background is-layout-flow wp-block-column-is-layout-flow\" style=\"background-color:#df2b32\">\n<p class=\"has-text-align-center\"><strong>Zone Admin<\/strong><\/p>\n<\/div>\n<\/div>\n\n\n\n<div class=\"wp-block-columns is-not-stacked-on-mobile airportMapMatrix is-layout-flex wp-container-core-columns-is-layout-9d6595d7 wp-block-columns-is-layout-flex\">\n<div class=\"wp-block-column has-background is-layout-flow wp-block-column-is-layout-flow\" style=\"background-color:#f5f4ef\">\n<p class=\"has-text-align-center\"><strong>PUBLIC<\/strong> <strong>AREA<\/strong><\/p>\n<\/div>\n\n\n\n<div class=\"wp-block-column has-background is-layout-flow wp-block-column-is-layout-flow\" style=\"background-color:#e1d9b4\">\n<p class=\"has-text-align-center\"><strong>PASSAGER NON SCHENGEN<\/strong><\/p>\n<\/div>\n\n\n\n<div class=\"wp-block-column has-background is-layout-flow wp-block-column-is-layout-flow\" style=\"background-color:#f8ffc9\">\n<p class=\"has-text-align-center\"><strong>PASSAGER SCHENGEN<\/strong><\/p>\n<\/div>\n<\/div>\n<\/div>\n<\/div>\n\n\n\n<div class=\"wp-block-columns is-layout-flex wp-container-core-columns-is-layout-9d6595d7 wp-block-columns-is-layout-flex\">\n<div class=\"wp-block-column airportMapListContainer airportMapListContainerA-1 is-layout-flow wp-block-column-is-layout-flow\" style=\"flex-basis:25%\">\n<p style=\"font-size:25px\"><strong>Terminal A<\/strong><\/p>\n\n\n\n<h3 class=\"wp-block-heading\">Niveau -1 <span class=\"tangerine\">Passerelle<\/span><\/h3>\n\n\n\n<p class=\"airportMapListA-1\">stores will appear here dynamically<\/p>\n<\/div>\n\n\n\n<div class=\"wp-block-column is-vertically-aligned-center is-layout-flow wp-block-column-is-layout-flow\" style=\"flex-basis:75%\"><div class=\"wp-block-image airportMapFigure airportMapA-1\">\n<figure class=\"aligncenter size-full\"><img loading=\"lazy\" decoding=\"async\" width=\"1000\" height=\"520\" src=\"https:\/\/www.lux-airport.lu\/wp-content\/uploads\/2022\/11\/lux-Airport-map-Level-1-3.png\" alt=\"\" class=\"wp-image-8257\" srcset=\"https:\/\/www.lux-airport.lu\/wp-content\/uploads\/2022\/11\/lux-Airport-map-Level-1-3.png 1000w, https:\/\/www.lux-airport.lu\/wp-content\/uploads\/2022\/11\/lux-Airport-map-Level-1-3-300x156.png 300w, https:\/\/www.lux-airport.lu\/wp-content\/uploads\/2022\/11\/lux-Airport-map-Level-1-3-768x399.png 768w\" sizes=\"auto, (max-width: 1000px) 100vw, 1000px\" \/><\/figure>\n<\/div>\n\n\n<div class=\"wp-block-columns is-not-stacked-on-mobile airportMapMatrix is-layout-flex wp-container-core-columns-is-layout-9d6595d7 wp-block-columns-is-layout-flex\">\n<div class=\"wp-block-column has-background is-layout-flow wp-block-column-is-layout-flow\" style=\"background-color:#fadc9c\">\n<p class=\"has-text-align-center\"><strong>Shopping \/ Alimentation et boissons<\/strong><\/p>\n<\/div>\n\n\n\n<div class=\"wp-block-column has-white-color has-text-color has-background is-layout-flow wp-block-column-is-layout-flow\" style=\"background-color:#7f8a9e\">\n<p class=\"has-text-align-center\"><strong>Services \/ Informations<\/strong><\/p>\n<\/div>\n\n\n\n<div class=\"wp-block-column airportMapLegendWC has-background is-layout-flow wp-block-column-is-layout-flow\" style=\"background-color:#85feff\">\n<p class=\"has-text-align-center\"><strong>WC \/ Toilette<\/strong><\/p>\n<\/div>\n\n\n\n<div class=\"wp-block-column airportMapLegendAdmin has-white-color has-text-color has-background is-layout-flow wp-block-column-is-layout-flow\" style=\"background-color:#df2b32\">\n<p class=\"has-text-align-center\"><strong>Zone Admin<\/strong><\/p>\n<\/div>\n<\/div>\n\n\n\n<div class=\"wp-block-columns is-not-stacked-on-mobile airportMapMatrix is-layout-flex wp-container-core-columns-is-layout-9d6595d7 wp-block-columns-is-layout-flex\">\n<div class=\"wp-block-column has-background is-layout-flow wp-block-column-is-layout-flow\" style=\"background-color:#f5f4ef\">\n<p class=\"has-text-align-center\"><strong>PUBLIC<\/strong> <strong>AREA<\/strong><\/p>\n<\/div>\n\n\n\n<div class=\"wp-block-column has-background is-layout-flow wp-block-column-is-layout-flow\" style=\"background-color:#e1d9b4\">\n<p class=\"has-text-align-center\"><strong>PASSAGER NON SCHENGEN<\/strong><\/p>\n<\/div>\n\n\n\n<div class=\"wp-block-column has-background is-layout-flow wp-block-column-is-layout-flow\" style=\"background-color:#f8ffc9\">\n<p class=\"has-text-align-center\"><strong>PASSAGER SCHENGEN<\/strong><\/p>\n<\/div>\n<\/div>\n<\/div>\n<\/div>\n\n\n\n<div class=\"wp-block-columns is-layout-flex wp-container-core-columns-is-layout-9d6595d7 wp-block-columns-is-layout-flex\">\n<div class=\"wp-block-column airportMapListContainer airportMapListContainerB1 is-layout-flow wp-block-column-is-layout-flow\" style=\"flex-basis:25%\">\n<p style=\"font-size:25px\"><strong>Terminal B<\/strong><\/p>\n\n\n\n<h3 class=\"wp-block-heading\"> Niveau 1<\/h3>\n\n\n\n<p class=\"airportMapListB1\">stores will appear here dynamically<\/p>\n<\/div>\n\n\n\n<div class=\"wp-block-column is-vertically-aligned-center is-layout-flow wp-block-column-is-layout-flow\" style=\"flex-basis:75%\"><div class=\"wp-block-image airportMapFigure airportMapB1\">\n<figure class=\"aligncenter size-full\"><img loading=\"lazy\" decoding=\"async\" width=\"912\" height=\"519\" src=\"https:\/\/www.lux-airport.lu\/wp-content\/uploads\/2022\/12\/lux-Airport-map-terminal-b-Level-1.png\" alt=\"\" class=\"wp-image-8817\" srcset=\"https:\/\/www.lux-airport.lu\/wp-content\/uploads\/2022\/12\/lux-Airport-map-terminal-b-Level-1.png 912w, https:\/\/www.lux-airport.lu\/wp-content\/uploads\/2022\/12\/lux-Airport-map-terminal-b-Level-1-300x171.png 300w, https:\/\/www.lux-airport.lu\/wp-content\/uploads\/2022\/12\/lux-Airport-map-terminal-b-Level-1-768x437.png 768w\" sizes=\"auto, (max-width: 912px) 100vw, 912px\" \/><\/figure>\n<\/div>\n\n\n<div class=\"wp-block-columns is-not-stacked-on-mobile airportMapMatrix is-layout-flex wp-container-core-columns-is-layout-9d6595d7 wp-block-columns-is-layout-flex\">\n<div class=\"wp-block-column has-background is-layout-flow wp-block-column-is-layout-flow\" style=\"background-color:#fadc9c\">\n<p class=\"has-text-align-center\"><strong>Shopping \/ Alimentation et boissons<\/strong><\/p>\n<\/div>\n\n\n\n<div class=\"wp-block-column has-white-color has-text-color has-background is-layout-flow wp-block-column-is-layout-flow\" style=\"background-color:#7f8a9e\">\n<p class=\"has-text-align-center\"><strong>Services \/ Informations<\/strong><\/p>\n<\/div>\n\n\n\n<div class=\"wp-block-column airportMapLegendWC has-background is-layout-flow wp-block-column-is-layout-flow\" style=\"background-color:#85feff\">\n<p class=\"has-text-align-center\"><strong>WC \/ Toilette<\/strong><\/p>\n<\/div>\n\n\n\n<div class=\"wp-block-column airportMapLegendAdmin has-white-color has-text-color has-background is-layout-flow wp-block-column-is-layout-flow\" style=\"background-color:#df2b32\">\n<p class=\"has-text-align-center\"><strong>Zone Admin<\/strong><\/p>\n<\/div>\n<\/div>\n\n\n\n<div class=\"wp-block-columns is-not-stacked-on-mobile airportMapMatrix is-layout-flex wp-container-core-columns-is-layout-9d6595d7 wp-block-columns-is-layout-flex\">\n<div class=\"wp-block-column has-background is-layout-flow wp-block-column-is-layout-flow\" style=\"background-color:#f5f4ef\">\n<p class=\"has-text-align-center\"><strong>PUBLIC<\/strong> <strong>AREA<\/strong><\/p>\n<\/div>\n\n\n\n<div class=\"wp-block-column has-background is-layout-flow wp-block-column-is-layout-flow\" style=\"background-color:#e1d9b4\">\n<p class=\"has-text-align-center\"><strong>PASSAGER NON SCHENGEN<\/strong><\/p>\n<\/div>\n\n\n\n<div class=\"wp-block-column has-background is-layout-flow wp-block-column-is-layout-flow\" style=\"background-color:#f8ffc9\">\n<p class=\"has-text-align-center\"><strong>PASSAGER SCHENGEN<\/strong><\/p>\n<\/div>\n<\/div>\n<\/div>\n<\/div>\n\n\n\n<div class=\"wp-block-columns is-layout-flex wp-container-core-columns-is-layout-9d6595d7 wp-block-columns-is-layout-flex\">\n<div class=\"wp-block-column airportMapListContainer airportMapListContainerB0 is-layout-flow wp-block-column-is-layout-flow\" style=\"flex-basis:25%\">\n<p style=\"font-size:25px\"><strong>Terminal B<\/strong><\/p>\n\n\n\n<h3 class=\"wp-block-heading\">Niveau 0<\/h3>\n\n\n\n<p class=\"airportMapListB0\">stores will appear here dynamically<\/p>\n<\/div>\n\n\n\n<div class=\"wp-block-column is-vertically-aligned-center is-layout-flow wp-block-column-is-layout-flow\" style=\"flex-basis:75%\"><div class=\"wp-block-image airportMapFigure airportMapB0\">\n<figure class=\"aligncenter size-full\"><img loading=\"lazy\" decoding=\"async\" width=\"912\" height=\"442\" src=\"https:\/\/www.lux-airport.lu\/wp-content\/uploads\/2022\/12\/lux-Airport-map-terminal-b-Level-0.png\" alt=\"\" class=\"wp-image-8761\" srcset=\"https:\/\/www.lux-airport.lu\/wp-content\/uploads\/2022\/12\/lux-Airport-map-terminal-b-Level-0.png 912w, https:\/\/www.lux-airport.lu\/wp-content\/uploads\/2022\/12\/lux-Airport-map-terminal-b-Level-0-300x145.png 300w, https:\/\/www.lux-airport.lu\/wp-content\/uploads\/2022\/12\/lux-Airport-map-terminal-b-Level-0-768x372.png 768w\" sizes=\"auto, (max-width: 912px) 100vw, 912px\" \/><\/figure>\n<\/div>\n\n\n<div class=\"wp-block-columns is-not-stacked-on-mobile airportMapMatrix is-layout-flex wp-container-core-columns-is-layout-9d6595d7 wp-block-columns-is-layout-flex\">\n<div class=\"wp-block-column has-background is-layout-flow wp-block-column-is-layout-flow\" style=\"background-color:#fadc9c\">\n<p class=\"has-text-align-center\"><strong>Shopping \/ Alimentation et boissons<\/strong><\/p>\n<\/div>\n\n\n\n<div class=\"wp-block-column has-white-color has-text-color has-background is-layout-flow wp-block-column-is-layout-flow\" style=\"background-color:#7f8a9e\">\n<p class=\"has-text-align-center\"><strong>Services \/ Informations<\/strong><\/p>\n<\/div>\n\n\n\n<div class=\"wp-block-column airportMapLegendWC has-background is-layout-flow wp-block-column-is-layout-flow\" style=\"background-color:#85feff\">\n<p class=\"has-text-align-center\"><strong>WC \/ Toilette<\/strong><\/p>\n<\/div>\n\n\n\n<div class=\"wp-block-column airportMapLegendAdmin has-white-color has-text-color has-background is-layout-flow wp-block-column-is-layout-flow\" style=\"background-color:#df2b32\">\n<p class=\"has-text-align-center\"><strong>Zone Admin<\/strong><\/p>\n<\/div>\n<\/div>\n\n\n\n<div class=\"wp-block-columns is-not-stacked-on-mobile airportMapMatrix is-layout-flex wp-container-core-columns-is-layout-9d6595d7 wp-block-columns-is-layout-flex\">\n<div class=\"wp-block-column has-background is-layout-flow wp-block-column-is-layout-flow\" style=\"background-color:#f5f4ef\">\n<p class=\"has-text-align-center\"><strong>PUBLIC<\/strong> <strong>AREA<\/strong><\/p>\n<\/div>\n\n\n\n<div class=\"wp-block-column has-background is-layout-flow wp-block-column-is-layout-flow\" style=\"background-color:#e1d9b4\">\n<p class=\"has-text-align-center\"><strong>PASSAGER NON SCHENGEN<\/strong><\/p>\n<\/div>\n\n\n\n<div class=\"wp-block-column has-background is-layout-flow wp-block-column-is-layout-flow\" style=\"background-color:#f8ffc9\">\n<p class=\"has-text-align-center\"><strong>PASSAGER SCHENGEN<\/strong><\/p>\n<\/div>\n<\/div>\n<\/div>\n<\/div>\n","protected":false},"excerpt":{"rendered":"<p>L&rsquo;a\u00e9roport de Luxembourg est plus qu&rsquo;un simple a\u00e9roport. C&rsquo;est un endroit o\u00f9 vous pouvez vous laisser tenter par une cuisine raffin\u00e9e, fl\u00e2ner dans des boutiques \u00e9l\u00e9gantes et vous d\u00e9tendre avant votre vol, le tout sous un m\u00eame toit. Ce qui vous fera vraiment tomber amoureux de l&rsquo;a\u00e9roport, c&rsquo;est sa taille. L&rsquo;a\u00e9roport-boutique contemporain combine de mani\u00e8re [&hellip;]<\/p>\n","protected":false},"author":1,"featured_media":0,"parent":6955,"menu_order":0,"comment_status":"closed","ping_status":"closed","template":"page-templates\/template-airport-map.php","meta":{"_acf_changed":false,"footnotes":""},"class_list":["post-4916","page","type-page","status-publish","hentry"],"acf":{"set_page_width_full":false,"start_with_small_header":false,"reno_options":{"hide_reno_widget":false,"open_widget_on_page_load":false,"which_tab_to_open":"chatbot","hide_reno_turn_onoff":false,"set_height_to_mini":false,"reno_page_branded_text_back_front":{"reno_show_branded_text":false,"reno_text_in_the_back":"JOURNEY","reno_text_in_the_front":"my journey starts here"}},"branded_text_backfront":{"hide_branded_text":false,"text_in_the_back":"JOURNEY","text_in_the_front_left":"My journey","text_in_the_front_right":"starts here"},"hide_breadcrumbs":false,"hide_footer_widgets":false,"hide_page_title":false,"advertising__adsense":{"show_ads_in_this_page":true,"image_instead_of_adsense":{"enable_image_instead_of_adsense":false,"banner_image_300x250":null,"banner_url":""}},"header_image_options":{"show_header_image":"Yes","header_image":""}},"_links":{"self":[{"href":"https:\/\/www.lux-airport.lu\/fr\/wp-json\/wp\/v2\/pages\/4916","targetHints":{"allow":["GET"]}}],"collection":[{"href":"https:\/\/www.lux-airport.lu\/fr\/wp-json\/wp\/v2\/pages"}],"about":[{"href":"https:\/\/www.lux-airport.lu\/fr\/wp-json\/wp\/v2\/types\/page"}],"author":[{"embeddable":true,"href":"https:\/\/www.lux-airport.lu\/fr\/wp-json\/wp\/v2\/users\/1"}],"replies":[{"embeddable":true,"href":"https:\/\/www.lux-airport.lu\/fr\/wp-json\/wp\/v2\/comments?post=4916"}],"version-history":[{"count":0,"href":"https:\/\/www.lux-airport.lu\/fr\/wp-json\/wp\/v2\/pages\/4916\/revisions"}],"up":[{"embeddable":true,"href":"https:\/\/www.lux-airport.lu\/fr\/wp-json\/wp\/v2\/pages\/6955"}],"wp:attachment":[{"href":"https:\/\/www.lux-airport.lu\/fr\/wp-json\/wp\/v2\/media?parent=4916"}],"curies":[{"name":"wp","href":"https:\/\/api.w.org\/{rel}","templated":true}]}}