{"id":4853,"date":"2022-09-02T14:18:03","date_gmt":"2022-09-02T12:18:03","guid":{"rendered":"https:\/\/www.lux-airport.lu\/management-team\/"},"modified":"2026-01-28T09:56:26","modified_gmt":"2026-01-28T08:56:26","slug":"equipe-de-direction","status":"publish","type":"page","link":"https:\/\/www.lux-airport.lu\/fr\/entreprise\/a-propos-de-nous\/equipe-de-direction\/","title":{"rendered":"\u00c9quipe de gestion"},"content":{"rendered":"\n<h2 class=\"wp-block-heading\"><strong>\u00c9QUIPE DE DIRECTION<\/strong><\/h2>\n\n\n\n<div class=\"wp-block-columns is-layout-flex wp-container-core-columns-is-layout-9d6595d7 wp-block-columns-is-layout-flex\">\n<div class=\"wp-block-column is-layout-flow wp-block-column-is-layout-flow\" style=\"flex-basis:30%\"><div class=\"wp-block-image\">\n<figure class=\"alignleft size-full\"><img loading=\"lazy\" decoding=\"async\" width=\"600\" height=\"600\" src=\"https:\/\/www.lux-airport.lu\/wp-content\/uploads\/2022\/09\/image-19.png\" alt=\"\" class=\"wp-image-4723\" srcset=\"https:\/\/www.lux-airport.lu\/wp-content\/uploads\/2022\/09\/image-19.png 600w, https:\/\/www.lux-airport.lu\/wp-content\/uploads\/2022\/09\/image-19-300x300.png 300w, https:\/\/www.lux-airport.lu\/wp-content\/uploads\/2022\/09\/image-19-150x150.png 150w\" sizes=\"auto, (max-width: 600px) 100vw, 600px\" \/><\/figure>\n<\/div><\/div>\n\n\n\n<div class=\"wp-block-column is-layout-flow wp-block-column-is-layout-flow\" style=\"flex-basis:70%\">\n<h2 class=\"wp-block-heading\">Alexander Flassak<\/h2>\n\n\n\n<h4 class=\"wp-block-heading\">Chief Executive Officer<\/h4>\n\n\n\n<p>Alexander Flassak a rejoint lux-Airport en 2014 en tant que directeur financier et responsable du d\u00e9veloppement immobilier. Avant d&rsquo;occuper ce poste, Alexander a travaill\u00e9 chez Ernst &amp; Young pendant neuf ans, \u00e0 Francfort et \u00e0 Luxembourg. Il est titulaire de quatre dipl\u00f4mes universitaires et a repris en 2012 un poste de professeur suppl\u00e9ant en finance \u00e0 Mayence, en Allemagne. Il a \u00e9crit plusieurs manuels dans le domaine de la gestion des r\u00e9clamations et des risques et a re\u00e7u le titre de \u00ab directeur financier de l\u2019ann\u00e9e \u00bb en 2016. Alexander Flassak est pr\u00e9sident du conseil d&rsquo;administration d&rsquo;Airport-Energy, une soci\u00e9t\u00e9 d\u00e9tenue \u00e0 50 % par lux-Airport.<\/p>\n\n\n\n<p><a rel=\"noreferrer noopener nofollow\" href=\"https:\/\/lu.linkedin.com\/in\/alexander-flassak-04599413\" target=\"_blank\"><em>Linkedin<\/em><\/a><\/p>\n<\/div>\n<\/div>\n\n\n\n<div class=\"wp-block-columns is-layout-flex wp-container-core-columns-is-layout-9d6595d7 wp-block-columns-is-layout-flex\">\n<div class=\"wp-block-column is-vertically-aligned-top is-layout-flow wp-block-column-is-layout-flow\" style=\"flex-basis:30%\"><div class=\"wp-block-image\">\n<figure class=\"alignleft size-full\"><img loading=\"lazy\" decoding=\"async\" width=\"600\" height=\"600\" src=\"https:\/\/www.lux-airport.lu\/wp-content\/uploads\/2022\/09\/image-23.png\" alt=\"\" class=\"wp-image-4756\" srcset=\"https:\/\/www.lux-airport.lu\/wp-content\/uploads\/2022\/09\/image-23.png 600w, https:\/\/www.lux-airport.lu\/wp-content\/uploads\/2022\/09\/image-23-300x300.png 300w, https:\/\/www.lux-airport.lu\/wp-content\/uploads\/2022\/09\/image-23-150x150.png 150w\" sizes=\"auto, (max-width: 600px) 100vw, 600px\" \/><\/figure>\n<\/div><\/div>\n\n\n\n<div class=\"wp-block-column is-layout-flow wp-block-column-is-layout-flow\" style=\"flex-basis:70%\">\n<h2 class=\"wp-block-heading\">David Konsbruck<\/h2>\n\n\n\n<h4 class=\"wp-block-heading\">Chief Administrative Officer<\/h4>\n\n\n\n<p>David Konsbruck a \u00e9tudi\u00e9 l&rsquo;administration des affaires. Il a rejoint lux-Airport en juin 2006 en tant que directeur de l&rsquo;administration et des finances avant d&rsquo;\u00eatre nomm\u00e9 directeur financier \u00e0 la fin de l\u2019ann\u00e9e 2006. Il a particip\u00e9 activement&nbsp;<\/p>\n\n\n\n<p>\u00e0 la pr\u00e9paration et \u00e0 l&rsquo;ouverture du nouveau terminal A \u00e0 l&rsquo;a\u00e9roport de Luxembourg en mai 2008. Avant d&rsquo;occuper ce poste, il a travaill\u00e9 pendant neuf ans pour une soci\u00e9t\u00e9 de conseil en ing\u00e9nierie. En 2015, il a \u00e9t\u00e9 nomm\u00e9 directeur de l&rsquo;administration et des ressources humaines avec pour attributions notamment les achats, les ressources humaines et les revenus des infrastructures.<\/p>\n\n\n\n<p><a rel=\"noreferrer noopener nofollow\" href=\"https:\/\/lu.linkedin.com\/in\/david-konsbruck-19a044128\/en\" target=\"_blank\"><em>Linkedin<\/em><\/a><\/p>\n<\/div>\n<\/div>\n\n\n\n<div class=\"wp-block-columns is-layout-flex wp-container-core-columns-is-layout-9d6595d7 wp-block-columns-is-layout-flex\">\n<div class=\"wp-block-column is-vertically-aligned-top is-layout-flow wp-block-column-is-layout-flow\" style=\"flex-basis:30%\"><div class=\"wp-block-image\">\n<figure class=\"alignleft size-full\"><img loading=\"lazy\" decoding=\"async\" width=\"600\" height=\"600\" src=\"https:\/\/www.lux-airport.lu\/wp-content\/uploads\/2022\/09\/image-25.png\" alt=\"\" class=\"wp-image-4764\" srcset=\"https:\/\/www.lux-airport.lu\/wp-content\/uploads\/2022\/09\/image-25.png 600w, https:\/\/www.lux-airport.lu\/wp-content\/uploads\/2022\/09\/image-25-300x300.png 300w, https:\/\/www.lux-airport.lu\/wp-content\/uploads\/2022\/09\/image-25-150x150.png 150w\" sizes=\"auto, (max-width: 600px) 100vw, 600px\" \/><\/figure>\n<\/div><\/div>\n\n\n\n<div class=\"wp-block-column is-layout-flow wp-block-column-is-layout-flow\" style=\"flex-basis:70%\">\n<h2 class=\"wp-block-heading\">Daniel Conrardy<\/h2>\n\n\n\n<h4 class=\"wp-block-heading\">Chief Security Officer <\/h4>\n\n\n\n<p>Daniel Conrardy est l\u2019un des premiers collaborateurs \u00e0 avoir rejoint lux-Airport en f\u00e9vrier 2004. En tant que responsable de la s\u00fbret\u00e9 de l\u2019a\u00e9roport, il a \u00e9t\u00e9 charg\u00e9 de mettre en place un d\u00e9partement de s\u00fbret\u00e9 qui compte aujourd&rsquo;hui plus de 300 agents de s\u00fbret\u00e9 internes et externes. Il est en outre responsable de la mise en \u0153uvre de toutes les mesures de s\u00fbret\u00e9 \u00e0 l&rsquo;a\u00e9roport de Luxembourg. <\/p>\n\n\n\n<p>En mai 2021, Daniel Conrardy a \u00e9t\u00e9 nomm\u00e9 Directeur S\u00fbret\u00e9 et en d\u00e9cembre 2024, Chief Security Officer. Ses domaines de comp\u00e9tence comprennent notamment les op\u00e9rations de s\u00fbret\u00e9, le d\u00e9veloppement et la formation.<\/p>\n\n\n\n<p><a rel=\"noreferrer noopener nofollow\" href=\"https:\/\/www.linkedin.com\/in\/daniel-conrardy-b28a3211\/\" target=\"_blank\"><em>Linkedin<\/em><\/a><\/p>\n<\/div>\n<\/div>\n\n\n\n<div class=\"wp-block-columns is-layout-flex wp-container-core-columns-is-layout-9d6595d7 wp-block-columns-is-layout-flex\">\n<div class=\"wp-block-column is-layout-flow wp-block-column-is-layout-flow\" style=\"flex-basis:30%\"><div class=\"wp-block-image\">\n<figure class=\"alignleft size-full\"><img loading=\"lazy\" decoding=\"async\" width=\"1080\" height=\"1080\" src=\"https:\/\/www.lux-airport.lu\/wp-content\/uploads\/2025\/10\/DSC02644Validated-1.jpg\" alt=\"\" class=\"wp-image-23338\" srcset=\"https:\/\/www.lux-airport.lu\/wp-content\/uploads\/2025\/10\/DSC02644Validated-1.jpg 1080w, https:\/\/www.lux-airport.lu\/wp-content\/uploads\/2025\/10\/DSC02644Validated-1-300x300.jpg 300w, https:\/\/www.lux-airport.lu\/wp-content\/uploads\/2025\/10\/DSC02644Validated-1-1024x1024.jpg 1024w, https:\/\/www.lux-airport.lu\/wp-content\/uploads\/2025\/10\/DSC02644Validated-1-150x150.jpg 150w, https:\/\/www.lux-airport.lu\/wp-content\/uploads\/2025\/10\/DSC02644Validated-1-768x768.jpg 768w\" sizes=\"auto, (max-width: 1080px) 100vw, 1080px\" \/><\/figure>\n<\/div><\/div>\n\n\n\n<div class=\"wp-block-column is-layout-flow wp-block-column-is-layout-flow\" style=\"flex-basis:70%\">\n<h2 class=\"wp-block-heading\">Serge Streitz<\/h2>\n\n\n\n<h4 class=\"wp-block-heading\">Chief Real Estate and Infrastructure Officer<\/h4>\n\n\n\n<p>Serge Streitz est dipl\u00f4m\u00e9 en g\u00e9nie m\u00e9canique de la RWTH Aachen. Il a d\u00e9but\u00e9 sa carri\u00e8re chez Paul Wurth avant de rejoindre lux-Airport en tant que responsable technique, o\u00f9 il a particip\u00e9 au d\u00e9veloppement initial de l\u2019a\u00e9roport.<\/p>\n\n\n\n<p>Par la suite, il a occup\u00e9 pendant plusieurs ann\u00e9es le poste de directeur technique (Chief Technical Officer) chez Luxenergie, puis celui de directeur du d\u00e9partement tertiaire et membre du comit\u00e9 de direction chez Socom.<\/p>\n\n\n\n<p>En septembre 2025, il est revenu \u00e0 lux-Airport en tant que directeur technique (Chief Real Estate and Infrastructure Officer \u2013 CREIO). Ses responsabilit\u00e9s comprennent la supervision des infrastructures, du d\u00e9veloppement immobilier et des investissements techniques visant \u00e0 soutenir la croissance continue de l\u2019a\u00e9roport.<\/p>\n\n\n\n<p><a href=\"https:\/\/www.linkedin.com\/in\/serge-streitz-3a533752\/\" target=\"_blank\" rel=\"noreferrer noopener nofollow\"><em>Linkedin<\/em><\/a><\/p>\n\n\n\n<p><\/p>\n<\/div>\n<\/div>\n\n\n\n<div class=\"wp-block-columns is-layout-flex wp-container-core-columns-is-layout-9d6595d7 wp-block-columns-is-layout-flex\">\n<div class=\"wp-block-column is-layout-flow wp-block-column-is-layout-flow\" style=\"flex-basis:30%\"><div class=\"wp-block-image\">\n<figure class=\"alignleft size-full\"><img loading=\"lazy\" decoding=\"async\" width=\"1080\" height=\"1080\" src=\"https:\/\/www.lux-airport.lu\/wp-content\/uploads\/2026\/01\/DSC03602_edited_1080x1080-1.jpg\" alt=\"\" class=\"wp-image-23650\" srcset=\"https:\/\/www.lux-airport.lu\/wp-content\/uploads\/2026\/01\/DSC03602_edited_1080x1080-1.jpg 1080w, https:\/\/www.lux-airport.lu\/wp-content\/uploads\/2026\/01\/DSC03602_edited_1080x1080-1-300x300.jpg 300w, https:\/\/www.lux-airport.lu\/wp-content\/uploads\/2026\/01\/DSC03602_edited_1080x1080-1-1024x1024.jpg 1024w, https:\/\/www.lux-airport.lu\/wp-content\/uploads\/2026\/01\/DSC03602_edited_1080x1080-1-150x150.jpg 150w, https:\/\/www.lux-airport.lu\/wp-content\/uploads\/2026\/01\/DSC03602_edited_1080x1080-1-768x768.jpg 768w\" sizes=\"auto, (max-width: 1080px) 100vw, 1080px\" \/><\/figure>\n<\/div><\/div>\n\n\n\n<div class=\"wp-block-column is-layout-flow wp-block-column-is-layout-flow\" style=\"flex-basis:70%\">\n<h2 class=\"wp-block-heading\">Lorenzo Di Loreto<\/h2>\n\n\n\n<h4 class=\"wp-block-heading\">Chief Operating Officer<\/h4>\n\n\n\n<p>Lorenzo Di Loreto a rejoint lux-Airport en tant que directeur des op\u00e9rations en janvier 2026. <\/p>\n\n\n\n<p>Avant d\u2019occuper ce poste, il \u00e9tait Managing Director chez Munich Airport International, o\u00f9 il a dirig\u00e9 la transformation de l\u2019entreprise en un op\u00e9rateur mondial multi-a\u00e9roports et supervis\u00e9 des projets de concession, de gestion et de conseil \u00e0 l\u2019\u00e9chelle internationale.<\/p>\n\n\n\n<p>Son parcours professionnel comprend des fonctions en d\u00e9veloppement d&rsquo;entreprise et en op\u00e9rations chez Vision Invest, Samsung C&amp;T, Airbus, Royal Air Maroc et Air France. Il est titulaire d\u2019un MBA en a\u00e9ronautique de la Toulouse Business School, ainsi que de dipl\u00f4mes de troisi\u00e8me cycle en marketing et en administration des affaires.<\/p>\n\n\n\n<p><a href=\"https:\/\/www.linkedin.com\/in\/lorenzodiloreto\/?originalSubdomain=ae\" target=\"_blank\" rel=\"noreferrer noopener nofollow\"><em>Linkedin<\/em><\/a><\/p>\n\n\n\n<p><\/p>\n<\/div>\n<\/div>\n\n\n\n<div style=\"height:100px\" aria-hidden=\"true\" class=\"wp-block-spacer\"><\/div>\n\n\n\n<div class=\"wp-block-buttons is-layout-flex wp-block-buttons-is-layout-flex\">\n<div class=\"wp-block-button blueButton rounded\"><a class=\"wp-block-button__link wp-element-button\" href=\"https:\/\/www.lux-airport.lu\/fr\/entreprise\/a-propos-de-nous\/equipe-de-direction\/board-of-directors\/\">CONSEIL D&rsquo;ADMINISTRATION<\/a><\/div>\n<\/div>\n","protected":false},"excerpt":{"rendered":"<p>\u00c9QUIPE DE DIRECTION Alexander Flassak Chief Executive Officer Alexander Flassak a rejoint lux-Airport en 2014 en tant que directeur financier et responsable du d\u00e9veloppement immobilier. Avant d&rsquo;occuper ce poste, Alexander a travaill\u00e9 chez Ernst &amp; Young pendant neuf ans, \u00e0 Francfort et \u00e0 Luxembourg. Il est titulaire de quatre dipl\u00f4mes universitaires et a repris en [&hellip;]<\/p>\n","protected":false},"author":1,"featured_media":0,"parent":7075,"menu_order":0,"comment_status":"closed","ping_status":"closed","template":"","meta":{"_acf_changed":false,"footnotes":""},"class_list":["post-4853","page","type-page","status-publish","hentry"],"acf":{"set_page_width_full":false,"start_with_small_header":false,"reno_options":{"hide_reno_widget":false,"open_widget_on_page_load":false,"which_tab_to_open":"chatbot","hide_reno_turn_onoff":false,"set_height_to_mini":false,"reno_page_branded_text_back_front":{"reno_show_branded_text":false,"reno_text_in_the_back":"JOURNEY","reno_text_in_the_front":"my journey starts here"}},"branded_text_backfront":{"hide_branded_text":false,"text_in_the_back":"JOURNEY","text_in_the_front_left":"My journey","text_in_the_front_right":"starts here"},"hide_breadcrumbs":false,"hide_footer_widgets":false,"hide_page_title":false,"advertising__adsense":{"show_ads_in_this_page":true,"image_instead_of_adsense":{"enable_image_instead_of_adsense":false,"banner_image_300x250":null,"banner_url":""}},"header_image_options":{"show_header_image":"Yes","header_image":""}},"_links":{"self":[{"href":"https:\/\/www.lux-airport.lu\/fr\/wp-json\/wp\/v2\/pages\/4853","targetHints":{"allow":["GET"]}}],"collection":[{"href":"https:\/\/www.lux-airport.lu\/fr\/wp-json\/wp\/v2\/pages"}],"about":[{"href":"https:\/\/www.lux-airport.lu\/fr\/wp-json\/wp\/v2\/types\/page"}],"author":[{"embeddable":true,"href":"https:\/\/www.lux-airport.lu\/fr\/wp-json\/wp\/v2\/users\/1"}],"replies":[{"embeddable":true,"href":"https:\/\/www.lux-airport.lu\/fr\/wp-json\/wp\/v2\/comments?post=4853"}],"version-history":[{"count":0,"href":"https:\/\/www.lux-airport.lu\/fr\/wp-json\/wp\/v2\/pages\/4853\/revisions"}],"up":[{"embeddable":true,"href":"https:\/\/www.lux-airport.lu\/fr\/wp-json\/wp\/v2\/pages\/7075"}],"wp:attachment":[{"href":"https:\/\/www.lux-airport.lu\/fr\/wp-json\/wp\/v2\/media?parent=4853"}],"curies":[{"name":"wp","href":"https:\/\/api.w.org\/{rel}","templated":true}]}}