{"id":4390,"date":"2022-09-01T00:42:33","date_gmt":"2022-08-31T23:42:33","guid":{"rendered":"https:\/\/www.lux-airport.lu\/?page_id=4390"},"modified":"2023-05-31T09:59:10","modified_gmt":"2023-05-31T08:59:10","slug":"douanes","status":"publish","type":"page","link":"https:\/\/www.lux-airport.lu\/fr\/enregistrement-et-voyage\/douanes\/","title":{"rendered":"Contr\u00f4le de fronti\u00e8re"},"content":{"rendered":"\n<p>Les ressortissants de certains pays tiers \u00e0 l\u2019Union europ\u00e9enne souhaitant s\u00e9journer ou travailler au Luxembourg, ou transiter par son territoire, peuvent se voir demander de pr\u00e9senter un document de voyage en cours de validit\u00e9 et un visa d\u00e9livr\u00e9 par une autorit\u00e9 consulaire de l\u2019un des \u00c9tats membres de l\u2019espace Schengen.\u00a0 Le visa garantit la libre circulation au sein de l\u2019espace Schengen.<\/p>\n\n\n\n<p><em><strong><strong><em>Pour plus d\u2019informations sur ce document de voyage et sur la proc\u00e9dure d&rsquo;obtention, cliquez ici :<\/em><\/strong><\/strong><\/em><\/p>\n\n\n\n<p><a href=\"https:\/\/guichet.public.lu\/entreprises\/en\/ressources-humaines\/recrutement\/ressortissant-pays- niveaux\/visa\/\" rel=\"nofollow noopener\" target=\"_blank\">https:\/\/guichet.public.lu\/entreprises\/fr\/ressources-humaines\/recrutement\/ressortissant-pays-tiers\/visa\/index.html<\/a><\/p>\n","protected":false},"excerpt":{"rendered":"<p>Les ressortissants de certains pays tiers \u00e0 l\u2019Union europ\u00e9enne souhaitant s\u00e9journer ou travailler au Luxembourg, ou transiter par son territoire, peuvent se voir demander de pr\u00e9senter un document de voyage en cours de validit\u00e9 et un visa d\u00e9livr\u00e9 par une autorit\u00e9 consulaire de l\u2019un des \u00c9tats membres de l\u2019espace Schengen.\u00a0 Le visa garantit la libre [&hellip;]<\/p>\n","protected":false},"author":1,"featured_media":0,"parent":6955,"menu_order":0,"comment_status":"closed","ping_status":"closed","template":"","meta":{"_acf_changed":false,"footnotes":""},"class_list":["post-4390","page","type-page","status-publish","hentry"],"acf":{"set_page_width_full":false,"start_with_small_header":false,"reno_options":{"hide_reno_widget":false,"open_widget_on_page_load":false,"which_tab_to_open":"chatbot","hide_reno_turn_onoff":false,"set_height_to_mini":false,"reno_page_branded_text_back_front":{"reno_show_branded_text":false,"reno_text_in_the_back":"JOURNEY","reno_text_in_the_front":"my journey starts here"}},"branded_text_backfront":{"hide_branded_text":false,"text_in_the_back":"JOURNEY","text_in_the_front_left":"My journey","text_in_the_front_right":"starts here"},"hide_breadcrumbs":false,"hide_footer_widgets":false,"hide_page_title":false,"advertising__adsense":{"show_ads_in_this_page":true,"image_instead_of_adsense":{"enable_image_instead_of_adsense":false,"banner_image_300x250":null,"banner_url":""}},"header_image_options":{"show_header_image":"Yes","header_image":""}},"_links":{"self":[{"href":"https:\/\/www.lux-airport.lu\/fr\/wp-json\/wp\/v2\/pages\/4390","targetHints":{"allow":["GET"]}}],"collection":[{"href":"https:\/\/www.lux-airport.lu\/fr\/wp-json\/wp\/v2\/pages"}],"about":[{"href":"https:\/\/www.lux-airport.lu\/fr\/wp-json\/wp\/v2\/types\/page"}],"author":[{"embeddable":true,"href":"https:\/\/www.lux-airport.lu\/fr\/wp-json\/wp\/v2\/users\/1"}],"replies":[{"embeddable":true,"href":"https:\/\/www.lux-airport.lu\/fr\/wp-json\/wp\/v2\/comments?post=4390"}],"version-history":[{"count":0,"href":"https:\/\/www.lux-airport.lu\/fr\/wp-json\/wp\/v2\/pages\/4390\/revisions"}],"up":[{"embeddable":true,"href":"https:\/\/www.lux-airport.lu\/fr\/wp-json\/wp\/v2\/pages\/6955"}],"wp:attachment":[{"href":"https:\/\/www.lux-airport.lu\/fr\/wp-json\/wp\/v2\/media?parent=4390"}],"curies":[{"name":"wp","href":"https:\/\/api.w.org\/{rel}","templated":true}]}}