{"id":4257,"date":"2022-08-31T13:04:25","date_gmt":"2022-08-31T12:04:25","guid":{"rendered":"https:\/\/www.lux-airport.lu\/?page_id=4257"},"modified":"2023-06-01T12:55:38","modified_gmt":"2023-06-01T11:55:38","slug":"cargo","status":"publish","type":"page","link":"https:\/\/www.lux-airport.lu\/fr\/entreprise\/business-partenaires\/cargo\/","title":{"rendered":"Cargo"},"content":{"rendered":"\n<h4 class=\"wp-block-heading\"><strong>Ma plate-forme logistique<\/strong><\/h4>\n\n\n\n<p>Le commerce international et l\u2019aide humanitaire doivent pouvoir compter sur des services de transport rapides, fiables et s\u00fbrs. Les compagnies a\u00e9riennes sp\u00e9cialis\u00e9es dans le transport de fret a\u00e9rien offrent ces services de transport particuliers via leurs r\u00e9seaux internationaux. Pour exploiter et d\u00e9velopper ces r\u00e9seaux, les transporteurs a\u00e9riens de fret doivent pouvoir s\u2019appuyer sur des services et des infrastructures sp\u00e9cialis\u00e9s au sol de mani\u00e8re \u00e0 assurer efficacement la logistique intermodale du fret a\u00e9rien. Un a\u00e9roport de pointe comme l\u2019a\u00e9roport de Luxembourg, qui non seulement r\u00e9pond aux exigences op\u00e9rationnelles des compagnies a\u00e9riennes de fret, mais prend \u00e9galement en compte les autres parties impliqu\u00e9es dans le transport de fret a\u00e9rien, joue ind\u00e9niablement un r\u00f4le de <strong>plate-forme logistique<\/strong>.<\/p>\n\n\n\n<p>Gr\u00e2ce \u00e0 son infrastructure unique et \u00e0 ses services sp\u00e9cialis\u00e9s, l\u2019a\u00e9roport de Luxembourg est l\u2019une des principales plateformes logistiques mondiales du fret a\u00e9rien en Europe. Pour cette raison, l\u2019a\u00e9roport de Luxembourg se classe r\u00e9guli\u00e8rement dans le top 10 des a\u00e9roports europ\u00e9ens en termes de volume annuel de fret.<\/p>\n\n\n\n<p>Les principaux atouts de l\u2019activit\u00e9 \u00ab\u00a0fret\u00a0\u00bb \u00e0 l\u2019a\u00e9roport de Luxembourg se d\u00e9clinent comme suit\u00a0:<\/p>\n\n\n\n<ul class=\"wp-block-list\">\n<li>A\u00e9roport cargo sp\u00e9cialis\u00e9 au c\u0153ur de l\u2019Europe parfaitement int\u00e9gr\u00e9 dans les r\u00e9seaux mondiaux de fret a\u00e9rien<\/li>\n\n\n\n<li>Infrastructures et services con\u00e7us pour l\u2019exploitation d\u2019avions cargo<\/li>\n\n\n\n<li>Temps au sol pour les avions-cargos parmi les plus courts du secteur<\/li>\n\n\n\n<li>&nbsp;Courte distance entre l\u2019avion et le camion<\/li>\n\n\n\n<li>Acc\u00e8s direct aux principales autoroutes europ\u00e9ennes<\/li>\n\n\n\n<li>Plateforme certifi\u00e9e conforme aux bonnes pratiques de distribution (GDP) pour la manipulation des produits pharmaceutique<\/li>\n\n\n\n<li>Communaut\u00e9 bien \u00e9tablie et prosp\u00e8re d\u2019entreprises et d\u2019autorit\u00e9s du fret a\u00e9rien<\/li>\n\n\n\n<li>Port d\u2019attache de Cargolux International Airlines<\/li>\n\n\n\n<li>Cargo Community Syst\u00e8me, syst\u00e8me ultramoderne de gestion int\u00e9gr\u00e9e du fret (en cours de d\u00e9ploiement)<\/li>\n<\/ul>\n\n\n\n<figure class=\"wp-block-embed is-type-video is-provider-youtube wp-block-embed-youtube wp-embed-aspect-16-9 wp-has-aspect-ratio\"><div class=\"wp-block-embed__wrapper\">\n<iframe loading=\"lazy\" title=\"lux-Airport - my platform for logistics\" width=\"640\" height=\"360\" src=\"https:\/\/www.youtube.com\/embed\/IKATbsXw5jE?feature=oembed\" frameborder=\"0\" allow=\"accelerometer; autoplay; clipboard-write; encrypted-media; gyroscope; picture-in-picture; web-share\" referrerpolicy=\"strict-origin-when-cross-origin\" allowfullscreen><\/iframe>\n<\/div><\/figure>\n\n\n\n<h3 class=\"wp-block-heading\"><br><strong>INFORMATIONS SUR LES VOLS CARGO<\/strong><\/h3>\n\n\n\n<p>Les informations actualis\u00e9es sur les vols cargo \u00e0 destination et au d\u00e9part du Luxembourg (code a\u00e9roport : LUX\/ELLX) sont disponibles <strong><u><a href=\"https:\/\/www.flightradar24.com\/airport\/lux\" target=\"_blank\" rel=\"noreferrer noopener nofollow\">ici<\/a><\/u><\/strong>.<\/p>\n\n\n\n<p>Des informations suppl\u00e9mentaires sur le statut des exp\u00e9ditions de fret a\u00e9rien sont disponibles via les fonctions \u00ab track and trace \u00bb sur les sites internet des compagnies de fret a\u00e9rien (voir lien ci-apr\u00e8s).<\/p>\n\n\n\n<h3 class=\"wp-block-heading\"><strong>LA COMMMUNAUT\u00c9 DU FRET A\u00c9RIEN<\/strong><\/h3>\n\n\n\n<p>Une cha\u00eene logistique de fret a\u00e9rien professionnelle et bien organis\u00e9e est indispensable pour transporter des marchandises de mani\u00e8re rapide, fiable et s\u00fbre par voie a\u00e9rienne. Traditionnellement, le transport de fret a\u00e9rien est assur\u00e9 par des acteurs professionnels dans un environnement \u00ab business-to-business \u00bb.&nbsp; La cha\u00eene logistique du fret a\u00e9rien est organis\u00e9e en fonction des exigences des transitaires a\u00e9riens et s\u2019appuie sur les compagnies a\u00e9riennes de fret et toute une s\u00e9rie d\u2019autres acteurs importants de la sph\u00e8re \u00e9conomique et r\u00e9glementaire.<\/p>\n\n\n\n<p>L\u2019ensemble des entreprises, sp\u00e9cialistes et autorit\u00e9s impliqu\u00e9s dans le transport de fret a\u00e9rien forment la communaut\u00e9 prosp\u00e8re et bien \u00e9tablie du fret a\u00e9rien de l\u2019a\u00e9roport de Luxembourg (\u00ab <strong>air cargo community<\/strong>&nbsp;\u00bb).<\/p>\n\n\n\n<p>TRANSITAIRES A\u00c9RIENS (avec une pr\u00e9sence \u00e0 LUX)<\/p>\n\n\n\n<ul class=\"wp-block-list\">\n<li><a href=\"https:\/\/www.bollore-logistics.com\/\" target=\"_blank\" rel=\"noreferrer noopener nofollow\">Bollor\u00e9 Logistics<\/a><\/li>\n\n\n\n<li><a href=\"https:\/\/www.claridon.com\/\" target=\"_blank\" rel=\"noreferrer noopener nofollow\">Claridon Luxembourg<\/a><\/li>\n\n\n\n<li><a href=\"https:\/\/www.dbschenker.com\/\" target=\"_blank\" rel=\"noreferrer noopener nofollow\">DB Schenker<\/a><\/li>\n\n\n\n<li><a href=\"https:\/\/www.dhl.com\/\" target=\"_blank\" rel=\"noreferrer noopener nofollow\">DHL Global Forwarding<\/a><\/li>\n\n\n\n<li><a href=\"https:\/\/www.dsv.com\/\" target=\"_blank\" rel=\"noreferrer noopener nofollow\">DSV\/Panalpina<\/a><\/li>\n\n\n\n<li><a href=\"https:\/\/elp.lu\/\" target=\"_blank\" rel=\"noreferrer noopener nofollow\">European Logistics Partners<\/a><\/li>\n\n\n\n<li><a href=\"https:\/\/www.expeditors.com\/\" target=\"_blank\" rel=\"noreferrer noopener nofollow\">Expeditors<\/a><\/li>\n\n\n\n<li><a href=\"https:\/\/www.geis-group.com\/\" target=\"_blank\" rel=\"noreferrer noopener nofollow\">Geis Cargo International<\/a><\/li>\n\n\n\n<li><a href=\"https:\/\/hasenkamp.com\/en\" target=\"_blank\" rel=\"noreferrer noopener nofollow\">Hasenkamp Luxembourg<\/a><\/li>\n\n\n\n<li><a href=\"https:\/\/www.jas.com\/\" target=\"_blank\" rel=\"noreferrer noopener nofollow\">JAS Forwarding Worldwide<\/a><\/li>\n\n\n\n<li><a href=\"https:\/\/home.kuehne-nagel.com\/\" target=\"_blank\" rel=\"noreferrer noopener nofollow\">Kuehne + Nagel<\/a><\/li>\n\n\n\n<li><a href=\"https:\/\/www.lca.lu\/\" target=\"_blank\" rel=\"noreferrer noopener nofollow\">Luxembourg Cargo Agency<\/a><\/li>\n\n\n\n<li><a href=\"https:\/\/morrisonexpress.com\/\" target=\"_blank\" rel=\"noreferrer noopener nofollow\">Morrison Express<\/a><\/li>\n\n\n\n<li><a href=\"https:\/\/www.yusen-logistics.com\/en\/\" target=\"_blank\" rel=\"noreferrer noopener nofollow\">Yusen Logistics<\/a><\/li>\n<\/ul>\n\n\n\n<p>COMPAGNIES A\u00c9RIENNES DE FRET (avec op\u00e9rations \u00e0 LUX)<\/p>\n\n\n\n<ul class=\"wp-block-list\">\n<li><a href=\"https:\/\/www.atlasair.com\/\" target=\"_blank\" rel=\"noreferrer noopener nofollow\">Atlas Air<\/a><\/li>\n\n\n\n<li><a href=\"https:\/\/cargolux.com\" target=\"_blank\" rel=\"noreferrer noopener nofollow\">Cargolux<\/a><\/li>\n\n\n\n<li><a href=\"https:\/\/cargo.china-airlines.com\/\" target=\"_blank\" rel=\"noreferrer noopener nofollow\">China Airlines Cargo<\/a><\/li>\n\n\n\n<li><a href=\"https:\/\/www.skycargo.com\/\" target=\"_blank\" rel=\"noreferrer noopener nofollow\">Emirates Skycargo<\/a><\/li>\n\n\n\n<li><a href=\"https:\/\/www.qrcargo.com\/\" target=\"_blank\" rel=\"noreferrer noopener nofollow\">Qatar Airways Cargo<\/a><\/li>\n\n\n\n<li><a href=\"https:\/\/www.silkwaywest.com\/\" target=\"_blank\" rel=\"noreferrer noopener nofollow\">Silkway West Airlines<\/a><\/li>\n<\/ul>\n\n\n\n<p>L\u2019ASSISTANCE EN ESCALE<\/p>\n\n\n\n<ul class=\"wp-block-list\">\n<li><a href=\"https:\/\/www.luxaircargo.lu\/\" target=\"_blank\" rel=\"noreferrer noopener nofollow\">LuxairCARGO<\/a><\/li>\n<\/ul>\n\n\n\n<p>FOURNISSEURS (avec une pr\u00e9sence \u00e0 LUX)<\/p>\n\n\n\n<ul class=\"wp-block-list\">\n<li><a href=\"https:\/\/www.awelter.com\/\" target=\"_blank\" rel=\"noreferrer noopener nofollow\">Arthur Welter Transports<\/a><\/li>\n\n\n\n<li><a href=\"https:\/\/www.aalu.lu\/\" target=\"_blank\" rel=\"noreferrer noopener nofollow\">Aviation Academy Luxembourg<\/a><\/li>\n\n\n\n<li><a href=\"https:\/\/www.dgm.world\/\" target=\"_blank\" rel=\"noreferrer noopener nofollow\">Dangerous Goods Management Group<\/a><\/li>\n\n\n\n<li><a href=\"https:\/\/www.globalairliftsolutions.com\/\" target=\"_blank\" rel=\"noreferrer noopener nofollow\">Global Airlift Solutions<\/a><\/li>\n\n\n\n<li><a href=\"https:\/\/lux-hsh.com\/\" target=\"_blank\" rel=\"noreferrer noopener nofollow\">Luxembourg High-Security Hub<\/a><\/li>\n\n\n\n<li><a href=\"https:\/\/www.offergeld.de\/\" target=\"_blank\" rel=\"noreferrer noopener nofollow\">Offergeld Logistik<\/a><\/li>\n\n\n\n<li><a href=\"https:\/\/www.post.lu\/\" target=\"_blank\" rel=\"noreferrer noopener nofollow\">Post<\/a><\/li>\n\n\n\n<li><a href=\"https:\/\/spedition-sauerwein.de\/\" target=\"_blank\" rel=\"noreferrer noopener nofollow\">Klaus Sauerwein<\/a><\/li>\n\n\n\n<li><a href=\"https:\/\/www.wallenborn.com\/\" target=\"_blank\" rel=\"noreferrer noopener nofollow\">Wallenborn Transports<\/a><\/li>\n<\/ul>\n\n\n\n<p>AUTORIT\u00c9S DU GRAND-DUCH\u00c9 DE LUXEMBOURG<\/p>\n\n\n\n<ul class=\"wp-block-list\">\n<li><a href=\"https:\/\/dac.public.lu\/\" target=\"_blank\" rel=\"noreferrer noopener nofollow\">Direction de l\u2019avion civile (Civil Aviation Authority)<\/a><\/li>\n\n\n\n<li><a href=\"https:\/\/douanes.public.lu\/\" target=\"_blank\" rel=\"noreferrer noopener nofollow\">Adminstration des Douances et Accises (Customs)<\/a><\/li>\n\n\n\n<li><a href=\"https:\/\/police.public.lu\/\" target=\"_blank\" rel=\"noreferrer noopener nofollow\">Police<\/a><\/li>\n\n\n\n<li><a href=\"https:\/\/ana.gouvernement.lu\/\" target=\"_blank\" rel=\"noreferrer noopener nofollow\">Administration de la navigation A\u00e9rienne (Air traffic control)<\/a><\/li>\n\n\n\n<li><a href=\"https:\/\/ma.gouvernement.lu\/en\/administrations\/asta.html\" target=\"_blank\" rel=\"noreferrer noopener nofollow\">Administration of Technical Agricultural Services (ASTA)<\/a><\/li>\n\n\n\n<li><a href=\"https:\/\/securite-alimentaire.public.lu\/\" target=\"_blank\" rel=\"noreferrer noopener nofollow\">S\u00e9curit\u00e9 alimentaire (Food Safety)<\/a><\/li>\n\n\n\n<li><a href=\"https:\/\/agriculture.public.lu\/\" target=\"_blank\" rel=\"noreferrer noopener nofollow\">V\u00e9t\u00e9rinaire (Vetinary)<\/a><\/li>\n<\/ul>\n\n\n\n<p>ASSOCIATIONS, GROUPES D\u2019INT\u00c9R\u00caT ET AUTRES INSTITUTIONS<\/p>\n\n\n\n<ul class=\"wp-block-list\">\n<li><a href=\"https:\/\/logistics.public.lu\/\" target=\"_blank\" rel=\"noreferrer noopener nofollow\">Single Window for Logistics<\/a><\/li>\n\n\n\n<li><a href=\"https:\/\/www.clusterforlogistics.lu\/\" target=\"_blank\" rel=\"noreferrer noopener nofollow\">Cluster for Logistics<\/a><\/li>\n\n\n\n<li><a href=\"https:\/\/www.tradeandinvest.lu\/\" target=\"_blank\" rel=\"noreferrer noopener nofollow\">Trade and Invest Luxembourg<\/a><\/li>\n\n\n\n<li><a href=\"https:\/\/wwwen.uni.lu\/fdef\/department_of_economics_and_management\/luxembourg_centre_for_logistics_and_supply_chain_management\" target=\"_blank\" rel=\"noreferrer noopener nofollow\">Luxembourg Centre for Logistics and Supply Chain Management<\/a><\/li>\n\n\n\n<li><a href=\"https:\/\/www.iata.org\/en\/programs\/cargo\/?fbclid=IwAR0cnWTd0lNToPj75jbONdp4AybtktGYGEhNKu1nLFZXmopkgzpY7Zc-DTo\" target=\"_blank\" data-type=\"URL\" data-id=\"https:\/\/www.iata.org\/en\/programs\/cargo\/?fbclid=IwAR0cnWTd0lNToPj75jbONdp4AybtktGYGEhNKu1nLFZXmopkgzpY7Zc-DTo\" rel=\"noreferrer noopener nofollow\">IATA Cargo<\/a><\/li>\n\n\n\n<li><a href=\"https:\/\/tiaca.org\/\" target=\"_blank\" rel=\"noreferrer noopener nofollow\">TIACA<\/a><\/li>\n\n\n\n<li><a href=\"https:\/\/fiata.org\/\" target=\"_blank\" rel=\"noreferrer noopener nofollow\">FIATA<\/a><\/li>\n\n\n\n<li><a href=\"https:\/\/coolchain.org\/\" target=\"_blank\" rel=\"noreferrer noopener nofollow\">Cool Chain Association<\/a><\/li>\n<\/ul>\n\n\n\n<p>LUX-AIRPORT<\/p>\n\n\n\n<p>lux-Airport est activement impliqu\u00e9 dans la \u00ab Air Cargo Community\u00bb . L\u2019interlocuteur sp\u00e9cial pour les questions relatives au fret \u00e0 lux-Airport est le <strong>Cargo Community Manager.<\/strong> Il peut \u00eatre joint via le formulaire de contact du site (rubrique \u00ab <a href=\"https:\/\/www.lux-airport.lu\/fr\/entreprise\/presse\/contactez-nous\/\" target=\"_blank\" rel=\"noreferrer noopener\">Nous contacter<\/a> \u00bb sur la page d\u2019accueil).<\/p>\n\n\n\n<p>lux-Airport met actuellement en place un <strong>Cargo Community System<\/strong> (CCS) ultramoderne. L&rsquo;objectif est de cr\u00e9er des bonnes conditions pour toutes les parties concern\u00e9es afin qu&rsquo;elles puissent mieux planifier et mettre en \u0153uvre leurs op\u00e9rations. Pour en savoir plus, cliquez <strong><u><a href=\"https:\/\/www.lux-airport.lu\/fr\/laeroport-de-luxembourg-passe-a-un-niveau-superieur-de-visibilite-et-defficacite-avec-nallian-for-air-cargo\/\" target=\"_blank\" rel=\"noreferrer noopener\">ici<\/a><\/u><\/strong>.<\/p>\n\n\n\n<h3 class=\"wp-block-heading\">INFORMATIONS UTILES<\/h3>\n\n\n\n<p>Informations officielles sur les op\u00e9rations a\u00e9riennes et a\u00e9roportuaires \u2013&nbsp;<a href=\"https:\/\/ops.skeyes.be\/\" target=\"_blank\" rel=\"noreferrer noopener nofollow\">Aeronautical Information Publication<\/a><\/p>\n\n\n\n<p>Des informations sur les services et installations de manutention des avions cargo sont disponibles&nbsp;<a href=\"https:\/\/www.luxaircargo.lu\/\" target=\"_blank\" rel=\"noreferrer noopener nofollow\"><strong>ici<\/strong><\/a><\/p>\n\n\n\n<p>VOLS CHARTER CARGO<\/p>\n\n\n\n<p>La pr\u00e9paration d\u2019un vol cargo \u00e0 destination du Luxembourg comporte deux \u00e9tapes importantes:<\/p>\n\n\n\n<ul class=\"wp-block-list\">\n<li>Demande et r\u00e9ception d\u2019un permis d\u2019entr\u00e9e par la&nbsp;<a href=\"https:\/\/dac.public.lu\/\" target=\"_blank\" rel=\"noreferrer noopener nofollow\">Direction de l\u2019Aviation Civile Luxembourg<\/a><\/li>\n\n\n\n<li>Demande et confirmation des exigences de manutention des avions et du fret chez&nbsp;<a href=\"https:\/\/www.luxaircargo.lu\/\" target=\"_blank\" rel=\"noreferrer noopener nofollow\">LuxairCARGO<\/a><\/li>\n<\/ul>\n\n\n\n<p>ENVOI DE MARCHANDISES PAR AVION DEPUIS \/ VERS L\u2019A\u00c9ROPORT DE LUXEMBOURG<\/p>\n\n\n\n<p>Si vous avez besoin de services de transport de fret a\u00e9rien, nous vous recommandons de contacter un transitaire bas\u00e9 \u00e0 l\u2019a\u00e9roport de Luxembourg. Vous pouvez trouver une liste alphab\u00e9tique de tous les transitaires a\u00e9riens \u00e0 l\u2019a\u00e9roport de Luxembourg sur notre site web.<\/p>\n\n\n\n<figure class=\"wp-block-image size-full\"><img loading=\"lazy\" decoding=\"async\" width=\"896\" height=\"400\" src=\"\/wp-content\/uploads\/2022\/08\/cargo_896x400.jpg\" alt=\"\" class=\"wp-image-2387\" srcset=\"https:\/\/www.lux-airport.lu\/wp-content\/uploads\/2022\/08\/cargo_896x400.jpg 896w, https:\/\/www.lux-airport.lu\/wp-content\/uploads\/2022\/08\/cargo_896x400-300x134.jpg 300w, https:\/\/www.lux-airport.lu\/wp-content\/uploads\/2022\/08\/cargo_896x400-768x343.jpg 768w\" sizes=\"auto, (max-width: 896px) 100vw, 896px\" \/><\/figure>\n","protected":false},"excerpt":{"rendered":"<p>Ma plate-forme logistique Le commerce international et l\u2019aide humanitaire doivent pouvoir compter sur des services de transport rapides, fiables et s\u00fbrs. Les compagnies a\u00e9riennes sp\u00e9cialis\u00e9es dans le transport de fret a\u00e9rien offrent ces services de transport particuliers via leurs r\u00e9seaux internationaux. Pour exploiter et d\u00e9velopper ces r\u00e9seaux, les transporteurs a\u00e9riens de fret doivent pouvoir s\u2019appuyer [&hellip;]<\/p>\n","protected":false},"author":1,"featured_media":0,"parent":6963,"menu_order":0,"comment_status":"closed","ping_status":"closed","template":"","meta":{"_acf_changed":false,"footnotes":""},"class_list":["post-4257","page","type-page","status-publish","hentry"],"acf":{"set_page_width_full":false,"start_with_small_header":false,"reno_options":{"hide_reno_widget":false,"open_widget_on_page_load":false,"which_tab_to_open":"chatbot","hide_reno_turn_onoff":false,"set_height_to_mini":false,"reno_page_branded_text_back_front":{"reno_show_branded_text":false,"reno_text_in_the_back":"JOURNEY","reno_text_in_the_front":"my journey starts here"}},"branded_text_backfront":{"hide_branded_text":false,"text_in_the_back":"JOURNEY","text_in_the_front_left":"My journey","text_in_the_front_right":"starts here"},"hide_breadcrumbs":false,"hide_footer_widgets":false,"hide_page_title":false,"advertising__adsense":{"show_ads_in_this_page":true,"image_instead_of_adsense":{"enable_image_instead_of_adsense":false,"banner_image_300x250":null,"banner_url":""}},"header_image_options":{"show_header_image":"Yes","header_image":""}},"_links":{"self":[{"href":"https:\/\/www.lux-airport.lu\/fr\/wp-json\/wp\/v2\/pages\/4257","targetHints":{"allow":["GET"]}}],"collection":[{"href":"https:\/\/www.lux-airport.lu\/fr\/wp-json\/wp\/v2\/pages"}],"about":[{"href":"https:\/\/www.lux-airport.lu\/fr\/wp-json\/wp\/v2\/types\/page"}],"author":[{"embeddable":true,"href":"https:\/\/www.lux-airport.lu\/fr\/wp-json\/wp\/v2\/users\/1"}],"replies":[{"embeddable":true,"href":"https:\/\/www.lux-airport.lu\/fr\/wp-json\/wp\/v2\/comments?post=4257"}],"version-history":[{"count":0,"href":"https:\/\/www.lux-airport.lu\/fr\/wp-json\/wp\/v2\/pages\/4257\/revisions"}],"up":[{"embeddable":true,"href":"https:\/\/www.lux-airport.lu\/fr\/wp-json\/wp\/v2\/pages\/6963"}],"wp:attachment":[{"href":"https:\/\/www.lux-airport.lu\/fr\/wp-json\/wp\/v2\/media?parent=4257"}],"curies":[{"name":"wp","href":"https:\/\/api.w.org\/{rel}","templated":true}]}}