{"id":4241,"date":"2022-08-31T00:20:39","date_gmt":"2022-08-30T22:20:39","guid":{"rendered":"https:\/\/www.lux-airport.lu\/?page_id=4241"},"modified":"2026-03-12T12:12:20","modified_gmt":"2026-03-12T11:12:20","slug":"affaires-aviation","status":"publish","type":"page","link":"https:\/\/www.lux-airport.lu\/fr\/business-et-vip\/affaires-aviation\/","title":{"rendered":"Aviation d&rsquo;affaires"},"content":{"rendered":"\n<p><a href=\"https:\/\/www.lux-airport.lu\/fr\/services\/demande-de-services\/\" data-type=\"URL\" data-id=\"https:\/\/www.lux-airport.lu\/services\/handling-requests\/\">Traitement des demandes<\/a><\/p>\n\n\n\n<p>R\u00e9put\u00e9 pour la qualit\u00e9 de son service exclusif, le Business Aviation Center est le seul terminal de jets priv\u00e9s du pays. Situ\u00e9 \u00e0 seulement 7 km du centre-ville, le terminal a vocation \u00e0 fournir des services d\u2019escale efficaces et de qualit\u00e9. Le personnel qualifi\u00e9 de l\u2019a\u00e9roport de Luxembourg et ses installations ultramodernes d\u2019assistance au sol vous garantissent, lors de vos d\u00e9placements en jet priv\u00e9, une exp\u00e9rience unique et confortable, en parfaite ad\u00e9quation avec vos besoins.<\/p>\n\n\n\n<p><strong><strong>Principaux services aux passagers et aux \u00e9quipages :<\/strong><\/strong><\/p>\n\n\n\n<ul class=\"wp-block-list\">\n<li>Assistance au sol pour l&rsquo;aviation g\u00e9n\u00e9rale et l\u2019aviation d&rsquo;affaires<\/li>\n\n\n\n<li>Douanes et contr\u00f4le des fronti\u00e8res<\/li>\n\n\n\n<li>Contr\u00f4le de s\u00e9curit\u00e9 des passagers rapide et pratique<\/li>\n\n\n\n<li>Transport des passagers et de l\u2019\u00e9quipage sur le tarmac<\/li>\n\n\n\n<li>Salon d\u2019\u00e9quipage avec acc\u00e8s wifi gratuit, t\u00e9l\u00e9vision et rafra\u00eechissements<\/li>\n\n\n\n<li>Salon (lounge) VIP<\/li>\n\n\n\n<li>Restauration \u00e0 bord<\/li>\n\n\n\n<li>R\u00e9servation de limousines et d\u2019autres moyens de transport<\/li>\n\n\n\n<li>R\u00e9servation d&rsquo;h\u00f4tel au Luxembourg<\/li>\n\n\n\n<li>Presse internationale sur demande.<\/li>\n<\/ul>\n\n\n\n<p>L&rsquo;a\u00e9roport de Luxembourg peut accueillir des avions de tout gabarit, jusqu&rsquo;au Boeing 747. En collaboration avec des partenaires tri\u00e9s sur le volet, l&rsquo;a\u00e9roport de Luxembourg s&rsquo;efforce de fournir pratiquement tous les services dont vous avez besoin lors de votre passage \u00e0 l&rsquo;a\u00e9roport. N&rsquo;h\u00e9sitez pas \u00e0 nous contacter si vous avez des exigences ou des demandes particuli\u00e8res.<\/p>\n\n\n\n<h2 class=\"wp-block-heading\"><a href=\"https:\/\/www.lux-airport.lu\/wp-content\/uploads\/2016\/10\/LuxAirport_BusinessAviationCenter_Test_10.01.png\" target=\"_blank\" rel=\"noreferrer noopener\"><\/a>Coordonn\u00e9es de l&rsquo;\u00e9tablissement<\/h2>\n\n\n<div class=\"wp-block-image\">\n<figure class=\"alignright size-full is-resized\"><img loading=\"lazy\" decoding=\"async\" width=\"700\" height=\"467\" src=\"https:\/\/www.lux-airport.lu\/wp-content\/uploads\/2022\/09\/image-30.png\" alt=\"Carte du centre d'aviation d'affaires\" class=\"wp-image-4897\" style=\"width:444px;height:297px\" srcset=\"https:\/\/www.lux-airport.lu\/wp-content\/uploads\/2022\/09\/image-30.png 700w, https:\/\/www.lux-airport.lu\/wp-content\/uploads\/2022\/09\/image-30-300x200.png 300w\" sizes=\"auto, (max-width: 700px) 100vw, 700px\" \/><\/figure>\n<\/div>\n\n\n<p><strong>Horaire&nbsp;:<\/strong> Du lundi au dimanche de 6 h \u00e0 22 h (heure du Luxembourg)<\/p>\n\n\n\n<p>Le centre d\u2019aviation d\u2019affaires est situ\u00e9 \u00e0 1 km du terminal principal. Des places de parking gratuites sont \u00e0 disposition des voyageurs et de leur entourage.<\/p>\n\n\n\n<p>Prolongation de vol sur demande.<\/p>\n\n\n\n<p><strong>Questions op\u00e9rationnelles et g\u00e9n\u00e9rales<\/strong><br>T\u00e9l : <a href=\"tel:+35224643400\" data-type=\"tel\" data-id=\"tel:+35224643400\" target=\"_blank\" rel=\"noreferrer noopener\">(+352) 24 64 34 00<\/a><br>Courriel : <a href=\"mailto:bac@lux-airport.lu\" target=\"_blank\" rel=\"noreferrer noopener\">bac@lux-airport.lu<\/a><br>Fr\u00e9quence des op\u00e9rations au sol : 131,425 MHz<\/p>\n\n\n\n<h2 class=\"wp-block-heading\">Op\u00e9rateurs de l&rsquo;aviation d&rsquo;affaires<\/h2>\n\n\n\n<div class=\"wp-block-columns is-layout-flex wp-container-core-columns-is-layout-9d6595d7 wp-block-columns-is-layout-flex\">\n<div class=\"wp-block-column is-layout-flow wp-block-column-is-layout-flow\">\n<h3 class=\"wp-block-heading\"><strong>Flying Group Luxembourg<\/strong><\/h3>\n\n\n\n<p>A\u00e9roport de Luxembourg<br>Porte 2 Route de Tr\u00e8ves<br>L-1110 Luxembourg<br>T\u00e9l : <a rel=\"noreferrer noopener\" href=\"tel:+352270464\" data-type=\"tel\" data-id=\"tel:+352270464\" target=\"_blank\">(+352) 270464<\/a><br>Courriel : <a href=\"mailto:luxembourg@flyinggroup.aero\">luxembourg@flyinggroup.aero<\/a><\/p>\n<\/div>\n\n\n\n<div class=\"wp-block-column is-layout-flow wp-block-column-is-layout-flow\">\n<h3 class=\"wp-block-heading\"><strong>Global Jet Luxembourg<\/strong><\/h3>\n\n\n\n<p>B.P. 3087, L-1030 Luxembourg<br>T\u00e9l : <a rel=\"noreferrer noopener\" href=\"tel:+352498089\" data-type=\"tel\" data-id=\"tel:+352498089\" target=\"_blank\">(+352) 498089<\/a><br>Fax : <a rel=\"noreferrer noopener\" href=\"tel:+35226483881\" data-type=\"tel\" data-id=\"tel:+35226483881\" target=\"_blank\">(+352) 2648 3881<\/a><\/p>\n<\/div>\n<\/div>\n\n\n\n<div class=\"wp-block-columns is-layout-flex wp-container-core-columns-is-layout-9d6595d7 wp-block-columns-is-layout-flex\">\n<div class=\"wp-block-column is-layout-flow wp-block-column-is-layout-flow\">\n<h3 class=\"wp-block-heading\">Hahn Air Lines GmbH<\/h3>\n\n\n\n<p>A\u00e9roport de D\u00fcsseldorf<br>Zentralgeb\u00e4ude Ost, Raum 6.023,<br>Anneau terminal 1<br>D-40474 D\u00fcsseldorf<br>T\u00e9l : <a rel=\"noreferrer noopener\" href=\"tel:+4921142160366\" data-type=\"tel\" data-id=\"tel:+4921142160366\" target=\"_blank\">(+49) 211 4216 0366<\/a><br>Fax : <a rel=\"noreferrer noopener\" href=\"tel:+4921142160367\" data-type=\"tel\" data-id=\"tel:+4921142160367\" target=\"_blank\">(+49) 211 4216 0367<\/a><br>Courriel : <a href=\"mailto:charter@hahnair.aero\">charter@hahnair.aero<\/a><\/p>\n<\/div>\n\n\n\n<div class=\"wp-block-column is-layout-flow wp-block-column-is-layout-flow\">\n<h3 class=\"wp-block-heading\">Jetfly Aviation S.A.<\/h3>\n\n\n\n<p>Skypark Business Center<br>1, Avenue de l&rsquo;A\u00e9roport<br>L-1110 Senningerberg<br>Luxembourg<br>Tel: <a href=\"tel:+35226193636\" data-type=\"tel\" data-id=\"tel:+35226193636\" target=\"_blank\" rel=\"noreferrer noopener\">(+352) 2619 3636<\/a><br>Email: <a href=\"mailto: info@jetfly.com\">info@jetfly.com<\/a><br>Web: <a href=\"https:\/\/www.jetfly.com\" rel=\"nofollow noopener\" target=\"_blank\">www.jetfly.com<\/a><\/p>\n<\/div>\n<\/div>\n\n\n\n<div class=\"wp-block-columns is-layout-flex wp-container-core-columns-is-layout-9d6595d7 wp-block-columns-is-layout-flex\">\n<div class=\"wp-block-column is-layout-flow wp-block-column-is-layout-flow\">\n<h3 class=\"wp-block-heading\">Luxaviation<\/h3>\n\n\n\n<p>4a, rue Albert Borschette<br>L-1246 Luxembourg<br>T\u00e9l : <a rel=\"noreferrer noopener\" href=\"tel:+3524252521\" data-type=\"tel\" data-id=\"tel:+3524252521\" target=\"_blank\">(+352) 42 52 52 -1<\/a><br>Courriel :<a href=\"mailto:info@luxaviation.com\"> info@luxaviation.com<\/a><br>Web : <a rel=\"noreferrer noopener nofollow\" href=\"https:\/\/www.luxaviation.com\" target=\"_blank\">www.luxaviation.com<\/a><\/p>\n<\/div>\n\n\n\n<div class=\"wp-block-column is-layout-flow wp-block-column-is-layout-flow\"><\/div>\n<\/div>\n\n\n\n<div class=\"wp-block-columns is-layout-flex wp-container-core-columns-is-layout-9d6595d7 wp-block-columns-is-layout-flex\">\n<div class=\"wp-block-column is-layout-flow wp-block-column-is-layout-flow\" style=\"flex-basis:100%\"><\/div>\n<\/div>\n","protected":false},"excerpt":{"rendered":"<p>Traitement des demandes R\u00e9put\u00e9 pour la qualit\u00e9 de son service exclusif, le Business Aviation Center est le seul terminal de jets priv\u00e9s du pays. Situ\u00e9 \u00e0 seulement 7 km du centre-ville, le terminal a vocation \u00e0 fournir des services d\u2019escale efficaces et de qualit\u00e9. Le personnel qualifi\u00e9 de l\u2019a\u00e9roport de Luxembourg et ses installations ultramodernes [&hellip;]<\/p>\n","protected":false},"author":1,"featured_media":0,"parent":23421,"menu_order":0,"comment_status":"closed","ping_status":"closed","template":"","meta":{"_acf_changed":false,"footnotes":""},"class_list":["post-4241","page","type-page","status-publish","hentry"],"acf":{"set_page_width_full":false,"start_with_small_header":false,"reno_options":{"hide_reno_widget":false,"open_widget_on_page_load":false,"which_tab_to_open":"chatbot","hide_reno_turn_onoff":false,"set_height_to_mini":false,"reno_page_branded_text_back_front":{"reno_show_branded_text":false,"reno_text_in_the_back":"JOURNEY","reno_text_in_the_front":"my journey starts here"}},"branded_text_backfront":{"hide_branded_text":false,"text_in_the_back":"JOURNEY","text_in_the_front_left":"My journey","text_in_the_front_right":"starts here"},"hide_breadcrumbs":false,"hide_footer_widgets":false,"hide_page_title":false,"advertising__adsense":{"show_ads_in_this_page":true,"image_instead_of_adsense":{"enable_image_instead_of_adsense":false,"banner_image_300x250":null,"banner_url":""}},"header_image_options":{"show_header_image":"Yes","header_image":""}},"_links":{"self":[{"href":"https:\/\/www.lux-airport.lu\/fr\/wp-json\/wp\/v2\/pages\/4241","targetHints":{"allow":["GET"]}}],"collection":[{"href":"https:\/\/www.lux-airport.lu\/fr\/wp-json\/wp\/v2\/pages"}],"about":[{"href":"https:\/\/www.lux-airport.lu\/fr\/wp-json\/wp\/v2\/types\/page"}],"author":[{"embeddable":true,"href":"https:\/\/www.lux-airport.lu\/fr\/wp-json\/wp\/v2\/users\/1"}],"replies":[{"embeddable":true,"href":"https:\/\/www.lux-airport.lu\/fr\/wp-json\/wp\/v2\/comments?post=4241"}],"version-history":[{"count":0,"href":"https:\/\/www.lux-airport.lu\/fr\/wp-json\/wp\/v2\/pages\/4241\/revisions"}],"up":[{"embeddable":true,"href":"https:\/\/www.lux-airport.lu\/fr\/wp-json\/wp\/v2\/pages\/23421"}],"wp:attachment":[{"href":"https:\/\/www.lux-airport.lu\/fr\/wp-json\/wp\/v2\/media?parent=4241"}],"curies":[{"name":"wp","href":"https:\/\/api.w.org\/{rel}","templated":true}]}}