{"id":4229,"date":"2022-08-31T00:30:36","date_gmt":"2022-08-30T22:30:36","guid":{"rendered":"https:\/\/www.lux-airport.lu\/?page_id=4229"},"modified":"2023-11-02T11:00:31","modified_gmt":"2023-11-02T10:00:31","slug":"decouvrir-luxembourg","status":"publish","type":"page","link":"https:\/\/www.lux-airport.lu\/fr\/achetez-degustez-et-decouvrez\/decouvrir-luxembourg\/","title":{"rendered":"D\u00e9couvrez le Luxembourg"},"content":{"rendered":"\n<p><strong>Bienvenue au Luxembourg&nbsp;!<\/strong> Situ\u00e9 au c\u0153ur de l&rsquo;Europe, le Luxembourg s&rsquo;enorgueillit d&rsquo;une histoire haute en couleurs, de paysages magnifiques et d\u2019une culture et d\u2019une langue influenc\u00e9e par ses trois voisins, la Belgique, l&rsquo;Allemagne et la France.<\/p>\n\n\n\n<p>Bien que petit par sa taille, le Luxembourg a jou\u00e9 un r\u00f4le important dans la formation de l&rsquo;Union europ\u00e9enne. La ville de Luxembourg est en effet aujourd\u2019hui une des capitales officielles de l\u2019UE et le si\u00e8ge de la Cour de justice europ\u00e9enne.<\/p>\n\n\n\n<div class=\"wp-block-columns is-layout-flex wp-container-core-columns-is-layout-9d6595d7 wp-block-columns-is-layout-flex\">\n<div class=\"wp-block-column is-vertically-aligned-top is-layout-flow wp-block-column-is-layout-flow\" style=\"flex-basis:10%\">\n<figure class=\"wp-block-image size-full\"><img loading=\"lazy\" decoding=\"async\" width=\"248\" height=\"248\" src=\"https:\/\/www.lux-airport.lu\/wp-content\/uploads\/2022\/09\/nature.png\" alt=\"Logo de la nature\" class=\"wp-image-4604\" srcset=\"https:\/\/www.lux-airport.lu\/wp-content\/uploads\/2022\/09\/nature.png 248w, https:\/\/www.lux-airport.lu\/wp-content\/uploads\/2022\/09\/nature-150x150.png 150w\" sizes=\"auto, (max-width: 248px) 100vw, 248px\" \/><\/figure>\n<\/div>\n\n\n\n<div class=\"wp-block-column is-layout-flow wp-block-column-is-layout-flow\" style=\"flex-basis:70%\">\n<h3 class=\"wp-block-heading\">Nature<\/h3>\n\n\n\n<p>Faites une pause, d\u00e9connectez-vous de l&rsquo;agitation de la ville et mettez le cap sur les terres verdoyantes du Luxembourg, qui font la fiert\u00e9 du pays.<\/p>\n\n\n\n<p>Le Luxembourg compte des hectares de campagne immacul\u00e9e et offre des paysages et des panoramas \u00e0 couper le souffle, qui ne demandent qu\u2019\u00e0 \u00eatre d\u00e9couverts.<\/p>\n\n\n\n<p>Chaque r\u00e9gion du Luxembourg a quelque chose de sp\u00e9cial \u00e0 offrir, que ce soit la r\u00e9gion des Terres Rouges au sud, le Mullerthal, la r\u00e9gion de la Moselle, les Ardennes au nord ou la ville de Luxembourg elle-m\u00eame.<\/p>\n\n\n\n<p>Que diriez-vous de fl\u00e2ner, le temps d\u2019une croisi\u00e8re relaxante le long de la Moselle dans la r\u00e9gion viticole du Luxembourg. D\u2019y admirer quelques fleurons de son architecture m\u00e9di\u00e9vale, ses ch\u00e2teaux majestueux et ses forteresses imposantes serties dans ses vignobles. Pour en savoir plus : https:\/\/<a href=\"https:\/\/www.visitluxembourg.com\/en\/what-to-do\/nature-tours\" rel=\"nofollow noopener\" target=\"_blank\">www.visitluxembourg.com\/en\/what-to-do\/nature-tours<\/a><\/p>\n<\/div>\n\n\n\n<div class=\"wp-block-column is-vertically-aligned-top is-layout-flow wp-block-column-is-layout-flow\" style=\"flex-basis:20%\"><div class=\"wp-block-image\">\n<figure class=\"aligncenter size-full\"><img loading=\"lazy\" decoding=\"async\" width=\"150\" height=\"150\" src=\"https:\/\/www.lux-airport.lu\/wp-content\/uploads\/2022\/09\/image-1.png\" alt=\"Nature Luxembourg  \" class=\"wp-image-4383\"\/><\/figure>\n<\/div><\/div>\n<\/div>\n\n\n\n<div class=\"wp-block-columns is-layout-flex wp-container-core-columns-is-layout-9d6595d7 wp-block-columns-is-layout-flex\">\n<div class=\"wp-block-column is-vertically-aligned-top is-layout-flow wp-block-column-is-layout-flow\" style=\"flex-basis:10%\">\n<figure class=\"wp-block-image size-full\"><img loading=\"lazy\" decoding=\"async\" width=\"248\" height=\"248\" src=\"https:\/\/www.lux-airport.lu\/wp-content\/uploads\/2022\/09\/Sport-Cycling.png\" alt=\"Logo Sport-Cyclisme\" class=\"wp-image-4608\" srcset=\"https:\/\/www.lux-airport.lu\/wp-content\/uploads\/2022\/09\/Sport-Cycling.png 248w, https:\/\/www.lux-airport.lu\/wp-content\/uploads\/2022\/09\/Sport-Cycling-150x150.png 150w\" sizes=\"auto, (max-width: 248px) 100vw, 248px\" \/><\/figure>\n<\/div>\n\n\n\n<div class=\"wp-block-column is-layout-flow wp-block-column-is-layout-flow\" style=\"flex-basis:70%\">\n<h3 class=\"wp-block-heading\">Sport &#8211; Cyclisme<\/h3>\n\n\n\n<p>Avec 600 km de pistes cyclables et plus de 20 itin\u00e9raires cyclables s\u00e9curis\u00e9s, le Luxembourg offre de nombreuses possibilit\u00e9s d&rsquo;explorer \u00e0 v\u00e9lo sa campagne majestueuse. Les pistes cyclables sont balis\u00e9es et r\u00e9guli\u00e8rement entretenues pour vous assurer des balades sans encombre. Si vous pr\u00e9f\u00e9rez \u00eatre accompagn\u00e9 d\u2019un guide, celui-ci saura vous mener sur les meilleurs itin\u00e9raires pour une v\u00e9ritable visite guid\u00e9e \u00e0 v\u00e9lo.<\/p>\n<\/div>\n\n\n\n<div class=\"wp-block-column is-vertically-aligned-top is-layout-flow wp-block-column-is-layout-flow\" style=\"flex-basis:20%\"><div class=\"wp-block-image\">\n<figure class=\"aligncenter size-full\"><img loading=\"lazy\" decoding=\"async\" width=\"150\" height=\"150\" src=\"https:\/\/www.lux-airport.lu\/wp-content\/uploads\/2022\/09\/image-3.png\" alt=\"Sport-Cyclisme Luxembourg\" class=\"wp-image-4536\"\/><\/figure>\n<\/div><\/div>\n<\/div>\n\n\n\n<div class=\"wp-block-columns is-layout-flex wp-container-core-columns-is-layout-9d6595d7 wp-block-columns-is-layout-flex\">\n<div class=\"wp-block-column is-vertically-aligned-top is-layout-flow wp-block-column-is-layout-flow\" style=\"flex-basis:10%\">\n<figure class=\"wp-block-image size-full\"><img loading=\"lazy\" decoding=\"async\" width=\"248\" height=\"248\" src=\"https:\/\/www.lux-airport.lu\/wp-content\/uploads\/2022\/09\/Sport-Hiking.png\" alt=\"Logo Sport-Randonn\u00e9e\" class=\"wp-image-4611\" srcset=\"https:\/\/www.lux-airport.lu\/wp-content\/uploads\/2022\/09\/Sport-Hiking.png 248w, https:\/\/www.lux-airport.lu\/wp-content\/uploads\/2022\/09\/Sport-Hiking-150x150.png 150w\" sizes=\"auto, (max-width: 248px) 100vw, 248px\" \/><\/figure>\n<\/div>\n\n\n\n<div class=\"wp-block-column is-layout-flow wp-block-column-is-layout-flow\" style=\"flex-basis:70%\">\n<h3 class=\"wp-block-heading\">Sport &#8211; Randonn\u00e9e<\/h3>\n\n\n\n<p>Partez \u00e0 l\u2019aventure sur l\u2019un des 200 sentiers de randonn\u00e9e qui sillonnent le pays. Que vous soyez partant pour une simple balade ou une randonn\u00e9e vivifiante, le Luxembourg a de quoi vous combler avec ses 5000 km de sentiers de randonn\u00e9e de longueur et de difficult\u00e9 variables. Pourquoi ne pas explorer \u00e0 pied les for\u00eats enchanteresses et les vall\u00e9es luxuriantes du Luxembourg ou d\u00e9couvrir ses magnifiques formations rocheuses, ses rivi\u00e8res aux m\u00e9andres langoureux, ses lacs aux eaux cristallines ? Pour en savoir plus :<a href=\"https:\/\/www.visitluxembourg.com\/experience-luxembourg\/nature-outdoors\/hiking\" target=\"_blank\" rel=\"noreferrer noopener nofollow\"> https:\/\/www.visitluxembourg.com\/experience-luxembourg\/nature-outdoors\/hiking<\/a><\/p>\n<\/div>\n\n\n\n<div class=\"wp-block-column is-vertically-aligned-top is-layout-flow wp-block-column-is-layout-flow\" style=\"flex-basis:20%\"><div class=\"wp-block-image\">\n<figure class=\"aligncenter size-full\"><img loading=\"lazy\" decoding=\"async\" width=\"150\" height=\"133\" src=\"https:\/\/www.lux-airport.lu\/wp-content\/uploads\/2022\/09\/image-5.png\" alt=\"Randonn\u00e9e sportive au Luxembourg\" class=\"wp-image-4543\"\/><\/figure>\n<\/div><\/div>\n<\/div>\n\n\n\n<div class=\"wp-block-columns is-layout-flex wp-container-core-columns-is-layout-9d6595d7 wp-block-columns-is-layout-flex\">\n<div class=\"wp-block-column is-vertically-aligned-top is-layout-flow wp-block-column-is-layout-flow\" style=\"flex-basis:10%\">\n<figure class=\"wp-block-image size-full\"><img loading=\"lazy\" decoding=\"async\" width=\"248\" height=\"248\" src=\"https:\/\/www.lux-airport.lu\/wp-content\/uploads\/2022\/09\/Art-Culture.png\" alt=\"Logo Art &amp;amp; Culture\" class=\"wp-image-4629\" srcset=\"https:\/\/www.lux-airport.lu\/wp-content\/uploads\/2022\/09\/Art-Culture.png 248w, https:\/\/www.lux-airport.lu\/wp-content\/uploads\/2022\/09\/Art-Culture-150x150.png 150w\" sizes=\"auto, (max-width: 248px) 100vw, 248px\" \/><\/figure>\n<\/div>\n\n\n\n<div class=\"wp-block-column is-layout-flow wp-block-column-is-layout-flow\" style=\"flex-basis:70%\">\n<h3 class=\"wp-block-heading\">Art et culture<\/h3>\n\n\n\n<p>Abritant trois des sites du patrimoine mondial de l&rsquo;UNESCO, le Grand-Duch\u00e9 est un paradis pour les amateurs d&rsquo;histoire et de culture. En raison de sa position strat\u00e9gique en Europe, Luxembourg est devenue l&rsquo;une des plus grandes villes fortifi\u00e9es du continent. La plupart de ces fortifications sont encore debout et t\u00e9moignent du pass\u00e9 color\u00e9 du pays.<\/p>\n\n\n\n<p>Partez \u00e0 la d\u00e9couverte des ch\u00e2teaux m\u00e9di\u00e9vaux, des grandes cath\u00e9drales et des monast\u00e8res fascinants que le pays a \u00e0 offrir. D\u00e9couvrez les tr\u00e9sors cach\u00e9s de la ville et \u00e9merveillez-vous devant ses ruines m\u00e9di\u00e9vales. L&rsquo;historien qui sommeille en vous ne sera certainement pas d\u00e9\u00e7u.<\/p>\n\n\n\n<p>Pour en savoir plus sur l&rsquo;art et la culture <a rel=\"noreferrer noopener nofollow\" href=\"https:\/\/www.visitluxembourg.com\/en\/what-to-do\/arts-culture\" target=\"_blank\">: https:\/\/www.visitluxembourg.com\/en\/what-to-do\/arts-culture<\/a><\/p>\n<\/div>\n\n\n\n<div class=\"wp-block-column is-vertically-aligned-top is-layout-flow wp-block-column-is-layout-flow\" style=\"flex-basis:20%\"><div class=\"wp-block-image\">\n<figure class=\"aligncenter size-full\"><img loading=\"lazy\" decoding=\"async\" width=\"150\" height=\"150\" src=\"https:\/\/www.lux-airport.lu\/wp-content\/uploads\/2022\/09\/image-7.png\" alt=\"Art et culture Luxembourg\" class=\"wp-image-4550\"\/><\/figure>\n<\/div><\/div>\n<\/div>\n\n\n\n<div class=\"wp-block-columns is-layout-flex wp-container-core-columns-is-layout-9d6595d7 wp-block-columns-is-layout-flex\">\n<div class=\"wp-block-column is-vertically-aligned-top is-layout-flow wp-block-column-is-layout-flow\" style=\"flex-basis:10%\">\n<figure class=\"wp-block-image size-full\"><img loading=\"lazy\" decoding=\"async\" width=\"248\" height=\"248\" src=\"https:\/\/www.lux-airport.lu\/wp-content\/uploads\/2022\/09\/Family-Kids.png\" alt=\"Logo de la famille\" class=\"wp-image-4626\" srcset=\"https:\/\/www.lux-airport.lu\/wp-content\/uploads\/2022\/09\/Family-Kids.png 248w, https:\/\/www.lux-airport.lu\/wp-content\/uploads\/2022\/09\/Family-Kids-150x150.png 150w\" sizes=\"auto, (max-width: 248px) 100vw, 248px\" \/><\/figure>\n<\/div>\n\n\n\n<div class=\"wp-block-column is-layout-flow wp-block-column-is-layout-flow\" style=\"flex-basis:70%\">\n<h3 class=\"wp-block-heading\">Famille et enfants<\/h3>\n\n\n\n<p>Les familles sont naturellement chez elles au Luxembourg.&nbsp; Le pays dispose d\u2019un large \u00e9ventail de grands espaces verts et de parcs de loisirs, promesses d\u2019amusements et de plaisirs sans cesse renouvel\u00e9s.<\/p>\n\n\n\n<p>Que diriez-vous d\u2019un petit saut dans le temps et visiter le train \u00e0 vapeur historique de Differdange ?&nbsp; Ou si vous et vos enfants pr\u00e9f\u00e9rez quelque chose de plus concret, rendez-vous au mus\u00e9e vivant de Robbesscheier.&nbsp; Vous y d\u00e9couvrirez les modes de vie des anc\u00eatres des Luxembourgeois d\u2019aujourd\u2019hui.&nbsp; Ou alors partez pour une belle balade en cal\u00e8che qui vous m\u00e8nera de ferme en ferme pour y pr\u00e9parer des chaussons aux pommes et tester votre habilit\u00e9 manuelle en participant \u00e0 un atelier de poterie.<\/p>\n\n\n\n<p>Pour une activit\u00e9 plus sensorielle, nous vous recommandons le sentier pieds nus. Ce parcours dans les bois est accessible pendant la saison estivale et offre \u00e0 la famille la possibilit\u00e9 d\u2019explorer un sentier de 745 m\u00e8tres pieds nus.&nbsp; Vos pas fouleront ainsi diff\u00e9rents mat\u00e9riaux tels que le sable, le paillis d\u2019\u00e9corce, le gravier et les cailloux.<\/p>\n\n\n\n<p>Plus d&rsquo;id\u00e9es ici <a rel=\"noreferrer noopener nofollow\" href=\"https:\/\/www.visitluxembourg.com\/en\/what-to-do\/family-kids\" target=\"_blank\">: https:\/\/www.visitluxembourg.com\/en\/what-to-do\/family-kids<\/a><\/p>\n<\/div>\n\n\n\n<div class=\"wp-block-column is-vertically-aligned-top is-layout-flow wp-block-column-is-layout-flow\" style=\"flex-basis:20%\"><div class=\"wp-block-image\">\n<figure class=\"aligncenter size-full\"><img loading=\"lazy\" decoding=\"async\" width=\"150\" height=\"132\" src=\"https:\/\/www.lux-airport.lu\/wp-content\/uploads\/2022\/09\/image-9.png\" alt=\"Famille Luxembourg\" class=\"wp-image-4558\"\/><\/figure>\n<\/div><\/div>\n<\/div>\n\n\n\n<div class=\"wp-block-columns is-layout-flex wp-container-core-columns-is-layout-9d6595d7 wp-block-columns-is-layout-flex\">\n<div class=\"wp-block-column is-vertically-aligned-top is-layout-flow wp-block-column-is-layout-flow\" style=\"flex-basis:10%\">\n<figure class=\"wp-block-image size-full\"><img loading=\"lazy\" decoding=\"async\" width=\"248\" height=\"248\" src=\"https:\/\/www.lux-airport.lu\/wp-content\/uploads\/2022\/09\/Shopping.png\" alt=\"Logo d'achat\" class=\"wp-image-4623\" srcset=\"https:\/\/www.lux-airport.lu\/wp-content\/uploads\/2022\/09\/Shopping.png 248w, https:\/\/www.lux-airport.lu\/wp-content\/uploads\/2022\/09\/Shopping-150x150.png 150w\" sizes=\"auto, (max-width: 248px) 100vw, 248px\" \/><\/figure>\n<\/div>\n\n\n\n<div class=\"wp-block-column is-layout-flow wp-block-column-is-layout-flow\" style=\"flex-basis:70%\">\n<h3 class=\"wp-block-heading\">Shopping<\/h3>\n\n\n\n<p>\u00a0<\/p>\n\n\n\n<p>Faire du shopping au Luxembourg est une v\u00e9ritable exp\u00e9rience. Pendant que vous fl\u00e2nez dans les pittoresques zones pi\u00e9tonnes du pays, arr\u00eatez-vous pour prendre une boisson chaude dans l&rsquo;un des caf\u00e9s pittoresques du Luxembourg. Profitez ensuite de l&rsquo;occasion pour visiter les b\u00e2timents historiques enchanteurs du pays, qui abritent certains des plus grands noms de la mode. Des march\u00e9s fermiers pars\u00e8ment \u00e9galement les zones pi\u00e9tonnes pour donner une touche organique \u00e0 votre shopping.<\/p>\n\n\n\n<p>\u00c0 d\u00e9couvrir : <a href=\"https:\/\/www.visitluxembourg.com\/en\/what-to-do\/shopping-luxembourg\" target=\"_blank\" rel=\"noreferrer noopener nofollow\">https:\/\/www.visitluxembourg.com\/en\/what-to-do\/shopping-luxembourg<\/a><\/p>\n<\/div>\n\n\n\n<div class=\"wp-block-column is-vertically-aligned-top is-layout-flow wp-block-column-is-layout-flow\" style=\"flex-basis:20%\"><div class=\"wp-block-image\">\n<figure class=\"aligncenter size-full\"><img loading=\"lazy\" decoding=\"async\" width=\"150\" height=\"150\" src=\"https:\/\/www.lux-airport.lu\/wp-content\/uploads\/2022\/09\/image-11.png\" alt=\"Shopping Luxembourg\" class=\"wp-image-4564\"\/><\/figure>\n<\/div><\/div>\n<\/div>\n\n\n\n<div class=\"wp-block-columns is-layout-flex wp-container-core-columns-is-layout-9d6595d7 wp-block-columns-is-layout-flex\">\n<div class=\"wp-block-column is-vertically-aligned-top is-layout-flow wp-block-column-is-layout-flow\" style=\"flex-basis:10%\">\n<figure class=\"wp-block-image size-full\"><img loading=\"lazy\" decoding=\"async\" width=\"248\" height=\"248\" src=\"https:\/\/www.lux-airport.lu\/wp-content\/uploads\/2022\/09\/Eat-Sleep-Restaurants.png\" alt=\"Logo des restaurants\" class=\"wp-image-4620\" srcset=\"https:\/\/www.lux-airport.lu\/wp-content\/uploads\/2022\/09\/Eat-Sleep-Restaurants.png 248w, https:\/\/www.lux-airport.lu\/wp-content\/uploads\/2022\/09\/Eat-Sleep-Restaurants-150x150.png 150w\" sizes=\"auto, (max-width: 248px) 100vw, 248px\" \/><\/figure>\n<\/div>\n\n\n\n<div class=\"wp-block-column is-layout-flow wp-block-column-is-layout-flow\" style=\"flex-basis:70%\">\n<h3 class=\"wp-block-heading\">Manger &amp; Dormir &#8211; Restaurants<\/h3>\n\n\n\n<p>Laissez-vous tenter et go\u00fbtez aux saveurs de la cuisine luxembourgeoise, \u00e0 la crois\u00e9e d\u2019une myriade d\u2019influences culturelles et culinaires. Que vous soyez \u00e0 la recherche d&rsquo;un repas gastronomique 5 \u00e9toiles ou d&rsquo;une collation rapide, vous trouverez \u00e0 coup s\u00fbr de quoi ravir vos papilles. Du bistrot familial au restaurant \u00e9toil\u00e9, vous ne resterez certainement pas sur votre faim.<\/p>\n\n\n\n<p>Et bien s\u00fbr, bonne ch\u00e8re et bon vin faisant cause commune, une visite au Luxembourg s\u2019impose. La r\u00e9gion de la Moselle est r\u00e9put\u00e9e pour son vin blanc doux et ses nombreux vignobles qui bordent la rivi\u00e8re. Il n\u2019y a pas de meilleure fa\u00e7on de go\u00fbter la culture du pays.<\/p>\n<\/div>\n\n\n\n<div class=\"wp-block-column is-vertically-aligned-top is-layout-flow wp-block-column-is-layout-flow\" style=\"flex-basis:20%\"><div class=\"wp-block-image\">\n<figure class=\"aligncenter size-full\"><img loading=\"lazy\" decoding=\"async\" width=\"134\" height=\"150\" src=\"https:\/\/www.lux-airport.lu\/wp-content\/uploads\/2022\/09\/image-13.png\" alt=\"Restaurants Luxembourg\" class=\"wp-image-4570\"\/><\/figure>\n<\/div><\/div>\n<\/div>\n\n\n\n<div class=\"wp-block-columns is-layout-flex wp-container-core-columns-is-layout-9d6595d7 wp-block-columns-is-layout-flex\">\n<div class=\"wp-block-column is-vertically-aligned-top is-layout-flow wp-block-column-is-layout-flow\" style=\"flex-basis:10%\">\n<figure class=\"wp-block-image size-full\"><img loading=\"lazy\" decoding=\"async\" width=\"248\" height=\"248\" src=\"https:\/\/www.lux-airport.lu\/wp-content\/uploads\/2022\/09\/Eat-Sleep-Accommodation.png\" alt=\"Logo de l'h\u00e9bergement\" class=\"wp-image-4617\" srcset=\"https:\/\/www.lux-airport.lu\/wp-content\/uploads\/2022\/09\/Eat-Sleep-Accommodation.png 248w, https:\/\/www.lux-airport.lu\/wp-content\/uploads\/2022\/09\/Eat-Sleep-Accommodation-150x150.png 150w\" sizes=\"auto, (max-width: 248px) 100vw, 248px\" \/><\/figure>\n<\/div>\n\n\n\n<div class=\"wp-block-column is-layout-flow wp-block-column-is-layout-flow\" style=\"flex-basis:70%\">\n<h3 class=\"wp-block-heading\">Manger et dormir &#8211; H\u00e9bergement<\/h3>\n\n\n\n<p>Des campings aux h\u00f4tels de luxe, le Luxembourg a tout pour plaire. Que vous souhaitiez s\u00e9journer dans un h\u00f4tel familial pittoresque dans la campagne ou dans un somptueux h\u00f4tel de la ville, vous trouverez forc\u00e9ment un h\u00e9bergement adapt\u00e9 \u00e0 vos besoins.<\/p>\n\n\n\n<p>Pour en savoir plus : <\/p>\n\n\n\n<p><a href=\"https:\/\/www.visitluxembourg.com\/en\/eat-sleep\" rel=\"nofollow noopener\" target=\"_blank\">https:\/\/www.visitluxembourg.com\/en\/eat-sleep<\/a><\/p>\n<\/div>\n\n\n\n<div class=\"wp-block-column is-vertically-aligned-top is-layout-flow wp-block-column-is-layout-flow\" style=\"flex-basis:20%\"><div class=\"wp-block-image\">\n<figure class=\"aligncenter size-full\"><img loading=\"lazy\" decoding=\"async\" width=\"150\" height=\"133\" src=\"https:\/\/www.lux-airport.lu\/wp-content\/uploads\/2022\/09\/image-15.png\" alt=\"H\u00e9bergement Luxembourg\" class=\"wp-image-4576\"\/><\/figure>\n<\/div><\/div>\n<\/div>\n\n\n\n<div class=\"wp-block-columns is-layout-flex wp-container-core-columns-is-layout-9d6595d7 wp-block-columns-is-layout-flex\">\n<div class=\"wp-block-column is-vertically-aligned-top is-layout-flow wp-block-column-is-layout-flow\" style=\"flex-basis:10%\">\n<figure class=\"wp-block-image size-full\"><img loading=\"lazy\" decoding=\"async\" width=\"248\" height=\"248\" src=\"https:\/\/www.lux-airport.lu\/wp-content\/uploads\/2022\/09\/A-Hub-for-Business.png\" alt=\"Un logo de plaque tournante pour les entreprises\" class=\"wp-image-4614\" srcset=\"https:\/\/www.lux-airport.lu\/wp-content\/uploads\/2022\/09\/A-Hub-for-Business.png 248w, https:\/\/www.lux-airport.lu\/wp-content\/uploads\/2022\/09\/A-Hub-for-Business-150x150.png 150w\" sizes=\"auto, (max-width: 248px) 100vw, 248px\" \/><\/figure>\n<\/div>\n\n\n\n<div class=\"wp-block-column is-layout-flow wp-block-column-is-layout-flow\" style=\"flex-basis:70%\">\n<h3 class=\"wp-block-heading\">Un centre d&rsquo;affaires<\/h3>\n\n\n\n<p>Gr\u00e2ce \u00e0 sa situation g\u00e9ographique exceptionnelle, le Grand-Duch\u00e9 est un point de rencontre id\u00e9al pour les entreprises et les affaires. Et de fait, la capitale du pays accueille d\u2019importants centres d&rsquo;affaires dot\u00e9s d&rsquo;installations ultramodernes, de salles de conf\u00e9rence somptueuses et de technologies de pointe.<\/p>\n\n\n\n<p>Pour en savoir plus <a href=\"https:\/\/www.visitluxembourg.com\/plan-your-stay\/stay\" target=\"_blank\" rel=\"noreferrer noopener nofollow\">: https:\/\/www.visitluxembourg.com\/plan-your-stay\/stay<\/a><\/p>\n<\/div>\n\n\n\n<div class=\"wp-block-column is-vertically-aligned-center is-layout-flow wp-block-column-is-layout-flow\" style=\"flex-basis:20%\"><\/div>\n<\/div>\n\n\n\n<p><\/p>\n","protected":false},"excerpt":{"rendered":"<p>Bienvenue au Luxembourg&nbsp;! Situ\u00e9 au c\u0153ur de l&rsquo;Europe, le Luxembourg s&rsquo;enorgueillit d&rsquo;une histoire haute en couleurs, de paysages magnifiques et d\u2019une culture et d\u2019une langue influenc\u00e9e par ses trois voisins, la Belgique, l&rsquo;Allemagne et la France. Bien que petit par sa taille, le Luxembourg a jou\u00e9 un r\u00f4le important dans la formation de l&rsquo;Union europ\u00e9enne. [&hellip;]<\/p>\n","protected":false},"author":1,"featured_media":0,"parent":6889,"menu_order":0,"comment_status":"closed","ping_status":"closed","template":"","meta":{"_acf_changed":false,"footnotes":""},"class_list":["post-4229","page","type-page","status-publish","hentry"],"acf":{"set_page_width_full":false,"start_with_small_header":false,"reno_options":{"hide_reno_widget":false,"open_widget_on_page_load":false,"which_tab_to_open":"chatbot","hide_reno_turn_onoff":false,"set_height_to_mini":false,"reno_page_branded_text_back_front":{"reno_show_branded_text":false,"reno_text_in_the_back":"JOURNEY","reno_text_in_the_front":"my journey starts here"}},"branded_text_backfront":{"hide_branded_text":false,"text_in_the_back":"DISCOVER","text_in_the_front_left":"My journey","text_in_the_front_right":"is wow"},"hide_breadcrumbs":false,"hide_footer_widgets":false,"hide_page_title":false,"advertising__adsense":{"show_ads_in_this_page":true,"image_instead_of_adsense":{"enable_image_instead_of_adsense":false,"banner_image_300x250":null,"banner_url":""}},"header_image_options":{"show_header_image":"Yes","header_image":""}},"_links":{"self":[{"href":"https:\/\/www.lux-airport.lu\/fr\/wp-json\/wp\/v2\/pages\/4229","targetHints":{"allow":["GET"]}}],"collection":[{"href":"https:\/\/www.lux-airport.lu\/fr\/wp-json\/wp\/v2\/pages"}],"about":[{"href":"https:\/\/www.lux-airport.lu\/fr\/wp-json\/wp\/v2\/types\/page"}],"author":[{"embeddable":true,"href":"https:\/\/www.lux-airport.lu\/fr\/wp-json\/wp\/v2\/users\/1"}],"replies":[{"embeddable":true,"href":"https:\/\/www.lux-airport.lu\/fr\/wp-json\/wp\/v2\/comments?post=4229"}],"version-history":[{"count":0,"href":"https:\/\/www.lux-airport.lu\/fr\/wp-json\/wp\/v2\/pages\/4229\/revisions"}],"up":[{"embeddable":true,"href":"https:\/\/www.lux-airport.lu\/fr\/wp-json\/wp\/v2\/pages\/6889"}],"wp:attachment":[{"href":"https:\/\/www.lux-airport.lu\/fr\/wp-json\/wp\/v2\/media?parent=4229"}],"curies":[{"name":"wp","href":"https:\/\/api.w.org\/{rel}","templated":true}]}}