{"id":4219,"date":"2022-08-31T00:07:01","date_gmt":"2022-08-30T23:07:01","guid":{"rendered":"https:\/\/www.lux-airport.lu\/?page_id=4219"},"modified":"2023-06-01T11:09:27","modified_gmt":"2023-06-01T10:09:27","slug":"newsletter","status":"publish","type":"page","link":"https:\/\/www.lux-airport.lu\/fr\/assistance-and-support\/newsletter\/","title":{"rendered":"Newsletter"},"content":{"rendered":"\n<p>Notre newsletter mensuelle <strong>on the radar<\/strong> vous informe sur les projets en cours \u00e0 l&rsquo;a\u00e9roport, sur les nouvelles destinations et sur les offres int\u00e9ressantes de nos compagnies a\u00e9riennes, boutiques et restaurants.<\/p>\n\n\n\n<h3 class=\"wp-block-heading\"><strong>Inscrivez-vous maintenant et restez connect\u00e9 !<\/strong><\/h3>\n\n\n\n<figure class=\"wp-block-image size-full\"><img loading=\"lazy\" decoding=\"async\" width=\"250\" height=\"188\" src=\"\/wp-content\/uploads\/2023\/02\/Pfeil_02-250x188-1.jpg\" alt=\"\" class=\"wp-image-11115\"><\/figure>\n","protected":false},"excerpt":{"rendered":"<p>Notre newsletter mensuelle on the radar vous informe sur les projets en cours \u00e0 l&rsquo;a\u00e9roport, sur les nouvelles destinations et sur les offres int\u00e9ressantes de nos compagnies a\u00e9riennes, boutiques et restaurants. Inscrivez-vous maintenant et restez connect\u00e9 !<\/p>\n","protected":false},"author":1,"featured_media":0,"parent":7054,"menu_order":0,"comment_status":"closed","ping_status":"closed","template":"","meta":{"_acf_changed":false,"footnotes":""},"class_list":["post-4219","page","type-page","status-publish","hentry"],"acf":{"set_page_width_full":false,"start_with_small_header":false,"reno_options":{"hide_reno_widget":false,"open_widget_on_page_load":false,"which_tab_to_open":"chatbot","hide_reno_turn_onoff":false,"set_height_to_mini":false,"reno_page_branded_text_back_front":{"reno_show_branded_text":false,"reno_text_in_the_back":"JOURNEY","reno_text_in_the_front":"my journey starts here"}},"branded_text_backfront":{"hide_branded_text":false,"text_in_the_back":"JOURNEY","text_in_the_front_left":"My journey","text_in_the_front_right":"starts here"},"hide_breadcrumbs":false,"hide_footer_widgets":false,"hide_page_title":false,"advertising__adsense":{"show_ads_in_this_page":true,"image_instead_of_adsense":{"enable_image_instead_of_adsense":false,"banner_image_300x250":null,"banner_url":""}},"header_image_options":{"show_header_image":"Yes","header_image":""}},"_links":{"self":[{"href":"https:\/\/www.lux-airport.lu\/fr\/wp-json\/wp\/v2\/pages\/4219","targetHints":{"allow":["GET"]}}],"collection":[{"href":"https:\/\/www.lux-airport.lu\/fr\/wp-json\/wp\/v2\/pages"}],"about":[{"href":"https:\/\/www.lux-airport.lu\/fr\/wp-json\/wp\/v2\/types\/page"}],"author":[{"embeddable":true,"href":"https:\/\/www.lux-airport.lu\/fr\/wp-json\/wp\/v2\/users\/1"}],"replies":[{"embeddable":true,"href":"https:\/\/www.lux-airport.lu\/fr\/wp-json\/wp\/v2\/comments?post=4219"}],"version-history":[{"count":0,"href":"https:\/\/www.lux-airport.lu\/fr\/wp-json\/wp\/v2\/pages\/4219\/revisions"}],"up":[{"embeddable":true,"href":"https:\/\/www.lux-airport.lu\/fr\/wp-json\/wp\/v2\/pages\/7054"}],"wp:attachment":[{"href":"https:\/\/www.lux-airport.lu\/fr\/wp-json\/wp\/v2\/media?parent=4219"}],"curies":[{"name":"wp","href":"https:\/\/api.w.org\/{rel}","templated":true}]}}