{"id":4211,"date":"2022-08-31T00:00:02","date_gmt":"2022-08-30T22:00:02","guid":{"rendered":"https:\/\/www.lux-airport.lu\/?page_id=4211"},"modified":"2025-11-25T21:38:14","modified_gmt":"2025-11-25T20:38:14","slug":"accessibilite-et-assistance","status":"publish","type":"page","link":"https:\/\/www.lux-airport.lu\/fr\/assistance-and-support\/accessibilite-et-assistance\/","title":{"rendered":"Accessibilit\u00e9 &amp; Assistance"},"content":{"rendered":"\n<p>Nous sommes \u00e0 votre \u00e9coute pour toute assistance particuli\u00e8re. Pour ce faire, pr\u00e9sentez une demande d\u2019assistance aupr\u00e8s de votre tour op\u00e9rateur, agence de voyage ou compagnie a\u00e9rienne au moins 72 heures avant votre d\u00e9part.<br><br>\u00c0 l&rsquo;arriv\u00e9e \u00e0 l&rsquo;a\u00e9roport, pr\u00e9sentez-vous au comptoir d&rsquo;enregistrement de votre compagnie a\u00e9rienne.<\/p>\n\n\n\n<p>Vous pouvez \u00e9galement contacter directement votre compagnie a\u00e9rienne en utilisant notre page de contact des compagnies a\u00e9riennes <a href=\"https:\/\/www.lux-airport.lu\/fr\/vols\/compagnies-aeriennes\/\" target=\"_blank\" rel=\"noreferrer noopener\">ici<\/a>.<\/p>\n\n\n\n<p><br>Les assistances propos\u00e9es sont les suivantes:<\/p>\n\n\n\n<ul class=\"wp-block-list\">\n<li>Assistance fauteuil roulant vers\/depuis l\u2019avion<\/li>\n\n\n\n<li>Assistance fauteuil roulant pour monter\/descendre de l\u2019avion<\/li>\n\n\n\n<li>Assistance fauteuil roulant jusqu\u2019au si\u00e8ge de l\u2019avion<\/li>\n<\/ul>\n\n\n\n<p><br>Si vous poss\u00e9dez d\u00e9j\u00e0 votre propre fauteuil roulant veuillez fournir des informations pr\u00e9cises sur le mod\u00e8le, son poids, ses dimensions, le type de fauteuil (pliable\/non pliable, \u00e9lectrique\/manuel) et en informer votre <a href=\"https:\/\/www.lux-airport.lu\/fr\/vols\/compagnies-aeriennes\/\" target=\"_blank\" rel=\"noreferrer noopener\">compagnie a\u00e9rienne<\/a>. Si vous poss\u00e9dez une chaise roulante \u00e9lectrique, veuillez fournir \u00e9galement le type de batterie.<\/p>\n\n\n\n<p>Les fauteuils roulants personnels des passagers sont transport\u00e9s gratuitement, en compl\u00e9ment de la franchise bagage. A noter que les fauteuils roulants sont transport\u00e9s en soute.<\/p>\n\n\n\n<h2 class=\"wp-block-heading\">Installations<\/h2>\n\n\n\n<p>Plusieurs am\u00e9nagements sont accessibles \u00e0 l\u2019int\u00e9rieur et \u00e0 l\u2019ext\u00e9rieur de l\u2019a\u00e9rogare pour faciliter vos d\u00e9placements dans l\u2019a\u00e9roport.<br><br><strong>Ascenseurs<\/strong><br>Le terminal est \u00e9quip\u00e9 de portes d\u2019entr\u00e9es automatiques suffisamment larges, d\u2019ascenseurs panoramiques tr\u00e8s spacieux vous permettant d\u2019acc\u00e9der ais\u00e9ment \u00e0 tous les niveaux et de sanitaires sp\u00e9cialement am\u00e9nag\u00e9s pour les personnes \u00e0 mobilit\u00e9 r\u00e9duite.<br><br><strong>Parking<\/strong><br><strong>Les places de parking r\u00e9serv\u00e9es aux personnes \u00e0 mobilit\u00e9 r\u00e9duite se situent&nbsp;:<\/strong><\/p>\n\n\n\n<p>au niveau&nbsp;-1, dans le parking souterrain A et B (40&nbsp;places disponibles),<\/p>\n\n\n\n<p>au parking C (d\u00e9pose-minute) (12 places&nbsp;disponibles).<\/p>\n\n\n\n<p><em>Veuillez noter que seules les personnes titulaires d\u2019une carte d\u2019invalidit\u00e9 peuvent stationner sur ces emplacements r\u00e9serv\u00e9s.<\/em><\/p>\n\n\n\n<p><br><strong>Transport<\/strong><br>Il est possible d\u2019utiliser&nbsp;<a href=\"https:\/\/www.vdl.lu\/fr\/se-deplacer\/en-bus\/call-a-bus\" data-type=\"URL\" data-id=\"https:\/\/www.lux-airport.lu\/fr\/bus\/\" target=\"_blank\" rel=\"noreferrer noopener nofollow\">le service de transport sp\u00e9cial Call-a-Bus <\/a>pour vous rendre ou quitter l\u2019a\u00e9roport. Pour plus d&rsquo;informations, s&rsquo;il vous pla\u00eet visitez <a href=\"https:\/\/www.vdl.lu\/fr\" target=\"_blank\" rel=\"noreferrer noopener nofollow\">Ville de Luxembourg<\/a><\/p>\n","protected":false},"excerpt":{"rendered":"<p>Nous sommes \u00e0 votre \u00e9coute pour toute assistance particuli\u00e8re. Pour ce faire, pr\u00e9sentez une demande d\u2019assistance aupr\u00e8s de votre tour op\u00e9rateur, agence de voyage ou compagnie a\u00e9rienne au moins 72 heures avant votre d\u00e9part. \u00c0 l&rsquo;arriv\u00e9e \u00e0 l&rsquo;a\u00e9roport, pr\u00e9sentez-vous au comptoir d&rsquo;enregistrement de votre compagnie a\u00e9rienne. Vous pouvez \u00e9galement contacter directement votre compagnie a\u00e9rienne en [&hellip;]<\/p>\n","protected":false},"author":1,"featured_media":0,"parent":7054,"menu_order":0,"comment_status":"closed","ping_status":"closed","template":"","meta":{"_acf_changed":false,"footnotes":""},"class_list":["post-4211","page","type-page","status-publish","hentry"],"acf":{"set_page_width_full":false,"start_with_small_header":false,"reno_options":{"hide_reno_widget":false,"open_widget_on_page_load":false,"which_tab_to_open":"chatbot","hide_reno_turn_onoff":false,"set_height_to_mini":false,"reno_page_branded_text_back_front":{"reno_show_branded_text":false,"reno_text_in_the_back":"JOURNEY","reno_text_in_the_front":"my journey starts here"}},"branded_text_backfront":{"hide_branded_text":false,"text_in_the_back":"JOURNEY","text_in_the_front_left":"My journey","text_in_the_front_right":"starts here"},"hide_breadcrumbs":false,"hide_footer_widgets":false,"hide_page_title":false,"advertising__adsense":{"show_ads_in_this_page":true,"image_instead_of_adsense":{"enable_image_instead_of_adsense":false,"banner_image_300x250":null,"banner_url":""}},"header_image_options":{"show_header_image":"Yes","header_image":""}},"_links":{"self":[{"href":"https:\/\/www.lux-airport.lu\/fr\/wp-json\/wp\/v2\/pages\/4211","targetHints":{"allow":["GET"]}}],"collection":[{"href":"https:\/\/www.lux-airport.lu\/fr\/wp-json\/wp\/v2\/pages"}],"about":[{"href":"https:\/\/www.lux-airport.lu\/fr\/wp-json\/wp\/v2\/types\/page"}],"author":[{"embeddable":true,"href":"https:\/\/www.lux-airport.lu\/fr\/wp-json\/wp\/v2\/users\/1"}],"replies":[{"embeddable":true,"href":"https:\/\/www.lux-airport.lu\/fr\/wp-json\/wp\/v2\/comments?post=4211"}],"version-history":[{"count":0,"href":"https:\/\/www.lux-airport.lu\/fr\/wp-json\/wp\/v2\/pages\/4211\/revisions"}],"up":[{"embeddable":true,"href":"https:\/\/www.lux-airport.lu\/fr\/wp-json\/wp\/v2\/pages\/7054"}],"wp:attachment":[{"href":"https:\/\/www.lux-airport.lu\/fr\/wp-json\/wp\/v2\/media?parent=4211"}],"curies":[{"name":"wp","href":"https:\/\/api.w.org\/{rel}","templated":true}]}}