{"id":4180,"date":"2022-08-30T22:46:16","date_gmt":"2022-08-30T20:46:16","guid":{"rendered":"https:\/\/www.lux-airport.lu\/?page_id=4180"},"modified":"2025-04-10T05:40:05","modified_gmt":"2025-04-10T03:40:05","slug":"taxi","status":"publish","type":"page","link":"https:\/\/www.lux-airport.lu\/fr\/parking-transport\/taxi\/","title":{"rendered":"Taxi"},"content":{"rendered":"\n<p>Vous venez d&rsquo;atterrir \u00e0 l&rsquo;a\u00e9roport de Luxembourg ?<\/p>\n\n\n\n<p>De nombreux taxis vous attendent devant le terminal, pr\u00eats \u00e0 vous mener \u00e0 bon port.<\/p>\n\n\n<div class=\"wp-block-image\">\n<figure class=\"aligncenter size-full\"><img loading=\"lazy\" decoding=\"async\" width=\"2152\" height=\"1022\" src=\"https:\/\/www.lux-airport.lu\/wp-content\/uploads\/2025\/03\/lux-airport-parking-map-public-transport-tram-bus-taxi.png\" alt=\"\" class=\"wp-image-20760\" srcset=\"https:\/\/www.lux-airport.lu\/wp-content\/uploads\/2025\/03\/lux-airport-parking-map-public-transport-tram-bus-taxi.png 2152w, https:\/\/www.lux-airport.lu\/wp-content\/uploads\/2025\/03\/lux-airport-parking-map-public-transport-tram-bus-taxi-300x142.png 300w, https:\/\/www.lux-airport.lu\/wp-content\/uploads\/2025\/03\/lux-airport-parking-map-public-transport-tram-bus-taxi-1024x486.png 1024w, https:\/\/www.lux-airport.lu\/wp-content\/uploads\/2025\/03\/lux-airport-parking-map-public-transport-tram-bus-taxi-768x365.png 768w, https:\/\/www.lux-airport.lu\/wp-content\/uploads\/2025\/03\/lux-airport-parking-map-public-transport-tram-bus-taxi-1536x729.png 1536w, https:\/\/www.lux-airport.lu\/wp-content\/uploads\/2025\/03\/lux-airport-parking-map-public-transport-tram-bus-taxi-2048x973.png 2048w\" sizes=\"auto, (max-width: 2152px) 100vw, 2152px\" \/><\/figure>\n<\/div>\n\n\n<p><strong>A NOTER :<br><\/strong><em>En raison de la construction du tramway, les zones de prise en charge et de d\u00e9pose des bus priv\u00e9s et des taxis r\u00e9serv\u00e9s \u00e0 l&rsquo;avance ont \u00e9t\u00e9 d\u00e9plac\u00e9es.<\/em><\/p>\n\n\n\n<p><em>Pour tous les bus priv\u00e9s arrivant, veuillez informer lux-Airport \u00e0 l&rsquo;avance \u00e0 l&rsquo;adresse mobility-carparking@lux-airport.lu et <a href=\"https:\/\/www.lux-airport.lu\/wp-content\/uploads\/2024\/02\/lux-Airport_Instructions-Coaches-29.01.2024_ENG2.pdf\">cliquez ici.<\/a> <\/em><\/p>\n\n\n\n<p><em>Si vous avez r\u00e9serv\u00e9 un taxi \u00e0 l&rsquo;avance, veuillez noter que la nouvelle zone de prise en charge a \u00e9t\u00e9 d\u00e9plac\u00e9e au parking C de Kiss &amp; Fly.<\/em><\/p>\n\n\n\n<h2 class=\"wp-block-heading\">Pour plus d&rsquo;informations sur les tarifs et la r\u00e9glementation en vigueur, visitez le site <a href=\"https:\/\/www.infotaxi.lu\/\" target=\"_blank\" rel=\"noreferrer noopener nofollow\">ici<\/a>.<\/h2>\n\n\n\n<p><\/p>\n\n\n\n<figure class=\"wp-block-image size-full\"><a href=\"https:\/\/transports.public.lu\/fr\/secteurs\/taxis.html\" target=\"_blank\" rel=\"noreferrer noopener nofollow\"><img loading=\"lazy\" decoding=\"async\" width=\"135\" height=\"46\" src=\"\/wp-content\/uploads\/2023\/02\/logo.jpg\" alt=\"\" class=\"wp-image-10970\"><\/a><\/figure>\n\n\n\n<h2 class=\"wp-block-heading\">Annuaire des soci\u00e9t\u00e9s de taxis:<\/h2>\n\n\n\n<ul class=\"wp-block-list\">\n<li><a href=\"https:\/\/www.yellow.lu\/en\" target=\"_blank\" rel=\"noreferrer noopener nofollow\">Editus<\/a><\/li>\n\n\n\n<li><a href=\"https:\/\/www.yellow.lu\/en\" target=\"_blank\" rel=\"noreferrer noopener nofollow\">Yellow<\/a><\/li>\n<\/ul>\n","protected":false},"excerpt":{"rendered":"<p>Vous venez d&rsquo;atterrir \u00e0 l&rsquo;a\u00e9roport de Luxembourg ? De nombreux taxis vous attendent devant le terminal, pr\u00eats \u00e0 vous mener \u00e0 bon port. A NOTER :En raison de la construction du tramway, les zones de prise en charge et de d\u00e9pose des bus priv\u00e9s et des taxis r\u00e9serv\u00e9s \u00e0 l&rsquo;avance ont \u00e9t\u00e9 d\u00e9plac\u00e9es. Pour tous [&hellip;]<\/p>\n","protected":false},"author":1,"featured_media":0,"parent":6949,"menu_order":0,"comment_status":"closed","ping_status":"closed","template":"","meta":{"_acf_changed":true,"footnotes":""},"class_list":["post-4180","page","type-page","status-publish","hentry"],"acf":{"set_page_width_full":false,"start_with_small_header":false,"reno_options":{"hide_reno_widget":false,"open_widget_on_page_load":false,"which_tab_to_open":"chatbot","hide_reno_turn_onoff":false,"set_height_to_mini":false,"reno_page_branded_text_back_front":{"reno_show_branded_text":false,"reno_text_in_the_back":"JOURNEY","reno_text_in_the_front":"my journey starts here"}},"branded_text_backfront":{"hide_branded_text":false,"text_in_the_back":"PRIVATE TRANSPORT","text_in_the_front_left":"My journey","text_in_the_front_right":"is personal"},"hide_breadcrumbs":false,"hide_footer_widgets":false,"hide_page_title":false,"advertising__adsense":{"show_ads_in_this_page":true,"image_instead_of_adsense":{"enable_image_instead_of_adsense":false,"banner_image_300x250":null,"banner_url":""}},"header_image_options":{"show_header_image":"Yes","header_image":""}},"_links":{"self":[{"href":"https:\/\/www.lux-airport.lu\/fr\/wp-json\/wp\/v2\/pages\/4180","targetHints":{"allow":["GET"]}}],"collection":[{"href":"https:\/\/www.lux-airport.lu\/fr\/wp-json\/wp\/v2\/pages"}],"about":[{"href":"https:\/\/www.lux-airport.lu\/fr\/wp-json\/wp\/v2\/types\/page"}],"author":[{"embeddable":true,"href":"https:\/\/www.lux-airport.lu\/fr\/wp-json\/wp\/v2\/users\/1"}],"replies":[{"embeddable":true,"href":"https:\/\/www.lux-airport.lu\/fr\/wp-json\/wp\/v2\/comments?post=4180"}],"version-history":[{"count":0,"href":"https:\/\/www.lux-airport.lu\/fr\/wp-json\/wp\/v2\/pages\/4180\/revisions"}],"up":[{"embeddable":true,"href":"https:\/\/www.lux-airport.lu\/fr\/wp-json\/wp\/v2\/pages\/6949"}],"wp:attachment":[{"href":"https:\/\/www.lux-airport.lu\/fr\/wp-json\/wp\/v2\/media?parent=4180"}],"curies":[{"name":"wp","href":"https:\/\/api.w.org\/{rel}","templated":true}]}}