{"id":4172,"date":"2022-08-30T22:33:06","date_gmt":"2022-08-30T20:33:06","guid":{"rendered":"https:\/\/www.lux-airport.lu\/?page_id=4172"},"modified":"2025-04-02T14:52:45","modified_gmt":"2025-04-02T12:52:45","slug":"car-rental","status":"publish","type":"page","link":"https:\/\/www.lux-airport.lu\/fr\/parking-transport\/car-rental\/","title":{"rendered":"Location de voiture"},"content":{"rendered":"\n<p>Vous venez d\u2019arriver au Luxembourg et avez h\u00e2te d\u2019en explorer les moindres recoins ? Envie de musarder en voiture dans la flamboyante campagne luxembourgeoise ? Si les transports en commun ne sont pas votre tasse de th\u00e9, nous vous recommandons de louer une voiture et de tracer votre route en toute libert\u00e9.<\/p>\n\n\n\n<h2 class=\"wp-block-heading\">Comptoirs de location de voitures \u00e0 l\u2019a\u00e9roport de Luxembourg<\/h2>\n\n\n\n<p>Quel que soit le type de v\u00e9hicule que vous recherchez, vous trouverez votre bonheur aupr\u00e8s de l\u2019une des nombreuses agences de location pr\u00e9sentes \u00e0 l\u2019a\u00e9roport.&nbsp; Il suffit de vous adresser \u00e0 l\u2019un des comptoirs de location dans le hall des arriv\u00e9es (niveau -1).<\/p>\n\n\n\n<p>L\u2019espace r\u00e9serv\u00e9 aux v\u00e9hicules de location se trouve dans le parking couvert A, au niveau -2. Pour rejoindre votre v\u00e9hicule, suivez simplement les panneaux \u00ab Car Rental&nbsp;\u00bb (location de voiture) qui vous indiquent le chemin dans tout l\u2019a\u00e9roport.<\/p>\n\n\n\n<p>Et c\u2019est parti !<\/p>\n\n\n\n<h2 class=\"wp-block-heading\">Liste des soci\u00e9t\u00e9s de location de voitures \u00e0 l\u2019a\u00e9roport de Luxembourg<\/h2>\n\n\n\n<p><\/p>\n\n\n\n<div class=\"wp-block-columns is-layout-flex wp-container-core-columns-is-layout-9d6595d7 wp-block-columns-is-layout-flex\">\n<div class=\"wp-block-column is-layout-flow wp-block-column-is-layout-flow\" style=\"flex-basis:66.66%\">\n<h3 class=\"wp-block-heading\">AVIS \/ BUDGET<\/h3>\n\n\n\n<p>Du lundi au vendredi: 8:00 \u2013 20:00, Samedi: 8:00 \u2013 16:00 <br>Dimanche: 12:00 \u2013 20:00 <br>L-1110 Findel <br>T\u00e9l.: <a href=\"tel:+352435171\" target=\"_blank\" rel=\"noreferrer noopener\">+352 43 51 71<\/a> <br>Fax: <a href=\"tel:+352422749\" target=\"_blank\" rel=\"noreferrer noopener\">+352 42 27 49<\/a> <br><a href=\"https:\/\/www.avis.lu\/\" data-type=\"URL\" data-id=\"https:\/\/www.avis.lu\/\" target=\"_blank\" rel=\"noreferrer noopener nofollow\">www.avis.lu<\/a> <a href=\"https:\/\/www.budget.lu\/\" target=\"_blank\" rel=\"noreferrer noopener nofollow\">www.budget.lu<\/a><\/p>\n<\/div>\n\n\n\n<div class=\"wp-block-column is-vertically-aligned-center is-layout-flow wp-block-column-is-layout-flow\" style=\"flex-basis:33.33%\"><div class=\"wp-block-image\">\n<figure class=\"aligncenter size-full\"><img loading=\"lazy\" decoding=\"async\" width=\"250\" height=\"148\" src=\"https:\/\/www.lux-airport.lu\/wp-content\/uploads\/2022\/09\/avis-budget-1.png\" alt=\"Avis Budget logo\" class=\"wp-image-4425\"\/><\/figure>\n<\/div><\/div>\n<\/div>\n\n\n\n<div class=\"wp-block-columns is-layout-flex wp-container-core-columns-is-layout-9d6595d7 wp-block-columns-is-layout-flex\">\n<div class=\"wp-block-column is-layout-flow wp-block-column-is-layout-flow\" style=\"flex-basis:66.66%\">\n<h3 class=\"wp-block-heading\">ENTERPRISE<\/h3>\n\n\n\n<p>Du lundi au vendredi: 8:00 \u2013 22:30, <br>Samedi: 9:00 &#8211; 17:00, Dimanche: 14:30 \u2013 22:30 <br>L-1110 Findel<br>Phone: <a href=\"tel:+35227820200\" data-type=\"tel\" data-id=\"tel:+35226094073\" target=\"_blank\" rel=\"noreferrer noopener\">+352 27 82 02 00<\/a> <br><a href=\"https:\/\/www.enterprise.com\/en\/car-rental\/locations\/luxembourg\/luxembourg-airport-jbl1.html?fbclid=IwAR3ODGaSKVhHyrdZ9GrfubrVNeXu5JmpHdR_L3ZJ9L0Tln5fJhOlsfUOp-s\" data-type=\"URL\" data-id=\"https:\/\/www.enterprise.com\/en\/car-rental\/locations\/luxembourg\/luxembourg-airport-jbl1.html?fbclid=IwAR3ODGaSKVhHyrdZ9GrfubrVNeXu5JmpHdR_L3ZJ9L0Tln5fJhOlsfUOp-s\" target=\"_blank\" rel=\"noreferrer noopener nofollow\">www.enterpriserentacar.lu<\/a><br>Plus d&rsquo;informations sur : <a href=\"mailto:info@rentacarlux.lu\">info@rentacarlux.lu<\/a> <\/p>\n\n\n\n<p><\/p>\n<\/div>\n\n\n\n<div class=\"wp-block-column is-vertically-aligned-center is-layout-flow wp-block-column-is-layout-flow\" style=\"flex-basis:33.33%\"><div class=\"wp-block-image\">\n<figure class=\"aligncenter size-full\"><img loading=\"lazy\" decoding=\"async\" width=\"250\" height=\"46\" src=\"https:\/\/www.lux-airport.lu\/wp-content\/uploads\/2022\/09\/ENTERPRISE.png\" alt=\"Enterprise logo\" class=\"wp-image-4344\"\/><\/figure>\n<\/div><\/div>\n<\/div>\n\n\n\n<div class=\"wp-block-columns is-layout-flex wp-container-core-columns-is-layout-9d6595d7 wp-block-columns-is-layout-flex\">\n<div class=\"wp-block-column is-layout-flow wp-block-column-is-layout-flow\" style=\"flex-basis:66.66%\">\n<h3 class=\"wp-block-heading\">EUROPCAR<\/h3>\n\n\n\n<p>Du lundi au vendredi: 8:00 \u2013 20:00, <br>Samedi\/Dimanche: 9:00 \u2013 17:00 <br>L-1110 Findel <br>T\u00e9l.: <a rel=\"noreferrer noopener\" href=\"tel:+352434588\" data-type=\"tel\" data-id=\"tel:+352434588\" target=\"_blank\">+352 43 45 88 <\/a><br>Fax: <a rel=\"noreferrer noopener\" href=\"tel:+352425178\" data-type=\"tel\" data-id=\"tel:+352425178\" target=\"_blank\">+352 42 51 78<\/a> <br><a rel=\"noreferrer noopener nofollow\" href=\"https:\/\/www.europcar.com\" target=\"_blank\">www.europcar.com<\/a><\/p>\n<\/div>\n\n\n\n<div class=\"wp-block-column is-vertically-aligned-center is-layout-flow wp-block-column-is-layout-flow\" style=\"flex-basis:33.33%\"><div class=\"wp-block-image\">\n<figure class=\"aligncenter size-full\"><img loading=\"lazy\" decoding=\"async\" width=\"250\" height=\"45\" src=\"https:\/\/www.lux-airport.lu\/wp-content\/uploads\/2022\/09\/europcar.png\" alt=\"Europcar logo\" class=\"wp-image-4353\"\/><\/figure>\n<\/div><\/div>\n<\/div>\n\n\n\n<div class=\"wp-block-columns is-layout-flex wp-container-core-columns-is-layout-9d6595d7 wp-block-columns-is-layout-flex\">\n<div class=\"wp-block-column is-layout-flow wp-block-column-is-layout-flow\" style=\"flex-basis:66.66%\">\n<h3 class=\"wp-block-heading\">Flex Carsharing<\/h3>\n\n\n\n<p>Car sharing \u00e0 l\u2019a\u00e9roport de Luxembourg est disponible 7 j.\/7 sur <a href=\"https:\/\/www.flex.lu\/en\/front-page\/?overlayer=luxairport\" target=\"_blank\" rel=\"noreferrer noopener nofollow\">www.flex.lu<\/a><\/p>\n<\/div>\n\n\n\n<div class=\"wp-block-column is-vertically-aligned-center is-layout-flow wp-block-column-is-layout-flow\" style=\"flex-basis:33.33%\"><div class=\"wp-block-image\">\n<figure class=\"aligncenter size-full\"><img loading=\"lazy\" decoding=\"async\" width=\"250\" height=\"94\" src=\"https:\/\/www.lux-airport.lu\/wp-content\/uploads\/2022\/09\/flex-logo.png\" alt=\"Flex logo\" class=\"wp-image-4441\"\/><\/figure>\n<\/div><\/div>\n<\/div>\n\n\n\n<div class=\"wp-block-columns is-layout-flex wp-container-core-columns-is-layout-9d6595d7 wp-block-columns-is-layout-flex\">\n<div class=\"wp-block-column is-layout-flow wp-block-column-is-layout-flow\" style=\"flex-basis:66.66%\">\n<h3 class=\"wp-block-heading\">HERTZ \/ THRIFTY<\/h3>\n\n\n\n<p>Du lundi au vendredi: 8:00 \u2013 21:30 <br>Samedi: 9:00 \u2013 17:00, Dimanche: 13:30 \u2013 21:30 <br>L-110 Findel <br>T\u00e9l.: <a href=\"tel:+352434645\" data-type=\"tel\" data-id=\"tel:+352434645\" target=\"_blank\" rel=\"noreferrer noopener\">+352 43 46 45 <\/a><br>Fax: <a href=\"tel:+352420351\" data-type=\"tel\" data-id=\"tel:+352420351\" target=\"_blank\" rel=\"noreferrer noopener\">+352 42 03 51<\/a> <br><a href=\"https:\/\/www.hertz.be\/rentacar\/reservation\/gaq\/index.jsp?targetPage=reservationOnHomepage.jsp\" target=\"_blank\" rel=\"noreferrer noopener nofollow\">www.hertz.be<\/a> <a href=\"https:\/\/www.thrifty.lu\/\" target=\"_blank\" rel=\"noreferrer noopener nofollow\">www.thrifty.lu<\/a><\/p>\n<\/div>\n\n\n\n<div class=\"wp-block-column is-vertically-aligned-center is-layout-flow wp-block-column-is-layout-flow\" style=\"flex-basis:33.33%\"><div class=\"wp-block-image\">\n<figure class=\"aligncenter size-full\"><img loading=\"lazy\" decoding=\"async\" width=\"250\" height=\"145\" src=\"https:\/\/www.lux-airport.lu\/wp-content\/uploads\/2022\/09\/HERTZ-THRIFTY.png\" alt=\"Hertz Thrifty logo\" class=\"wp-image-4365\"\/><\/figure>\n<\/div><\/div>\n<\/div>\n\n\n\n<div class=\"wp-block-columns is-layout-flex wp-container-core-columns-is-layout-9d6595d7 wp-block-columns-is-layout-flex\">\n<div class=\"wp-block-column is-layout-flow wp-block-column-is-layout-flow\" style=\"flex-basis:66.66%\">\n<h3 class=\"wp-block-heading\">SIXT<\/h3>\n\n\n\n<p>Du lundi au vendredi: 8:00 \u2013 20:00 <br>Samedi: 9:00 \u2013 17:00, Dimanche: 13:30 \u2013 21:30 <br>L-1110 Findel <br>T\u00e9l.: <a href=\"tel:+35224647030\" data-type=\"tel\" data-id=\"tel:+35224647030\">+352 24 64 70 30<\/a> <br>Fax: <a href=\"tel:+35224647039\" data-type=\"tel\" data-id=\"tel:+35224647039\">+352 24 64 70 39 <\/a><br><a href=\"https:\/\/www.sixt.fr\/location-voiture\/luxembourg\/findel\/luxembourg-aeroport\/\" data-type=\"link\" data-id=\"https:\/\/www.sixt.fr\/location-voiture\/luxembourg\/findel\/luxembourg-aeroport\/\" rel=\"nofollow noopener\" target=\"_blank\">www.sixt.fr<\/a><\/p>\n<\/div>\n\n\n\n<div class=\"wp-block-column is-vertically-aligned-center is-layout-flow wp-block-column-is-layout-flow\" style=\"flex-basis:33.33%\"><div class=\"wp-block-image\">\n<figure class=\"aligncenter size-full\"><img loading=\"lazy\" decoding=\"async\" width=\"250\" height=\"103\" src=\"https:\/\/www.lux-airport.lu\/wp-content\/uploads\/2024\/10\/Sixt-Logo.png\" alt=\"\" class=\"wp-image-18675\"><\/figure>\n<\/div><\/div>\n<\/div>\n\n\n\n<div class=\"wp-block-columns is-layout-flex wp-container-core-columns-is-layout-9d6595d7 wp-block-columns-is-layout-flex\">\n<div class=\"wp-block-column is-layout-flow wp-block-column-is-layout-flow\" style=\"flex-basis:66.66%\">\n<h3 class=\"wp-block-heading\">UFO Drive<\/h3>\n\n\n\n<p>24h\/24 &#8211; 7 j.\/7 <br>sur application web <br>plus d&rsquo;infos sur:&nbsp;<a rel=\"noreferrer noopener nofollow\" href=\"https:\/\/www.ufodrive.com\/\" target=\"_blank\">www.ufodrive.com<\/a><\/p>\n<\/div>\n\n\n\n<div class=\"wp-block-column is-vertically-aligned-center is-layout-flow wp-block-column-is-layout-flow\" style=\"flex-basis:33.33%\"><div class=\"wp-block-image\">\n<figure class=\"aligncenter size-full is-resized\"><img loading=\"lazy\" decoding=\"async\" width=\"164\" height=\"73\" src=\"https:\/\/www.lux-airport.lu\/wp-content\/uploads\/2022\/09\/ufo-drive.png\" alt=\"Ufo Drive logo\" class=\"wp-image-4372\" style=\"width:164px;height:73px\"\/><\/figure>\n<\/div><\/div>\n<\/div>\n","protected":false},"excerpt":{"rendered":"<p>Vous venez d\u2019arriver au Luxembourg et avez h\u00e2te d\u2019en explorer les moindres recoins ? Envie de musarder en voiture dans la flamboyante campagne luxembourgeoise ? Si les transports en commun ne sont pas votre tasse de th\u00e9, nous vous recommandons de louer une voiture et de tracer votre route en toute libert\u00e9. Comptoirs de location [&hellip;]<\/p>\n","protected":false},"author":1,"featured_media":0,"parent":6949,"menu_order":0,"comment_status":"closed","ping_status":"closed","template":"","meta":{"_acf_changed":false,"footnotes":""},"class_list":["post-4172","page","type-page","status-publish","hentry"],"acf":{"set_page_width_full":false,"start_with_small_header":false,"reno_options":{"hide_reno_widget":false,"open_widget_on_page_load":false,"which_tab_to_open":"chatbot","hide_reno_turn_onoff":false,"set_height_to_mini":false,"reno_page_branded_text_back_front":{"reno_show_branded_text":false,"reno_text_in_the_back":"JOURNEY","reno_text_in_the_front":"my journey starts here"}},"branded_text_backfront":{"hide_branded_text":false,"text_in_the_back":"CAR RENTALS","text_in_the_front_left":"My journey","text_in_the_front_right":"is motion"},"hide_breadcrumbs":false,"hide_footer_widgets":false,"hide_page_title":false,"advertising__adsense":{"show_ads_in_this_page":true,"image_instead_of_adsense":{"enable_image_instead_of_adsense":false,"banner_image_300x250":null,"banner_url":""}},"header_image_options":{"show_header_image":"Yes","header_image":""}},"_links":{"self":[{"href":"https:\/\/www.lux-airport.lu\/fr\/wp-json\/wp\/v2\/pages\/4172","targetHints":{"allow":["GET"]}}],"collection":[{"href":"https:\/\/www.lux-airport.lu\/fr\/wp-json\/wp\/v2\/pages"}],"about":[{"href":"https:\/\/www.lux-airport.lu\/fr\/wp-json\/wp\/v2\/types\/page"}],"author":[{"embeddable":true,"href":"https:\/\/www.lux-airport.lu\/fr\/wp-json\/wp\/v2\/users\/1"}],"replies":[{"embeddable":true,"href":"https:\/\/www.lux-airport.lu\/fr\/wp-json\/wp\/v2\/comments?post=4172"}],"version-history":[{"count":0,"href":"https:\/\/www.lux-airport.lu\/fr\/wp-json\/wp\/v2\/pages\/4172\/revisions"}],"up":[{"embeddable":true,"href":"https:\/\/www.lux-airport.lu\/fr\/wp-json\/wp\/v2\/pages\/6949"}],"wp:attachment":[{"href":"https:\/\/www.lux-airport.lu\/fr\/wp-json\/wp\/v2\/media?parent=4172"}],"curies":[{"name":"wp","href":"https:\/\/api.w.org\/{rel}","templated":true}]}}