{"id":4163,"date":"2022-08-22T16:36:33","date_gmt":"2022-08-22T15:36:33","guid":{"rendered":"https:\/\/www.lux-airport.lu\/?page_id=4163"},"modified":"2023-06-01T11:11:39","modified_gmt":"2023-06-01T10:11:39","slug":"entreprise","status":"publish","type":"page","link":"https:\/\/www.lux-airport.lu\/fr\/entreprise\/","title":{"rendered":"lux-Airport Corporate"},"content":{"rendered":"\n<div class=\"wp-block-group pageHeader\"><div class=\"wp-block-group__inner-container is-layout-flow wp-block-group-is-layout-flow\">\n<figure class=\"wp-block-image size-full is-resized\"><img loading=\"lazy\" decoding=\"async\" src=\"https:\/\/www.lux-airport.lu\/wp-content\/uploads\/2022\/09\/lux-Airport-Corporate-Website-Header-1.jpg\" alt=\"En-t\u00eate du site Web de l'a\u00e9roport de Luxembourg\" class=\"wp-image-5883\" width=\"1920\" height=\"500\" srcset=\"https:\/\/www.lux-airport.lu\/wp-content\/uploads\/2022\/09\/lux-Airport-Corporate-Website-Header-1.jpg 1920w, https:\/\/www.lux-airport.lu\/wp-content\/uploads\/2022\/09\/lux-Airport-Corporate-Website-Header-1-300x78.jpg 300w, https:\/\/www.lux-airport.lu\/wp-content\/uploads\/2022\/09\/lux-Airport-Corporate-Website-Header-1-1024x267.jpg 1024w, https:\/\/www.lux-airport.lu\/wp-content\/uploads\/2022\/09\/lux-Airport-Corporate-Website-Header-1-768x200.jpg 768w, https:\/\/www.lux-airport.lu\/wp-content\/uploads\/2022\/09\/lux-Airport-Corporate-Website-Header-1-1536x400.jpg 1536w\" sizes=\"auto, (max-width: 1920px) 100vw, 1920px\" \/><\/figure>\n\n\n\n<h1 class=\"wp-block-heading has-text-color\" style=\"color:#0d7eac\">lux-Airport Corporate<\/h1>\n<\/div><\/div>\n\n\n\n<div class=\"wp-block-columns justifyCenter is-layout-flex wp-container-core-columns-is-layout-9d6595d7 wp-block-columns-is-layout-flex\">\n<div class=\"wp-block-column corporateHomeOurStory has-background is-layout-flow wp-block-column-is-layout-flow\" style=\"background-color:#f9f9f9;flex-basis:22%\">\n<div class=\"wp-block-group is-vertical is-layout-flex wp-container-core-group-is-layout-8cf370e7 wp-block-group-is-layout-flex\">\n<h2 class=\"wp-block-heading\">Notre histoire<\/h2>\n\n\n\n<p>Bienvenue \u00e0 l&rsquo;a\u00e9roport<\/p>\n\n\n\n<p>Bienvenue \u00e0 l\u2019a\u00e9roport&nbsp;!<\/p>\n\n\n\n<p>Vous voulez en savoir plus sur l&rsquo;a\u00e9roport de Luxembourg ? D\u00e9couvrir nos r\u00e9alisations et nos performances actuelles ainsi que notre vision de l&rsquo;avenir ?&nbsp; Vous trouverez toutes les r\u00e9ponses \u00e0 vos questions ici.<\/p>\n\n\n\n<p>Nous sommes la Soci\u00e9t\u00e9 de l\u2019a\u00e9roport de Luxembourg SA, mieux connue sous notre nom commercial lux-Airport.<\/p>\n<\/div>\n<\/div>\n\n\n\n<div class=\"wp-block-column is-layout-flow wp-block-column-is-layout-flow\" style=\"flex-basis:62%\">\n<div class=\"wp-block-group corporateHomemyAirportCity is-vertical is-layout-flex wp-container-core-group-is-layout-8cf370e7 wp-block-group-is-layout-flex\">\n<figure class=\"wp-block-image size-full\"><img loading=\"lazy\" decoding=\"async\" width=\"1185\" height=\"250\" src=\"https:\/\/www.lux-airport.lu\/wp-content\/uploads\/2022\/09\/My-Airport-City.jpg\" alt=\"\" class=\"wp-image-5887\" srcset=\"https:\/\/www.lux-airport.lu\/wp-content\/uploads\/2022\/09\/My-Airport-City.jpg 1185w, https:\/\/www.lux-airport.lu\/wp-content\/uploads\/2022\/09\/My-Airport-City-300x63.jpg 300w, https:\/\/www.lux-airport.lu\/wp-content\/uploads\/2022\/09\/My-Airport-City-1024x216.jpg 1024w, https:\/\/www.lux-airport.lu\/wp-content\/uploads\/2022\/09\/My-Airport-City-768x162.jpg 768w\" sizes=\"auto, (max-width: 1185px) 100vw, 1185px\" \/><\/figure>\n\n\n\n<h2 class=\"wp-block-heading\">MY AIRPORT CITY<\/h2>\n\n\n\n<p>Airport City cr\u00e9e un v\u00e9ritable espace urbain dans l\u2019enceinte m\u00eame de l&rsquo;a\u00e9roport de Luxembourg, alliant haut niveau de repr\u00e9sentation et ambiance m\u00e9tropolitaine unique, avec un acc\u00e8s facile aux commerces, restaurants, moyens de transport, et bien plus encore.<\/p>\n\n\n\n<div class=\"wp-block-buttons is-layout-flex wp-block-buttons-is-layout-flex\">\n<div class=\"wp-block-button\"><a class=\"wp-block-button__link has-white-color has-text-color has-background wp-element-button\" href=\"https:\/\/www.airport-city.lu\" style=\"border-radius:0px;background-color:#0d7eac\" target=\"_blank\" rel=\"noreferrer noopener nofollow\">WWW.AIRPORT-CITY.LU<\/a><\/div>\n<\/div>\n<\/div>\n<\/div>\n<\/div>\n\n\n\n<div class=\"wp-block-group\"><div class=\"wp-block-group__inner-container is-layout-flow wp-block-group-is-layout-flow\">\n<div class=\"wp-block-group\"><div class=\"wp-block-group__inner-container is-layout-flow wp-block-group-is-layout-flow\">\n<div class=\"wp-block-group corporateHomePress\"><div class=\"wp-block-group__inner-container is-layout-flow wp-block-group-is-layout-flow\">\n<h2 class=\"wp-block-heading nomargin has-white-color has-text-color has-background\" style=\"background-color:#0d7eac\">Appuyez sur<\/h2>\n<\/div><\/div>\n<\/div><\/div>\n<\/div><\/div>\n\n\n\n<div class=\"wp-block-columns corporateHomePressMain has-white-color has-text-color has-background is-layout-flex wp-container-core-columns-is-layout-9d6595d7 wp-block-columns-is-layout-flex\" style=\"background-color:#0d7eac\">\n<div class=\"wp-block-column has-white-color has-text-color is-layout-flow wp-block-column-is-layout-flow\">\n<div class=\"wp-block-group is-vertical is-layout-flex wp-container-core-group-is-layout-8cf370e7 wp-block-group-is-layout-flex\">\n<h3 class=\"wp-block-heading has-white-color has-text-color\" style=\"font-size:24px\">Communiqu\u00e9s de presse<\/h3>\n\n\n\n<figure class=\"wp-block-image size-full\"><img loading=\"lazy\" decoding=\"async\" width=\"500\" height=\"300\" src=\"https:\/\/www.lux-airport.lu\/wp-content\/uploads\/2022\/10\/press-releases.jpg\" alt=\"\" class=\"wp-image-5944\" srcset=\"https:\/\/www.lux-airport.lu\/wp-content\/uploads\/2022\/10\/press-releases.jpg 500w, https:\/\/www.lux-airport.lu\/wp-content\/uploads\/2022\/10\/press-releases-300x180.jpg 300w\" sizes=\"auto, (max-width: 500px) 100vw, 500px\" \/><\/figure>\n<\/div>\n\n\n<ul class=\"wp-block-latest-posts__list has-dates wp-block-latest-posts\"><li><a class=\"wp-block-latest-posts__post-title\" href=\"https:\/\/www.lux-airport.lu\/fr\/luxair-et-lux-airport-confirment-les-resultats-positifs-du-test-de-preparation-des-departs-tot-le-matin-a-laeroport-de-luxembourg\/\">Luxair et lux-Airport confirment les r\u00e9sultats positifs du test de pr\u00e9paration des d\u00e9parts t\u00f4t le matin \u00e0 l\u2019a\u00e9roport de Luxembourg<\/a><time datetime=\"2026-02-06T10:10:42+01:00\" class=\"wp-block-latest-posts__post-date\">6 f\u00e9vrier 2026<\/time><\/li>\n<\/ul>\n\n\n<div class=\"wp-block-buttons is-layout-flex wp-block-buttons-is-layout-flex\">\n<div class=\"wp-block-button\"><a class=\"wp-block-button__link has-white-background-color has-text-color has-background wp-element-button\" href=\"https:\/\/www.lux-airport.lu\/fr\/entreprise\/presse\/nouvelles\/\" style=\"border-radius:0px;color:#535353\">VOIR TOUS LES COMMUNIQU\u00c9S DE PRESSE<\/a><\/div>\n<\/div>\n<\/div>\n\n\n\n<div class=\"wp-block-column is-layout-flow wp-block-column-is-layout-flow\">\n<div class=\"wp-block-group is-vertical is-layout-flex wp-container-core-group-is-layout-8cf370e7 wp-block-group-is-layout-flex\">\n<h3 class=\"wp-block-heading has-white-color has-text-color\" style=\"font-size:24px\">T\u00e9l\u00e9charger le m\u00e9dia<\/h3>\n\n\n\n<figure class=\"wp-block-image size-full\"><img loading=\"lazy\" decoding=\"async\" width=\"500\" height=\"300\" src=\"https:\/\/www.lux-airport.lu\/wp-content\/uploads\/2022\/09\/download-media.jpg\" alt=\"\" class=\"wp-image-5906\" srcset=\"https:\/\/www.lux-airport.lu\/wp-content\/uploads\/2022\/09\/download-media.jpg 500w, https:\/\/www.lux-airport.lu\/wp-content\/uploads\/2022\/09\/download-media-300x180.jpg 300w\" sizes=\"auto, (max-width: 500px) 100vw, 500px\" \/><\/figure>\n\n\n\n<p class=\"has-white-color has-text-color\">Parcourez une s\u00e9rie d&rsquo;images et de vid\u00e9os de l&rsquo;a\u00e9roport qui peuvent \u00eatre t\u00e9l\u00e9charg\u00e9es.<\/p>\n\n\n\n<div class=\"wp-block-buttons is-content-justification-center is-layout-flex wp-container-core-buttons-is-layout-16018d1d wp-block-buttons-is-layout-flex\">\n<div class=\"wp-block-button\"><a class=\"wp-block-button__link has-text-color has-background wp-element-button\" href=\"https:\/\/www.lux-airport.lu\/fr\/entreprise\/presse\/telecharger-les-demandes-des-medias\/\" style=\"border-radius:0px;color:#535353;background-color:#f9f9f9\">S&rsquo;INSCRIRE POUR ACC\u00c9DER<\/a><\/div>\n<\/div>\n<\/div>\n<\/div>\n\n\n\n<div class=\"wp-block-column is-layout-flow wp-block-column-is-layout-flow\">\n<div class=\"wp-block-group is-vertical is-layout-flex wp-container-core-group-is-layout-8cf370e7 wp-block-group-is-layout-flex\">\n<h3 class=\"wp-block-heading has-white-color has-text-color\" style=\"font-size:24px\">Demandes de presse<\/h3>\n\n\n\n<figure class=\"wp-block-image size-full\"><img loading=\"lazy\" decoding=\"async\" width=\"500\" height=\"300\" src=\"https:\/\/www.lux-airport.lu\/wp-content\/uploads\/2022\/10\/press-requests.jpg\" alt=\"\" class=\"wp-image-6162\" srcset=\"https:\/\/www.lux-airport.lu\/wp-content\/uploads\/2022\/10\/press-requests.jpg 500w, https:\/\/www.lux-airport.lu\/wp-content\/uploads\/2022\/10\/press-requests-300x180.jpg 300w\" sizes=\"auto, (max-width: 500px) 100vw, 500px\" \/><\/figure>\n\n\n\n<p class=\"has-white-color has-text-color\">Contactez-nous pour des demandes de presse ou des questions de relations publiques<\/p>\n\n\n\n<div class=\"wp-block-buttons is-content-justification-center is-layout-flex wp-container-core-buttons-is-layout-16018d1d wp-block-buttons-is-layout-flex\">\n<div class=\"wp-block-button\"><a class=\"wp-block-button__link has-text-color has-background wp-element-button\" href=\"https:\/\/www.lux-airport.lu\/fr\/entreprise\/presse\/contactez-nous\/\" style=\"border-radius:0px;color:#535353;background-color:#f9f9f9\">CONTACTEZ-NOUS<\/a><\/div>\n<\/div>\n<\/div>\n<\/div>\n<\/div>\n\n\n\n<div class=\"wp-block-columns justifyCenter is-layout-flex wp-container-core-columns-is-layout-9d6595d7 wp-block-columns-is-layout-flex\">\n<div class=\"wp-block-column is-layout-flow wp-block-column-is-layout-flow\" style=\"flex-basis:62%\">\n<div class=\"wp-block-columns corporateHomeEnvironment has-background is-layout-flex wp-container-core-columns-is-layout-9d6595d7 wp-block-columns-is-layout-flex\" style=\"background-color:#f9f9f9\">\n<div class=\"wp-block-column is-layout-flow wp-block-column-is-layout-flow\" style=\"flex-basis:33.33%\">\n<figure class=\"wp-block-image size-full is-resized\"><img loading=\"lazy\" decoding=\"async\" src=\"https:\/\/www.lux-airport.lu\/wp-content\/uploads\/2022\/09\/sustainability-report.jpg\" alt=\"\" class=\"wp-image-5918\" width=\"245\" height=\"417\" srcset=\"https:\/\/www.lux-airport.lu\/wp-content\/uploads\/2022\/09\/sustainability-report.jpg 245w, https:\/\/www.lux-airport.lu\/wp-content\/uploads\/2022\/09\/sustainability-report-176x300.jpg 176w\" sizes=\"auto, (max-width: 245px) 100vw, 245px\" \/><\/figure>\n<\/div>\n\n\n\n<div class=\"wp-block-column is-layout-flow wp-block-column-is-layout-flow\" style=\"flex-basis:66.66%\">\n<div class=\"wp-block-group is-vertical is-layout-flex wp-container-core-group-is-layout-8cf370e7 wp-block-group-is-layout-flex\">\n<h2 class=\"wp-block-heading\">Environnement et durabilit\u00e9<\/h2>\n<\/div>\n\n\n\n<h3 class=\"wp-block-heading\"><strong>Construire aujourd&rsquo;hui l&rsquo;a\u00e9roport \u00e9cologique de demain<\/strong><\/h3>\n\n\n\n<p>Am\u00e9liorer la durabilit\u00e9 d\u2019un a\u00e9roport est un d\u00e9fi. Cependant, avec le soutien d\u2019une direction impliqu\u00e9e, de partenaires engag\u00e9s et de collaborateurs motiv\u00e9s, les opportunit\u00e9s fleurissent. Chez lux-Airport, nous poursuivons plusieurs objectifs en mati\u00e8re de gestion environnementale : la r\u00e9duction de notre consommation d\u2019\u00e9nergie et de notre empreinte carbone, la gestion de l\u2019eau, des d\u00e9chets, du sol et du sous-sol ainsi que la pr\u00e9servation de la biodiversit\u00e9.<\/p>\n\n\n\n<div class=\"wp-block-buttons is-layout-flex wp-block-buttons-is-layout-flex\">\n<div class=\"wp-block-button\"><a class=\"wp-block-button__link has-white-color has-text-color has-background wp-element-button\" href=\"https:\/\/www.lux-airport.lu\/fr\/entreprise\/notre-engagement\/environnement-et-durabilite\/\" style=\"border-radius:0px;background-color:#0d7eac\">EN SAVOIR PLUS<\/a><\/div>\n<\/div>\n<\/div>\n<\/div>\n<\/div>\n\n\n\n<div class=\"wp-block-column corporateHomeCareers has-background is-layout-flow wp-block-column-is-layout-flow\" style=\"background-color:#fafafa00;flex-basis:22%\">\n<div class=\"wp-block-group is-vertical is-layout-flex wp-container-core-group-is-layout-8cf370e7 wp-block-group-is-layout-flex\">\n<h2 class=\"wp-block-heading\">Carri\u00e8res<\/h2>\n\n\n\n<h3 class=\"wp-block-heading\">Travailler chez Lux<\/h3>\n\n\n\n<p>Vous cherchez \u00e0 atteindre de nouveaux sommets dans votre carri\u00e8re et d\u00e9sirez int\u00e9grer l&rsquo;\u00e9quipe dynamique de l&rsquo;a\u00e9roport de Luxembourg ? D\u00e9couvrez nos postes vacants ci-dessous. Avec l&rsquo;a\u00e9roport de Luxembourg, les possibilit\u00e9s sont illimit\u00e9es.<\/p>\n\n\n\n<div class=\"wp-block-buttons is-layout-flex wp-block-buttons-is-layout-flex\">\n<div class=\"wp-block-button\"><a class=\"wp-block-button__link has-white-color has-text-color has-background wp-element-button\" href=\"\/fr\/corporate\/open-positions\/\" style=\"border-radius:0px;background-color:#0d7eac\">VOIR TOUTES LES OPPORTUNIT\u00c9S DE CARRI\u00c8RE<\/a><\/div>\n<\/div>\n<\/div>\n<\/div>\n<\/div>\n","protected":false},"excerpt":{"rendered":"<p>lux-Airport Corporate Notre histoire Bienvenue \u00e0 l&rsquo;a\u00e9roport Bienvenue \u00e0 l\u2019a\u00e9roport&nbsp;! Vous voulez en savoir plus sur l&rsquo;a\u00e9roport de Luxembourg ? D\u00e9couvrir nos r\u00e9alisations et nos performances actuelles ainsi que notre vision de l&rsquo;avenir ?&nbsp; Vous trouverez toutes les r\u00e9ponses \u00e0 vos questions ici. Nous sommes la Soci\u00e9t\u00e9 de l\u2019a\u00e9roport de Luxembourg SA, mieux connue sous [&hellip;]<\/p>\n","protected":false},"author":1,"featured_media":0,"parent":0,"menu_order":0,"comment_status":"closed","ping_status":"closed","template":"","meta":{"_acf_changed":false,"footnotes":""},"class_list":["post-4163","page","type-page","status-publish","hentry"],"acf":{"set_page_width_full":false,"start_with_small_header":false,"reno_options":{"hide_reno_widget":false,"open_widget_on_page_load":false,"which_tab_to_open":"chatbot","hide_reno_turn_onoff":false,"set_height_to_mini":false,"reno_page_branded_text_back_front":{"reno_show_branded_text":false,"reno_text_in_the_back":"JOURNEY","reno_text_in_the_front":"my journey starts here"}},"branded_text_backfront":{"hide_branded_text":false,"text_in_the_back":"JOURNEY","text_in_the_front_left":"My journey","text_in_the_front_right":"starts here"},"hide_breadcrumbs":false,"hide_footer_widgets":false,"hide_page_title":false,"advertising__adsense":{"show_ads_in_this_page":true,"image_instead_of_adsense":{"enable_image_instead_of_adsense":false,"banner_image_300x250":null,"banner_url":""}},"header_image_options":{"show_header_image":"Yes","header_image":""}},"_links":{"self":[{"href":"https:\/\/www.lux-airport.lu\/fr\/wp-json\/wp\/v2\/pages\/4163","targetHints":{"allow":["GET"]}}],"collection":[{"href":"https:\/\/www.lux-airport.lu\/fr\/wp-json\/wp\/v2\/pages"}],"about":[{"href":"https:\/\/www.lux-airport.lu\/fr\/wp-json\/wp\/v2\/types\/page"}],"author":[{"embeddable":true,"href":"https:\/\/www.lux-airport.lu\/fr\/wp-json\/wp\/v2\/users\/1"}],"replies":[{"embeddable":true,"href":"https:\/\/www.lux-airport.lu\/fr\/wp-json\/wp\/v2\/comments?post=4163"}],"version-history":[{"count":0,"href":"https:\/\/www.lux-airport.lu\/fr\/wp-json\/wp\/v2\/pages\/4163\/revisions"}],"wp:attachment":[{"href":"https:\/\/www.lux-airport.lu\/fr\/wp-json\/wp\/v2\/media?parent=4163"}],"curies":[{"name":"wp","href":"https:\/\/api.w.org\/{rel}","templated":true}]}}