{"id":332,"date":"2022-08-03T23:41:29","date_gmt":"2022-08-03T21:41:29","guid":{"rendered":"https:\/\/www.lux-airport.lu\/?page_id=332"},"modified":"2024-11-25T14:30:46","modified_gmt":"2024-11-25T13:30:46","slug":"salon-vip","status":"publish","type":"page","link":"https:\/\/www.lux-airport.lu\/fr\/business-et-vip\/salon-vip\/","title":{"rendered":"Salon VIP (business lounge)"},"content":{"rendered":"\n<p>\u00c0 l\u2019<strong>a\u00e9roport de Luxembourg<\/strong>, nous prenons tr\u00e8s au s\u00e9rieux vos d\u00e9placements professionnels. C\u2019est pourquoi nous veillons \u00e0 ce que vous ne manquiez de rien et \u00e0 ce vous puissiez g\u00e9rer efficacement votre&nbsp;<strong>voyage d\u2019affaires<\/strong>.<\/p>\n\n\n\n<h2 class=\"wp-block-heading\">Principaux atouts<\/h2>\n\n\n\n<p>\u00c0 l&rsquo;a\u00e9roport de Luxembourg, nous nous effor\u00e7ons de r\u00e9pondre au mieux \u00e0 vos besoins lors de vos d\u00e9placements professionnels, en vous faisant profiter d\u2019avantages exclusifs :<\/p>\n\n\n\n<ul class=\"wp-block-list\">\n<li>\u00c0 la crois\u00e9e du r\u00e9seau autoroutier europ\u00e9en, l&rsquo;a\u00e9roport est la porte d\u2019entr\u00e9e id\u00e9ale vers l&rsquo;Europe de l&rsquo;Ouest&nbsp;;<\/li>\n\n\n\n<li>Un acc\u00e8s direct \u00e0 l\u2019a\u00e9rogare via le parking en sous-sol&nbsp;;<\/li>\n\n\n\n<li>Des d\u00e9placements ais\u00e9s \u00e0 l\u2019int\u00e9rieur du terminal moderne et des portes d\u2019embarquement&nbsp;situ\u00e9es \u00e0 quelques enjamb\u00e9es&nbsp;;<\/li>\n\n\n\n<li>Des vols directs vers les principales capitales d&rsquo;affaires pour des connexions rapides et ais\u00e9es&nbsp;;<\/li>\n\n\n\n<li>Un service d\u2019accueil VIP disponible sur demande&nbsp;;<br>Des restaurants haut de gamme parfaits pour les d\u00e9jeuners et d\u00eeners d&rsquo;affaires<\/li>\n\n\n\n<li>Un business lounge confortable pour un moment de d\u00e9tente.<\/li>\n<\/ul>\n\n\n\n<h2 class=\"wp-block-heading\">Salon VIP (business lounge)<\/h2>\n\n\n\n<p>Venez profiter d\u2019un moment de d\u00e9tente avant votre vol dans notre business lounge. Repas gourmands, boissons r\u00e9confortantes, journaux et magazines du jour, acc\u00e8s wifi, le salon offre tout ce dont vous avez besoin pour appr\u00e9cier votre temps d\u2019attente et rester connect\u00e9.<\/p>\n\n\n\n<p>Et si vous en profitiez pour apporter la touche finale \u00e0 votre projet d\u2019offre en savourant un petit en-cas agr\u00e9ment\u00e9 d\u2019une boisson revigorante&nbsp;?<\/p>\n\n\n\n<p>Heures d&rsquo;ouverture :<\/p>\n\n\n\n<p>LUN: 4:00 \u2013 21:00<br>MAR: 4:00 \u2013 21:00<br>MER: 4:00 \u2013 21:00<br>JEU: 4:00 \u2013 21:00<br>VEN: 4:00 \u2013 21:00<br>SAM: 4:00 \u2013 18:00<br>DIM: 4:00 \u2013 21:00<\/p>\n\n\n\n<p>Pour toute question concernant le salon VIP, veuillez contacter la compagnie a\u00e9rienne avec laquelle vous voyagez, ou votre programme de voyageur fr\u00e9quent.<\/p>\n\n\n\n<h2 class=\"wp-block-heading\">WIFI gratuit<\/h2>\n\n\n\n<p>\u00c0 l&rsquo;a\u00e9roport de Luxembourg, vous b\u00e9n\u00e9ficiez d\u2019une connexion internet sans fil rapide dans tout le terminal pour votre ordinateur portable ou votre t\u00e9l\u00e9phone mobile. Il vous suffit de vous connecter \u00e0 internet pour profiter gratuitement du wifi de l&rsquo;a\u00e9roport.<\/p>\n\n\n\n<h2 class=\"wp-block-heading\">Services d\u2019accueil VIP<\/h2>\n\n\n\n<p>Accueillez vos invit\u00e9s avec style et \u00e9l\u00e9gance gr\u00e2ce \u00e0 notre service d\u2019accueil VIP. Notre personnel d\u00e9di\u00e9 multilingue saura prendre soin de vos clients au-del\u00e0 de leurs attentes.<\/p>\n\n\n\n<p>Pour en savoir plus sur les services <a href=\"https:\/\/www.lux-airport.lu\/fr\/services\/services-daccueil-vip\/\" target=\"_blank\" rel=\"noreferrer noopener\">d\u2019accueil VIP.<\/a><\/p>\n","protected":false},"excerpt":{"rendered":"<p>\u00c0 l\u2019a\u00e9roport de Luxembourg, nous prenons tr\u00e8s au s\u00e9rieux vos d\u00e9placements professionnels. C\u2019est pourquoi nous veillons \u00e0 ce que vous ne manquiez de rien et \u00e0 ce vous puissiez g\u00e9rer efficacement votre&nbsp;voyage d\u2019affaires. Principaux atouts \u00c0 l&rsquo;a\u00e9roport de Luxembourg, nous nous effor\u00e7ons de r\u00e9pondre au mieux \u00e0 vos besoins lors de vos d\u00e9placements professionnels, en [&hellip;]<\/p>\n","protected":false},"author":1,"featured_media":0,"parent":23421,"menu_order":0,"comment_status":"closed","ping_status":"closed","template":"","meta":{"_acf_changed":false,"footnotes":""},"class_list":["post-332","page","type-page","status-publish","hentry"],"acf":{"set_page_width_full":false,"start_with_small_header":false,"reno_options":{"hide_reno_widget":false,"open_widget_on_page_load":false,"which_tab_to_open":"chatbot","hide_reno_turn_onoff":false,"set_height_to_mini":false,"reno_page_branded_text_back_front":{"reno_show_branded_text":false,"reno_text_in_the_back":"JOURNEY","reno_text_in_the_front":"my journey starts here"}},"branded_text_backfront":{"hide_branded_text":false,"text_in_the_back":"JOURNEY","text_in_the_front_left":"My journey","text_in_the_front_right":"starts here"},"hide_breadcrumbs":false,"hide_footer_widgets":false,"hide_page_title":false,"advertising__adsense":{"show_ads_in_this_page":true,"image_instead_of_adsense":{"enable_image_instead_of_adsense":false,"banner_image_300x250":null,"banner_url":""}},"header_image_options":{"show_header_image":"Yes","header_image":""}},"_links":{"self":[{"href":"https:\/\/www.lux-airport.lu\/fr\/wp-json\/wp\/v2\/pages\/332","targetHints":{"allow":["GET"]}}],"collection":[{"href":"https:\/\/www.lux-airport.lu\/fr\/wp-json\/wp\/v2\/pages"}],"about":[{"href":"https:\/\/www.lux-airport.lu\/fr\/wp-json\/wp\/v2\/types\/page"}],"author":[{"embeddable":true,"href":"https:\/\/www.lux-airport.lu\/fr\/wp-json\/wp\/v2\/users\/1"}],"replies":[{"embeddable":true,"href":"https:\/\/www.lux-airport.lu\/fr\/wp-json\/wp\/v2\/comments?post=332"}],"version-history":[{"count":0,"href":"https:\/\/www.lux-airport.lu\/fr\/wp-json\/wp\/v2\/pages\/332\/revisions"}],"up":[{"embeddable":true,"href":"https:\/\/www.lux-airport.lu\/fr\/wp-json\/wp\/v2\/pages\/23421"}],"wp:attachment":[{"href":"https:\/\/www.lux-airport.lu\/fr\/wp-json\/wp\/v2\/media?parent=332"}],"curies":[{"name":"wp","href":"https:\/\/api.w.org\/{rel}","templated":true}]}}