{"id":326,"date":"2022-08-03T23:35:17","date_gmt":"2022-08-03T21:35:17","guid":{"rendered":"https:\/\/www.lux-airport.lu\/?page_id=326"},"modified":"2023-12-05T17:05:39","modified_gmt":"2023-12-05T16:05:39","slug":"luggage-guidelines","status":"publish","type":"page","link":"https:\/\/www.lux-airport.lu\/fr\/enregistrement-et-voyage\/luggage-guidelines\/","title":{"rendered":"Consignes relatives aux bagages"},"content":{"rendered":"\n<h2 class=\"wp-block-heading\">Bagages \u00e0 main en cabine<\/h2>\n\n\n\n<p>En g\u00e9n\u00e9ral, un seul bagage \u00e0 main est autoris\u00e9 par voyageur au d\u00e9part de l\u2019a\u00e9roport de Luxembourg.&nbsp; Cette condition peut varier selon les compagnies a\u00e9riennes. Il en est de m\u00eame pour les restrictions de poids. Veillez donc \u00e0 bien vous informer avant votre d\u00e9part aupr\u00e8s de votre compagnie a\u00e9rienne.&nbsp; Les dimensions de votre bagage de cabine ne doivent pas exc\u00e9der 55 cm x 35 cm x 16 cm, celui-ci devant pouvoir \u00eatre log\u00e9 dans le compartiment \u00e0 bagages au-dessus de votre si\u00e8ge. Par ailleurs, des restrictions s\u2019appliquent aux produits autoris\u00e9s dans les bagages \u00e0 main. Pour en savoir plus, consultez la page Douanes et s\u00fbret\u00e9.<\/p>\n\n\n\n<h2 class=\"wp-block-heading\">Bagages en soute<\/h2>\n\n\n\n<p>Si vous voyagez avec plus de bagages, ceux-ci doivent \u00eatre enregistr\u00e9s et log\u00e9s en toute s\u00e9curit\u00e9 dans la soute de l\u2019avion. Nous veillons \u00e0 ce qu\u2019ils soient manipul\u00e9s avec soin et qu\u2019ils vous reviennent dans le m\u00eame \u00e9tat que celui dans lequel vous nous les avez confi\u00e9s. La taille et le poids maximum des bagages en soute varient selon les compagnies a\u00e9riennes.&nbsp; Veillez donc \u00e0 prendre tous les renseignements utiles avant votre d\u00e9part. Les frais d\u2019enregistrement des bagages diff\u00e8rent \u00e9galement.<\/p>\n\n\n\n<p><strong>Les dimensions recommand\u00e9es sont les suivantes&nbsp;:<\/strong><\/p>\n\n\n\n<figure class=\"wp-block-table is-style-stripes luggage-table\"><table><thead><tr><th class=\"has-text-align-center\" data-align=\"center\"><\/th><th class=\"has-text-align-center\" data-align=\"center\">Min<\/th><th class=\"has-text-align-center\" data-align=\"center\">Max<\/th><\/tr><\/thead><tbody><tr><td class=\"has-text-align-center\" data-align=\"center\"><strong>Longueur:<\/strong><\/td><td class=\"has-text-align-center\" data-align=\"center\">200cm<\/td><td class=\"has-text-align-center\" data-align=\"center\">450cm<\/td><\/tr><tr><td class=\"has-text-align-center\" data-align=\"center\"><strong>Largeur:<\/strong><\/td><td class=\"has-text-align-center\" data-align=\"center\">200cm<\/td><td class=\"has-text-align-center\" data-align=\"center\">450cm<\/td><\/tr><tr><td class=\"has-text-align-center\" data-align=\"center\"><strong>Hauteur:<\/strong><\/td><td class=\"has-text-align-center\" data-align=\"center\">100cm<\/td><td class=\"has-text-align-center\" data-align=\"center\">700cm<\/td><\/tr><\/tbody><\/table><\/figure>\n\n\n\n<h2 class=\"wp-block-heading\">Bagages surdimensionn\u00e9s<\/h2>\n\n\n\n<p>Vous voyagez avec des instruments de musique volumineux ou des \u00e9quipements de sports lourds ? Si votre bagage ne respecte pas le poids ou les dimensions recommand\u00e9s, veuillez en informer votre compagnie a\u00e9rienne suffisamment \u00e0 l\u2019avance. Ce type de bagage fait l\u2019objet de restrictions et r\u00e9glementations particuli\u00e8res.<\/p>\n\n\n\n<h2 class=\"wp-block-heading\">Bagages perdus<\/h2>\n\n\n\n<p>Il peut arriver que des bagages ou des effets personnels soient \u00e9gar\u00e9s ou oubli\u00e9s. Pas de panique, notre personnel d\u00e9vou\u00e9 fera tout son possible pour vous aider \u00e0 les retrouver.&nbsp; Adressez-vous au service des bagages perdus situ\u00e9 apr\u00e8s le contr\u00f4le de s\u00fbret\u00e9 dans le hall de r\u00e9cup\u00e9ration des bagages.<\/p>\n\n\n\n<p>Vous pouvez \u00e9galement contacter le service des bagages perdus de 8 h \u00e0 10 h et de 15 h \u00e0 17 h au +352 2456 5003 ou par courriel \u00e0 <a href=\"mailto:baggage.claim@luxairgroup.lu\">baggage.claim@luxairgroup.lu<\/a><\/p>\n\n\n\n<p>Pour les objets perdus dans l\u2019enceinte du terminal, veuillez vous adresser \u00e0 la police qui est l&rsquo;autorit\u00e9 comp\u00e9tente en la mati\u00e8re.<\/p>\n","protected":false},"excerpt":{"rendered":"<p>Bagages \u00e0 main en cabine En g\u00e9n\u00e9ral, un seul bagage \u00e0 main est autoris\u00e9 par voyageur au d\u00e9part de l\u2019a\u00e9roport de Luxembourg.&nbsp; Cette condition peut varier selon les compagnies a\u00e9riennes. Il en est de m\u00eame pour les restrictions de poids. Veillez donc \u00e0 bien vous informer avant votre d\u00e9part aupr\u00e8s de votre compagnie a\u00e9rienne.&nbsp; Les [&hellip;]<\/p>\n","protected":false},"author":1,"featured_media":0,"parent":6955,"menu_order":0,"comment_status":"closed","ping_status":"closed","template":"","meta":{"_acf_changed":false,"footnotes":""},"class_list":["post-326","page","type-page","status-publish","hentry"],"acf":{"set_page_width_full":false,"start_with_small_header":false,"reno_options":{"hide_reno_widget":false,"open_widget_on_page_load":false,"which_tab_to_open":"chatbot","hide_reno_turn_onoff":false,"set_height_to_mini":false,"reno_page_branded_text_back_front":{"reno_show_branded_text":false,"reno_text_in_the_back":"JOURNEY","reno_text_in_the_front":"my journey starts here"}},"branded_text_backfront":{"hide_branded_text":false,"text_in_the_back":"JOURNEY","text_in_the_front_left":"My journey","text_in_the_front_right":"starts here"},"hide_breadcrumbs":false,"hide_footer_widgets":false,"hide_page_title":false,"advertising__adsense":{"show_ads_in_this_page":true,"image_instead_of_adsense":{"enable_image_instead_of_adsense":false,"banner_image_300x250":null,"banner_url":""}},"header_image_options":{"show_header_image":"Yes","header_image":5516}},"_links":{"self":[{"href":"https:\/\/www.lux-airport.lu\/fr\/wp-json\/wp\/v2\/pages\/326","targetHints":{"allow":["GET"]}}],"collection":[{"href":"https:\/\/www.lux-airport.lu\/fr\/wp-json\/wp\/v2\/pages"}],"about":[{"href":"https:\/\/www.lux-airport.lu\/fr\/wp-json\/wp\/v2\/types\/page"}],"author":[{"embeddable":true,"href":"https:\/\/www.lux-airport.lu\/fr\/wp-json\/wp\/v2\/users\/1"}],"replies":[{"embeddable":true,"href":"https:\/\/www.lux-airport.lu\/fr\/wp-json\/wp\/v2\/comments?post=326"}],"version-history":[{"count":0,"href":"https:\/\/www.lux-airport.lu\/fr\/wp-json\/wp\/v2\/pages\/326\/revisions"}],"up":[{"embeddable":true,"href":"https:\/\/www.lux-airport.lu\/fr\/wp-json\/wp\/v2\/pages\/6955"}],"wp:attachment":[{"href":"https:\/\/www.lux-airport.lu\/fr\/wp-json\/wp\/v2\/media?parent=326"}],"curies":[{"name":"wp","href":"https:\/\/api.w.org\/{rel}","templated":true}]}}