{"id":320,"date":"2022-08-03T23:31:04","date_gmt":"2022-08-03T22:31:04","guid":{"rendered":"https:\/\/www.lux-airport.lu\/?page_id=320"},"modified":"2023-05-31T09:29:19","modified_gmt":"2023-05-31T08:29:19","slug":"enregistrement","status":"publish","type":"page","link":"https:\/\/www.lux-airport.lu\/fr\/enregistrement-et-voyage\/enregistrement\/","title":{"rendered":"Enregistrement\u00a0"},"content":{"rendered":"\n<h1 class=\"wp-block-heading\">Pourquoi dois-je m&rsquo;enregistrer ?<\/h1>\n\n\n\n<p>L\u2019enregistrement est une proc\u00e9dure standard en application dans tous les a\u00e9roports. Il permet \u00e0 la compagnie a\u00e9rienne avec laquelle vous voyagez de confirmer que vous \u00eates pr\u00eat \u00e0 partir.\u00a0 Si vous avez des bagages \u00e0 mettre en soute, il faudra les d\u00e9poser lors de votre <strong>enregistrement<\/strong>. L\u2019<strong>a\u00e9roport de<\/strong> <strong>Luxembourg<\/strong> met \u00e0 votre disposition un certain nombre d\u2019options d\u2019enregistrement en fonction des d\u00e9tails de votre vol et de la compagnie a\u00e9rienne que vous avez choisie.<\/p>\n\n\n\n<h2 class=\"wp-block-heading\">Quels documents dois-je pr\u00e9senter lors de mon enregistrement\u00a0?<\/h2>\n\n\n\n<p>Si vous effectuez votre enregistrement \u00e0 l&rsquo;a\u00e9roport, vous devrez pr\u00e9senter les documents suivants :<\/p>\n\n\n\n<ul class=\"wp-block-list\">\n<li>Votre itin\u00e9raire de vol sur lequel figurent votre num\u00e9ro de r\u00e9servation, les d\u00e9tails de votre vol et, le cas \u00e9ch\u00e9ant, des informations sur vos bagages.<\/li>\n\n\n\n<li>Votre carte d\u2019identit\u00e9 ou passeport en cours de validit\u00e9.<\/li>\n<\/ul>\n\n\n\n<p>C&rsquo;est tout ce dont vous aurez besoin ! Comme vous le voyez, l&rsquo;enregistrement est simple comme bonjour.<\/p>\n\n\n\n<h2 class=\"wp-block-heading\">Quand dois-je m\u2019enregistrer ?<\/h2>\n\n\n\n<p>Afin de profiter au mieux de votre temps \u00e0 l\u2019a\u00e9roport de Luxembourg, nous vous conseillons vivement de vous pr\u00e9senter au comptoir d\u2019enregistrement <strong>au moins deux heures avant votre vol<\/strong>.&nbsp; Vous disposerez ainsi d\u2019un maximum de temps pour vous d\u00e9tendre. Veuillez noter que vous \u00eates tenus de vous enregistrer au plus tard 30 \u00e0 45 minutes avant votre vol, selon votre compagnie a\u00e9rienne.<\/p>\n\n\n\n<p>Vous trouverez ci-apr\u00e8s les d\u00e9lais d\u2019enregistrement de votre compagnie a\u00e9rienne :<\/p>\n\n\n\n<ul class=\"wp-block-list\">\n<li><a href=\"https:\/\/en.aegeanair.com\/\" target=\"_blank\" rel=\"noreferrer noopener nofollow\">Aegean Airlines<\/a><\/li>\n\n\n\n<li><a href=\"https:\/\/www.britishairways.com\/\" target=\"_blank\" rel=\"noreferrer noopener nofollow\">British Airways<\/a><\/li>\n\n\n\n<li><a href=\"https:\/\/www.easyjet.com\/en\/\" target=\"_blank\" rel=\"noreferrer noopener nofollow\">easyJet<\/a><\/li>\n\n\n\n<li><a href=\"https:\/\/www.ita-airways.com\/en_en\" target=\"_blank\" rel=\"noreferrer noopener nofollow\">ITA Airways<\/a><\/li>\n\n\n\n<li><a href=\"https:\/\/www.klm.lu\/\" target=\"_blank\" rel=\"noreferrer noopener nofollow\">KLM<\/a><\/li>\n\n\n\n<li><a href=\"https:\/\/www.lot.com\/\" target=\"_blank\" rel=\"noreferrer noopener nofollow\">LOT<\/a><\/li>\n\n\n\n<li><a href=\"https:\/\/www.lufthansa.com\/lu\/en\/homepage\" target=\"_blank\" rel=\"noreferrer noopener nofollow\">Lufthansa<\/a><\/li>\n\n\n\n<li><a href=\"https:\/\/www.luxair.lu\/en\" target=\"_blank\" rel=\"noreferrer noopener nofollow\">Luxair<\/a><\/li>\n\n\n\n<li><a href=\"https:\/\/www.ryanair.com\/gb\/en\" target=\"_blank\" rel=\"noreferrer noopener nofollow\">Ryanair<\/a><\/li>\n\n\n\n<li><a href=\"https:\/\/www.swiss.com\/lu\/en\/homepage\" data-type=\"URL\" data-id=\"https:\/\/www.swiss.com\/lu\/en\/homepage\" target=\"_blank\" rel=\"noreferrer noopener nofollow\">Swiss<\/a><\/li>\n\n\n\n<li><a href=\"https:\/\/www.flytap.com\/en-lu\/\" target=\"_blank\" rel=\"noreferrer noopener nofollow\">TAP<\/a><\/li>\n\n\n\n<li><a href=\"https:\/\/www.turkishairlines.com\/en-int\/\" target=\"_blank\" rel=\"noreferrer noopener nofollow\">Turkish Airlines<\/a><\/li>\n\n\n\n<li><a href=\"https:\/\/www.volotea.com\/en\/\" target=\"_blank\" rel=\"noreferrer noopener nofollow\">VOLOTEA<\/a><\/li>\n\n\n\n<li><a href=\"https:\/\/wizzair.com\/en-gb#\/\" target=\"_blank\" rel=\"noreferrer noopener nofollow\">Wizz<\/a><\/li>\n<\/ul>\n\n\n\n<p><strong>ATTENTION <\/strong>: Ces horaires sont susceptibles d&rsquo;\u00eatre modifi\u00e9s. Nous ne sommes pas responsables des heures d&rsquo;enregistrement et de d\u00e9part. Pour plus d&rsquo;informations sur les proc\u00e9dures d&rsquo;enregistrement, veuillez contacter votre compagnie a\u00e9rienne.<\/p>\n\n\n\n<h2 class=\"wp-block-heading\">Quels services d&rsquo;enregistrement l&rsquo;a\u00e9roport de Luxembourg offre-t-il\u00a0?<\/h2>\n\n\n\n<p>L\u2019a\u00e9roport de Luxembourg s\u2019efforce de vous offrir le meilleur en vous proposant un service &nbsp;d\u2019enregistrement le plus diversifi\u00e9 que possible afin de r\u00e9pondre aux besoins de chacun.&nbsp; <strong>Enregistrement en ligne<\/strong>&nbsp;:&nbsp; gagnez du temps avec l\u2019enregistrement en ligne propos\u00e9 par la plupart des compagnies a\u00e9riennes op\u00e9rant \u00e0 l\u2019a\u00e9roport de Luxembourg.&nbsp; Si vous ne voyagez qu\u2019avec un seul bagage de cabine, rendez- vous directement au contr\u00f4le de s\u00fbret\u00e9 de l\u2019a\u00e9roport.&nbsp; Pour plus d\u2019informations, veuillez consulter le site internet de votre compagnie a\u00e9rienne.<\/p>\n\n\n\n<p><strong>Comptoir d&rsquo;enregistrement<\/strong>&nbsp;:&nbsp; pour obtenir votre carte d\u2019embarquement et d\u00e9poser vos bagages, rendez-vous \u00e0 l\u2019un des 26 comptoirs d\u2019enregistrement de l\u2019a\u00e9roport situ\u00e9s au niveau de l\u2019entr\u00e9e principale. Veillez \u00e0 bien vous rendre au guichet correspondant \u00e0 la compagnie a\u00e9rienne avec laquelle vous voyagez. <strong>Enregistrement en classe affaires<\/strong>&nbsp;: si vous voyagez en classe affaires ou en premi\u00e8re classe, rendez-vous \u00e0 l\u2019un des comptoirs d\u00e9di\u00e9s pour un enregistrement plus rapide. <strong>Enregistrement la veille (Luxair uniquement)<\/strong>&nbsp;: si votre avion d\u00e9colle entre 6 h et 9 h du matin, vous avez la possibilit\u00e9 d\u2019enregistrer votre bagage la veille de votre d\u00e9part, entre 19 h 30 et 22 h 30. Vous recevrez alors votre carte d\u2019embarquement, ce qui vous permettra de vous rendre directement, le jour de votre d\u00e9part, \u00e0 la porte d\u2019embarquement et de savourer un caf\u00e9 revigorant avant votre vol. <strong>Enregistrement d\u2019animaux de compagnie<\/strong>&nbsp;: Votre animal m\u00e9rite lui aussi des vacances !&nbsp; Alors, si vous d\u00e9cidez de l\u2019emmener avec vous, des conditions tr\u00e8s sp\u00e9cifiques devront \u00eatre remplies.<br>&nbsp;Pour toute information \u00e0 ce sujet, veuillez contacter votre compagnie a\u00e9rienne.<\/p>\n","protected":false},"excerpt":{"rendered":"<p>Pourquoi dois-je m&rsquo;enregistrer ? L\u2019enregistrement est une proc\u00e9dure standard en application dans tous les a\u00e9roports. Il permet \u00e0 la compagnie a\u00e9rienne avec laquelle vous voyagez de confirmer que vous \u00eates pr\u00eat \u00e0 partir.\u00a0 Si vous avez des bagages \u00e0 mettre en soute, il faudra les d\u00e9poser lors de votre enregistrement. L\u2019a\u00e9roport de Luxembourg met \u00e0 [&hellip;]<\/p>\n","protected":false},"author":1,"featured_media":0,"parent":6955,"menu_order":0,"comment_status":"closed","ping_status":"closed","template":"","meta":{"_acf_changed":false,"footnotes":""},"class_list":["post-320","page","type-page","status-publish","hentry"],"acf":{"set_page_width_full":false,"start_with_small_header":false,"reno_options":{"hide_reno_widget":false,"open_widget_on_page_load":false,"which_tab_to_open":"chatbot","hide_reno_turn_onoff":false,"set_height_to_mini":false,"reno_page_branded_text_back_front":{"reno_show_branded_text":false,"reno_text_in_the_back":"JOURNEY","reno_text_in_the_front":"my journey starts here"}},"branded_text_backfront":{"hide_branded_text":false,"text_in_the_back":"JOURNEY","text_in_the_front_left":"My journey","text_in_the_front_right":"starts here"},"hide_breadcrumbs":false,"hide_footer_widgets":false,"hide_page_title":false,"advertising__adsense":{"show_ads_in_this_page":true,"image_instead_of_adsense":{"enable_image_instead_of_adsense":false,"banner_image_300x250":null,"banner_url":""}},"header_image_options":{"show_header_image":"Yes","header_image":""}},"_links":{"self":[{"href":"https:\/\/www.lux-airport.lu\/fr\/wp-json\/wp\/v2\/pages\/320","targetHints":{"allow":["GET"]}}],"collection":[{"href":"https:\/\/www.lux-airport.lu\/fr\/wp-json\/wp\/v2\/pages"}],"about":[{"href":"https:\/\/www.lux-airport.lu\/fr\/wp-json\/wp\/v2\/types\/page"}],"author":[{"embeddable":true,"href":"https:\/\/www.lux-airport.lu\/fr\/wp-json\/wp\/v2\/users\/1"}],"replies":[{"embeddable":true,"href":"https:\/\/www.lux-airport.lu\/fr\/wp-json\/wp\/v2\/comments?post=320"}],"version-history":[{"count":0,"href":"https:\/\/www.lux-airport.lu\/fr\/wp-json\/wp\/v2\/pages\/320\/revisions"}],"up":[{"embeddable":true,"href":"https:\/\/www.lux-airport.lu\/fr\/wp-json\/wp\/v2\/pages\/6955"}],"wp:attachment":[{"href":"https:\/\/www.lux-airport.lu\/fr\/wp-json\/wp\/v2\/media?parent=320"}],"curies":[{"name":"wp","href":"https:\/\/api.w.org\/{rel}","templated":true}]}}