{"id":314,"date":"2022-08-03T23:23:59","date_gmt":"2022-08-03T21:23:59","guid":{"rendered":"https:\/\/www.lux-airport.lu\/?page_id=314"},"modified":"2023-06-01T11:08:51","modified_gmt":"2023-06-01T10:08:51","slug":"services-daccueil-vip","status":"publish","type":"page","link":"https:\/\/www.lux-airport.lu\/fr\/business-et-vip\/services-daccueil-vip\/","title":{"rendered":"Services d\u2019accueil VIP"},"content":{"rendered":"\n<h2 class=\"wp-block-heading\">Accueil VIP<\/h2>\n\n\n\n<p>Accueillez vos invit\u00e9s avec style et \u00e9l\u00e9gance gr\u00e2ce \u00e0 notre service d\u2019accueil VIP. Notre personnel d\u00e9di\u00e9 multilingue saura prendre soin de vos clients au-del\u00e0 de leurs attentes.<\/p>\n\n\n\n<p>Si vous avez des questions sur les services VIP, n\u2019h\u00e9sitez pas \u00e0 nous contacter \u00e0 l\u2019adresse suivante:<\/p>\n\n\n\n<p>vip@lux-airport.lu<\/p>\n\n\n\n<p><\/p>\n","protected":false},"excerpt":{"rendered":"<p>Accueil VIP Accueillez vos invit\u00e9s avec style et \u00e9l\u00e9gance gr\u00e2ce \u00e0 notre service d\u2019accueil VIP. Notre personnel d\u00e9di\u00e9 multilingue saura prendre soin de vos clients au-del\u00e0 de leurs attentes. Si vous avez des questions sur les services VIP, n\u2019h\u00e9sitez pas \u00e0 nous contacter \u00e0 l\u2019adresse suivante: vip@lux-airport.lu<\/p>\n","protected":false},"author":1,"featured_media":0,"parent":23421,"menu_order":0,"comment_status":"closed","ping_status":"closed","template":"","meta":{"_acf_changed":false,"footnotes":""},"class_list":["post-314","page","type-page","status-publish","hentry"],"acf":{"set_page_width_full":false,"start_with_small_header":false,"reno_options":{"hide_reno_widget":false,"open_widget_on_page_load":false,"which_tab_to_open":"chatbot","hide_reno_turn_onoff":false,"set_height_to_mini":false,"reno_page_branded_text_back_front":{"reno_show_branded_text":false,"reno_text_in_the_back":"JOURNEY","reno_text_in_the_front":"my journey starts here"}},"branded_text_backfront":{"hide_branded_text":false,"text_in_the_back":"JOURNEY","text_in_the_front_left":"My journey","text_in_the_front_right":"starts here"},"hide_breadcrumbs":false,"hide_footer_widgets":false,"hide_page_title":false,"advertising__adsense":{"show_ads_in_this_page":true,"image_instead_of_adsense":{"enable_image_instead_of_adsense":false,"banner_image_300x250":null,"banner_url":""}},"header_image_options":{"show_header_image":"Yes","header_image":""}},"_links":{"self":[{"href":"https:\/\/www.lux-airport.lu\/fr\/wp-json\/wp\/v2\/pages\/314","targetHints":{"allow":["GET"]}}],"collection":[{"href":"https:\/\/www.lux-airport.lu\/fr\/wp-json\/wp\/v2\/pages"}],"about":[{"href":"https:\/\/www.lux-airport.lu\/fr\/wp-json\/wp\/v2\/types\/page"}],"author":[{"embeddable":true,"href":"https:\/\/www.lux-airport.lu\/fr\/wp-json\/wp\/v2\/users\/1"}],"replies":[{"embeddable":true,"href":"https:\/\/www.lux-airport.lu\/fr\/wp-json\/wp\/v2\/comments?post=314"}],"version-history":[{"count":0,"href":"https:\/\/www.lux-airport.lu\/fr\/wp-json\/wp\/v2\/pages\/314\/revisions"}],"up":[{"embeddable":true,"href":"https:\/\/www.lux-airport.lu\/fr\/wp-json\/wp\/v2\/pages\/23421"}],"wp:attachment":[{"href":"https:\/\/www.lux-airport.lu\/fr\/wp-json\/wp\/v2\/media?parent=314"}],"curies":[{"name":"wp","href":"https:\/\/api.w.org\/{rel}","templated":true}]}}