{"id":308,"date":"2022-08-03T23:18:31","date_gmt":"2022-08-03T22:18:31","guid":{"rendered":"https:\/\/www.lux-airport.lu\/?page_id=308"},"modified":"2023-06-01T12:51:54","modified_gmt":"2023-06-01T11:51:54","slug":"publicite-a-laeroport","status":"publish","type":"page","link":"https:\/\/www.lux-airport.lu\/fr\/entreprise\/business-partenaires\/publicite-a-laeroport\/","title":{"rendered":"Publicit\u00e9 \u00e0 l&rsquo;a\u00e9roport"},"content":{"rendered":"\n<p>Accueil \u00bb lux-Airport Corporate \u00bb Business et partenaires<\/p>\n\n\n\n<p>Avec plus de 4 millions de passagers qui franchissent ses portes chaque ann\u00e9e, l\u2019a\u00e9roport de Luxembourg est un lieu particuli\u00e8rement porteur pour promouvoir votre entreprise et vos activit\u00e9s.<\/p>\n\n\n\n<p>L\u2019a\u00e9roport offre un espace publicitaire d\u2019exception, qui saura r\u00e9pondre et m\u00eame d\u00e9passer vos attentes.<\/p>\n\n\n\n<p>Pour toute demande, contactez JCDecaux, le partenaire publicitaire exclusif de l\u2019a\u00e9roport de Luxembourg. En collaboration avec son partenaire, lux-Airport s&rsquo;efforce d\u2019offrir \u00e0 ses clients les meilleures solutions pour promouvoir leur entreprise et atteindre leur public cible.<\/p>\n\n\n\n<p><em>Sortez du lot !<\/em><\/p>\n\n\n\n<h2 class=\"wp-block-heading\">Coordonn\u00e9es de contact :<\/h2>\n\n\n\n<p><strong>T\u00e9l\u00e9phone :<\/strong> <a href=\"tel:+35226383478\" data-type=\"tel\" data-id=\"tel:+35226383478\" target=\"_blank\" rel=\"noreferrer noopener\">(+352) 26 38 34 78<\/a><\/p>\n\n\n\n<p><strong>Courriel :<\/strong> <a href=\"mailto:info@jcdecaux.lu\">info@jcdecaux.lu<\/a><\/p>\n\n\n\n<p><strong>Site internet :<\/strong> <a href=\"https:\/\/www.jcdecaux-belux.com\/fr\/lu\/nous-contacter-au-luxembourg\" target=\"_blank\" rel=\"noreferrer noopener nofollow\">https:\/\/www.jcdecaux-belux.com\/fr\/lu\/nous-contacter-au-luxembourg<\/a><\/p>\n","protected":false},"excerpt":{"rendered":"<p>Accueil \u00bb lux-Airport Corporate \u00bb Business et partenaires Avec plus de 4 millions de passagers qui franchissent ses portes chaque ann\u00e9e, l\u2019a\u00e9roport de Luxembourg est un lieu particuli\u00e8rement porteur pour promouvoir votre entreprise et vos activit\u00e9s. L\u2019a\u00e9roport offre un espace publicitaire d\u2019exception, qui saura r\u00e9pondre et m\u00eame d\u00e9passer vos attentes. Pour toute demande, contactez JCDecaux, [&hellip;]<\/p>\n","protected":false},"author":1,"featured_media":0,"parent":6963,"menu_order":0,"comment_status":"closed","ping_status":"closed","template":"","meta":{"_acf_changed":false,"footnotes":""},"class_list":["post-308","page","type-page","status-publish","hentry"],"acf":{"set_page_width_full":false,"start_with_small_header":false,"reno_options":{"hide_reno_widget":false,"open_widget_on_page_load":false,"which_tab_to_open":"chatbot","hide_reno_turn_onoff":false,"set_height_to_mini":false,"reno_page_branded_text_back_front":{"reno_show_branded_text":false,"reno_text_in_the_back":"JOURNEY","reno_text_in_the_front":"my journey starts here"}},"branded_text_backfront":{"hide_branded_text":false,"text_in_the_back":"JOURNEY","text_in_the_front_left":"My journey","text_in_the_front_right":"starts here"},"hide_breadcrumbs":false,"hide_footer_widgets":false,"hide_page_title":false,"advertising__adsense":{"show_ads_in_this_page":true,"image_instead_of_adsense":{"enable_image_instead_of_adsense":false,"banner_image_300x250":null,"banner_url":""}},"header_image_options":{"show_header_image":"Yes","header_image":""}},"_links":{"self":[{"href":"https:\/\/www.lux-airport.lu\/fr\/wp-json\/wp\/v2\/pages\/308","targetHints":{"allow":["GET"]}}],"collection":[{"href":"https:\/\/www.lux-airport.lu\/fr\/wp-json\/wp\/v2\/pages"}],"about":[{"href":"https:\/\/www.lux-airport.lu\/fr\/wp-json\/wp\/v2\/types\/page"}],"author":[{"embeddable":true,"href":"https:\/\/www.lux-airport.lu\/fr\/wp-json\/wp\/v2\/users\/1"}],"replies":[{"embeddable":true,"href":"https:\/\/www.lux-airport.lu\/fr\/wp-json\/wp\/v2\/comments?post=308"}],"version-history":[{"count":0,"href":"https:\/\/www.lux-airport.lu\/fr\/wp-json\/wp\/v2\/pages\/308\/revisions"}],"up":[{"embeddable":true,"href":"https:\/\/www.lux-airport.lu\/fr\/wp-json\/wp\/v2\/pages\/6963"}],"wp:attachment":[{"href":"https:\/\/www.lux-airport.lu\/fr\/wp-json\/wp\/v2\/media?parent=308"}],"curies":[{"name":"wp","href":"https:\/\/api.w.org\/{rel}","templated":true}]}}