{"id":23636,"date":"2026-02-09T15:05:11","date_gmt":"2026-02-09T14:05:11","guid":{"rendered":"https:\/\/www.lux-airport.lu\/?page_id=23636"},"modified":"2026-02-09T15:33:45","modified_gmt":"2026-02-09T14:33:45","slug":"informations-sur-la-demande-dautorisation-de-vehicules","status":"publish","type":"page","link":"https:\/\/www.lux-airport.lu\/fr\/informations-sur-la-demande-dautorisation-de-vehicules\/","title":{"rendered":"Informations sur la demande d\u2019Autorisation de v\u00e9hicules"},"content":{"rendered":"\n<h2 class=\"wp-block-heading\">Public concern\u00e9<\/h2>\n\n\n\n<p>Tout v\u00e9hicule ou engin devant circuler c\u00f4t\u00e9 airside sur l\u2019aire de mouvement de l\u2019a\u00e9roport du Luxembourg.<\/p>\n\n\n\n<h2 class=\"wp-block-heading\">Conditions g\u00e9n\u00e9rales<\/h2>\n\n\n\n<p>Vous trouverez ci-dessous les conditions g\u00e9n\u00e9rales pour l\u2019obtention d\u2019une autorisation de v\u00e9hicule.<\/p>\n\n\n\n<div class=\"wp-block-buttons is-content-justification-center is-layout-flex wp-container-core-buttons-is-layout-16018d1d wp-block-buttons-is-layout-flex\">\n<div class=\"wp-block-button\"><a class=\"wp-block-button__link has-white-color has-text-color has-link-color has-text-align-center wp-element-button\" href=\"https:\/\/www.lux-airport.lu\/wp-content\/uploads\/2026\/02\/Conditions-Generales-Autorisation-de-vehicules-1.pdf\">TELECHARGER<\/a><\/div>\n<\/div>\n\n\n\n<div style=\"height:24px\" aria-hidden=\"true\" class=\"wp-block-spacer\"><\/div>\n\n\n\n<h2 class=\"wp-block-heading\">Demande ou renouvellement pour une demande d\u2019autorisation de v\u00e9hicule (Laissez-Passer V\u00e9hicules &#8211; L.P.V.)<\/h2>\n\n\n\n<p>Vous pouvez demander une autorisation de circulation c\u00f4t\u00e9 piste (airside) pour votre v\u00e9hicule uniquement pour des raisons professionnelles et pour une utilisation sp\u00e9cifique et pr\u00e9cise c\u00f4t\u00e9 airside, et d\u00fbment justifi\u00e9e dans le formulaire de demande SOF.OPS-A.008.<\/p>\n\n\n\n<p>Le demandeur doit \u00eatre une entreprise ou une entit\u00e9 bas\u00e9e \u00e0 l\u2019a\u00e9roport de Luxembourg, ou une entreprise\/entit\u00e9 non-bas\u00e9e \u00e0 l\u2019a\u00e9roport op\u00e9rant fr\u00e9quemment airside pour le compte d\u2019une soci\u00e9t\u00e9 ou d\u2019une entit\u00e9 \u00e9tablie \u00e0 l\u2019a\u00e9roport.<\/p>\n\n\n\n<p>Ci-dessous, vous trouverez le formulaire de demande d\u2019autorisation de v\u00e9hicules, accompagn\u00e9 de sa notice explicative d\u00e9taillant comment le remplir pr\u00e9cisement.<\/p>\n\n\n\n<p>Apr\u00e8s avoir t\u00e9l\u00e9charg\u00e9, compl\u00e9t\u00e9 et sauvegard\u00e9 votre demande, soumettez-la avec les pi\u00e8ces jointes demand\u00e9es \u00e0:<\/p>\n\n\n\n<p><a href=\"mailto:vehicle_request@lux-airport.lu\">vehicle_request@lux-airport.lu<\/a><\/p>\n\n\n\n<p>lux-Airport prendra en charge le traitement de votre demande.<br>Toute demande incompl\u00e8te ou non justifi\u00e9e sera rejet\u00e9e et retourn\u00e9e au demandeur.<\/p>\n\n\n\n<p>Une fois votre demande approuv\u00e9e, vous en serez inform\u00e9. Vous serez ensuite invit\u00e9 \u00e0 contacter le bureau des cartes d\u2019acc\u00e8s lux-Airport afin de prendre un rendez-vous pour r\u00e9cup\u00e9rer votre L.P.V.<\/p>\n\n\n\n<p><strong><u>SOF.OPS-A.008 DEMANDE D\u2019AUTORISATION DE VEHICULES LPV<strong>FR EN<\/strong><\/u><\/strong><\/p>\n\n\n\n<div class=\"wp-block-buttons is-content-justification-center is-layout-flex wp-container-core-buttons-is-layout-16018d1d wp-block-buttons-is-layout-flex\">\n<div class=\"wp-block-button\"><a class=\"wp-block-button__link has-white-color has-text-color has-link-color wp-element-button\" href=\"https:\/\/www.lux-airport.lu\/wp-content\/uploads\/2026\/02\/SOF.OPS-A.008-Formulaire-de-demande-pour-une-autorisation-de-vehicules-1.pdf\">TELECHARGER<\/a><\/div>\n<\/div>\n\n\n\n<div style=\"height:24px\" aria-hidden=\"true\" class=\"wp-block-spacer\"><\/div>\n\n\n\n<p><strong><u>Notice d&rsquo;utilisation pour le formulaire SOF.OPS-A.008 FR_EN<\/u><\/strong><\/p>\n\n\n\n<div class=\"wp-block-buttons is-content-justification-center is-layout-flex wp-container-core-buttons-is-layout-16018d1d wp-block-buttons-is-layout-flex\">\n<div class=\"wp-block-button\"><a class=\"wp-block-button__link has-white-color has-text-color has-link-color wp-element-button\" href=\"https:\/\/www.lux-airport.lu\/wp-content\/uploads\/2026\/02\/Notice-dutilisation-du-formulaire-de-demande-dautorisation-de-vehicules-1.pdf\">TELECHARGER<\/a><\/div>\n<\/div>\n\n\n\n<div style=\"height:24px\" aria-hidden=\"true\" class=\"wp-block-spacer\"><\/div>\n\n\n\n<h2 class=\"wp-block-heading\">Exigences applicables aux v\u00e9hicules<\/h2>\n\n\n\n<p>Les v\u00e9hicules circulant sur l\u2019aire de mouvement doivent respecter les exigences d\u00e9finies dans la proc\u00e9dure SOP.OPS-A.019 Vehicle Requirements.<\/p>\n\n\n\n<p>Ce document est disponible en t\u00e9l\u00e9chargement ci-dessous.<\/p>\n\n\n\n<p><strong><u>SOP.OPS-A.019 Vehicle Requirements<\/u><\/strong><\/p>\n\n\n\n<div class=\"wp-block-buttons is-content-justification-center is-layout-flex wp-container-core-buttons-is-layout-16018d1d wp-block-buttons-is-layout-flex\">\n<div class=\"wp-block-button\"><a class=\"wp-block-button__link has-white-color has-text-color has-link-color wp-element-button\" href=\"https:\/\/www.lux-airport.lu\/wp-content\/uploads\/2026\/02\/SOP.OPS-A.019-Vehicle-requirements-1.pdf\">TELECHARGER<\/a><\/div>\n<\/div>\n\n\n\n<div style=\"height:24px\" aria-hidden=\"true\" class=\"wp-block-spacer\"><\/div>\n\n\n\n<h2 class=\"wp-block-heading\">Cartes de l\u2019a\u00e9roport du Luxembourg<\/h2>\n\n\n\n<div style=\"height:24px\" aria-hidden=\"true\" class=\"wp-block-spacer\"><\/div>\n\n\n\n<p>V\u00e9hicules circulant sur l\u2019aire de manoeuvre, t\u00e9l\u00e9charger la carte de l\u2019a\u00e9roport ci-dessous, l\u2019imprimer et la placer obligatoirement dans le v\u00e9hicule autoris\u00e9 \u00e0 circuler c\u00f4t\u00e9 piste (airside) pendant toute la dur\u00e9e de pr\u00e9sence du v\u00e9hicule en zone airside.<\/p>\n\n\n\n<p><strong><u><strong><u>Aire de Manoeuvre &#8211; Carte de l\u2019a\u00e9roport du Luxembourg<\/u><\/strong><\/u><\/strong><\/p>\n\n\n\n<div class=\"wp-block-buttons is-content-justification-center is-layout-flex wp-container-core-buttons-is-layout-16018d1d wp-block-buttons-is-layout-flex\">\n<div class=\"wp-block-button\"><a class=\"wp-block-button__link has-white-color has-text-color has-link-color wp-element-button\" href=\"https:\/\/www.lux-airport.lu\/wp-content\/uploads\/2026\/02\/Airside-Driving-Map-Manoeuvring-area-Version-1.pdf\">TELECHARGER<\/a><\/div>\n<\/div>\n\n\n\n<p><\/p>\n","protected":false},"excerpt":{"rendered":"<p>Public concern\u00e9 Tout v\u00e9hicule ou engin devant circuler c\u00f4t\u00e9 airside sur l\u2019aire de mouvement de l\u2019a\u00e9roport du Luxembourg. Conditions g\u00e9n\u00e9rales Vous trouverez ci-dessous les conditions g\u00e9n\u00e9rales pour l\u2019obtention d\u2019une autorisation de v\u00e9hicule. Demande ou renouvellement pour une demande d\u2019autorisation de v\u00e9hicule (Laissez-Passer V\u00e9hicules &#8211; L.P.V.) Vous pouvez demander une autorisation de circulation c\u00f4t\u00e9 piste (airside) [&hellip;]<\/p>\n","protected":false},"author":37,"featured_media":0,"parent":0,"menu_order":0,"comment_status":"closed","ping_status":"closed","template":"","meta":{"_acf_changed":false,"footnotes":""},"class_list":["post-23636","page","type-page","status-publish","hentry"],"acf":{"set_page_width_full":false,"start_with_small_header":false,"reno_options":{"hide_reno_widget":false,"open_widget_on_page_load":false,"which_tab_to_open":"chatbot","hide_reno_turn_onoff":false,"set_height_to_mini":false,"reno_page_branded_text_back_front":{"reno_show_branded_text":false,"reno_text_in_the_back":"JOURNEY","reno_text_in_the_front":"my journey starts here"}},"branded_text_backfront":{"hide_branded_text":false,"text_in_the_back":"JOURNEY","text_in_the_front_left":"My journey","text_in_the_front_right":"starts here"},"hide_breadcrumbs":false,"hide_footer_widgets":false,"hide_page_title":false,"advertising__adsense":{"show_ads_in_this_page":true,"image_instead_of_adsense":{"enable_image_instead_of_adsense":false,"banner_image_300x250":null,"banner_url":""}},"header_image_options":{"show_header_image":"Yes","header_image":""}},"_links":{"self":[{"href":"https:\/\/www.lux-airport.lu\/fr\/wp-json\/wp\/v2\/pages\/23636","targetHints":{"allow":["GET"]}}],"collection":[{"href":"https:\/\/www.lux-airport.lu\/fr\/wp-json\/wp\/v2\/pages"}],"about":[{"href":"https:\/\/www.lux-airport.lu\/fr\/wp-json\/wp\/v2\/types\/page"}],"author":[{"embeddable":true,"href":"https:\/\/www.lux-airport.lu\/fr\/wp-json\/wp\/v2\/users\/37"}],"replies":[{"embeddable":true,"href":"https:\/\/www.lux-airport.lu\/fr\/wp-json\/wp\/v2\/comments?post=23636"}],"version-history":[{"count":0,"href":"https:\/\/www.lux-airport.lu\/fr\/wp-json\/wp\/v2\/pages\/23636\/revisions"}],"wp:attachment":[{"href":"https:\/\/www.lux-airport.lu\/fr\/wp-json\/wp\/v2\/media?parent=23636"}],"curies":[{"name":"wp","href":"https:\/\/api.w.org\/{rel}","templated":true}]}}