{"id":23552,"date":"2026-01-06T14:21:18","date_gmt":"2026-01-06T13:21:18","guid":{"rendered":"https:\/\/www.lux-airport.lu\/?page_id=23552"},"modified":"2026-01-08T15:47:46","modified_gmt":"2026-01-08T14:47:46","slug":"informations-sur-le-permis-de-conduire-aeroportuaire","status":"publish","type":"page","link":"https:\/\/www.lux-airport.lu\/fr\/entreprise\/business-partenaires\/informations-sur-le-permis-de-conduire-aeroportuaire\/","title":{"rendered":"Informations sur le Permis de Conduire A\u00e9roportuaire"},"content":{"rendered":"\n<h1 class=\"wp-block-heading\">Airside Driving Permit<\/h1>\n\n\n\n<h2 class=\"wp-block-heading\" id=\"block-d1c340df-68de-4acb-b499-581d91bf22e0\">Public concern\u00e9<\/h2>\n\n\n\n<p id=\"block-914e564c-87d2-4445-be08-dce637ebdc0f\">Toute personne devant conduire un v\u00e9hicule ou un engin c\u00f4t\u00e9 piste sur l\u2019aire de mouvement de l\u2019a\u00e9roport du Luxembourg.<\/p>\n\n\n\n<h2 class=\"wp-block-heading\" id=\"block-d1c340df-68de-4acb-b499-581d91bf22e0\">Conditions g\u00e9n\u00e9rales<\/h2>\n\n\n\n<p id=\"block-914e564c-87d2-4445-be08-dce637ebdc0f\">Vous trouverez ci-dessous les conditions g\u00e9n\u00e9rales pour suivre la formation Airside Driving Permis.<\/p>\n\n\n\n<div class=\"wp-block-buttons is-content-justification-center is-layout-flex wp-container-core-buttons-is-layout-16018d1d wp-block-buttons-is-layout-flex\">\n<div class=\"wp-block-button\"><a class=\"wp-block-button__link wp-element-button\" href=\"https:\/\/www.lux-airport.lu\/wp-content\/uploads\/2026\/01\/Conditions-Generales-ADP.pdf\">T\u00e9l\u00e9charger<\/a><\/div>\n<\/div>\n\n\n\n<h2 class=\"wp-block-heading\" id=\"block-71925051-88be-4fb5-b73e-2929be944e1a\">Demande pour un permis de conduire a\u00e9roportuaire<\/h2>\n\n\n\n<p id=\"block-2663f49f-e819-4645-8c25-12351f767187\">Vous pouvez demander un permis de conduire a\u00e9roportuaire ADP (Airside Driving Permit) exclusivement pour des raisons professionnelles et une utilisation sp\u00e9cifique c\u00f4t\u00e9 airside.<\/p>\n\n\n\n<p>Ci-dessous, vous trouverez le formulaire de demande de permis de conduire a\u00e9roportuaire, accompagn\u00e9 d&rsquo;une notice explicative d\u00e9taillant comment le remplir.<\/p>\n\n\n\n<p id=\"block-c05e6121-40f8-4945-9968-88addde05d9c\">Apr\u00e8s avoir t\u00e9l\u00e9charg\u00e9, compl\u00e9t\u00e9 et sauvegard\u00e9 votre demande, soumettez-la \u00e0 : <a href=\"mailto:adp_request@lux-airport.lu\">adp_request@lux-airport.lu<\/a><\/p>\n\n\n\n<p id=\"block-c05e6121-40f8-4945-9968-88addde05d9c\">lux-Airport prendra en charge le traitement de votre demande.<br>Toute demande incompl\u00e8te ou non justifi\u00e9e sera rejet\u00e9e et retourn\u00e9e.<\/p>\n\n\n\n<p id=\"block-c05e6121-40f8-4945-9968-88addde05d9c\">Une fois votre demande approuv\u00e9e, vous en serez inform\u00e9. Vous pourrez ensuite suivre la formation initiale ou r\u00e9currente pour le permis de conduire a\u00e9roportuaire, ou \u00eatre invit\u00e9 \u00e0 contacter le bureau des cartes d\u2019acc\u00e8s lux-Airport afin de prendre un rendez-vous pour r\u00e9cup\u00e9rer votre badge ADP.<\/p>\n\n\n\n<p id=\"block-d2cde804-3685-4ea5-a780-3bc88931f01e\"><a href=\"https:\/\/www.lux-airport.lu\/wp-content\/uploads\/2026\/01\/SOF.OPS-A.001-Demande-pour-un-permis-de-conduire-aeroportuaire-FR_EN.pdf\" target=\"_blank\" rel=\"noreferrer noopener\">SOF.OPS-A.001 Demande pour un permis de conduire a\u00e9roportuaire FR EN<\/a><\/p>\n\n\n\n<div class=\"wp-block-buttons is-content-justification-center is-layout-flex wp-container-core-buttons-is-layout-28206b41 wp-block-buttons-is-layout-flex\">\n<div class=\"wp-block-button\"><a class=\"wp-block-button__link has-text-align-left wp-element-button\" href=\"https:\/\/www.lux-airport.lu\/wp-content\/uploads\/2026\/01\/SOF.OPS-A.001-Demande-pour-un-permis-de-conduire-aeroportuaire-FR_EN.pdf\">T\u00e9l\u00e9charger<\/a><\/div>\n<\/div>\n\n\n\n<div style=\"height:49px\" aria-hidden=\"true\" class=\"wp-block-spacer\"><\/div>\n\n\n\n<p><a href=\"https:\/\/www.lux-airport.lu\/wp-content\/uploads\/2026\/01\/Notice-dutilisation-pour-le-formulaire-SOF.OPS-A.001-FR_EN.pdf\" target=\"_blank\" rel=\"noreferrer noopener\">Notice-dutilisation-pour-le-formulaire-SOF.OPS-A.001-FR_EN.pdf<\/a><\/p>\n\n\n\n<div class=\"wp-block-buttons is-content-justification-center is-layout-flex wp-container-core-buttons-is-layout-16018d1d wp-block-buttons-is-layout-flex\">\n<div class=\"wp-block-button\"><a class=\"wp-block-button__link wp-element-button\" href=\"https:\/\/www.lux-airport.lu\/wp-content\/uploads\/2026\/01\/Notice-dutilisation-pour-le-formulaire-SOF.OPS-A.001-FR_EN.pdf\">T\u00e9l\u00e9charger<\/a><\/div>\n<\/div>\n","protected":false},"excerpt":{"rendered":"<p>Airside Driving Permit Public concern\u00e9 Toute personne devant conduire un v\u00e9hicule ou un engin c\u00f4t\u00e9 piste sur l\u2019aire de mouvement de l\u2019a\u00e9roport du Luxembourg. Conditions g\u00e9n\u00e9rales Vous trouverez ci-dessous les conditions g\u00e9n\u00e9rales pour suivre la formation Airside Driving Permis. Demande pour un permis de conduire a\u00e9roportuaire Vous pouvez demander un permis de conduire a\u00e9roportuaire ADP [&hellip;]<\/p>\n","protected":false},"author":37,"featured_media":0,"parent":6963,"menu_order":0,"comment_status":"closed","ping_status":"closed","template":"","meta":{"_acf_changed":false,"footnotes":""},"class_list":["post-23552","page","type-page","status-publish","hentry"],"acf":{"set_page_width_full":false,"start_with_small_header":false,"reno_options":{"hide_reno_widget":false,"open_widget_on_page_load":false,"which_tab_to_open":"chatbot","hide_reno_turn_onoff":false,"set_height_to_mini":false,"reno_page_branded_text_back_front":{"reno_show_branded_text":false,"reno_text_in_the_back":"JOURNEY","reno_text_in_the_front":"my journey starts here"}},"branded_text_backfront":{"hide_branded_text":false,"text_in_the_back":"JOURNEY","text_in_the_front_left":"My journey","text_in_the_front_right":"starts here"},"hide_breadcrumbs":true,"hide_footer_widgets":false,"hide_page_title":false,"advertising__adsense":{"show_ads_in_this_page":true,"image_instead_of_adsense":{"enable_image_instead_of_adsense":false,"banner_image_300x250":null,"banner_url":""}},"header_image_options":{"show_header_image":"Yes","header_image":""}},"_links":{"self":[{"href":"https:\/\/www.lux-airport.lu\/fr\/wp-json\/wp\/v2\/pages\/23552","targetHints":{"allow":["GET"]}}],"collection":[{"href":"https:\/\/www.lux-airport.lu\/fr\/wp-json\/wp\/v2\/pages"}],"about":[{"href":"https:\/\/www.lux-airport.lu\/fr\/wp-json\/wp\/v2\/types\/page"}],"author":[{"embeddable":true,"href":"https:\/\/www.lux-airport.lu\/fr\/wp-json\/wp\/v2\/users\/37"}],"replies":[{"embeddable":true,"href":"https:\/\/www.lux-airport.lu\/fr\/wp-json\/wp\/v2\/comments?post=23552"}],"version-history":[{"count":0,"href":"https:\/\/www.lux-airport.lu\/fr\/wp-json\/wp\/v2\/pages\/23552\/revisions"}],"up":[{"embeddable":true,"href":"https:\/\/www.lux-airport.lu\/fr\/wp-json\/wp\/v2\/pages\/6963"}],"wp:attachment":[{"href":"https:\/\/www.lux-airport.lu\/fr\/wp-json\/wp\/v2\/media?parent=23552"}],"curies":[{"name":"wp","href":"https:\/\/api.w.org\/{rel}","templated":true}]}}