{"id":23346,"date":"2025-10-23T15:12:08","date_gmt":"2025-10-23T13:12:08","guid":{"rendered":"https:\/\/www.lux-airport.lu\/2025-plane-spotter-contest\/"},"modified":"2025-11-05T20:58:40","modified_gmt":"2025-11-05T19:58:40","slug":"2025-plane-spotter-contest","status":"publish","type":"page","link":"https:\/\/www.lux-airport.lu\/fr\/2025-plane-spotter-contest\/","title":{"rendered":"2025 Plane Spotter Contest"},"content":{"rendered":"\n<div style=\"height:30px\" aria-hidden=\"true\" class=\"wp-block-spacer\"><\/div>\n\n\n\n<p>\u2708\ufe0f <strong>Bienvenue \u00e0 l\u2019Exposition Finale de notre Concours Plane Spotter 2025<\/strong> \u2708\ufe0f<br>Pr\u00e9parez-vous au d\u00e9collage pour un voyage visuel \u00e0 l\u2019A\u00e9roport de Luxembourg !<\/p>\n\n\n\n<p>Apr\u00e8s un concours en ligne incroyable avec des duels quotidiens sur Instagram pr\u00e9sentant les moments les plus impressionnants captur\u00e9s \u00e0 l\u2019A\u00e9roport de Luxembourg, <strong>19 plane spotters exceptionnels<\/strong> ont atteint la finale de notre concours photo 2025.<br>Les 19 meilleures photos sont maintenant expos\u00e9es en grands formats dans la zone de r\u00e9cup\u00e9ration des bagages \u00e0 l\u2019A\u00e9roport de Luxembourg.<\/p>\n\n\n\n<p><strong>lux-Airport<\/strong> est fier de soutenir cette magnifique exposition des plane spotters de l\u2019A\u00e9roport de Luxembourg. Mais ce n\u2019est pas fini \u2014 c\u2019est maintenant \u00e0 vous de voter pour votre photo pr\u00e9f\u00e9r\u00e9e !<\/p>\n\n\n\n<p><strong>Comment participer :<\/strong><br>\ud83d\udeec Explorez les photos et choisissez celle qui vous inspire le plus.<br>\ud83d\udc49 Votez en un seul clic.<\/p>\n\n\n\n<p>Chaque vote nous rapproche de la c\u00e9l\u00e9bration des gagnants de notre Concours Photo 2025, qui capturent la v\u00e9ritable magie de l\u2019aviation \u00e0 l\u2019A\u00e9roport de Luxembourg.<\/p>\n\n\n\n<div style=\"height:30px\" aria-hidden=\"true\" class=\"wp-block-spacer\"><\/div>\n\n\n<div class=\"arhs-cg\" data-contest=\"23332\">\n                <div class=\"arhs-cg-header\">\n                    <div class=\"header-deadline\" aria-live=\"polite\"><\/div>\n                    <div class=\"header-votes\" aria-live=\"polite\"><\/div>\n                <\/div>\n                <div class=\"arhs-cg-masonry\" role=\"list\"><\/div>\n                <\/div>\n\n","protected":false},"excerpt":{"rendered":"<p>\u2708\ufe0f Bienvenue \u00e0 l\u2019Exposition Finale de notre Concours Plane Spotter 2025 \u2708\ufe0fPr\u00e9parez-vous au d\u00e9collage pour un voyage visuel \u00e0 l\u2019A\u00e9roport de Luxembourg ! Apr\u00e8s un concours en ligne incroyable avec des duels quotidiens sur Instagram pr\u00e9sentant les moments les plus impressionnants captur\u00e9s \u00e0 l\u2019A\u00e9roport de Luxembourg, 19 plane spotters exceptionnels ont atteint la finale de [&hellip;]<\/p>\n","protected":false},"author":37,"featured_media":0,"parent":0,"menu_order":0,"comment_status":"closed","ping_status":"closed","template":"","meta":{"_acf_changed":false,"footnotes":""},"class_list":["post-23346","page","type-page","status-publish","hentry"],"acf":{"set_page_width_full":false,"start_with_small_header":false,"reno_options":{"hide_reno_widget":false,"open_widget_on_page_load":false,"which_tab_to_open":"chatbot","hide_reno_turn_onoff":false,"set_height_to_mini":false,"reno_page_branded_text_back_front":{"reno_show_branded_text":false,"reno_text_in_the_back":"JOURNEY","reno_text_in_the_front":"my journey starts here"}},"branded_text_backfront":{"hide_branded_text":false,"text_in_the_back":"JOURNEY","text_in_the_front_left":"My journey","text_in_the_front_right":"starts here"},"hide_breadcrumbs":false,"hide_footer_widgets":false,"hide_page_title":false,"advertising__adsense":{"show_ads_in_this_page":true,"image_instead_of_adsense":{"enable_image_instead_of_adsense":false,"banner_image_300x250":null,"banner_url":""}},"header_image_options":{"show_header_image":"Yes","header_image":""}},"_links":{"self":[{"href":"https:\/\/www.lux-airport.lu\/fr\/wp-json\/wp\/v2\/pages\/23346","targetHints":{"allow":["GET"]}}],"collection":[{"href":"https:\/\/www.lux-airport.lu\/fr\/wp-json\/wp\/v2\/pages"}],"about":[{"href":"https:\/\/www.lux-airport.lu\/fr\/wp-json\/wp\/v2\/types\/page"}],"author":[{"embeddable":true,"href":"https:\/\/www.lux-airport.lu\/fr\/wp-json\/wp\/v2\/users\/37"}],"replies":[{"embeddable":true,"href":"https:\/\/www.lux-airport.lu\/fr\/wp-json\/wp\/v2\/comments?post=23346"}],"version-history":[{"count":0,"href":"https:\/\/www.lux-airport.lu\/fr\/wp-json\/wp\/v2\/pages\/23346\/revisions"}],"wp:attachment":[{"href":"https:\/\/www.lux-airport.lu\/fr\/wp-json\/wp\/v2\/media?parent=23346"}],"curies":[{"name":"wp","href":"https:\/\/api.w.org\/{rel}","templated":true}]}}