{"id":20720,"date":"2025-02-25T13:45:40","date_gmt":"2025-02-25T12:45:40","guid":{"rendered":"https:\/\/www.lux-airport.lu\/?page_id=20720"},"modified":"2025-10-10T20:01:24","modified_gmt":"2025-10-10T18:01:24","slug":"a-propos-de-reno","status":"publish","type":"page","link":"https:\/\/www.lux-airport.lu\/fr\/assistance-and-support\/a-propos-de-reno\/","title":{"rendered":"\u00c0 propos de R\u00e9no"},"content":{"rendered":"\n<p>Intelligent, r\u00e9actif et toujours \u00e0 votre service \u2014 <strong>R\u00e9no le Renard<\/strong> est votre compagnon IA \u00e0 l\u2019a\u00e9roport de Luxembourg, pr\u00eat \u00e0 vous offrir une assistance fluide et efficace pour un voyage en toute s\u00e9r\u00e9nit\u00e9.<\/p>\n\n\n\n<p>\ud83d\ude80 R\u00e9no \u00e9volue et s&rsquo;am\u00e9liore en continu gr\u00e2ce aux retours des utilisateurs, afin d\u2019offrir une exp\u00e9rience toujours plus intelligente et fluide. \u2728<\/p>\n\n\n\n<h2 class=\"wp-block-heading\"><strong>Pourquoi R\u00e9no ?<\/strong><\/h2>\n\n\n\n<p><strong>R\u00e9no le Renard<\/strong> est un personnage librement inspir\u00e9 de <em>Renert<\/em>, la figure embl\u00e9matique de l\u2019\u0153uvre litt\u00e9raire classique luxembourgeoise de <strong>Michel Rodange<\/strong>, <em>Renert oder de Fuuss am Frack an a Ma\u2019nsgr\u00eb\u00dft<\/em>. Tout comme le renard rus\u00e9 de l\u2019histoire, R\u00e9no est rapide, intelligent et toujours pr\u00eat \u00e0 aider. Dans l\u2019\u00e9pop\u00e9e satirique de Rodange, Renert utilise son esprit pour naviguer dans le monde qui l\u2019entoure \u2014 tout comme R\u00e9no aide les voyageurs \u00e0 l\u2019a\u00e9roport de Luxembourg \u00e0 s\u2019orienter, acc\u00e9der aux informations en temps r\u00e9el et rendre leur voyage plus fluide.<\/p>\n\n\n\n<p>Notre <strong>personnage chatbot, R\u00e9no, est une cr\u00e9ation originale de lux-Airport<\/strong>. Il incarne un assistant IA rapide et ing\u00e9nieux, toujours pr\u00eat \u00e0 aider les passagers et les visiteurs \u00e0 naviguer dans leur parcours. Tandis que l\u2019\u00e9pop\u00e9e satirique de Rodange d\u00e9peint Renert comme un renard rus\u00e9 utilisant son esprit pour tromper son entourage, R\u00e9no incarne cette ing\u00e9niosit\u00e9 dans un contexte moderne \u2014 en assistant les voyageurs \u00e0 l\u2019a\u00e9roport de Luxembourg avec des informations et des conseils en temps r\u00e9el pour garantir une exp\u00e9rience fluide.<\/p>\n\n\n\n<p>Le Luxembourg est fier de son patrimoine culturel, et l\u2019h\u00e9ritage de <em>Renert<\/em> est c\u00e9l\u00e9br\u00e9 par un impressionnant monument en bronze situ\u00e9 pr\u00e8s du Grand Th\u00e9\u00e2tre, dans la ville de Luxembourg. Ce monument, un hommage \u00e0 la cr\u00e9ation intemporelle de Rodange, capture l\u2019esprit du renard en tant que symbole de ruse et de clairvoyance. De la m\u00eame mani\u00e8re, R\u00e9no, l\u2019assistant IA, incarne cet esprit en facilitant les d\u00e9placements et en garantissant aux visiteurs une exp\u00e9rience fluide \u00e0 l\u2019a\u00e9roport.<\/p>\n\n\n\n<hr class=\"wp-block-separator has-alpha-channel-opacity\"\/>\n\n\n\n<h2 class=\"wp-block-heading\"><strong>R\u00e9no est-il un chatbot ?<\/strong><\/h2>\n\n\n\n<p>R\u00e9no est bien plus qu\u2019un simple chatbot \u2014 c\u2019est un <strong>agent IA intelligent<\/strong> con\u00e7u pour agir activement et vous assister, plut\u00f4t que de simplement r\u00e9pondre \u00e0 vos questions. Contrairement aux chatbots traditionnels qui restent discr\u00e8tement dans un coin de l\u2019\u00e9cran, R\u00e9no occupe <strong>une place centrale<\/strong> sur la <strong>page d\u2019accueil de lux-Airport<\/strong>, red\u00e9finissant la mani\u00e8re dont les utilisateurs interagissent avec le contenu num\u00e9rique. Ce n\u2019est pas un site qui poss\u00e8de un bot \u2014 <strong>c\u2019est un site o\u00f9 le bot est l\u2019exp\u00e9rience<\/strong>, une interface conversationnelle con\u00e7ue d\u00e8s le d\u00e9part pour une navigation intuitive et naturelle.<\/p>\n\n\n\n<p>Cette approche novatrice remet en question la fa\u00e7on dont nous concevons les sites web et la publication num\u00e9rique. Plut\u00f4t que de naviguer \u00e0 travers des pages statiques et des menus complexes, R\u00e9no offre une exp\u00e9rience <strong>conversationnelle, intuitive et efficace<\/strong> qui s\u2019adapte dynamiquement aux besoins des utilisateurs. Gr\u00e2ce \u00e0 <strong>une assistance IA avanc\u00e9e<\/strong>, R\u00e9no comprend <strong>le langage naturel dans toutes les langues du monde<\/strong>, interpr\u00e8te le contexte et <strong>accomplit des t\u00e2ches pour vous<\/strong>, rendant les interactions plus fluides et pertinentes. C\u2019est peut-\u00eatre un aper\u00e7u de l\u2019avenir \u2014 un monde o\u00f9 les sites web \u00e9voluent de simples collections de pages \u00e0 de v\u00e9ritables exp\u00e9riences interactives et intelligentes, centr\u00e9es sur l\u2019utilisateur.<\/p>\n\n\n\n<p>Le contenu principal de R\u00e9no est disponible en anglais, en fran\u00e7ais et en allemand, mais il peut comprendre et r\u00e9pondre dans n\u2019importe quelle langue parl\u00e9e par l\u2019utilisateur.<\/p>\n\n\n\n<hr class=\"wp-block-separator has-alpha-channel-opacity\"\/>\n\n\n\n<h2 class=\"wp-block-heading\"><strong>Comment R\u00e9no peut-il vous aider ?<\/strong><\/h2>\n\n\n\n<p>Bonjour ! Je suis <strong>R\u00e9no le Renard<\/strong>, votre assistant IA \u00e0 l\u2019a\u00e9roport de Luxembourg. Voici un aper\u00e7u rapide de ce que je peux faire pour vous :<\/p>\n\n\n\n<h4 class=\"wp-block-heading\">\ud83d\udcd6 Connaissance compl\u00e8te de l\u2019a\u00e9roport<\/h4>\n\n\n\n<div class=\"wp-block-group is-content-justification-center is-nowrap is-layout-flex wp-container-core-group-is-layout-94bc23d7 wp-block-group-is-layout-flex\">\n\n<ul class=\"wp-block-list\">\n<li>Acc\u00e9dez facilement et de mani\u00e8re interactive \u00e0 toutes les informations disponibles sur le site web de lux-Airport.<\/li>\n<\/ul>\n\n<\/div>\n\n\n\n<h4 class=\"wp-block-heading\">\ud83d\udeeb Assistance aux vols<\/h4>\n\n\n\n<div class=\"wp-block-group is-content-justification-center is-nowrap is-layout-flex wp-container-core-group-is-layout-94bc23d7 wp-block-group-is-layout-flex\">\n\n<ul class=\"wp-block-list\">\n<li>Obtenez des d\u00e9tails sur les arriv\u00e9es et les d\u00e9parts en indiquant un num\u00e9ro de vol ou une destination.<\/li>\n<li>Abonnez-vous aux notifications de vol par e-mail.<\/li>\n<li>Aper\u00e7u des destinations \u2014 trouvez o\u00f9 vous pouvez voyager selon le mois, le pays ou le th\u00e8me (par ex. destination ensoleill\u00e9e en mars).<\/li>\n<\/ul>\n\n<\/div>\n\n\n\n<h4 class=\"wp-block-heading\">\ud83d\ude8c Informations sur les transports<\/h4>\n\n\n\n<div class=\"wp-block-group is-content-justification-center is-nowrap is-layout-flex wp-container-core-group-is-layout-94bc23d7 wp-block-group-is-layout-flex\">\n\n<ul class=\"wp-block-list\">\n<li>Trouvez les horaires de bus et de tram \u00e0 jour, y compris les arr\u00eats et les correspondances vers l\u2019a\u00e9roport.<\/li>\n<\/ul>\n\n<\/div>\n\n\n\n<h4 class=\"wp-block-heading\">\ud83c\udf24\ufe0f M\u00e9t\u00e9o en temps r\u00e9el<\/h4>\n\n\n\n<div class=\"wp-block-group is-content-justification-center is-nowrap is-layout-flex wp-container-core-group-is-layout-94bc23d7 wp-block-group-is-layout-flex\">\n\n<ul class=\"wp-block-list\">\n<li>Consultez les conditions m\u00e9t\u00e9orologiques actuelles au Luxembourg avant votre voyage.<\/li>\n<\/ul>\n\n<\/div>\n\n\n\n<h4 class=\"wp-block-heading\">\ud83d\ude97 Services de stationnement<\/h4>\n\n\n\n<div class=\"wp-block-group is-content-justification-center is-nowrap is-layout-flex wp-container-core-group-is-layout-94bc23d7 wp-block-group-is-layout-flex\">\n\n<ul class=\"wp-block-list\">\n<li>Obtenez des mises \u00e0 jour en temps r\u00e9el sur la disponibilit\u00e9 des places de stationnement.<\/li>\n<li>V\u00e9rifiez les options de r\u00e9servation de parking \u00e0 l\u2019avance.<\/li>\n<\/ul>\n\n<\/div>\n\n\n\n<h4 class=\"wp-block-heading\">\ud83d\udde3\ufe0f Bases du luxembourgeois<\/h4>\n\n\n\n<div class=\"wp-block-group is-content-justification-center is-nowrap is-layout-flex wp-container-core-group-is-layout-94bc23d7 wp-block-group-is-layout-flex\">\n\n<ul class=\"wp-block-list\">\n<li>Apprenez des phrases essentielles en luxembourgeois avec leurs traductions pour vous aider lors de votre visite.<\/li>\n<\/ul>\n\n<\/div>\n\n\n\n<h4 class=\"wp-block-heading\">\ud83c\udf89 Engagement interactif<\/h4>\n\n\n\n<div class=\"wp-block-group is-content-justification-center is-nowrap is-layout-flex wp-container-core-group-is-layout-94bc23d7 wp-block-group-is-layout-flex\">\n\n<ul class=\"wp-block-list\">\n<li>Amusons-nous ! Je peux poser des questions ou vous proposer des interactions ludiques pour rendre notre conversation plus dynamique.<\/li>\n<\/ul>\n\n<\/div>\n\n\n\n<p>Si vous avez besoin d\u2019aide, demandez-moi ! Je suis l\u00e0 pour vous assister. \u2708\ufe0f<\/p>\n\n\n\n<hr class=\"wp-block-separator has-alpha-channel-opacity\"\/>\n\n\n\n<h2 class=\"wp-block-heading\"><strong>Mes donn\u00e9es sont-elles en s\u00e9curit\u00e9 avec R\u00e9no ?<\/strong><\/h2>\n\n\n\n<p>Votre confidentialit\u00e9 est essentielle, et la protection de vos donn\u00e9es est une priorit\u00e9 absolue. R\u00e9no fonctionne avec les services d\u2019intelligence artificielle de <strong>Microsoft<\/strong>, qui respectent des r\u00e9glementations strictes en mati\u00e8re de s\u00e9curit\u00e9 et de confidentialit\u00e9. Voici ce que vous devez savoir :<\/p>\n\n\n\n<div class=\"wp-block-group is-content-justification-center is-nowrap is-layout-flex wp-container-core-group-is-layout-94bc23d7 wp-block-group-is-layout-flex\">\n\n<ul class=\"wp-block-list\">\n<li><strong>Conservation des donn\u00e9es pour l&rsquo;am\u00e9lioration :<\/strong> lux-Airport conservera les donn\u00e9es d\u2019interaction pendant <strong>3 mois<\/strong> afin d\u2019am\u00e9liorer les performances de R\u00e9no. Apr\u00e8s cette p\u00e9riode, toutes les donn\u00e9es priv\u00e9es seront supprim\u00e9es.<\/li>\n<li><strong>Stockage des donn\u00e9es en Europe :<\/strong> Microsoft garantit que le traitement et le stockage des donn\u00e9es ont lieu au sein de l\u2019Union europ\u00e9enne. Cela signifie que vos donn\u00e9es restent en Europe, conform\u00e9ment aux exigences r\u00e9gionales.<\/li>\n<li><strong>Aucune utilisation \u00e0 des fins commerciales :<\/strong> vos interactions ne sont <strong>pas partag\u00e9es<\/strong> avec d\u2019autres clients ni avec OpenAI. Elles ne sont pas utilis\u00e9es pour entra\u00eener des mod\u00e8les externes sans votre consentement.<\/li>\n<li><strong>Chiffrement et s\u00e9curit\u00e9 :<\/strong> toutes les communications sont chiffr\u00e9es afin de garantir la protection de vos donn\u00e9es.<\/li>\n<li><strong>Transparence et contr\u00f4le :<\/strong> vous gardez le contr\u00f4le de ce que vous partagez.<\/li>\n<\/ul>\n\n<\/div>\n\n\n\n<p>Pour en savoir plus, vous pouvez consulter la <a href=\"https:\/\/learn.microsoft.com\/en-us\/legal\/cognitive-services\/openai\/data-privacy?context=%2Fazure%2Fcognitive-services%2Fopenai%2Fcontext%2Fcontext&amp;tabs=azure-portal\" rel=\"nofollow noopener\" target=\"_blank\">politique de confidentialit\u00e9 officielle de Microsoft<\/a>.<\/p>\n\n\n\n<p>R\u00e9no est l\u00e0 pour rendre votre exp\u00e9rience \u00e0 l\u2019a\u00e9roport de Luxembourg plus fluide et sans stress, tout en garantissant la s\u00e9curit\u00e9 de vos donn\u00e9es. <strong>Bon voyage !<\/strong> \u2708\ufe0f<\/p>\n\n\n\n<div style=\"height:20px\" aria-hidden=\"true\" class=\"wp-block-spacer\"><\/div>\n\n\n\n<hr class=\"wp-block-separator has-alpha-channel-opacity\"\/>\n\n\n\n<h2 class=\"wp-block-heading has-text-align-center\">R\u00e9no sur les r\u00e9seaux sociaux<\/h2>\n\n\n\n<div style=\"height:20px\" aria-hidden=\"true\" class=\"wp-block-spacer\"><\/div>\n\n\n\n<div class=\"wp-block-group is-content-justification-center is-nowrap is-layout-flex wp-container-core-group-is-layout-94bc23d7 wp-block-group-is-layout-flex\">\n\n<blockquote class=\"instagram-media\" data-instgrm-captioned data-instgrm-permalink=\"https:\/\/www.instagram.com\/reel\/DPV92hPDOxB\/?utm_source=ig_embed&amp;utm_campaign=loading\" data-instgrm-version=\"14\" style=\" background:#FFF; border:0; border-radius:3px; box-shadow:0 0 1px 0 rgba(0,0,0,0.5),0 1px 10px 0 rgba(0,0,0,0.15); margin: 1px; max-width:540px; min-width:326px; padding:0; width:99.375%; width:-webkit-calc(100% - 2px); width:calc(100% - 2px);\"><div style=\"padding:16px;\"> <a href=\"https:\/\/www.instagram.com\/reel\/DPV92hPDOxB\/?utm_source=ig_embed&amp;utm_campaign=loading\" style=\" background:#FFFFFF; line-height:0; padding:0 0; text-align:center; text-decoration:none; width:100%;\" target=\"_blank\" rel=\"nofollow noopener\"> <div style=\" display: flex; flex-direction: row; align-items: center;\"> <div style=\"background-color: #F4F4F4; border-radius: 50%; flex-grow: 0; height: 40px; margin-right: 14px; width: 40px;\"><\/div> <div style=\"display: flex; flex-direction: column; flex-grow: 1; justify-content: center;\"> <div style=\" background-color: #F4F4F4; border-radius: 4px; flex-grow: 0; height: 14px; margin-bottom: 6px; width: 100px;\"><\/div> <div style=\" background-color: #F4F4F4; border-radius: 4px; flex-grow: 0; height: 14px; width: 60px;\"><\/div><\/div><\/div><div style=\"padding: 19% 0;\"><\/div> <div style=\"display:block; height:50px; margin:0 auto 12px; width:50px;\"><svg width=\"50px\" height=\"50px\" viewBox=\"0 0 60 60\" version=\"1.1\" xmlns=\"https:\/\/www.w3.org\/2000\/svg\" xmlns:xlink=\"https:\/\/www.w3.org\/1999\/xlink\"><g stroke=\"none\" stroke-width=\"1\" fill=\"none\" fill-rule=\"evenodd\"><g transform=\"translate(-511.000000, -20.000000)\" fill=\"#000000\"><g><path d=\"M556.869,30.41 C554.814,30.41 553.148,32.076 553.148,34.131 C553.148,36.186 554.814,37.852 556.869,37.852 C558.924,37.852 560.59,36.186 560.59,34.131 C560.59,32.076 558.924,30.41 556.869,30.41 M541,60.657 C535.114,60.657 530.342,55.887 530.342,50 C530.342,44.114 535.114,39.342 541,39.342 C546.887,39.342 551.658,44.114 551.658,50 C551.658,55.887 546.887,60.657 541,60.657 M541,33.886 C532.1,33.886 524.886,41.1 524.886,50 C524.886,58.899 532.1,66.113 541,66.113 C549.9,66.113 557.115,58.899 557.115,50 C557.115,41.1 549.9,33.886 541,33.886 M565.378,62.101 C565.244,65.022 564.756,66.606 564.346,67.663 C563.803,69.06 563.154,70.057 562.106,71.106 C561.058,72.155 560.06,72.803 558.662,73.347 C557.607,73.757 556.021,74.244 553.102,74.378 C549.944,74.521 548.997,74.552 541,74.552 C533.003,74.552 532.056,74.521 528.898,74.378 C525.979,74.244 524.393,73.757 523.338,73.347 C521.94,72.803 520.942,72.155 519.894,71.106 C518.846,70.057 518.197,69.06 517.654,67.663 C517.244,66.606 516.755,65.022 516.623,62.101 C516.479,58.943 516.448,57.996 516.448,50 C516.448,42.003 516.479,41.056 516.623,37.899 C516.755,34.978 517.244,33.391 517.654,32.338 C518.197,30.938 518.846,29.942 519.894,28.894 C520.942,27.846 521.94,27.196 523.338,26.654 C524.393,26.244 525.979,25.756 528.898,25.623 C532.057,25.479 533.004,25.448 541,25.448 C548.997,25.448 549.943,25.479 553.102,25.623 C556.021,25.756 557.607,26.244 558.662,26.654 C560.06,27.196 561.058,27.846 562.106,28.894 C563.154,29.942 563.803,30.938 564.346,32.338 C564.756,33.391 565.244,34.978 565.378,37.899 C565.522,41.056 565.552,42.003 565.552,50 C565.552,57.996 565.522,58.943 565.378,62.101 M570.82,37.631 C570.674,34.438 570.167,32.258 569.425,30.349 C568.659,28.377 567.633,26.702 565.965,25.035 C564.297,23.368 562.623,22.342 560.652,21.575 C558.743,20.834 556.562,20.326 553.369,20.18 C550.169,20.033 549.148,20 541,20 C532.853,20 531.831,20.033 528.631,20.18 C525.438,20.326 523.257,20.834 521.349,21.575 C519.376,22.342 517.703,23.368 516.035,25.035 C514.368,26.702 513.342,28.377 512.574,30.349 C511.834,32.258 511.326,34.438 511.181,37.631 C511.035,40.831 511,41.851 511,50 C511,58.147 511.035,59.17 511.181,62.369 C511.326,65.562 511.834,67.743 512.574,69.651 C513.342,71.625 514.368,73.296 516.035,74.965 C517.703,76.634 519.376,77.658 521.349,78.425 C523.257,79.167 525.438,79.673 528.631,79.82 C531.831,79.965 532.853,80.001 541,80.001 C549.148,80.001 550.169,79.965 553.369,79.82 C556.562,79.673 558.743,79.167 560.652,78.425 C562.623,77.658 564.297,76.634 565.965,74.965 C567.633,73.296 568.659,71.625 569.425,69.651 C570.167,67.743 570.674,65.562 570.82,62.369 C570.966,59.17 571,58.147 571,50 C571,41.851 570.966,40.831 570.82,37.631\"><\/path><\/g><\/g><\/g><\/svg><\/div><div style=\"padding-top: 8px;\"> <div style=\" color:#3897f0; font-family:Arial,sans-serif; font-size:14px; font-style:normal; font-weight:550; line-height:18px;\">Voir cette publication sur Instagram<\/div><\/div><div style=\"padding: 12.5% 0;\"><\/div> <div style=\"display: flex; flex-direction: row; margin-bottom: 14px; align-items: center;\"><div> <div style=\"background-color: #F4F4F4; border-radius: 50%; height: 12.5px; width: 12.5px; transform: translateX(0px) translateY(7px);\"><\/div> <div style=\"background-color: #F4F4F4; height: 12.5px; transform: rotate(-45deg) translateX(3px) translateY(1px); width: 12.5px; flex-grow: 0; margin-right: 14px; margin-left: 2px;\"><\/div> <div style=\"background-color: #F4F4F4; border-radius: 50%; height: 12.5px; width: 12.5px; transform: translateX(9px) translateY(-18px);\"><\/div><\/div><div style=\"margin-left: 8px;\"> <div style=\" background-color: #F4F4F4; border-radius: 4px; flex-grow: 0; height: 20px; width: 20px;\"><\/div> <div style=\" width: 0; height: 0; border-top: 2px solid transparent; border-left: 6px solid #f4f4f4; border-bottom: 2px solid transparent; transform: translateX(16px) translateY(-4px) rotate(30deg)\"><\/div><\/div><div style=\"margin-left: auto;\"> <div style=\" width: 0px; border-top: 8px solid #F4F4F4; border-right: 8px solid transparent; transform: translateY(16px);\"><\/div> <div style=\" background-color: #F4F4F4; flex-grow: 0; height: 12px; width: 16px; transform: translateY(-4px);\"><\/div> <div style=\" width: 0; height: 0; border-top: 8px solid #F4F4F4; border-left: 8px solid transparent; transform: translateY(-4px) translateX(8px);\"><\/div><\/div><\/div> <div style=\"display: flex; flex-direction: column; flex-grow: 1; justify-content: center; margin-bottom: 24px;\"> <div style=\" background-color: #F4F4F4; border-radius: 4px; flex-grow: 0; height: 14px; margin-bottom: 6px; width: 224px;\"><\/div> <div style=\" background-color: #F4F4F4; border-radius: 4px; flex-grow: 0; height: 14px; width: 144px;\"><\/div><\/div><\/a><p style=\" color:#c9c8cd; font-family:Arial,sans-serif; font-size:14px; line-height:17px; margin-bottom:0; margin-top:8px; overflow:hidden; padding:8px 0 7px; text-align:center; text-overflow:ellipsis; white-space:nowrap;\"><a href=\"https:\/\/www.instagram.com\/reel\/DPV92hPDOxB\/?utm_source=ig_embed&amp;utm_campaign=loading\" style=\" color:#c9c8cd; font-family:Arial,sans-serif; font-size:14px; font-style:normal; font-weight:normal; line-height:17px; text-decoration:none;\" target=\"_blank\" rel=\"nofollow noopener\">Une publication partag\u00e9e par lux-Airport (@lux_airport)<\/a><\/p><\/div><\/blockquote>\n<script async src=\"\/\/www.instagram.com\/embed.js\"><\/script>\n\n<\/div>\n\n","protected":false},"excerpt":{"rendered":"<p>Intelligent, r\u00e9actif et toujours \u00e0 votre service \u2014 R\u00e9no le Renard est votre compagnon IA \u00e0 l\u2019a\u00e9roport de Luxembourg, pr\u00eat \u00e0 vous offrir une assistance fluide et efficace pour un voyage en toute s\u00e9r\u00e9nit\u00e9. \ud83d\ude80 R\u00e9no \u00e9volue et s&rsquo;am\u00e9liore en continu gr\u00e2ce aux retours des utilisateurs, afin d\u2019offrir une exp\u00e9rience toujours plus intelligente et fluide. [&hellip;]<\/p>\n","protected":false},"author":1,"featured_media":0,"parent":7054,"menu_order":0,"comment_status":"closed","ping_status":"closed","template":"","meta":{"_acf_changed":false,"footnotes":""},"class_list":["post-20720","page","type-page","status-publish","hentry"],"acf":[],"_links":{"self":[{"href":"https:\/\/www.lux-airport.lu\/fr\/wp-json\/wp\/v2\/pages\/20720","targetHints":{"allow":["GET"]}}],"collection":[{"href":"https:\/\/www.lux-airport.lu\/fr\/wp-json\/wp\/v2\/pages"}],"about":[{"href":"https:\/\/www.lux-airport.lu\/fr\/wp-json\/wp\/v2\/types\/page"}],"author":[{"embeddable":true,"href":"https:\/\/www.lux-airport.lu\/fr\/wp-json\/wp\/v2\/users\/1"}],"replies":[{"embeddable":true,"href":"https:\/\/www.lux-airport.lu\/fr\/wp-json\/wp\/v2\/comments?post=20720"}],"version-history":[{"count":0,"href":"https:\/\/www.lux-airport.lu\/fr\/wp-json\/wp\/v2\/pages\/20720\/revisions"}],"up":[{"embeddable":true,"href":"https:\/\/www.lux-airport.lu\/fr\/wp-json\/wp\/v2\/pages\/7054"}],"wp:attachment":[{"href":"https:\/\/www.lux-airport.lu\/fr\/wp-json\/wp\/v2\/media?parent=20720"}],"curies":[{"name":"wp","href":"https:\/\/api.w.org\/{rel}","templated":true}]}}