{"id":18708,"date":"2024-11-01T18:32:41","date_gmt":"2024-11-01T17:32:41","guid":{"rendered":"https:\/\/www.lux-airport.lu\/security-culture\/"},"modified":"2024-11-21T15:17:44","modified_gmt":"2024-11-21T14:17:44","slug":"culture-de-surete","status":"publish","type":"page","link":"https:\/\/www.lux-airport.lu\/fr\/culture-de-surete\/","title":{"rendered":"Culture de S\u00fbret\u00e9"},"content":{"rendered":"\n<h2 class=\"wp-block-heading\"><strong>What is the Security Culture?<\/strong><\/h2>\n\n\n\n<p>The Security Culture will detail a set of norms, beliefs, values, attitudes and assumptions inherent in the daily operation of our airport.<br><strong>The application of this Culture will be reflected in the actions and behaviors of all lux-Airport staff and the airport community.<\/strong><\/p>\n\n\n\n<p>The implementation of a Security Culture is required for all European airports, in order to meet various national and European standards.<\/p>\n\n\n\n<p>This aligns with our security policy attached: SOPO SEC 001:<\/p>\n\n\n\n<ul class=\"wp-block-list\">\n<li>Contribute to the creation of a security culture within lux-Airport through communication.<\/li>\n\n\n\n<li>Promote a \u00ab\u00a0just culture\u00a0\u00bb which creates an environment that allows staff to report threats, risks, incidents and security concerns without the threat of censure, disciplinary action or subsequent loss of employment, except in case of gross negligence or deliberate non-compliance with procedures.<\/li>\n<\/ul>\n\n\n\n<hr class=\"wp-block-separator has-alpha-channel-opacity\"\/>\n\n\n\n<h3 class=\"wp-block-heading\"><strong>Engagement de confidentialit\u00e9<\/strong><\/h3>\n\n\n\n<p>Vous pouvez soumettre ce formulaire de mani\u00e8re\u00a0<strong>anonyme<\/strong>. Cependant si vous souhaitez renseigner votre nom, sachez que ces informations ne seront utilis\u00e9es que par le d\u00e9partement S\u00fbret\u00e9 pour la bonne compr\u00e9hension de l&rsquo;\u00e9v\u00e8nement et la mise en place d&rsquo;actions (si applicables).<\/p>\n\n\n\n<p>Il est important que tous les utilisateurs remontent tout probl\u00e8me de Culture de S\u00fbret\u00e9 ou information pouvant compromettre le bon d\u00e9roulement de la s\u00fbret\u00e9 sur l&rsquo;a\u00e9roport du Luxembourg, cela permet d&rsquo;assurer le plus haut niveau de s\u00fbret\u00e9 et contribue ainsi \u00e0 l&rsquo;am\u00e9lioration continue du Syst\u00e8me de Management de la S\u00fbret\u00e9.<\/p>\n\n\n\n<p>C&rsquo;est dans ce but que lux-Airport a d\u00e9velopp\u00e9 ce moyen pour collecter les \u00e9v\u00e8nements mettant \u00e0 mal la s\u00fbret\u00e9 de l&rsquo;a\u00e9roport. La politique de s\u00fbret\u00e9 de lux-Airport permet \u00e0 toute personne le souhaitant, y compris le personnel travaillant sur l&rsquo;a\u00e9roport de compl\u00e9ter, sans aucune crainte de sanction ou diffusion de votre identit\u00e9, ce formulaire.<\/p>\n\n\n\n<hr class=\"wp-block-separator has-alpha-channel-opacity\"\/>\n\n\n\n<h2 class=\"wp-block-heading\"><strong>Rapport Culture de S\u00fbret\u00e9<\/strong><\/h2>\n\n\n<div class=\"wpforms-container wpforms-container-full wpforms-block wpforms-block-d0715cfb-168c-4a0d-a274-9978c8271db2 wpforms-render-modern\" id=\"wpforms-18679\"><form id=\"wpforms-form-18679\" class=\"wpforms-validate wpforms-form wpforms-ajax-form\" data-formid=\"18679\" method=\"post\" enctype=\"multipart\/form-data\" action=\"\/fr\/wp-json\/wp\/v2\/pages\/18708\" data-token=\"e8f0e16c44d62e5b77999d4e385b3f7e\" data-token-time=\"1776610824\"><noscript class=\"wpforms-error-noscript\">Veuillez activer JavaScript dans votre navigateur pour remplir ce formulaire.<\/noscript><div id=\"wpforms-error-noscript\" style=\"display: none;\">Veuillez activer JavaScript dans votre navigateur pour remplir ce formulaire.<\/div><div class=\"wpforms-field-container\"><div id=\"wpforms-18679-field_17-container\" class=\"wpforms-field wpforms-field-divider\" data-field-id=\"17\"><h3 id=\"wpforms-18679-field_17\" aria-errormessage=\"wpforms-18679-field_17-error\">Informations obligatoires<\/h3><\/div><div id=\"wpforms-18679-field_4-container\" class=\"wpforms-field wpforms-field-date-time\" data-field-id=\"4\"><fieldset><legend class=\"wpforms-field-label\">Date et Heure <span class=\"wpforms-required-label\" aria-hidden=\"true\">*<\/span><\/legend><div class=\"wpforms-field-row wpforms-field-medium\"><div class=\"wpforms-field-row-block wpforms-date-type-datepicker\"><div class=\"wpforms-datepicker-wrap\"><input type=\"text\" id=\"wpforms-18679-field_4\" class=\"wpforms-field-date-time-date wpforms-datepicker wpforms-field-required\" data-date-format=\"m\/d\/Y\" data-disable-past-dates=\"0\" data-input=\"true\" name=\"wpforms[fields][4][date]\" aria-errormessage=\"wpforms-18679-field_4-error\" required><a title=\"Effacer la date\" data-clear role=\"button\" tabindex=\"0\" class=\"wpforms-datepicker-clear\" aria-label=\"Effacer la date\" style=\"display:none;\"><\/a><\/div><label for=\"wpforms-18679-field_4\" class=\"wpforms-field-sublabel after\">Date<\/label><\/div><div class=\"wpforms-field-row-block\"><input type=\"text\" id=\"wpforms-18679-field_4-time\" class=\"wpforms-field-date-time-time wpforms-timepicker wpforms-field-required\" data-time-format=\"g:i A\" data-step=\"30\" data-rule-time12h=\"true\" name=\"wpforms[fields][4][time]\" aria-errormessage=\"wpforms-18679-field_4-time-error\" required><label for=\"wpforms-18679-field_4-time\" class=\"wpforms-field-sublabel after\">Heure<\/label><\/div><\/div><\/fieldset><\/div><div id=\"wpforms-18679-field_15-container\" class=\"wpforms-field wpforms-field-select wpforms-field-select-style-classic\" data-field-id=\"15\"><label class=\"wpforms-field-label\" for=\"wpforms-18679-field_15\">Localisation <span class=\"wpforms-required-label\" aria-hidden=\"true\">*<\/span><\/label><select id=\"wpforms-18679-field_15\" class=\"wpforms-field-medium wpforms-field-required\" name=\"wpforms[fields][15]\" required=\"required\"><option value=\"A\u00e9rogare\"  class=\"choice-1 depth-1\"  >A\u00e9rogare<\/option><option value=\"Zone passager\"  class=\"choice-2 depth-1\"  >Zone passager<\/option><option value=\"Zone maintenance\"  class=\"choice-3 depth-1\"  >Zone maintenance<\/option><option value=\"Zone cargo\"  class=\"choice-4 depth-1\"  >Zone cargo<\/option><option value=\"C\u00f4t\u00e9 ville\"  class=\"choice-5 depth-1\"  >C\u00f4t\u00e9 ville<\/option><option value=\"D\u00e9p\u00f4t carburant\"  class=\"choice-6 depth-1\"  >D\u00e9p\u00f4t carburant<\/option><option value=\"Zone d\u00e9limit\u00e9e\"  class=\"choice-7 depth-1\"  >Zone d\u00e9limit\u00e9e<\/option><option value=\"Autres\"  class=\"choice-8 depth-1\"  >Autres<\/option><\/select><\/div>\t\t<div id=\"wpforms-18679-field_5-container\"\n\t\t\tclass=\"wpforms-field wpforms-field-text\"\n\t\t\tdata-field-type=\"text\"\n\t\t\tdata-field-id=\"5\"\n\t\t\t>\n\t\t\t<label class=\"wpforms-field-label\" for=\"wpforms-18679-field_5\" >Pr\u00e9nom: Type optionnelles<\/label>\n\t\t\t<input type=\"text\" id=\"wpforms-18679-field_5\" class=\"wpforms-field-medium\" name=\"wpforms[fields][5]\" >\n\t\t<\/div>\n\t\t<div id=\"wpforms-18679-field_16-container\" class=\"wpforms-field wpforms-field-select wpforms-field-select-style-classic\" data-field-id=\"16\"><label class=\"wpforms-field-label\" for=\"wpforms-18679-field_16\">Type d&#039;\u00e9v\u00e8nement <span class=\"wpforms-required-label\" aria-hidden=\"true\">*<\/span><\/label><select id=\"wpforms-18679-field_16\" class=\"wpforms-field-medium wpforms-field-required\" name=\"wpforms[fields][16]\" required=\"required\"><option value=\"Menace interne\"  class=\"choice-9 depth-1\"  >Menace interne<\/option><option value=\"Radicalisation\"  class=\"choice-10 depth-1\"  >Radicalisation<\/option><option value=\"Autres\"  class=\"choice-11 depth-1\"  >Autres<\/option><\/select><\/div><div id=\"wpforms-18679-field_3-container\" class=\"wpforms-field wpforms-field-textarea\" data-field-id=\"3\"><label class=\"wpforms-field-label\" for=\"wpforms-18679-field_3\">Description d\u00e9taill\u00e9e de l&#039;\u00e9v\u00e8nement, des anomalies constat\u00e9es <span class=\"wpforms-required-label\" aria-hidden=\"true\">*<\/span><\/label><textarea id=\"wpforms-18679-field_3\" class=\"wpforms-field-medium wpforms-field-required\" name=\"wpforms[fields][3]\" aria-errormessage=\"wpforms-18679-field_3-error\" aria-describedby=\"wpforms-18679-field_3-description\" required><\/textarea><div id=\"wpforms-18679-field_3-description\" class=\"wpforms-field-description\">(qui, quoi, o\u00f9, quand comment)\u2026<\/div><\/div><div id=\"wpforms-18679-field_7-container\" class=\"wpforms-field wpforms-field-textarea\" data-field-id=\"7\"><label class=\"wpforms-field-label\" for=\"wpforms-18679-field_7\">Recommandations <span class=\"wpforms-required-label\" aria-hidden=\"true\">*<\/span><\/label><textarea id=\"wpforms-18679-field_7\" class=\"wpforms-field-medium wpforms-field-required\" name=\"wpforms[fields][7]\" aria-errormessage=\"wpforms-18679-field_7-error\" aria-describedby=\"wpforms-18679-field_7-description\" required><\/textarea><div id=\"wpforms-18679-field_7-description\" class=\"wpforms-field-description\">Si vous avez des suggestions ou recommandations afin de r\u00e9soudre cet \u00e9v\u00e8nement, n&rsquo;h\u00e9sitez pas \u00e0 nous les communiquer<\/div><\/div><div id=\"wpforms-18679-field_9-container\" class=\"wpforms-field wpforms-field-divider\" data-field-id=\"9\"><h3 id=\"wpforms-18679-field_9\" aria-errormessage=\"wpforms-18679-field_9-error\" aria-describedby=\"wpforms-18679-field_9-description\">Informations optionnelles<\/h3><div id=\"wpforms-18679-field_9-description\" class=\"wpforms-field-description\">Vous pouvez soumettre ce formulaire de mani\u00e8re anonyme. Cependant, si vous souhaitez avoir un retour sur votre signalement, vous pouvez entrer vos coordonn\u00e9es ci-dessous:<\/div><\/div><div id=\"wpforms-18679-field_1-container\" class=\"wpforms-field wpforms-field-name\" data-field-id=\"1\"><fieldset><legend class=\"wpforms-field-label\">Nom &#8211; Pr\u00e9nom:<\/legend><div class=\"wpforms-field-row wpforms-field-medium\"><div class=\"wpforms-field-row-block wpforms-first wpforms-one-half\"><input type=\"text\" id=\"wpforms-18679-field_1\" class=\"wpforms-field-name-first\" name=\"wpforms[fields][1][first]\" aria-errormessage=\"wpforms-18679-field_1-error\" ><label for=\"wpforms-18679-field_1\" class=\"wpforms-field-sublabel after\">Pr\u00e9nom<\/label><\/div><div class=\"wpforms-field-row-block wpforms-one-half\"><input type=\"text\" id=\"wpforms-18679-field_1-last\" class=\"wpforms-field-name-last\" name=\"wpforms[fields][1][last]\" aria-errormessage=\"wpforms-18679-field_1-last-error\" ><label for=\"wpforms-18679-field_1-last\" class=\"wpforms-field-sublabel after\">Nom<\/label><\/div><\/div><\/fieldset><\/div><div id=\"wpforms-18679-field_12-container\" class=\"wpforms-field wpforms-field-text\" data-field-id=\"12\"><label class=\"wpforms-field-label\" for=\"wpforms-18679-field_12\">Soci\u00e9t\u00e9 &#8211; Poste<\/label><input type=\"text\" id=\"wpforms-18679-field_12\" class=\"wpforms-field-medium\" name=\"wpforms[fields][12]\" aria-errormessage=\"wpforms-18679-field_12-error\" ><\/div><div id=\"wpforms-18679-field_13-container\" class=\"wpforms-field wpforms-field-text\" data-field-id=\"13\"><label class=\"wpforms-field-label\" for=\"wpforms-18679-field_13\">Num\u00e9ro de TCA (Si d\u00e9tenteur)<\/label><input type=\"text\" id=\"wpforms-18679-field_13\" class=\"wpforms-field-medium\" name=\"wpforms[fields][13]\" aria-errormessage=\"wpforms-18679-field_13-error\" ><\/div><div id=\"wpforms-18679-field_14-container\" class=\"wpforms-field wpforms-field-text\" data-field-id=\"14\"><label class=\"wpforms-field-label\" for=\"wpforms-18679-field_14\">T\u00e9l\u00e9phone<\/label><input type=\"text\" id=\"wpforms-18679-field_14\" class=\"wpforms-field-medium\" name=\"wpforms[fields][14]\" aria-errormessage=\"wpforms-18679-field_14-error\" ><\/div><div id=\"wpforms-18679-field_2-container\" class=\"wpforms-field wpforms-field-email\" data-field-id=\"2\"><label class=\"wpforms-field-label\" for=\"wpforms-18679-field_2\">Courriel<\/label><input type=\"email\" id=\"wpforms-18679-field_2\" class=\"wpforms-field-medium\" name=\"wpforms[fields][2]\" spellcheck=\"false\" aria-errormessage=\"wpforms-18679-field_2-error\" ><\/div><script>\n\t\t\t\t( function() {\n\t\t\t\t\tconst style = document.createElement( 'style' );\n\t\t\t\t\tstyle.appendChild( document.createTextNode( '#wpforms-18679-field_5-container { position: absolute !important; overflow: hidden !important; display: inline !important; height: 1px !important; width: 1px !important; z-index: -1000 !important; padding: 0 !important; } #wpforms-18679-field_5-container input { visibility: hidden; } #wpforms-conversational-form-page #wpforms-18679-field_5-container label { counter-increment: none; }' ) );\n\t\t\t\t\tdocument.head.appendChild( style );\n\t\t\t\t\tdocument.currentScript?.remove();\n\t\t\t\t} )();\n\t\t\t<\/script><\/div><!-- .wpforms-field-container --><div class=\"wpforms-recaptcha-container wpforms-is-recaptcha wpforms-is-recaptcha-type-v3\" ><input type=\"hidden\" name=\"wpforms[recaptcha]\" value=\"\"><\/div><div class=\"wpforms-submit-container\" ><input type=\"hidden\" name=\"wpforms[id]\" value=\"18679\"><input type=\"hidden\" name=\"page_title\" value=\"\"><input type=\"hidden\" name=\"page_url\" value=\"https:\/\/www.lux-airport.lu\/fr\/wp-json\/wp\/v2\/pages\/18708\"><input type=\"hidden\" name=\"url_referer\" value=\"\"><button type=\"submit\" name=\"wpforms[submit]\" id=\"wpforms-submit-18679\" class=\"wpforms-submit\" data-alt-text=\"Envoi...\" data-submit-text=\"Envoyez votre rapport\" aria-live=\"assertive\" value=\"wpforms-submit\">Envoyez votre rapport<\/button><img loading=\"lazy\" decoding=\"async\" src=\"https:\/\/www.lux-airport.lu\/wp-content\/plugins\/wpforms\/assets\/images\/submit-spin.svg\" class=\"wpforms-submit-spinner\" style=\"display: none;\" width=\"26\" height=\"26\" alt=\"Chargement en cours\"><\/div><\/form><\/div>  <!-- .wpforms-container -->","protected":false},"excerpt":{"rendered":"<p>What is the Security Culture? The Security Culture will detail a set of norms, beliefs, values, attitudes and assumptions inherent in the daily operation of our airport.The application of this Culture will be reflected in the actions and behaviors of all lux-Airport staff and the airport community. The implementation of a Security Culture is required [&hellip;]<\/p>\n","protected":false},"author":1,"featured_media":0,"parent":0,"menu_order":0,"comment_status":"closed","ping_status":"closed","template":"","meta":{"_acf_changed":false,"footnotes":""},"class_list":["post-18708","page","type-page","status-publish","hentry"],"acf":{"set_page_width_full":false,"start_with_small_header":false,"reno_options":{"hide_reno_widget":false,"open_widget_on_page_load":false,"which_tab_to_open":"chatbot","hide_reno_turn_onoff":false,"set_height_to_mini":false,"reno_page_branded_text_back_front":{"reno_show_branded_text":false,"reno_text_in_the_back":"JOURNEY","reno_text_in_the_front":"my journey starts here"}},"branded_text_backfront":{"hide_branded_text":false,"text_in_the_back":"JOURNEY","text_in_the_front_left":"My journey","text_in_the_front_right":"starts here"},"hide_breadcrumbs":false,"hide_footer_widgets":false,"hide_page_title":false,"advertising__adsense":{"show_ads_in_this_page":true,"image_instead_of_adsense":{"enable_image_instead_of_adsense":false,"banner_image_300x250":null,"banner_url":""}},"header_image_options":{"show_header_image":"Yes","header_image":""}},"_links":{"self":[{"href":"https:\/\/www.lux-airport.lu\/fr\/wp-json\/wp\/v2\/pages\/18708","targetHints":{"allow":["GET"]}}],"collection":[{"href":"https:\/\/www.lux-airport.lu\/fr\/wp-json\/wp\/v2\/pages"}],"about":[{"href":"https:\/\/www.lux-airport.lu\/fr\/wp-json\/wp\/v2\/types\/page"}],"author":[{"embeddable":true,"href":"https:\/\/www.lux-airport.lu\/fr\/wp-json\/wp\/v2\/users\/1"}],"replies":[{"embeddable":true,"href":"https:\/\/www.lux-airport.lu\/fr\/wp-json\/wp\/v2\/comments?post=18708"}],"version-history":[{"count":0,"href":"https:\/\/www.lux-airport.lu\/fr\/wp-json\/wp\/v2\/pages\/18708\/revisions"}],"wp:attachment":[{"href":"https:\/\/www.lux-airport.lu\/fr\/wp-json\/wp\/v2\/media?parent=18708"}],"curies":[{"name":"wp","href":"https:\/\/api.w.org\/{rel}","templated":true}]}}