{"id":15183,"date":"2023-10-04T10:22:37","date_gmt":"2023-10-04T08:22:37","guid":{"rendered":"https:\/\/www.lux-airport.lu\/entreprise\/business-partenaires\/tca-and-airport-id-card-information\/"},"modified":"2025-05-20T16:22:48","modified_gmt":"2025-05-20T14:22:48","slug":"tca-and-airport-id-card-information","status":"publish","type":"page","link":"https:\/\/www.lux-airport.lu\/fr\/entreprise\/business-partenaires\/tca-and-airport-id-card-information\/","title":{"rendered":"Informations sur le Titre de Circulation A\u00e9roportuaire"},"content":{"rendered":"\n<h2 class=\"wp-block-heading\">Proc\u00e9dure op\u00e9rationnelle standard<\/h2>\n\n\n\n<p>Vous trouverez ci-dessous la proc\u00e9dure op\u00e9rationnelle standard (POS) pour l&rsquo;obtention d&rsquo;une carte d&rsquo;identit\u00e9 a\u00e9roportuaire.<\/p>\n\n\n\n<p><strong><a href=\"https:\/\/www.lux-airport.lu\/wp-content\/uploads\/2025\/05\/SOP.SEC-011-rev-B.pdf\" target=\"_blank\" data-type=\"link\" data-id=\"https:\/\/www.lux-airport.lu\/wp-content\/uploads\/2023\/10\/SOP.SEC-011-rev-A-Demande-de-delivrance-dun-TCA_-Application-for-the-issue-of-a-TCA.pdf\" rel=\"noreferrer noopener\">Proc\u00e9dure op\u00e9rationnelle standard de l&rsquo;a\u00e9roport de Luxembourg<\/a><\/strong><\/p>\n\n\n\n<div class=\"wp-block-buttons is-layout-flex wp-block-buttons-is-layout-flex\">\n<div class=\"wp-block-button\"><a class=\"wp-block-button__link wp-element-button\" href=\"https:\/\/www.lux-airport.lu\/wp-content\/uploads\/2025\/05\/SOP.SEC-011-rev-B.pdf\" target=\"_blank\" rel=\"noreferrer noopener\"><mark style=\"background-color:rgba(0, 0, 0, 0)\" class=\"has-inline-color has-white-color\"><strong>T\u00e9l\u00e9charger<\/strong><\/mark><\/a><\/div>\n<\/div>\n\n\n\n<p><\/p>\n\n\n\n<h2 class=\"wp-block-heading\">Demande de d\u00e9livrance d&rsquo;un Titre de Circulation A\u00e9roportuaire<\/h2>\n\n\n\n<p>Pour ceux d&rsquo;entre vous qui souhaitent demander un acc\u00e8s sp\u00e9cial \u00e0 l&rsquo;a\u00e9roport dans le cadre de leur travail et qui ont besoin d&rsquo;une carte d&rsquo;identit\u00e9 officielle lux-Airport TCA, veuillez trouver ci-dessous le formulaire de demande.<\/p>\n\n\n\n<p>Apr\u00e8s avoir t\u00e9l\u00e9charg\u00e9 et compl\u00e9t\u00e9 la demande, soumettez-la \u00e0 votre employeur ou \u00e0 l&rsquo;entit\u00e9 r\u00e9sidente, et lux-Airport se chargera ensuite de la finaliser.<\/p>\n\n\n\n<p><strong><a href=\"https:\/\/www.lux-airport.lu\/wp-content\/uploads\/2025\/05\/SOF.SEC-002-rev-D.pdf\" target=\"_blank\" data-type=\"link\" data-id=\"https:\/\/www.lux-airport.lu\/wp-content\/uploads\/2023\/10\/SOF.SEC-002-Rev-A-Demande-de-TCA.pdf\" rel=\"noreferrer noopener\">Demande de d\u00e9livrance d&rsquo;un Titre de Circulation A\u00e9roportuaire<\/a><\/strong><\/p>\n\n\n\n<div class=\"wp-block-buttons is-layout-flex wp-block-buttons-is-layout-flex\">\n<div class=\"wp-block-button\"><a class=\"wp-block-button__link wp-element-button\" href=\"https:\/\/www.lux-airport.lu\/wp-content\/uploads\/2025\/05\/SOF.SEC-002-rev-D.pdf\" target=\"_blank\" rel=\"noreferrer noopener\"><mark style=\"background-color:rgba(0, 0, 0, 0)\" class=\"has-inline-color has-white-color\"><strong>T\u00e9l\u00e9charger<\/strong><\/mark><\/a><\/div>\n<\/div>\n\n\n\n<div style=\"height:100px\" aria-hidden=\"true\" class=\"wp-block-spacer\"><\/div>\n","protected":false},"excerpt":{"rendered":"<p>Proc\u00e9dure op\u00e9rationnelle standard Vous trouverez ci-dessous la proc\u00e9dure op\u00e9rationnelle standard (POS) pour l&rsquo;obtention d&rsquo;une carte d&rsquo;identit\u00e9 a\u00e9roportuaire. Proc\u00e9dure op\u00e9rationnelle standard de l&rsquo;a\u00e9roport de Luxembourg Demande de d\u00e9livrance d&rsquo;un Titre de Circulation A\u00e9roportuaire Pour ceux d&rsquo;entre vous qui souhaitent demander un acc\u00e8s sp\u00e9cial \u00e0 l&rsquo;a\u00e9roport dans le cadre de leur travail et qui ont besoin d&rsquo;une [&hellip;]<\/p>\n","protected":false},"author":9,"featured_media":0,"parent":6963,"menu_order":4,"comment_status":"closed","ping_status":"closed","template":"","meta":{"_acf_changed":false,"footnotes":""},"class_list":["post-15183","page","type-page","status-publish","hentry"],"acf":{"set_page_width_full":false,"start_with_small_header":false,"reno_options":{"hide_reno_widget":false,"open_widget_on_page_load":false,"which_tab_to_open":"chatbot","hide_reno_turn_onoff":false,"set_height_to_mini":false,"reno_page_branded_text_back_front":{"reno_show_branded_text":false,"reno_text_in_the_back":"JOURNEY","reno_text_in_the_front":"my journey starts here"}},"branded_text_backfront":{"hide_branded_text":false,"text_in_the_back":"JOURNEY","text_in_the_front_left":"My journey","text_in_the_front_right":"starts here"},"hide_breadcrumbs":false,"hide_footer_widgets":false,"hide_page_title":false,"advertising__adsense":{"show_ads_in_this_page":true,"image_instead_of_adsense":{"enable_image_instead_of_adsense":false,"banner_image_300x250":null,"banner_url":""}},"header_image_options":{"show_header_image":"Yes","header_image":""}},"_links":{"self":[{"href":"https:\/\/www.lux-airport.lu\/fr\/wp-json\/wp\/v2\/pages\/15183","targetHints":{"allow":["GET"]}}],"collection":[{"href":"https:\/\/www.lux-airport.lu\/fr\/wp-json\/wp\/v2\/pages"}],"about":[{"href":"https:\/\/www.lux-airport.lu\/fr\/wp-json\/wp\/v2\/types\/page"}],"author":[{"embeddable":true,"href":"https:\/\/www.lux-airport.lu\/fr\/wp-json\/wp\/v2\/users\/9"}],"replies":[{"embeddable":true,"href":"https:\/\/www.lux-airport.lu\/fr\/wp-json\/wp\/v2\/comments?post=15183"}],"version-history":[{"count":0,"href":"https:\/\/www.lux-airport.lu\/fr\/wp-json\/wp\/v2\/pages\/15183\/revisions"}],"up":[{"embeddable":true,"href":"https:\/\/www.lux-airport.lu\/fr\/wp-json\/wp\/v2\/pages\/6963"}],"wp:attachment":[{"href":"https:\/\/www.lux-airport.lu\/fr\/wp-json\/wp\/v2\/media?parent=15183"}],"curies":[{"name":"wp","href":"https:\/\/api.w.org\/{rel}","templated":true}]}}