{"id":15115,"date":"2023-09-26T13:46:28","date_gmt":"2023-09-26T11:46:28","guid":{"rendered":"https:\/\/www.lux-airport.lu\/?page_id=15115"},"modified":"2023-09-26T13:53:51","modified_gmt":"2023-09-26T11:53:51","slug":"le-role-de-lux-airport-favoriser-les-voyages-et-construire-lavenir","status":"publish","type":"page","link":"https:\/\/www.lux-airport.lu\/fr\/entreprise\/a-propos-de-nous\/le-role-de-lux-airport-favoriser-les-voyages-et-construire-lavenir\/","title":{"rendered":"CIS FIndel"},"content":{"rendered":"\n<h4 class=\"wp-block-heading\">Le r\u00f4le de lux-Airport \u2013 favoriser les voyages et construire l\u2019avenir<\/h4>\n\n\n\n<figure class=\"wp-block-embed is-type-video is-provider-youtube wp-block-embed-youtube wp-embed-aspect-16-9 wp-has-aspect-ratio\"><div class=\"wp-block-embed__wrapper\">\n<iframe loading=\"lazy\" title=\"lux-Airport - empowering journeys and building futures - the brand new CIS Findel building\" width=\"640\" height=\"360\" src=\"https:\/\/www.youtube.com\/embed\/cB2D14f-5GY?feature=oembed\" frameborder=\"0\" allow=\"accelerometer; autoplay; clipboard-write; encrypted-media; gyroscope; picture-in-picture; web-share\" referrerpolicy=\"strict-origin-when-cross-origin\" allowfullscreen><\/iframe>\n<\/div><\/figure>\n\n\n\n<p>lux-Airport est la soci\u00e9t\u00e9 exploitante de l&rsquo;a\u00e9roport de Luxembourg et le d\u00e9veloppeur des infrastructures autours de l&rsquo;a\u00e9roport. Fond\u00e9e en 2003, l&rsquo;entreprise compte \u00e0 ce jour plus de 360 employ\u00e9s travaillant dans diff\u00e9rents domaines li\u00e9s \u00e0 la gestion de l&rsquo;a\u00e9roport et \u00e0 son d\u00e9veloppement immobilier. lux-Airport peut se targuer d&rsquo;un portefeuille de projets remarquables tels que la construction du si\u00e8ge de Cargolux, la construction en cours du hangar de maintenance de Luxair, la r\u00e9novation de l&rsquo;\u00e9cole de police et de son hall des sports, le centre d\u2019affaires Skypark Business Center reli\u00e9 directement \u00e0 l&rsquo;a\u00e9roport, et la r\u00e9novation \u00e0 100% de l\u2019unique piste de l&rsquo;a\u00e9roport de Luxembourg entre 2021 et 2022. Le dernier projet important en date est le b\u00e2timent ultramoderne du CIS Findel, d\u00e9di\u00e9 \u00e0 la brigade des pompiers, l&rsquo;une des principales entit\u00e9s de l&rsquo;a\u00e9roport. lux-Airport est enti\u00e8rement d\u00e9vou\u00e9e aux besoins de ses clients et se sp\u00e9cialise dans la construction personnalis\u00e9e, tout en suivant les principes du d\u00e9veloppement durable. Ainsi, le nouveau b\u00e2timent du CIS Findel garantit \u00e0 la fois une infrastructure moderne et efficace mais r\u00e9pond \u00e9galement \u00e0 toutes les exigences environnementales de la zone a\u00e9roportuaire.<\/p>\n\n\n\n<p>Le b\u00e2timent est essentiellement ax\u00e9 sur les besoins op\u00e9rationnels. Cependant, la n\u00e9cessit\u00e9 de l&rsquo;int\u00e9gration du plus grand nombre possible d&rsquo;\u00e9l\u00e9ments de d\u00e9veloppement durable dans la construction a \u00e9t\u00e9 \u00e9galement importante pour lux-Airport.<\/p>\n\n\n\n<p><br>Les faits cl\u00e9s environnementaux du b\u00e2timent et de ses environs sont les suivants :<\/p>\n\n\n\n<ul class=\"wp-block-list\">\n<li>8 stations de recharge pour v\u00e9hicules \u00e9lectriques utilisant 100 % d\u2019\u00e9lectricit\u00e9 d\u2019origine renouvelable (hydro\u00e9lectricit\u00e9)<\/li>\n\n\n\n<li>240 kWc de panneaux photovolta\u00efques sur le toit du nouveau CIS Findel produisant 240 000 kWh\/an<\/li>\n\n\n\n<li>Un r\u00e9servoir de 430 m3 r\u00e9coltant les eaux pluie du CIS Findel et du Hangar Nennig. Cette eau pourra \u00eatre utilis\u00e9e pour remplir les camions de pompiers, pour leurs tests et exercices par exemple<\/li>\n\n\n\n<li>R\u00e9novation de l&rsquo;ensemble du r\u00e9seau des eaux us\u00e9es dans la zone du CIS Findel<\/li>\n<\/ul>\n\n\n\n<p>D\u00e9couvrez en exclusivit\u00e9 le nouveau b\u00e2timent du CIS Findel et visitez la <a href=\"https:\/\/www.youtube.com\/watch?v=cB2D14f-5GY\" rel=\"nofollow noopener\" target=\"_blank\">cha\u00eene YouTube de lux-Airport<\/a>.<\/p>\n","protected":false},"excerpt":{"rendered":"<p>Le r\u00f4le de lux-Airport \u2013 favoriser les voyages et construire l\u2019avenir lux-Airport est la soci\u00e9t\u00e9 exploitante de l&rsquo;a\u00e9roport de Luxembourg et le d\u00e9veloppeur des infrastructures autours de l&rsquo;a\u00e9roport. Fond\u00e9e en 2003, l&rsquo;entreprise compte \u00e0 ce jour plus de 360 employ\u00e9s travaillant dans diff\u00e9rents domaines li\u00e9s \u00e0 la gestion de l&rsquo;a\u00e9roport et \u00e0 son d\u00e9veloppement immobilier. [&hellip;]<\/p>\n","protected":false},"author":9,"featured_media":0,"parent":7075,"menu_order":0,"comment_status":"closed","ping_status":"closed","template":"","meta":{"_acf_changed":false,"footnotes":""},"class_list":["post-15115","page","type-page","status-publish","hentry"],"acf":{"set_page_width_full":false,"start_with_small_header":false,"reno_options":{"hide_reno_widget":false,"open_widget_on_page_load":false,"which_tab_to_open":"chatbot","hide_reno_turn_onoff":false,"set_height_to_mini":false,"reno_page_branded_text_back_front":{"reno_show_branded_text":false,"reno_text_in_the_back":"JOURNEY","reno_text_in_the_front":"my journey starts here"}},"branded_text_backfront":{"hide_branded_text":false,"text_in_the_back":"JOURNEY","text_in_the_front_left":"My journey","text_in_the_front_right":"starts here"},"hide_breadcrumbs":false,"hide_footer_widgets":false,"hide_page_title":false,"advertising__adsense":{"show_ads_in_this_page":true,"image_instead_of_adsense":{"enable_image_instead_of_adsense":false,"banner_image_300x250":null,"banner_url":""}},"header_image_options":{"show_header_image":"Yes","header_image":""}},"_links":{"self":[{"href":"https:\/\/www.lux-airport.lu\/fr\/wp-json\/wp\/v2\/pages\/15115","targetHints":{"allow":["GET"]}}],"collection":[{"href":"https:\/\/www.lux-airport.lu\/fr\/wp-json\/wp\/v2\/pages"}],"about":[{"href":"https:\/\/www.lux-airport.lu\/fr\/wp-json\/wp\/v2\/types\/page"}],"author":[{"embeddable":true,"href":"https:\/\/www.lux-airport.lu\/fr\/wp-json\/wp\/v2\/users\/9"}],"replies":[{"embeddable":true,"href":"https:\/\/www.lux-airport.lu\/fr\/wp-json\/wp\/v2\/comments?post=15115"}],"version-history":[{"count":0,"href":"https:\/\/www.lux-airport.lu\/fr\/wp-json\/wp\/v2\/pages\/15115\/revisions"}],"up":[{"embeddable":true,"href":"https:\/\/www.lux-airport.lu\/fr\/wp-json\/wp\/v2\/pages\/7075"}],"wp:attachment":[{"href":"https:\/\/www.lux-airport.lu\/fr\/wp-json\/wp\/v2\/media?parent=15115"}],"curies":[{"name":"wp","href":"https:\/\/api.w.org\/{rel}","templated":true}]}}