{"id":11785,"date":"2023-04-21T10:24:09","date_gmt":"2023-04-21T09:24:09","guid":{"rendered":"https:\/\/www.lux-airport.lu\/?page_id=11785"},"modified":"2023-08-02T08:01:15","modified_gmt":"2023-08-02T07:01:15","slug":"fast-lane","status":"publish","type":"page","link":"https:\/\/www.lux-airport.lu\/fr\/enregistrement-et-voyage\/fast-lane\/","title":{"rendered":"Fast Lane"},"content":{"rendered":"<div class=\"wp-block-image\">\n<figure class=\"aligncenter size-large\"><img loading=\"lazy\" decoding=\"async\" width=\"1024\" height=\"665\" src=\"https:\/\/www.lux-airport.lu\/wp-content\/uploads\/2023\/04\/Fast-Lane-crop-1-1024x665.jpg\" alt=\"\" class=\"wp-image-11763\" srcset=\"https:\/\/www.lux-airport.lu\/wp-content\/uploads\/2023\/04\/Fast-Lane-crop-1-1024x665.jpg 1024w, https:\/\/www.lux-airport.lu\/wp-content\/uploads\/2023\/04\/Fast-Lane-crop-1-300x195.jpg 300w, https:\/\/www.lux-airport.lu\/wp-content\/uploads\/2023\/04\/Fast-Lane-crop-1-768x499.jpg 768w, https:\/\/www.lux-airport.lu\/wp-content\/uploads\/2023\/04\/Fast-Lane-crop-1.jpg 1464w\" sizes=\"auto, (max-width: 1024px) 100vw, 1024px\" \/><\/figure>\n<\/div>\n\n\n<h3 class=\"wp-block-heading\">Qu&rsquo;est-ce que c&rsquo;est ?<\/h3>\n\n\n\n<p>Fast Lane est un produit sp\u00e9cifique offert par un certain nombre de compagnies a\u00e9riennes que vous pouvez acheter lors de la r\u00e9servation de votre vol au d\u00e9part de l&rsquo;a\u00e9roport de Luxembourg. Fast Lane vous permet d&rsquo;\u00e9viter la file d&rsquo;attente g\u00e9n\u00e9rale pour les contr\u00f4les de s\u00e9curit\u00e9 en passant par la porte Fast Lane.<\/p>\n\n\n\n<h3 class=\"wp-block-heading\">Qui ?<\/h3>\n\n\n\n<p>Seules les personnes dont la carte d&#8217;embarquement porte la mention \u00ab\u00a0FAST LANE\u00a0\u00bb peuvent passer la porte. Les passagers Fast Lane voyageant avec un ou plusieurs b\u00e9b\u00e9s munis d&rsquo;un billet b\u00e9b\u00e9 (0 \u00e0 2 ans) peuvent les emmener, mais tous les membres de la famille ne poss\u00e9dant pas de billet Fast Lane doivent emprunter la file d&rsquo;attente g\u00e9n\u00e9rale.<\/p>\n\n\n\n<h3 class=\"wp-block-heading\">Comment faire ?<\/h3>\n\n\n\n<p>Lors de l&rsquo;achat de votre billet en ligne ou dans une agence de voyage, vous pouvez avoir la possibilit\u00e9 d&rsquo;acheter un forfait comprenant l&rsquo;acc\u00e8s \u00e0 la voie rapide pour l&rsquo;a\u00e9roport de Luxembourg. Vous ne pouvez pas acheter cette option directement dans le terminal pendant la proc\u00e9dure d&rsquo;enregistrement.<\/p>\n\n\n\n<p>Actuellement, les compagnies a\u00e9riennes qui offrent le service Fast Lane lors de l&rsquo;achat d&rsquo;un billet sont les suivantes :<\/p>\n\n\n\n<ul class=\"wp-block-list\">\n<li>Air Dolomiti<\/li>\n\n\n\n<li>KLM<\/li>\n\n\n\n<li>LOT<\/li>\n\n\n\n<li>Lufthansa<\/li>\n\n\n\n<li>Luxair<\/li>\n\n\n\n<li>SWISS<\/li>\n\n\n\n<li>TAP<\/li>\n<\/ul>\n\n\n\n<h3 class=\"wp-block-heading\">O\u00f9 ?<\/h3>\n\n\n\n<p>Vous pouvez \u00e9viter la file d&rsquo;attente de la s\u00e9curit\u00e9 g\u00e9n\u00e9rale en utilisant le portail Fast Lane qui se trouve sur le c\u00f4t\u00e9 droit (sud-ouest) du terminal lorsque vous entrez au rez-de-chauss\u00e9e, niveau 0. Le portail Fast Lane est situ\u00e9 \u00e0 c\u00f4t\u00e9 du comptoir d&rsquo;enregistrement num\u00e9ro 26.<\/p>\n\n\n\n<p><\/p>\n","protected":false},"excerpt":{"rendered":"<p>Qu&rsquo;est-ce que c&rsquo;est ? Fast Lane est un produit sp\u00e9cifique offert par un certain nombre de compagnies a\u00e9riennes que vous pouvez acheter lors de la r\u00e9servation de votre vol au d\u00e9part de l&rsquo;a\u00e9roport de Luxembourg. Fast Lane vous permet d&rsquo;\u00e9viter la file d&rsquo;attente g\u00e9n\u00e9rale pour les contr\u00f4les de s\u00e9curit\u00e9 en passant par la porte Fast [&hellip;]<\/p>\n","protected":false},"author":9,"featured_media":0,"parent":6955,"menu_order":0,"comment_status":"closed","ping_status":"closed","template":"","meta":{"_acf_changed":false,"footnotes":""},"class_list":["post-11785","page","type-page","status-publish","hentry"],"acf":{"set_page_width_full":false,"start_with_small_header":false,"reno_options":{"hide_reno_widget":false,"open_widget_on_page_load":false,"which_tab_to_open":"chatbot","hide_reno_turn_onoff":false,"set_height_to_mini":false,"reno_page_branded_text_back_front":{"reno_show_branded_text":false,"reno_text_in_the_back":"JOURNEY","reno_text_in_the_front":"my journey starts here"}},"branded_text_backfront":{"hide_branded_text":false,"text_in_the_back":"JOURNEY","text_in_the_front_left":"My journey","text_in_the_front_right":"starts here"},"hide_breadcrumbs":false,"hide_footer_widgets":false,"hide_page_title":false,"advertising__adsense":{"show_ads_in_this_page":true,"image_instead_of_adsense":{"enable_image_instead_of_adsense":false,"banner_image_300x250":null,"banner_url":""}},"header_image_options":{"show_header_image":"Yes","header_image":""}},"_links":{"self":[{"href":"https:\/\/www.lux-airport.lu\/fr\/wp-json\/wp\/v2\/pages\/11785","targetHints":{"allow":["GET"]}}],"collection":[{"href":"https:\/\/www.lux-airport.lu\/fr\/wp-json\/wp\/v2\/pages"}],"about":[{"href":"https:\/\/www.lux-airport.lu\/fr\/wp-json\/wp\/v2\/types\/page"}],"author":[{"embeddable":true,"href":"https:\/\/www.lux-airport.lu\/fr\/wp-json\/wp\/v2\/users\/9"}],"replies":[{"embeddable":true,"href":"https:\/\/www.lux-airport.lu\/fr\/wp-json\/wp\/v2\/comments?post=11785"}],"version-history":[{"count":0,"href":"https:\/\/www.lux-airport.lu\/fr\/wp-json\/wp\/v2\/pages\/11785\/revisions"}],"up":[{"embeddable":true,"href":"https:\/\/www.lux-airport.lu\/fr\/wp-json\/wp\/v2\/pages\/6955"}],"wp:attachment":[{"href":"https:\/\/www.lux-airport.lu\/fr\/wp-json\/wp\/v2\/media?parent=11785"}],"curies":[{"name":"wp","href":"https:\/\/api.w.org\/{rel}","templated":true}]}}