{"id":11225,"date":"2023-03-05T19:38:09","date_gmt":"2023-03-05T18:38:09","guid":{"rendered":"https:\/\/www.lux-airport.lu\/?page_id=11225"},"modified":"2024-11-21T15:50:50","modified_gmt":"2024-11-21T14:50:50","slug":"nous-contacter","status":"publish","type":"page","link":"https:\/\/www.lux-airport.lu\/fr\/assistance-and-support\/nous-contacter\/","title":{"rendered":"Nous contacter"},"content":{"rendered":"\n<div class=\"wp-block-columns is-layout-flex wp-container-core-columns-is-layout-9d6595d7 wp-block-columns-is-layout-flex\">\n<div class=\"wp-block-column is-layout-flow wp-block-column-is-layout-flow\">\n<iframe src=\"https:\/\/www.google.com\/maps\/embed?pb=!1m18!1m12!1m3!1d5168.695492750343!2d6.205989869775389!3d49.62890019999999!2m3!1f0!2f0!3f0!3m2!1i1024!2i768!4f13.1!3m3!1m2!1s0x479545c7bf04ee7f%3A0xe23e64a121abf124!2sLuxembourg%20Airport!5e0!3m2!1sen!2sgr!4v1669586227166!5m2!1sen!2sgr\" width=\"600\" height=\"450\" style=\"border:0;\" allowfullscreen=\"\" loading=\"lazy\" referrerpolicy=\"no-referrer-when-downgrade\"><\/iframe>\n\n\n\n<h3 class=\"wp-block-heading\">Soci\u00e9t\u00e9 de l&rsquo;A\u00e9roport de Luxembourg S.A.<\/h3>\n\n\n\n<p><strong>lux-Airport<\/strong><br>4, rue de Tr\u00e8ves,<br>B.P. 635 L-2016 Luxembourg<\/p>\n\n\n\n<p><strong>Tel.<\/strong> <a href=\"tel:(+352)%202464%200\">(+352) 2464 0<\/a> <strong>pour toute information sur les vols et l&rsquo;a\u00e9roport<\/strong><br><strong>Tel.<\/strong> <a href=\"tel:(+352)%202464%201\">(+352) 2464 1<\/a> <strong>pour le standard administratif de l&rsquo;entreprise<\/strong><\/p>\n\n\n\n<p><strong>Courriel :<\/strong> <a href=\"mailto:info@lux-airport.lu\">info@lux-airport.lu<\/a><\/p>\n<\/div>\n\n\n\n<div class=\"wp-block-column is-layout-flow wp-block-column-is-layout-flow\">\n<p><strong>Incident de s\u00e9curit\u00e9<\/strong>? <a href=\"https:\/\/www.lux-airport.lu\/fr\/culture-de-surete\/\" data-type=\"page\" data-id=\"18708\">Soumettez un rapport Culture de S\u00fbret\u00e9<\/a><\/p>\n\n\n\n<p>Pour les <strong>questions urgentes<\/strong>, veuillez utiliser l&rsquo;un des num\u00e9ros de contact affich\u00e9s sur le c\u00f4t\u00e9 gauche de la page.<\/p>\n\n\n<style id=\"wpforms-css-vars-18705-block-c25f9d74-75fe-4bda-b967-f6d1a37ec536\">\n\t\t\t\t#wpforms-18705.wpforms-block-c25f9d74-75fe-4bda-b967-f6d1a37ec536 {\n\t\t\t\t--wpforms-button-background-color: #0d7eac;\n--wpforms-field-border-radius: 5px;\n--wpforms-button-border-radius: 5px;\n--wpforms-container-border-radius: 5px;\n--wpforms-field-size-input-height: 31px;\n--wpforms-field-size-input-spacing: 10px;\n--wpforms-field-size-font-size: 14px;\n--wpforms-field-size-line-height: 17px;\n--wpforms-field-size-padding-h: 9px;\n--wpforms-field-size-checkbox-size: 14px;\n--wpforms-field-size-sublabel-spacing: 5px;\n--wpforms-field-size-icon-size: 0.75;\n--wpforms-label-size-font-size: 14px;\n--wpforms-label-size-line-height: 17px;\n--wpforms-label-size-sublabel-font-size: 13px;\n--wpforms-label-size-sublabel-line-height: 16px;\n--wpforms-button-size-font-size: 20px;\n--wpforms-button-size-height: 48px;\n--wpforms-button-size-padding-h: 20px;\n--wpforms-button-size-margin-top: 15px;\n--wpforms-container-shadow-size-box-shadow: none;\n\t\t\t}\n\t\t\t<\/style><div class=\"wpforms-container wpforms-container-full wpforms-block wpforms-block-c25f9d74-75fe-4bda-b967-f6d1a37ec536 wpforms-render-modern\" id=\"wpforms-18705\"><form id=\"wpforms-form-18705\" class=\"wpforms-validate wpforms-form wpforms-ajax-form\" data-formid=\"18705\" method=\"post\" enctype=\"multipart\/form-data\" action=\"\/fr\/wp-json\/wp\/v2\/pages\/11225\" data-token=\"a1bcda32e30955d9e8a60a1afc39c987\" data-token-time=\"1775762893\"><noscript class=\"wpforms-error-noscript\">Veuillez activer JavaScript dans votre navigateur pour remplir ce formulaire.<\/noscript><div id=\"wpforms-error-noscript\" style=\"display: none;\">Veuillez activer JavaScript dans votre navigateur pour remplir ce formulaire.<\/div><div class=\"wpforms-field-container\"><div id=\"wpforms-18705-field_1-container\" class=\"wpforms-field wpforms-field-name\" data-field-id=\"1\"><label class=\"wpforms-field-label\" for=\"wpforms-18705-field_1\">Mon Nom <span class=\"wpforms-required-label\" aria-hidden=\"true\">*<\/span><\/label><input type=\"text\" id=\"wpforms-18705-field_1\" class=\"wpforms-field-medium wpforms-field-required\" name=\"wpforms[fields][1]\" aria-errormessage=\"wpforms-18705-field_1-error\" required><\/div><div id=\"wpforms-18705-field_2-container\" class=\"wpforms-field wpforms-field-email\" data-field-id=\"2\"><label class=\"wpforms-field-label\" for=\"wpforms-18705-field_2\">Mon email <span class=\"wpforms-required-label\" aria-hidden=\"true\">*<\/span><\/label><input type=\"email\" id=\"wpforms-18705-field_2\" class=\"wpforms-field-medium wpforms-field-required\" name=\"wpforms[fields][2]\" spellcheck=\"false\" aria-errormessage=\"wpforms-18705-field_2-error\" required><\/div><div id=\"wpforms-18705-field_6-container\" class=\"wpforms-field wpforms-field-select wpforms-field-select-style-classic\" data-field-id=\"6\"><label class=\"wpforms-field-label\" for=\"wpforms-18705-field_6\">Topic <span class=\"wpforms-required-label\" aria-hidden=\"true\">*<\/span><\/label><select id=\"wpforms-18705-field_6\" class=\"wpforms-field-medium wpforms-field-required\" name=\"wpforms[fields][6]\" required=\"required\"><option value=\"Demandes d&#039;information g\u00e9n\u00e9rales\"  class=\"choice-1 depth-1\"  >Demandes d&rsquo;information g\u00e9n\u00e9rales<\/option><option value=\"Tout autour du stationnement \u00e0 l&#039;A\u00e9roport\"  class=\"choice-2 depth-1\"  >Tout autour du stationnement \u00e0 l&rsquo;A\u00e9roport<\/option><option value=\"Demandes commerciales\"  class=\"choice-3 depth-1\"  >Demandes commerciales<\/option><\/select><div id=\"wpforms-18705-field_6-description\" class=\"wpforms-field-description\">Pour les demandes li\u00e9es au <b>STATIONNEMENT<\/b>, veuillez s\u00e9lectionner \u00ab\u00a0Stationnement\u00a0\u00bb lors de la s\u00e9lection du Topic.<\/div><\/div><div id=\"wpforms-18705-field_4-container\" class=\"wpforms-field wpforms-field-text\" data-field-id=\"4\"><label class=\"wpforms-field-label\" for=\"wpforms-18705-field_4\">Sujet <span class=\"wpforms-required-label\" aria-hidden=\"true\">*<\/span><\/label><input type=\"text\" id=\"wpforms-18705-field_4\" class=\"wpforms-field-medium wpforms-field-required\" name=\"wpforms[fields][4]\" aria-errormessage=\"wpforms-18705-field_4-error\" required><\/div>\t\t<div id=\"wpforms-18705-field_3-container\"\n\t\t\tclass=\"wpforms-field wpforms-field-text\"\n\t\t\tdata-field-type=\"text\"\n\t\t\tdata-field-id=\"3\"\n\t\t\t>\n\t\t\t<label class=\"wpforms-field-label\" for=\"wpforms-18705-field_3\" >Sujet Topic message<\/label>\n\t\t\t<input type=\"text\" id=\"wpforms-18705-field_3\" class=\"wpforms-field-medium\" name=\"wpforms[fields][3]\" >\n\t\t<\/div>\n\t\t<div id=\"wpforms-18705-field_5-container\" class=\"wpforms-field wpforms-field-textarea\" data-field-id=\"5\"><label class=\"wpforms-field-label\" for=\"wpforms-18705-field_5\">Mon message <span class=\"wpforms-required-label\" aria-hidden=\"true\">*<\/span><\/label><textarea id=\"wpforms-18705-field_5\" class=\"wpforms-field-medium wpforms-field-required\" name=\"wpforms[fields][5]\" aria-errormessage=\"wpforms-18705-field_5-error\" required><\/textarea><\/div><script>\n\t\t\t\t( function() {\n\t\t\t\t\tconst style = document.createElement( 'style' );\n\t\t\t\t\tstyle.appendChild( document.createTextNode( '#wpforms-18705-field_3-container { position: absolute !important; overflow: hidden !important; display: inline !important; height: 1px !important; width: 1px !important; z-index: -1000 !important; padding: 0 !important; } #wpforms-18705-field_3-container input { visibility: hidden; } #wpforms-conversational-form-page #wpforms-18705-field_3-container label { counter-increment: none; }' ) );\n\t\t\t\t\tdocument.head.appendChild( style );\n\t\t\t\t\tdocument.currentScript?.remove();\n\t\t\t\t} )();\n\t\t\t<\/script><\/div><!-- .wpforms-field-container --><div class=\"wpforms-recaptcha-container wpforms-is-recaptcha wpforms-is-recaptcha-type-v3\" ><input type=\"hidden\" name=\"wpforms[recaptcha]\" value=\"\"><\/div><div class=\"wpforms-submit-container\" ><input type=\"hidden\" name=\"wpforms[id]\" value=\"18705\"><input type=\"hidden\" name=\"page_title\" value=\"\"><input type=\"hidden\" name=\"page_url\" value=\"https:\/\/www.lux-airport.lu\/fr\/wp-json\/wp\/v2\/pages\/11225\"><input type=\"hidden\" name=\"url_referer\" value=\"\"><button type=\"submit\" name=\"wpforms[submit]\" id=\"wpforms-submit-18705\" class=\"wpforms-submit\" data-alt-text=\"Envoi...\" data-submit-text=\"Soumettre\" aria-live=\"assertive\" value=\"wpforms-submit\">Soumettre<\/button><img loading=\"lazy\" decoding=\"async\" src=\"https:\/\/www.lux-airport.lu\/wp-content\/plugins\/wpforms\/assets\/images\/submit-spin.svg\" class=\"wpforms-submit-spinner\" style=\"display: none;\" width=\"26\" height=\"26\" alt=\"Chargement en cours\"><\/div><\/form><\/div>  <!-- .wpforms-container --><\/div>\n<\/div>\n","protected":false},"excerpt":{"rendered":"<p>Soci\u00e9t\u00e9 de l&rsquo;A\u00e9roport de Luxembourg S.A. lux-Airport4, rue de Tr\u00e8ves,B.P. 635 L-2016 Luxembourg Tel. (+352) 2464 0 pour toute information sur les vols et l&rsquo;a\u00e9roportTel. (+352) 2464 1 pour le standard administratif de l&rsquo;entreprise Courriel : info@lux-airport.lu Incident de s\u00e9curit\u00e9? Soumettez un rapport Culture de S\u00fbret\u00e9 Pour les questions urgentes, veuillez utiliser l&rsquo;un des num\u00e9ros [&hellip;]<\/p>\n","protected":false},"author":1,"featured_media":0,"parent":7054,"menu_order":0,"comment_status":"closed","ping_status":"closed","template":"","meta":{"_acf_changed":false,"footnotes":""},"class_list":["post-11225","page","type-page","status-publish","hentry"],"acf":{"set_page_width_full":false,"start_with_small_header":false,"reno_options":{"hide_reno_widget":false,"open_widget_on_page_load":false,"which_tab_to_open":"chatbot","hide_reno_turn_onoff":false,"set_height_to_mini":false,"reno_page_branded_text_back_front":{"reno_show_branded_text":false,"reno_text_in_the_back":"JOURNEY","reno_text_in_the_front":"my journey starts here"}},"branded_text_backfront":{"hide_branded_text":false,"text_in_the_back":"JOURNEY","text_in_the_front_left":"My journey","text_in_the_front_right":"starts here"},"hide_breadcrumbs":false,"hide_footer_widgets":false,"hide_page_title":false,"advertising__adsense":{"show_ads_in_this_page":true,"image_instead_of_adsense":{"enable_image_instead_of_adsense":false,"banner_image_300x250":null,"banner_url":""}},"header_image_options":{"show_header_image":"Yes","header_image":""}},"_links":{"self":[{"href":"https:\/\/www.lux-airport.lu\/fr\/wp-json\/wp\/v2\/pages\/11225","targetHints":{"allow":["GET"]}}],"collection":[{"href":"https:\/\/www.lux-airport.lu\/fr\/wp-json\/wp\/v2\/pages"}],"about":[{"href":"https:\/\/www.lux-airport.lu\/fr\/wp-json\/wp\/v2\/types\/page"}],"author":[{"embeddable":true,"href":"https:\/\/www.lux-airport.lu\/fr\/wp-json\/wp\/v2\/users\/1"}],"replies":[{"embeddable":true,"href":"https:\/\/www.lux-airport.lu\/fr\/wp-json\/wp\/v2\/comments?post=11225"}],"version-history":[{"count":0,"href":"https:\/\/www.lux-airport.lu\/fr\/wp-json\/wp\/v2\/pages\/11225\/revisions"}],"up":[{"embeddable":true,"href":"https:\/\/www.lux-airport.lu\/fr\/wp-json\/wp\/v2\/pages\/7054"}],"wp:attachment":[{"href":"https:\/\/www.lux-airport.lu\/fr\/wp-json\/wp\/v2\/media?parent=11225"}],"curies":[{"name":"wp","href":"https:\/\/api.w.org\/{rel}","templated":true}]}}