{"id":11213,"date":"2023-03-05T17:48:00","date_gmt":"2023-03-05T16:48:00","guid":{"rendered":"https:\/\/www.lux-airport.lu\/?page_id=11213"},"modified":"2025-04-07T15:31:13","modified_gmt":"2025-04-07T13:31:13","slug":"open-positions","status":"publish","type":"page","link":"https:\/\/www.lux-airport.lu\/fr\/entreprise\/carrieres\/open-positions\/","title":{"rendered":"Open Positions"},"content":{"rendered":"\n<p><strong><em><u>Travailler pour lux-Airport<\/u><\/em><\/strong><\/p>\n\n\n\n<p>Vous connaissez l\u2019a\u00e9roport du Luxembourg en tant que passager ?<\/p>\n\n\n\n<p>Que diriez-vous de rejoindre nos \u00e9quipes ?<\/p>\n\n\n\n<p>lux-Airport est la soci\u00e9t\u00e9 qui exploite l\u2019a\u00e9roport national du Luxembourg.<\/p>\n\n\n\n<p>Ses r\u00f4les principaux sont&nbsp;:<\/p>\n\n\n\n<ul class=\"wp-block-list\">\n<li>Proposer une infrastructure s\u00fbre et performante au service du transport a\u00e9rien de passagers et de marchandises<\/li>\n\n\n\n<li>D\u00e9velopper les zones environnantes, en termes d\u2019activit\u00e9s et d\u2019installations.<\/li>\n<\/ul>\n\n\n\n<p>Fin 2024, notre a\u00e9roport comptait plus de 140 destinations directes d\u00e9servies. Il a accueilli environ 5.1 millions de passagers.<\/p>\n\n\n\n<p>lux-Airport emploie actuellement plus de 370 personnes issues de divers horizons et nationalit\u00e9s.<\/p>\n\n\n\n<p>Le bon fonctionnement de notre entreprise repose avant tout sur la passion et l\u2019excellence de nos collaborateurs.<\/p>\n\n\n\n<p>Pour continuer \u00e0 respecter nos engagements et avancer sur de nouveaux projets, nous sommes continuellement \u00e0 la recherche de nouveaux talents.<\/p>\n\n\n\n<p><strong><em><u>Pourquoi nous rejoindre ?<\/u><\/em><\/strong><\/p>\n\n\n\n<p>Travailler pour lux-Airport, c&rsquo;est \u00e9voluer dans un environnement passionnant et stimulant.<\/p>\n\n\n\n<p>C&rsquo;est aussi adopter&nbsp;un \u00e9tat d&rsquo;esprit respectueux, impliqu\u00e9, consciencieux, orient\u00e9 solutions et optimiste.<\/p>\n\n\n\n<p>D&rsquo;ailleurs, nous pensons que cette approche est le moyen le plus efficace de favoriser l&rsquo;\u00e9panouissement personnel.<\/p>\n\n\n\n<p>Cela permet \u00e9galement de cr\u00e9er un environnement de travail o\u00f9 les individus peuvent d\u00e9velopper pleinement leur potentiel et leur expertise.<\/p>\n\n\n\n<p>Cela refl\u00e8te parfaitement notre \u00ab Just Culture \u00bb (\u00ab\u00a0Culture Juste\u00a0\u00bb).<\/p>\n\n\n\n<iframe id=\"openPositionsIframe\" src=https:\/\/app.skeeled.com\/board\/667c0c5a277ba71f3b7d58ca width=\"100%\" frameborder=\"0\" scrolling=\"no\"><\/iframe>\n","protected":false},"excerpt":{"rendered":"<p>Travailler pour lux-Airport Vous connaissez l\u2019a\u00e9roport du Luxembourg en tant que passager ? Que diriez-vous de rejoindre nos \u00e9quipes ? lux-Airport est la soci\u00e9t\u00e9 qui exploite l\u2019a\u00e9roport national du Luxembourg. Ses r\u00f4les principaux sont&nbsp;: Fin 2024, notre a\u00e9roport comptait plus de 140 destinations directes d\u00e9servies. Il a accueilli environ 5.1 millions de passagers. lux-Airport emploie [&hellip;]<\/p>\n","protected":false},"author":1,"featured_media":0,"parent":7085,"menu_order":0,"comment_status":"closed","ping_status":"closed","template":"","meta":{"_acf_changed":false,"footnotes":""},"class_list":["post-11213","page","type-page","status-publish","hentry"],"acf":{"set_page_width_full":false,"start_with_small_header":false,"reno_options":{"hide_reno_widget":false,"open_widget_on_page_load":false,"which_tab_to_open":"chatbot","hide_reno_turn_onoff":false,"set_height_to_mini":false,"reno_page_branded_text_back_front":{"reno_show_branded_text":false,"reno_text_in_the_back":"JOURNEY","reno_text_in_the_front":"my journey starts here"}},"branded_text_backfront":{"hide_branded_text":false,"text_in_the_back":"JOURNEY","text_in_the_front_left":"My journey","text_in_the_front_right":"starts here"},"hide_breadcrumbs":false,"hide_footer_widgets":false,"hide_page_title":false,"advertising__adsense":{"show_ads_in_this_page":true,"image_instead_of_adsense":{"enable_image_instead_of_adsense":false,"banner_image_300x250":null,"banner_url":""}},"header_image_options":{"show_header_image":"Yes","header_image":""}},"_links":{"self":[{"href":"https:\/\/www.lux-airport.lu\/fr\/wp-json\/wp\/v2\/pages\/11213","targetHints":{"allow":["GET"]}}],"collection":[{"href":"https:\/\/www.lux-airport.lu\/fr\/wp-json\/wp\/v2\/pages"}],"about":[{"href":"https:\/\/www.lux-airport.lu\/fr\/wp-json\/wp\/v2\/types\/page"}],"author":[{"embeddable":true,"href":"https:\/\/www.lux-airport.lu\/fr\/wp-json\/wp\/v2\/users\/1"}],"replies":[{"embeddable":true,"href":"https:\/\/www.lux-airport.lu\/fr\/wp-json\/wp\/v2\/comments?post=11213"}],"version-history":[{"count":0,"href":"https:\/\/www.lux-airport.lu\/fr\/wp-json\/wp\/v2\/pages\/11213\/revisions"}],"up":[{"embeddable":true,"href":"https:\/\/www.lux-airport.lu\/fr\/wp-json\/wp\/v2\/pages\/7085"}],"wp:attachment":[{"href":"https:\/\/www.lux-airport.lu\/fr\/wp-json\/wp\/v2\/media?parent=11213"}],"curies":[{"name":"wp","href":"https:\/\/api.w.org\/{rel}","templated":true}]}}