{"id":10723,"date":"2023-01-25T23:52:36","date_gmt":"2023-01-25T22:52:36","guid":{"rendered":"https:\/\/www.lux-airport.lu\/?page_id=10723"},"modified":"2023-01-25T23:54:06","modified_gmt":"2023-01-25T22:54:06","slug":"declaration-daccessibilite","status":"publish","type":"page","link":"https:\/\/www.lux-airport.lu\/fr\/declaration-daccessibilite\/","title":{"rendered":"D\u00e9claration d&rsquo;accessibilit\u00e9"},"content":{"rendered":"\n<p>L&rsquo;organisme\u00a0\u00ab\u00a0Soci\u00e9t\u00e9 de l\u2019A\u00e9roport de Luxembourg\u00a0\u00bb\u00a0s&rsquo;engage \u00e0 rendre son site internet accessible, conform\u00e9ment \u00e0 la\u00a0<a href=\"https:\/\/legilux.public.lu\/eli\/etat\/leg\/loi\/2019\/05\/28\/a373\/jo\" target=\"_blank\" rel=\"noreferrer noopener nofollow\">loi du 28 mai 2019<\/a>\u00a0relative \u00e0 l\u2019accessibilit\u00e9 des sites internet et des applications mobiles des organismes du secteur public. La pr\u00e9sente d\u00e9claration sur l&rsquo;accessibilit\u00e9 s&rsquo;applique \u00e0:\u00a0<a href=\"https:\/\/www.lux-airport.lu\/\">https:\/\/www.lux-airport.lu<\/a><\/p>\n\n\n\n<h2 class=\"wp-block-heading\">Qu&rsquo;est-ce que l&rsquo;accessibilit\u00e9 num\u00e9rique ?<\/h2>\n\n\n\n<p>Chacun doit pouvoir utiliser et consulter facilement les informations figurant sur un site web ou une application notamment les personnes pr\u00e9sentant un handicap et\/ou utilisant des logiciels d\u2019assistance ou du mat\u00e9riel sp\u00e9cialis\u00e9 (personnes aveugles, malvoyantes, ou souffrant d\u2019un autre handicap).<\/p>\n\n\n\n<h2 class=\"wp-block-heading\">\u00c9tat de conformit\u00e9<\/h2>\n\n\n\n<p>Le pr\u00e9sent site internet est en&nbsp;<strong>conformit\u00e9 partielle<\/strong>&nbsp;\u00e0 la norme europ\u00e9enne&nbsp;<a href=\"https:\/\/www.etsi.org\/deliver\/etsi_en\/301500_301599\/301549\/02.01.02_60\/en_301549v020102p.pdf\" target=\"_blank\" rel=\"noreferrer noopener nofollow\">EN 301 549<\/a>&nbsp;ainsi qu&rsquo;au&nbsp;<a href=\"https:\/\/accessibilite.public.lu\/fr\/rgaa4\/\" target=\"_blank\" rel=\"noreferrer noopener nofollow\">r\u00e9f\u00e9rentiel g\u00e9n\u00e9ral d\u2019am\u00e9lioration de l\u2019accessibilit\u00e9 (RGAA) v4<\/a>&nbsp;qui l\u2019impl\u00e9mente, en raison des \u00e9l\u00e9ments \u00e9num\u00e9r\u00e9s ci-dessous.<\/p>\n\n\n\n<h2 class=\"wp-block-heading\">Contenu non accessible<\/h2>\n\n\n\n<p>Le contenu vis\u00e9 ci-apr\u00e8s n&rsquo;est pas accessible pour la\/les raison(s) suivante(s)&nbsp;:<\/p>\n\n\n\n<h3 class=\"wp-block-heading\">Non-conformit\u00e9 au&nbsp;<a href=\"https:\/\/accessibilite.public.lu\/fr\/rgaa4\/\" target=\"_blank\" rel=\"noreferrer noopener nofollow\">RGAA 4<\/a><\/h3>\n\n\n\n<ul class=\"wp-block-list\">\n<li>Certaines images porteuses d\u2019information n\u2019ont pas d\u2019alternative textuelle pertinente (ex : dans les galeries photos)<\/li>\n\n\n\n<li>Certaines images de d\u00e9coration ne sont pas correctement ignor\u00e9es par les technologies d\u2019assistance (ex : certaines vignettes dans des teasers d\u2019articles)<\/li>\n\n\n\n<li>Certains contrastes de textes ou d\u2019ic\u00f4nes sont insuffisants<\/li>\n\n\n\n<li>Certains liens ne sont pas explicites (ex : probl\u00e8mes d\u00fbs aux titres de liens)<\/li>\n\n\n\n<li>Certains scripts ne sont pas compatibles avec les technologies d\u2019assistance (ex : le s\u00e9lecteur de langue)<\/li>\n\n\n\n<li>Certains scripts ne sont pas contr\u00f4lables au clavier (ex : le bouton de recherche)<\/li>\n\n\n\n<li>Quelques erreurs de validit\u00e9 de code HTML peuvent perturber les technologies d&rsquo;assistance.<\/li>\n\n\n\n<li>Certains changements de langue ne sont pas correctement d\u00e9clar\u00e9s (ex : les liens sous le titre \u00ab interview \u00bb sur la page d\u2019accueil)<\/li>\n\n\n\n<li>Sur certaines pages l\u2019information n\u2019est pas structur\u00e9e par l\u2019utilisation de titres (ex : le titre de niveau 1 de la page d\u2019accueil n\u2019est pas pertinent)<\/li>\n\n\n\n<li>La prise de focus au clavier n\u2019est pas visible sur certains composants d\u2019interface (ex : dans les galeries photos)<\/li>\n\n\n\n<li>Certains contenus cach\u00e9s aux technologies d\u2019assistance re\u00e7oivent le focus au clavier (ex : dans les galeries photos)<\/li>\n\n\n\n<li>Certains champs de formulaire n\u2019ont pas d\u2019\u00e9tiquette visible (ex : le champ de recherche)<\/li>\n\n\n\n<li>Le remplissage automatique des champs n\u2019est pas disponible sur le formulaire de contact<\/li>\n\n\n\n<li>Certains documents bureautiques en t\u00e9l\u00e9chargement ne sont pas accessibles.<\/li>\n<\/ul>\n\n\n\n<h3 class=\"wp-block-heading\">Charge disproportionn\u00e9e<\/h3>\n\n\n\n<p>Certaines vid\u00e9os publi\u00e9es apr\u00e8s le 23 septembre 2020 ne sont pas sous-titr\u00e9es, pour des raisons de ressources.<\/p>\n\n\n\n<h3 class=\"wp-block-heading\">Contenu n&rsquo;entrant pas dans le champ d&rsquo;application de la&nbsp;<a href=\"https:\/\/legilux.public.lu\/eli\/etat\/leg\/loi\/2019\/05\/28\/a373\/jo\" target=\"_blank\" rel=\"noreferrer noopener nofollow\">loi du 28 mai 2019<\/a><\/h3>\n\n\n\n<ul class=\"wp-block-list\">\n<li>Le fil Twitter sur la page d\u2019accueil est fourni par le service Twitter sur lequel nous n\u2019avons pas de contr\u00f4le.<\/li>\n\n\n\n<li>Les cartes interactives par exemple sur la page de contact. Les informations pr\u00e9sent\u00e9es par ces cartes interactives sont fournies dans un texte adjacent.<\/li>\n\n\n\n<li>Les documents bureautiques en t\u00e9l\u00e9chargement publi\u00e9s avant le 23 septembre 2018, qui ne sont pas n\u00e9cessaires pour des processus administratifs actifs, ne sont pas n\u00e9cessairement accessibles. Vous pouvez n\u00e9anmoins nous contacter pour obtenir une alternative accessible.<\/li>\n\n\n\n<li>Les vid\u00e9os diffus\u00e9es en direct ne sont pas sous-titr\u00e9es en live. Les sous-titres sont fournies dans les versions en VOD qui sont mis \u00e0 disposition apr\u00e8s la diffusion.<\/li>\n\n\n\n<li>Documents en t\u00e9l\u00e9chargement fournis par des tiers ne sont pas sous notre contr\u00f4le. Vous pouvez n\u00e9anmoins nous contacter pour obtenir une alternative accessible.<\/li>\n<\/ul>\n\n\n\n<h2 class=\"wp-block-heading\">Pr\u00e9paration de la pr\u00e9sente d\u00e9claration sur l&rsquo;accessibilit\u00e9<\/h2>\n\n\n\n<p>La pr\u00e9sente d\u00e9claration a \u00e9t\u00e9 pr\u00e9par\u00e9e le&nbsp;2 f\u00e9vrier 2021. Les mentions figurant dans cette d\u00e9claration sont exactes et fond\u00e9es sur une \u00e9valuation effective de la conformit\u00e9 du pr\u00e9sent site internet avec les exigences fix\u00e9es dans le&nbsp;<a href=\"https:\/\/accessibilite.public.lu\/fr\/rgaa4\/\" target=\"_blank\" rel=\"noreferrer noopener nofollow\">RGAA 4<\/a>, telle qu&rsquo;une auto-\u00e9valuation r\u00e9alis\u00e9e par l&rsquo;organisme \u00ab\u00a0Service information et presse\u00a0\u00bb.<\/p>\n\n\n\n<h2 class=\"wp-block-heading\">Retour d&rsquo;information et coordonn\u00e9es de contact<\/h2>\n\n\n\n<p>Si vous constatez un d\u00e9faut d\u2019accessibilit\u00e9, envoyez-nous un mail \u00e0&nbsp;<a href=\"mailto:sipinternet@sip.etat.lu\" target=\"_blank\" rel=\"noreferrer noopener\">sipinternet@sip.etat.lu<\/a>&nbsp;: d\u00e9crivez votre probl\u00e8me ainsi que la page concern\u00e9e. Nous nous engageons \u00e0 vous r\u00e9pondre par mail dans un d\u00e9lai de 1 mois au plus tard. Pour rem\u00e9dier au probl\u00e8me de mani\u00e8re durable et dans la mesure du raisonnable, la correction en ligne du d\u00e9faut d\u2019accessibilit\u00e9 sera privil\u00e9gi\u00e9e. Si cela ne peut \u00eatre fait, l\u2019information souhait\u00e9e vous sera transmise dans un format accessible selon vos souhaits :<\/p>\n\n\n\n<ul class=\"wp-block-list\">\n<li>par \u00e9crit dans un document ou email ;<\/li>\n\n\n\n<li>\u00e0 l\u2019oral lors d&rsquo;un entretien ou par t\u00e9l\u00e9phone.<\/li>\n<\/ul>\n\n\n\n<h2 class=\"wp-block-heading\">Proc\u00e9dure permettant d&rsquo;assurer le respect des dispositions<\/h2>\n\n\n\n<p>En cas de r\u00e9ponse non satisfaisante, vous avez \u00e9galement la possibilit\u00e9 d\u2019en informer le&nbsp;<a href=\"https:\/\/sip.gouvernement.lu\/\" target=\"_blank\" rel=\"noreferrer noopener nofollow\">Service information et presse<\/a>, organisme responsable du contr\u00f4le de l\u2019accessibilit\u00e9, via son&nbsp;<a href=\"https:\/\/sip.gouvernement.lu\/fr\/support\/reclamation-accessibilite.html\" target=\"_blank\" rel=\"noreferrer noopener nofollow\">formulaire de r\u00e9clamation en ligne<\/a>, ou&nbsp;<a href=\"https:\/\/www.ombudsman.lu\/\" target=\"_blank\" rel=\"noreferrer noopener nofollow\">l\u2019Ombudsman<\/a>, m\u00e9diateur du Grand-Duch\u00e9 de Luxembourg.<\/p>\n\n\n\n<hr class=\"wp-block-separator has-alpha-channel-opacity\"\/>\n\n\n\n<p><small>Cette d\u00e9claration est bas\u00e9e sur le mod\u00e8le de document d\u00e9fini dans la&nbsp;<a href=\"https:\/\/eur-lex.europa.eu\/legal-content\/FR\/TXT\/?uri=CELEX%3A32018D1523\" target=\"_blank\" rel=\"noreferrer noopener nofollow\">d\u00e9cision d&rsquo;ex\u00e9cution (UE) 2018\/1523<\/a>. Ce mod\u00e8le est \u00a9 Union Europ\u00e9enne, 1998-2020 et est sous licence&nbsp;<a href=\"https:\/\/creativecommons.org\/licenses\/by\/4.0\/\" target=\"_blank\" rel=\"noreferrer noopener nofollow\">Creative Commons Attribution 4.0 International licence<\/a>.<\/small><\/p>\n\n\n\n<p>Derni\u00e8re mise \u00e0 jour&nbsp;02.12.2021<\/p>\n","protected":false},"excerpt":{"rendered":"<p>L&rsquo;organisme\u00a0\u00ab\u00a0Soci\u00e9t\u00e9 de l\u2019A\u00e9roport de Luxembourg\u00a0\u00bb\u00a0s&rsquo;engage \u00e0 rendre son site internet accessible, conform\u00e9ment \u00e0 la\u00a0loi du 28 mai 2019\u00a0relative \u00e0 l\u2019accessibilit\u00e9 des sites internet et des applications mobiles des organismes du secteur public. La pr\u00e9sente d\u00e9claration sur l&rsquo;accessibilit\u00e9 s&rsquo;applique \u00e0:\u00a0https:\/\/www.lux-airport.lu Qu&rsquo;est-ce que l&rsquo;accessibilit\u00e9 num\u00e9rique ? Chacun doit pouvoir utiliser et consulter facilement les informations figurant sur [&hellip;]<\/p>\n","protected":false},"author":1,"featured_media":0,"parent":0,"menu_order":0,"comment_status":"closed","ping_status":"closed","template":"","meta":{"_acf_changed":false,"footnotes":""},"class_list":["post-10723","page","type-page","status-publish","hentry"],"acf":{"set_page_width_full":false,"start_with_small_header":false,"reno_options":{"hide_reno_widget":false,"open_widget_on_page_load":false,"which_tab_to_open":"chatbot","hide_reno_turn_onoff":false,"set_height_to_mini":false,"reno_page_branded_text_back_front":{"reno_show_branded_text":false,"reno_text_in_the_back":"JOURNEY","reno_text_in_the_front":"my journey starts here"}},"branded_text_backfront":{"hide_branded_text":false,"text_in_the_back":"JOURNEY","text_in_the_front_left":"My journey","text_in_the_front_right":"starts here"},"hide_breadcrumbs":false,"hide_footer_widgets":false,"hide_page_title":false,"advertising__adsense":{"show_ads_in_this_page":true,"image_instead_of_adsense":{"enable_image_instead_of_adsense":false,"banner_image_300x250":null,"banner_url":""}},"header_image_options":{"show_header_image":"Yes","header_image":""}},"_links":{"self":[{"href":"https:\/\/www.lux-airport.lu\/fr\/wp-json\/wp\/v2\/pages\/10723","targetHints":{"allow":["GET"]}}],"collection":[{"href":"https:\/\/www.lux-airport.lu\/fr\/wp-json\/wp\/v2\/pages"}],"about":[{"href":"https:\/\/www.lux-airport.lu\/fr\/wp-json\/wp\/v2\/types\/page"}],"author":[{"embeddable":true,"href":"https:\/\/www.lux-airport.lu\/fr\/wp-json\/wp\/v2\/users\/1"}],"replies":[{"embeddable":true,"href":"https:\/\/www.lux-airport.lu\/fr\/wp-json\/wp\/v2\/comments?post=10723"}],"version-history":[{"count":0,"href":"https:\/\/www.lux-airport.lu\/fr\/wp-json\/wp\/v2\/pages\/10723\/revisions"}],"wp:attachment":[{"href":"https:\/\/www.lux-airport.lu\/fr\/wp-json\/wp\/v2\/media?parent=10723"}],"curies":[{"name":"wp","href":"https:\/\/api.w.org\/{rel}","templated":true}]}}