{"id":10366,"date":"2023-01-09T23:44:09","date_gmt":"2023-01-09T22:44:09","guid":{"rendered":"https:\/\/www.lux-airport.lu\/sponsoring-partenariats\/"},"modified":"2023-09-26T13:49:48","modified_gmt":"2023-09-26T11:49:48","slug":"sponsoring-partenariats","status":"publish","type":"page","link":"https:\/\/www.lux-airport.lu\/fr\/entreprise\/notre-engagement\/sponsoring-partenariats\/","title":{"rendered":"Sponsoring et partenariats"},"content":{"rendered":"\n<p>lux-Airport s&rsquo;efforce d&rsquo;agir de mani\u00e8re durable, non seulement en mati\u00e8re d&rsquo;environnement, mais aussi en assumant la responsabilit\u00e9 de son environnement et de ses habitants. Depuis de nombreuses ann\u00e9es, lux-Airport soutient le sport, les projets sociaux et la culture. Voici quelques informations sur l&rsquo;engagement r\u00e9cent de lux-Airport.<\/p>\n\n\n<style>.wp-block-kadence-spacer.kt-block-spacer-10366_d1a973-14 .kt-block-spacer{height:60px;}.wp-block-kadence-spacer.kt-block-spacer-10366_d1a973-14 .kt-divider{border-top-width:1px;height:1px;border-top-color:#eee;width:80%;border-top-style:solid;}<\/style>\n<div class=\"wp-block-kadence-spacer aligncenter kt-block-spacer-10366_d1a973-14\"><div class=\"kt-block-spacer kt-block-spacer-halign-center\"><hr class=\"kt-divider\"\/><\/div><\/div>\n\n\n\n<p>lux-Airport s&rsquo;efforce d&rsquo;agir de mani\u00e8re durable, non seulement en mati\u00e8re d&rsquo;environnement, mais aussi en assumant ses responsabilit\u00e9s \u00e0 l\u2019\u00e9gard de son entourage au sens large et des personnes. Depuis de nombreuses ann\u00e9es, lux-Airport soutient des activit\u00e9s sportives, sociales et culturelles. Voici un bref aper\u00e7u de l\u2019engagement r\u00e9cent de lux-Airport.<\/p>\n\n\n\n<h4 class=\"wp-block-heading\">Accueillir les champions du sport \u00e0 domicile<\/h4>\n\n\n\n<figure class=\"wp-block-image size-large\"><img loading=\"lazy\" decoding=\"async\" width=\"1024\" height=\"683\" src=\"https:\/\/www.lux-airport.lu\/wp-content\/uploads\/2023\/06\/editofwholeteam-1-1024x683.jpg\" alt=\"\" class=\"wp-image-13901\" srcset=\"https:\/\/www.lux-airport.lu\/wp-content\/uploads\/2023\/06\/editofwholeteam-1-1024x683.jpg 1024w, https:\/\/www.lux-airport.lu\/wp-content\/uploads\/2023\/06\/editofwholeteam-1-300x200.jpg 300w, https:\/\/www.lux-airport.lu\/wp-content\/uploads\/2023\/06\/editofwholeteam-1-768x512.jpg 768w, https:\/\/www.lux-airport.lu\/wp-content\/uploads\/2023\/06\/editofwholeteam-1-1536x1024.jpg 1536w, https:\/\/www.lux-airport.lu\/wp-content\/uploads\/2023\/06\/editofwholeteam-1-2048x1365.jpg 2048w\" sizes=\"auto, (max-width: 1024px) 100vw, 1024px\" \/><\/figure>\n\n\n\n<p>Le Luxembourg est une petite nation qui a un fort penchant pour le sport. Et ce dynamisme s&rsquo;est manifest\u00e9 le 26 juin dernier, lorsque nous avons accueilli l&rsquo;\u00e9quipe nationale des Special Olympics ! Outre l&rsquo;\u00e9quipe Special Olympics, les plus attentifs auront peut-\u00eatre remarqu\u00e9 Jennifer Warling sur la photo de groupe. Jennifer a remport\u00e9 trois m\u00e9dailles, dont une d&rsquo;or, dans l&rsquo;\u00e9preuve f\u00e9minine de kumite 55 kg aux championnats d&rsquo;Europe de karat\u00e9. Par co\u00efncidence, alors que nous attendions patiemment l&rsquo;arriv\u00e9e de notre \u00e9quipe nationale Special Olympic, nous avons appris que Jennifer arriverait \u00e9galement, apr\u00e8s avoir particip\u00e9 \u00e0 la comp\u00e9tition, au m\u00eame moment ! Le hall d&rsquo;arriv\u00e9e \u00e9tait bond\u00e9 d&rsquo;amis, de familles et de supporters, et un groupe de musique local est m\u00eame venu jouer lorsque les athl\u00e8tes ont franchi les portes du hall d&rsquo;arriv\u00e9e ! \u00c0 leur retour, l&rsquo;\u00e9quipe et Jennifer ont \u00e9t\u00e9 accueillies par des acclamations, des embrassades et un petit-d\u00e9jeuner gratuit, sponsoris\u00e9 par lux-Airport. En outre, RTL a \u00e9galement couvert l&rsquo;\u00e9v\u00e9nement et interview\u00e9 plusieurs athl\u00e8tes. Dans l&rsquo;ensemble, nous avons la chance d&rsquo;avoir des talents sportifs aussi incroyables, cultiv\u00e9s ici au Luxembourg !<\/p>\n\n\n<style>.wp-block-kadence-spacer.kt-block-spacer-10366_555012-bc .kt-block-spacer{height:60px;}.wp-block-kadence-spacer.kt-block-spacer-10366_555012-bc .kt-divider{border-top-width:1px;height:1px;border-top-color:#eee;width:80%;border-top-style:solid;}<\/style>\n<div class=\"wp-block-kadence-spacer aligncenter kt-block-spacer-10366_555012-bc\"><div class=\"kt-block-spacer kt-block-spacer-halign-center\"><hr class=\"kt-divider\"\/><\/div><\/div>\n\n\n\n<p><strong>Dons 2022<\/strong><\/p>\n\n\n\n<p>En 2022, comme chaque ann\u00e9e, lux-Airport a continu\u00e9 de soutenir une pl\u00e9thore d\u2019organisations caritatives. Cette ann\u00e9e, nous avons d\u00e9cid\u00e9 de faire un don total de 6 000 euros \u00e0 trois organisations caritatives tri\u00e9es sur le volet que nous souhaitons soutenir. Il est important de garder \u00e0 l\u2019esprit, cependant, que le soutien de ces organisations caritatives ne devrait pas \u00eatre mis en exergue uniquement pendant la p\u00e9riode de No\u00ebl mais se manifester plut\u00f4t tout au long de l\u2019ann\u00e9e.<\/p>\n\n\n\n<p>St\u00ebmm vun der Strooss, SOS Kinderdof L\u00ebtzebuerg et M\u00e9decins sans fronti\u00e8res (MSF) assurent des services essentiels qui, selon nous, devraient \u00eatre accessibles \u00e0 tous.<\/p>\n\n\n\n<div class=\"wp-block-columns is-layout-flex wp-container-core-columns-is-layout-9d6595d7 wp-block-columns-is-layout-flex\">\n<div class=\"wp-block-column is-layout-flow wp-block-column-is-layout-flow\">\n<figure class=\"wp-block-image size-large\"><img loading=\"lazy\" decoding=\"async\" width=\"1024\" height=\"1024\" src=\"https:\/\/www.lux-airport.lu\/wp-content\/uploads\/2023\/01\/2212-donation-stemm-vun-der-strooss-luxairport-1-1024x1024.jpg\" alt=\"lux-Donation a\u00e9roportuaire\" class=\"wp-image-10349\" srcset=\"https:\/\/www.lux-airport.lu\/wp-content\/uploads\/2023\/01\/2212-donation-stemm-vun-der-strooss-luxairport-1-1024x1024.jpg 1024w, https:\/\/www.lux-airport.lu\/wp-content\/uploads\/2023\/01\/2212-donation-stemm-vun-der-strooss-luxairport-1-300x300.jpg 300w, https:\/\/www.lux-airport.lu\/wp-content\/uploads\/2023\/01\/2212-donation-stemm-vun-der-strooss-luxairport-1-150x150.jpg 150w, https:\/\/www.lux-airport.lu\/wp-content\/uploads\/2023\/01\/2212-donation-stemm-vun-der-strooss-luxairport-1-768x768.jpg 768w, https:\/\/www.lux-airport.lu\/wp-content\/uploads\/2023\/01\/2212-donation-stemm-vun-der-strooss-luxairport-1-1536x1536.jpg 1536w, https:\/\/www.lux-airport.lu\/wp-content\/uploads\/2023\/01\/2212-donation-stemm-vun-der-strooss-luxairport-1-2048x2048.jpg 2048w\" sizes=\"auto, (max-width: 1024px) 100vw, 1024px\" \/><\/figure>\n<\/div>\n\n\n\n<div class=\"wp-block-column is-layout-flow wp-block-column-is-layout-flow\">\n<figure class=\"wp-block-image size-large\"><img loading=\"lazy\" decoding=\"async\" width=\"1024\" height=\"1024\" src=\"https:\/\/www.lux-airport.lu\/wp-content\/uploads\/2023\/01\/1_2212-donation-SOS-Kannerduerf-luxairport-1-1024x1024.jpg\" alt=\"lux=airpost soutient un environnement s\u00fbr pour les enfants\" class=\"wp-image-10358\" srcset=\"https:\/\/www.lux-airport.lu\/wp-content\/uploads\/2023\/01\/1_2212-donation-SOS-Kannerduerf-luxairport-1-1024x1024.jpg 1024w, https:\/\/www.lux-airport.lu\/wp-content\/uploads\/2023\/01\/1_2212-donation-SOS-Kannerduerf-luxairport-1-300x300.jpg 300w, https:\/\/www.lux-airport.lu\/wp-content\/uploads\/2023\/01\/1_2212-donation-SOS-Kannerduerf-luxairport-1-150x150.jpg 150w, https:\/\/www.lux-airport.lu\/wp-content\/uploads\/2023\/01\/1_2212-donation-SOS-Kannerduerf-luxairport-1-768x768.jpg 768w, https:\/\/www.lux-airport.lu\/wp-content\/uploads\/2023\/01\/1_2212-donation-SOS-Kannerduerf-luxairport-1.jpg 1080w\" sizes=\"auto, (max-width: 1024px) 100vw, 1024px\" \/><\/figure>\n<\/div>\n\n\n\n<div class=\"wp-block-column is-layout-flow wp-block-column-is-layout-flow\">\n<figure class=\"wp-block-image size-large\"><img loading=\"lazy\" decoding=\"async\" width=\"1024\" height=\"1024\" src=\"https:\/\/www.lux-airport.lu\/wp-content\/uploads\/2023\/01\/2_2212-donation-MSF-luxairport-2-1024x1024.jpg\" alt=\"lux-airport soutient les m\u00e9decins\" class=\"wp-image-10355\" srcset=\"https:\/\/www.lux-airport.lu\/wp-content\/uploads\/2023\/01\/2_2212-donation-MSF-luxairport-2-1024x1024.jpg 1024w, https:\/\/www.lux-airport.lu\/wp-content\/uploads\/2023\/01\/2_2212-donation-MSF-luxairport-2-300x300.jpg 300w, https:\/\/www.lux-airport.lu\/wp-content\/uploads\/2023\/01\/2_2212-donation-MSF-luxairport-2-150x150.jpg 150w, https:\/\/www.lux-airport.lu\/wp-content\/uploads\/2023\/01\/2_2212-donation-MSF-luxairport-2-768x768.jpg 768w, https:\/\/www.lux-airport.lu\/wp-content\/uploads\/2023\/01\/2_2212-donation-MSF-luxairport-2.jpg 1080w\" sizes=\"auto, (max-width: 1024px) 100vw, 1024px\" \/><\/figure>\n<\/div>\n<\/div>\n\n\n\n<p><strong><strong>Soutenez la recherche sur le cancer<\/strong><\/strong><\/p>\n\n\n\n<p>Chaque ann\u00e9e, plus de 3 000 adultes et enfants se voient diagnostiquer un cancer au Luxembourg. &nbsp;L\u2019ONG T\u00e9l\u00e9vie soutient la recherche sur le cancer, en particulier la leuc\u00e9mie chez les enfants.<\/p>\n\n\n\n<p>Lanc\u00e9 initialement en Belgique, T\u00e9l\u00e9vie a \u00e9tendu son initiative au Luxembourg en 2022. Depuis, des particuliers, des entreprises et des communaut\u00e9s ont r\u00e9colt\u00e9 de l\u2019argent \u00e0 diff\u00e9rentes occasions. Le point culminant de chaque ann\u00e9e est la \u00ab Journ\u00e9e T\u00e9l\u00e9vie \u00bb qui permet \u00e0 des communaut\u00e9s s\u00e9lectionn\u00e9es de r\u00e9colter de l\u2019argent et de participer \u00e0 une collecte de fonds. En 2022, lux-Airport a contribu\u00e9 \u00e0 hauteur de 8 000 \u20ac \u00e0 la campagne de Niederanven, qui a permis de r\u00e9colter 321 000 \u20ac.<\/p>\n\n\n\n<figure class=\"wp-block-image size-medium\"><img loading=\"lazy\" decoding=\"async\" width=\"300\" height=\"300\" src=\"https:\/\/www.lux-airport.lu\/wp-content\/uploads\/2023\/01\/13052022-Televie-payconiq-social-media-final-com_1-1-300x300.jpg\" alt=\"lux-airpoer soutient le cancer\" class=\"wp-image-10362\" srcset=\"https:\/\/www.lux-airport.lu\/wp-content\/uploads\/2023\/01\/13052022-Televie-payconiq-social-media-final-com_1-1-300x300.jpg 300w, https:\/\/www.lux-airport.lu\/wp-content\/uploads\/2023\/01\/13052022-Televie-payconiq-social-media-final-com_1-1-1024x1024.jpg 1024w, https:\/\/www.lux-airport.lu\/wp-content\/uploads\/2023\/01\/13052022-Televie-payconiq-social-media-final-com_1-1-150x150.jpg 150w, https:\/\/www.lux-airport.lu\/wp-content\/uploads\/2023\/01\/13052022-Televie-payconiq-social-media-final-com_1-1-768x768.jpg 768w, https:\/\/www.lux-airport.lu\/wp-content\/uploads\/2023\/01\/13052022-Televie-payconiq-social-media-final-com_1-1-1536x1536.jpg 1536w, https:\/\/www.lux-airport.lu\/wp-content\/uploads\/2023\/01\/13052022-Televie-payconiq-social-media-final-com_1-1-2048x2048.jpg 2048w\" sizes=\"auto, (max-width: 300px) 100vw, 300px\" \/><\/figure>\n\n\n\n<div style=\"height:64px\" aria-hidden=\"true\" class=\"wp-block-spacer\"><\/div>\n\n\n\n<p><strong>Soutien aux activit\u00e9s sportives 2022 :<\/strong><\/p>\n\n\n\n<ul class=\"wp-block-list\">\n<li>AB Contern Basketball Club &#8211; <a href=\"https:\/\/www.abcontern.lu\" data-type=\"URL\" data-id=\"www.abcontern.lu\" target=\"_blank\" rel=\"noreferrer noopener nofollow\">www.abcontern.lu<\/a><\/li>\n\n\n\n<li>IWTP 2022 by Luxembourg Ladies Tennis Masters &#8211; <a href=\"https:\/\/www.luxembourg-ladies-tennis-masters.com\/\" rel=\"nofollow noopener\" target=\"_blank\">https:\/\/www.luxembourg-ladies-tennis-masters.com\/<\/a><\/li>\n<\/ul>\n","protected":false},"excerpt":{"rendered":"<p>lux-Airport s&rsquo;efforce d&rsquo;agir de mani\u00e8re durable, non seulement en mati\u00e8re d&rsquo;environnement, mais aussi en assumant la responsabilit\u00e9 de son environnement et de ses habitants. Depuis de nombreuses ann\u00e9es, lux-Airport soutient le sport, les projets sociaux et la culture. Voici quelques informations sur l&rsquo;engagement r\u00e9cent de lux-Airport. lux-Airport s&rsquo;efforce d&rsquo;agir de mani\u00e8re durable, non seulement en [&hellip;]<\/p>\n","protected":false},"author":1,"featured_media":0,"parent":6893,"menu_order":0,"comment_status":"closed","ping_status":"closed","template":"","meta":{"_acf_changed":false,"footnotes":""},"class_list":["post-10366","page","type-page","status-publish","hentry"],"acf":{"set_page_width_full":false,"start_with_small_header":false,"reno_options":{"hide_reno_widget":false,"open_widget_on_page_load":false,"which_tab_to_open":"chatbot","hide_reno_turn_onoff":false,"set_height_to_mini":false,"reno_page_branded_text_back_front":{"reno_show_branded_text":false,"reno_text_in_the_back":"JOURNEY","reno_text_in_the_front":"my journey starts here"}},"branded_text_backfront":{"hide_branded_text":false,"text_in_the_back":"JOURNEY","text_in_the_front_left":"My journey","text_in_the_front_right":"starts here"},"hide_breadcrumbs":false,"hide_footer_widgets":false,"hide_page_title":false,"advertising__adsense":{"show_ads_in_this_page":true,"image_instead_of_adsense":{"enable_image_instead_of_adsense":false,"banner_image_300x250":null,"banner_url":""}},"header_image_options":{"show_header_image":"Yes","header_image":""}},"_links":{"self":[{"href":"https:\/\/www.lux-airport.lu\/fr\/wp-json\/wp\/v2\/pages\/10366","targetHints":{"allow":["GET"]}}],"collection":[{"href":"https:\/\/www.lux-airport.lu\/fr\/wp-json\/wp\/v2\/pages"}],"about":[{"href":"https:\/\/www.lux-airport.lu\/fr\/wp-json\/wp\/v2\/types\/page"}],"author":[{"embeddable":true,"href":"https:\/\/www.lux-airport.lu\/fr\/wp-json\/wp\/v2\/users\/1"}],"replies":[{"embeddable":true,"href":"https:\/\/www.lux-airport.lu\/fr\/wp-json\/wp\/v2\/comments?post=10366"}],"version-history":[{"count":0,"href":"https:\/\/www.lux-airport.lu\/fr\/wp-json\/wp\/v2\/pages\/10366\/revisions"}],"up":[{"embeddable":true,"href":"https:\/\/www.lux-airport.lu\/fr\/wp-json\/wp\/v2\/pages\/6893"}],"wp:attachment":[{"href":"https:\/\/www.lux-airport.lu\/fr\/wp-json\/wp\/v2\/media?parent=10366"}],"curies":[{"name":"wp","href":"https:\/\/api.w.org\/{rel}","templated":true}]}}