{"id":9769,"date":"2023-01-05T17:11:12","date_gmt":"2023-01-05T16:11:12","guid":{"rendered":"https:\/\/www.lux-airport.lu\/?page_id=9769"},"modified":"2023-06-02T10:20:31","modified_gmt":"2023-06-02T09:20:31","slug":"skypark-center-south","status":"publish","type":"page","link":"https:\/\/www.lux-airport.lu\/de\/unternehmen\/ueber-uns\/skypark-center-south\/","title":{"rendered":"Skypark Center South"},"content":{"rendered":"\n<p>Das Skypark Business Center ist der erste sichtbare Meilenstein der Airport City, des gro\u00dfen Entwicklungsprojekts rund um den Flughafen Luxemburg. Die Bauarbeiten an dem hochmodernen Geb\u00e4ude sind weit vorangeschritten. Das Skypark Business Center soll Ma\u00dfst\u00e4be bei nachhaltigem und umweltbewusstem Bauen setzen. Mit der Holzbauweise soll der CO<sub>2<\/sub>-Fu\u00dfabdruck verringert werden. Eine Vielzahl weiterer Instrumente und smarter Technologien wird eingesetzt, um die Nachhaltigkeit des Projekts zu gew\u00e4hrleisten.<\/p>\n\n\n\n<div style=\"height:30px\" aria-hidden=\"true\" class=\"wp-block-spacer\"><\/div>\n\n\n\n<p><strong>Neueste Nachrichten \u00fcber Skypark<\/strong><\/p>\n\n\n\n<p><strong>November 2022<\/strong><\/p>\n\n\n\n<div style=\"height:30px\" aria-hidden=\"true\" class=\"wp-block-spacer\"><\/div>\n\n\n\n<h2 class=\"wp-block-heading\"><strong>Moxy Hotel zur Ankunft im Skypark Business Center mit direktem Zugang zum Flughafen Luxemburg<\/strong><\/h2>\n\n\n\n<div style=\"height:30px\" aria-hidden=\"true\" class=\"wp-block-spacer\"><\/div>\n\n\n\n<ul class=\"wp-block-list\">\n<li>Moxy Hotel, ein Gruppenmitglied von Marriott International, best\u00e4tigt f\u00fcr das neue Skypark Business Center<\/li>\n\n\n\n<li>130 stilvolle Hotelzimmer mit einzigartiger Aussicht und direktem Anschluss an das Flughafenterminal<\/li>\n\n\n\n<li>Open-Air-Hotelterrasse<\/li>\n<\/ul>\n\n\n<div class=\"wp-block-image\">\n<figure class=\"aligncenter size-large\"><img loading=\"lazy\" decoding=\"async\" width=\"1024\" height=\"576\" src=\"https:\/\/www.lux-airport.lu\/wp-content\/uploads\/2023\/01\/image-7-1024x576.png\" alt=\"\" class=\"wp-image-9760\" srcset=\"https:\/\/www.lux-airport.lu\/wp-content\/uploads\/2023\/01\/image-7-1024x576.png 1024w, https:\/\/www.lux-airport.lu\/wp-content\/uploads\/2023\/01\/image-7-300x169.png 300w, https:\/\/www.lux-airport.lu\/wp-content\/uploads\/2023\/01\/image-7-768x432.png 768w, https:\/\/www.lux-airport.lu\/wp-content\/uploads\/2023\/01\/image-7.png 1051w\" sizes=\"auto, (max-width: 1024px) 100vw, 1024px\" \/><\/figure>\n<\/div>\n\n\n<div style=\"height:30px\" aria-hidden=\"true\" class=\"wp-block-spacer\"><\/div>\n\n\n\n<p>In den letzten Monaten ist das Skypark Business Center so gewachsen, dass sich die endg\u00fcltige Form erahnen l\u00e4sst. W\u00e4hrend es weiter Gestalt annimmt, wurde jetzt auch bekannt, welches Hotel k\u00fcnftig im Skypark Business Center G\u00e4ste begr\u00fc\u00dfen wird.<\/p>\n\n\n\n<p>Das neue Moxy Hotel Luxembourg Airport mit 130 stilvoll eingerichteten, komfortablen Zimmern bietet neben einem einzigartigen Blick \u00fcber den Flughafen Luxemburg auch eine atemberaubende Open-Air-Terrasse. Die zentrale Moxy Bar wird zugleich als Rezeption dienen. Moxy ist eine stilvolle Hotelmarke, die f\u00fcr Ungezwungenheit und erschwingliche Preise steht. Ihr Konzept besteht darin, den G\u00e4sten genau das zu bieten, was diese w\u00fcnschen \u2013 nicht mehr und nicht weniger. \u00dcber einen Gang vom Skypark-Business-Center wird das Moxy Hotel Luxembourg Airport direkt mit dem Terminal des Flughafens verbunden sein. Seine Er\u00f6ffnung ist f\u00fcr die erste H\u00e4lfte des Jahres 2024 geplant.<\/p>\n\n\n\n<p>Au\u00dferdem wird das Moxy Hotel ideal \u00fcber die Stra\u00dfenbahnlinie erreichbar sein, die Luxemburg mit dem Flughafen verbindet. Denn diese h\u00e4lt voraussichtlich ab 2024 nur einen Katzensprung vom Terminal entfernt.<\/p>\n\n\n\n<p>\u201eDas Moxy-Konzept passt perfekt zu unserem Versprechen an die Flugg\u00e4ste, dass wir an unserem Flughafen und in der k\u00fcnftigen Airport City Komfort mit Qualit\u00e4t und Nachhaltigkeit verbinden. Wir sind stolz, Marriott International mit der Marke Moxy als erfahrenen und innovativen Partner an Bord zu haben. Urlauber und Gesch\u00e4ftsreisende werden dieses neue Hotel sch\u00e4tzen\u201c, erkl\u00e4rt Alexander Flassak, CEO bei lux-Airport.<\/p>\n\n\n\n<p>\u201eEin solches Hotel in eine so gro\u00dfartige Umgebung wie den Flughafen zu integrieren, ist einzigartig. Der Flughafen Luxemburg ist etwas Besonderes. Und das gesamte Skypark Business Center ist im Hinblick auf Lage, Aussicht, Innovationskraft und Nachhaltigkeit unvergleichlich. Es freut uns ganz besonders, Teil dieses Konzepts zu sein\u201d, erkl\u00e4rt Tim Zeichhardt, Senior Director of Development bei<\/p>\n\n\n\n<p>Marriott International.<\/p>\n\n\n\n<div style=\"height:30px\" aria-hidden=\"true\" class=\"wp-block-spacer\"><\/div>\n\n\n\n<figure class=\"wp-block-embed is-type-video is-provider-youtube wp-block-embed-youtube wp-embed-aspect-16-9 wp-has-aspect-ratio\"><div class=\"wp-block-embed__wrapper\">\n<iframe loading=\"lazy\" title=\"Skypark Business Center at Luxembourg Airport - a glimpse into the future\" width=\"640\" height=\"360\" src=\"https:\/\/www.youtube.com\/embed\/OJD3kx9rlBc?feature=oembed\" frameborder=\"0\" allow=\"accelerometer; autoplay; clipboard-write; encrypted-media; gyroscope; picture-in-picture; web-share\" referrerpolicy=\"strict-origin-when-cross-origin\" allowfullscreen><\/iframe>\n<\/div><\/figure>\n","protected":false},"excerpt":{"rendered":"<p>Das Skypark Business Center ist der erste sichtbare Meilenstein der Airport City, des gro\u00dfen Entwicklungsprojekts rund um den Flughafen Luxemburg. Die Bauarbeiten an dem hochmodernen Geb\u00e4ude sind weit vorangeschritten. Das Skypark Business Center soll Ma\u00dfst\u00e4be bei nachhaltigem und umweltbewusstem Bauen setzen. Mit der Holzbauweise soll der CO2-Fu\u00dfabdruck verringert werden. Eine Vielzahl weiterer Instrumente und smarter [&hellip;]<\/p>\n","protected":false},"author":1,"featured_media":0,"parent":7076,"menu_order":0,"comment_status":"closed","ping_status":"closed","template":"","meta":{"_acf_changed":false,"footnotes":""},"class_list":["post-9769","page","type-page","status-publish","hentry"],"acf":{"set_page_width_full":false,"start_with_small_header":false,"reno_options":{"hide_reno_widget":false,"open_widget_on_page_load":false,"which_tab_to_open":"chatbot","hide_reno_turn_onoff":false,"set_height_to_mini":false,"reno_page_branded_text_back_front":{"reno_show_branded_text":false,"reno_text_in_the_back":"JOURNEY","reno_text_in_the_front":"my journey starts here"}},"branded_text_backfront":{"hide_branded_text":false,"text_in_the_back":"JOURNEY","text_in_the_front_left":"My journey","text_in_the_front_right":"starts here"},"hide_breadcrumbs":false,"hide_footer_widgets":false,"hide_page_title":false,"advertising__adsense":{"show_ads_in_this_page":true,"image_instead_of_adsense":{"enable_image_instead_of_adsense":false,"banner_image_300x250":null,"banner_url":""}},"header_image_options":{"show_header_image":"Yes","header_image":""}},"_links":{"self":[{"href":"https:\/\/www.lux-airport.lu\/de\/wp-json\/wp\/v2\/pages\/9769","targetHints":{"allow":["GET"]}}],"collection":[{"href":"https:\/\/www.lux-airport.lu\/de\/wp-json\/wp\/v2\/pages"}],"about":[{"href":"https:\/\/www.lux-airport.lu\/de\/wp-json\/wp\/v2\/types\/page"}],"author":[{"embeddable":true,"href":"https:\/\/www.lux-airport.lu\/de\/wp-json\/wp\/v2\/users\/1"}],"replies":[{"embeddable":true,"href":"https:\/\/www.lux-airport.lu\/de\/wp-json\/wp\/v2\/comments?post=9769"}],"version-history":[{"count":0,"href":"https:\/\/www.lux-airport.lu\/de\/wp-json\/wp\/v2\/pages\/9769\/revisions"}],"up":[{"embeddable":true,"href":"https:\/\/www.lux-airport.lu\/de\/wp-json\/wp\/v2\/pages\/7076"}],"wp:attachment":[{"href":"https:\/\/www.lux-airport.lu\/de\/wp-json\/wp\/v2\/media?parent=9769"}],"curies":[{"name":"wp","href":"https:\/\/api.w.org\/{rel}","templated":true}]}}