{"id":9750,"date":"2023-01-05T13:37:19","date_gmt":"2023-01-05T12:37:19","guid":{"rendered":"https:\/\/www.lux-airport.lu\/?page_id=9750"},"modified":"2023-06-02T10:19:23","modified_gmt":"2023-06-02T09:19:23","slug":"bau-des-neuen-luxair-wartungshangars","status":"publish","type":"page","link":"https:\/\/www.lux-airport.lu\/de\/unternehmen\/ueber-uns\/bau-des-neuen-luxair-wartungshangars\/","title":{"rendered":"Bau des neuen Luxair-Wartungshangars"},"content":{"rendered":"\n<h2 class=\"wp-block-heading\"><strong>lux-Airport baut den neuen Luxair-Wartungshangar<\/strong><\/h2>\n\n\n\n<p>lux-Airport versteht sich als innovativer Manager von Bauvorhaben, der mit zukunftsweisenden Visionen hochmoderne Projekte plant. Ein Vorzeigeprojekt ist derzeit der Bau des Luxair-Wartungshangars. Nachdem der Nennig-Hangar 70\u00a0Jahre lang gute Dienste geleistet hat, entspricht er heute nicht mehr den Anforderungen. Daher wird ein neuer Hangar, dessen Name noch geheim ist, nach aktuellen Standards gebaut. Wir nennen ihn momentan den \u201eneuen\u201c Hangar. Der Hangar wird bis zu drei Flugzeugen gleichzeitig Platz bieten und sogar gen\u00fcgend Raum f\u00fcr B\u00fcros und Lagerr\u00e4ume bereithalten.<\/p>\n\n\n\n<div class=\"wp-block-columns is-layout-flex wp-container-core-columns-is-layout-9d6595d7 wp-block-columns-is-layout-flex\">\n<div class=\"wp-block-column is-vertically-aligned-center is-layout-flow wp-block-column-is-layout-flow\">\n<h2 class=\"wp-block-heading\"><strong><strong>Fakten zum neuen Wartungshangar Luxair:<\/strong><\/strong><\/h2>\n\n\n\n<p>Architekt: Pit Hoffmann von cubus architectes S.\u00e0.r.l., L-5360 Schrassig<\/p>\n\n\n\n<p>Bauarbeiten: Mai 2022 bis Ende 2023<br>Abmessungen des Geb\u00e4udes: 110&nbsp;m x 100&nbsp;m, max. H\u00f6he: 22&nbsp;m<\/p>\n\n\n\n<p>F\u00fcr folgende Flugzeugtypen: BOEING&nbsp;737, BOMBARDIER Q400, AIRBUS&nbsp;A321. Maximal drei Flugzeuge haben zugleich darin Platz.<\/p>\n\n\n\n<p>Was wird sich in dem Hangar befinden? Werkst\u00e4tten f\u00fcr die Wartung, Lagerraum f\u00fcr Ersatzteile, neun in den Boden integrierte Hatch Pits f\u00fcr die Stromversorgung der Flugzeuge und f\u00fcr das Absaugen von Kerosin-D\u00e4mpfen, B\u00fcros f\u00fcr die Verwaltung usw.<\/p>\n<\/div>\n\n\n\n<div class=\"wp-block-column is-vertically-aligned-center is-layout-flow wp-block-column-is-layout-flow\"><div class=\"wp-block-image\">\n<figure class=\"aligncenter size-full\"><img loading=\"lazy\" decoding=\"async\" width=\"849\" height=\"566\" src=\"https:\/\/www.lux-airport.lu\/wp-content\/uploads\/2023\/01\/image-6.png\" alt=\"\" class=\"wp-image-9731\" srcset=\"https:\/\/www.lux-airport.lu\/wp-content\/uploads\/2023\/01\/image-6.png 849w, https:\/\/www.lux-airport.lu\/wp-content\/uploads\/2023\/01\/image-6-300x200.png 300w, https:\/\/www.lux-airport.lu\/wp-content\/uploads\/2023\/01\/image-6-768x512.png 768w\" sizes=\"auto, (max-width: 849px) 100vw, 849px\" \/><\/figure>\n<\/div><\/div>\n<\/div>\n","protected":false},"excerpt":{"rendered":"<p>lux-Airport baut den neuen Luxair-Wartungshangar lux-Airport versteht sich als innovativer Manager von Bauvorhaben, der mit zukunftsweisenden Visionen hochmoderne Projekte plant. Ein Vorzeigeprojekt ist derzeit der Bau des Luxair-Wartungshangars. Nachdem der Nennig-Hangar 70\u00a0Jahre lang gute Dienste geleistet hat, entspricht er heute nicht mehr den Anforderungen. Daher wird ein neuer Hangar, dessen Name noch geheim ist, nach [&hellip;]<\/p>\n","protected":false},"author":1,"featured_media":0,"parent":7076,"menu_order":0,"comment_status":"closed","ping_status":"closed","template":"","meta":{"_acf_changed":false,"footnotes":""},"class_list":["post-9750","page","type-page","status-publish","hentry"],"acf":{"set_page_width_full":false,"start_with_small_header":false,"reno_options":{"hide_reno_widget":false,"open_widget_on_page_load":false,"which_tab_to_open":"chatbot","hide_reno_turn_onoff":false,"set_height_to_mini":false,"reno_page_branded_text_back_front":{"reno_show_branded_text":false,"reno_text_in_the_back":"JOURNEY","reno_text_in_the_front":"my journey starts here"}},"branded_text_backfront":{"hide_branded_text":false,"text_in_the_back":"JOURNEY","text_in_the_front_left":"My journey","text_in_the_front_right":"starts here"},"hide_breadcrumbs":false,"hide_footer_widgets":false,"hide_page_title":false,"advertising__adsense":{"show_ads_in_this_page":true,"image_instead_of_adsense":{"enable_image_instead_of_adsense":false,"banner_image_300x250":null,"banner_url":""}},"header_image_options":{"show_header_image":"Yes","header_image":""}},"_links":{"self":[{"href":"https:\/\/www.lux-airport.lu\/de\/wp-json\/wp\/v2\/pages\/9750","targetHints":{"allow":["GET"]}}],"collection":[{"href":"https:\/\/www.lux-airport.lu\/de\/wp-json\/wp\/v2\/pages"}],"about":[{"href":"https:\/\/www.lux-airport.lu\/de\/wp-json\/wp\/v2\/types\/page"}],"author":[{"embeddable":true,"href":"https:\/\/www.lux-airport.lu\/de\/wp-json\/wp\/v2\/users\/1"}],"replies":[{"embeddable":true,"href":"https:\/\/www.lux-airport.lu\/de\/wp-json\/wp\/v2\/comments?post=9750"}],"version-history":[{"count":0,"href":"https:\/\/www.lux-airport.lu\/de\/wp-json\/wp\/v2\/pages\/9750\/revisions"}],"up":[{"embeddable":true,"href":"https:\/\/www.lux-airport.lu\/de\/wp-json\/wp\/v2\/pages\/7076"}],"wp:attachment":[{"href":"https:\/\/www.lux-airport.lu\/de\/wp-json\/wp\/v2\/media?parent=9750"}],"curies":[{"name":"wp","href":"https:\/\/api.w.org\/{rel}","templated":true}]}}