{"id":9351,"date":"2022-08-22T16:36:33","date_gmt":"2022-08-22T15:36:33","guid":{"rendered":"https:\/\/www.lux-airport.lu\/?page_id=9351"},"modified":"2023-06-02T09:49:58","modified_gmt":"2023-06-02T08:49:58","slug":"unternehmen","status":"publish","type":"page","link":"https:\/\/www.lux-airport.lu\/de\/unternehmen\/","title":{"rendered":"lux-Airport Unternehmen"},"content":{"rendered":"\n<div class=\"wp-block-group pageHeader\"><div class=\"wp-block-group__inner-container is-layout-flow wp-block-group-is-layout-flow\">\n<figure class=\"wp-block-image size-full is-resized\"><img loading=\"lazy\" decoding=\"async\" src=\"https:\/\/www.lux-airport.lu\/wp-content\/uploads\/2022\/09\/lux-Airport-Corporate-Website-Header-1.jpg\" alt=\"lux-Airport Corporate Website Kopfzeile\" class=\"wp-image-5883\" width=\"1920\" height=\"500\" srcset=\"https:\/\/www.lux-airport.lu\/wp-content\/uploads\/2022\/09\/lux-Airport-Corporate-Website-Header-1.jpg 1920w, https:\/\/www.lux-airport.lu\/wp-content\/uploads\/2022\/09\/lux-Airport-Corporate-Website-Header-1-300x78.jpg 300w, https:\/\/www.lux-airport.lu\/wp-content\/uploads\/2022\/09\/lux-Airport-Corporate-Website-Header-1-1024x267.jpg 1024w, https:\/\/www.lux-airport.lu\/wp-content\/uploads\/2022\/09\/lux-Airport-Corporate-Website-Header-1-768x200.jpg 768w, https:\/\/www.lux-airport.lu\/wp-content\/uploads\/2022\/09\/lux-Airport-Corporate-Website-Header-1-1536x400.jpg 1536w\" sizes=\"auto, (max-width: 1920px) 100vw, 1920px\" \/><\/figure>\n\n\n\n<h1 class=\"wp-block-heading has-text-color\" style=\"color:#0d7eac\">lux-Airport Unternehmen<\/h1>\n<\/div><\/div>\n\n\n\n<div class=\"wp-block-columns justifyCenter is-layout-flex wp-container-core-columns-is-layout-9d6595d7 wp-block-columns-is-layout-flex\">\n<div class=\"wp-block-column corporateHomeOurStory has-background is-layout-flow wp-block-column-is-layout-flow\" style=\"background-color:#f9f9f9;flex-basis:22%\">\n<div class=\"wp-block-group is-vertical is-layout-flex wp-container-core-group-is-layout-8cf370e7 wp-block-group-is-layout-flex\">\n<h2 class=\"wp-block-heading\">Unsere Geschichte<\/h2>\n\n\n\n<p>Willkommen auf dem Flughafen!<\/p>\n\n\n\n<p>Wir laden ein zu einer Entdeckungsreise \u00fcber den Flughafen Luxemburg. Hier erfahren Sie alles \u00fcber unsere Geschichte, finden Informationen zu unseren aktuellen Leistungen und zu unserer Vision f\u00fcr die Zukunft.<\/p>\n\n\n\n<p>Wir sind die Soci\u00e9t\u00e9 de l\u2019A\u00e9roport de Luxembourg SA, besser bekannt unter dem Namen lux-Airport.<\/p>\n\n\n\n<div class=\"wp-block-buttons is-layout-flex wp-block-buttons-is-layout-flex\">\n<div class=\"wp-block-button\"><a class=\"wp-block-button__link has-white-color has-text-color has-background wp-element-button\" href=\"https:\/\/www.lux-airport.lu\/de\/unternehmen\/ueber-uns\/unsere-geschichte\/\" style=\"border-radius:0px;background-color:#0d7eac\">MEHR LERNEN<\/a><\/div>\n<\/div>\n<\/div>\n<\/div>\n\n\n\n<div class=\"wp-block-column is-layout-flow wp-block-column-is-layout-flow\" style=\"flex-basis:62%\">\n<div class=\"wp-block-group corporateHomemyAirportCity is-vertical is-layout-flex wp-container-core-group-is-layout-8cf370e7 wp-block-group-is-layout-flex\">\n<figure class=\"wp-block-image size-full\"><img loading=\"lazy\" decoding=\"async\" width=\"1185\" height=\"250\" src=\"https:\/\/www.lux-airport.lu\/wp-content\/uploads\/2022\/09\/My-Airport-City.jpg\" alt=\"\" class=\"wp-image-5887\" srcset=\"https:\/\/www.lux-airport.lu\/wp-content\/uploads\/2022\/09\/My-Airport-City.jpg 1185w, https:\/\/www.lux-airport.lu\/wp-content\/uploads\/2022\/09\/My-Airport-City-300x63.jpg 300w, https:\/\/www.lux-airport.lu\/wp-content\/uploads\/2022\/09\/My-Airport-City-1024x216.jpg 1024w, https:\/\/www.lux-airport.lu\/wp-content\/uploads\/2022\/09\/My-Airport-City-768x162.jpg 768w\" sizes=\"auto, (max-width: 1185px) 100vw, 1185px\" \/><\/figure>\n\n\n\n<h2 class=\"wp-block-heading\">Meine Flughafenstadt<\/h2>\n\n\n\n<p>Die Airport City schafft auf dem Gel\u00e4nde des Luxemburger Flughafens einen urbanen Raum mit repr\u00e4sentativen Geb\u00e4uden. Ein einzigartiges Gro\u00dfstadt-Flair verbindet sich hier mit kurzen Wegen zu Einkaufs- und Gastronomieangeboten, Verkehrsmitteln und vielem mehr.<\/p>\n\n\n\n<div class=\"wp-block-buttons is-layout-flex wp-block-buttons-is-layout-flex\">\n<div class=\"wp-block-button\"><a class=\"wp-block-button__link has-white-color has-text-color has-background wp-element-button\" href=\"https:\/\/www.airport-city.lu\" style=\"border-radius:0px;background-color:#0d7eac\" target=\"_blank\" rel=\"noreferrer noopener nofollow\">WWW.AIRPORT-CITY.LU<\/a><\/div>\n<\/div>\n<\/div>\n<\/div>\n<\/div>\n\n\n\n<div class=\"wp-block-group\"><div class=\"wp-block-group__inner-container is-layout-flow wp-block-group-is-layout-flow\">\n<div class=\"wp-block-group\"><div class=\"wp-block-group__inner-container is-layout-flow wp-block-group-is-layout-flow\">\n<div class=\"wp-block-group corporateHomePress\"><div class=\"wp-block-group__inner-container is-layout-flow wp-block-group-is-layout-flow\">\n<h2 class=\"wp-block-heading nomargin has-white-color has-text-color has-background\" style=\"background-color:#0d7eac\">Presse<\/h2>\n<\/div><\/div>\n<\/div><\/div>\n<\/div><\/div>\n\n\n\n<div class=\"wp-block-columns corporateHomePressMain has-white-color has-text-color has-background is-layout-flex wp-container-core-columns-is-layout-9d6595d7 wp-block-columns-is-layout-flex\" style=\"background-color:#0d7eac\">\n<div class=\"wp-block-column has-white-color has-text-color is-layout-flow wp-block-column-is-layout-flow\">\n<div class=\"wp-block-group is-vertical is-layout-flex wp-container-core-group-is-layout-8cf370e7 wp-block-group-is-layout-flex\">\n<h3 class=\"wp-block-heading has-white-color has-text-color\" style=\"font-size:24px\">Mitteilungen an die Presse<\/h3>\n\n\n\n<figure class=\"wp-block-image size-full\"><img loading=\"lazy\" decoding=\"async\" width=\"500\" height=\"300\" src=\"https:\/\/www.lux-airport.lu\/wp-content\/uploads\/2022\/10\/press-releases.jpg\" alt=\"\" class=\"wp-image-5944\" srcset=\"https:\/\/www.lux-airport.lu\/wp-content\/uploads\/2022\/10\/press-releases.jpg 500w, https:\/\/www.lux-airport.lu\/wp-content\/uploads\/2022\/10\/press-releases-300x180.jpg 300w\" sizes=\"auto, (max-width: 500px) 100vw, 500px\" \/><\/figure>\n<\/div>\n\n\n<ul class=\"wp-block-latest-posts__list has-dates wp-block-latest-posts\"><li><a class=\"wp-block-latest-posts__post-title\" href=\"https:\/\/www.lux-airport.lu\/de\/luxair-und-lux-airport-bestaetigen-erfolgreiche-ergebnisse-eines-tests-zur-vorbereitung-fruehmorgendlicher-abfluege-am-flughafen-luxemburg\/\">Luxair und lux-Airport best\u00e4tigen erfolgreiche Ergebnisse eines Tests zur Vorbereitung fr\u00fchmorgendlicher Abfl\u00fcge am Flughafen Luxemburg<\/a><time datetime=\"2026-02-06T10:10:42+01:00\" class=\"wp-block-latest-posts__post-date\">6. Februar 2026<\/time><\/li>\n<\/ul>\n\n\n<div class=\"wp-block-buttons is-layout-flex wp-block-buttons-is-layout-flex\">\n<div class=\"wp-block-button\"><a class=\"wp-block-button__link has-white-background-color has-text-color has-background wp-element-button\" href=\"https:\/\/www.lux-airport.lu\/de\/unternehmen\/presse\/nachrichten\/\" style=\"border-radius:0px;color:#535353\">ALLE PRESSEMITTEILUNGEN ANZEIGEN<\/a><\/div>\n<\/div>\n<\/div>\n\n\n\n<div class=\"wp-block-column is-layout-flow wp-block-column-is-layout-flow\">\n<div class=\"wp-block-group is-vertical is-layout-flex wp-container-core-group-is-layout-8cf370e7 wp-block-group-is-layout-flex\">\n<h3 class=\"wp-block-heading has-white-color has-text-color\" style=\"font-size:24px\">Medien herunterladen<\/h3>\n\n\n\n<figure class=\"wp-block-image size-full\"><img loading=\"lazy\" decoding=\"async\" width=\"500\" height=\"300\" src=\"https:\/\/www.lux-airport.lu\/wp-content\/uploads\/2022\/09\/download-media.jpg\" alt=\"\" class=\"wp-image-5906\" srcset=\"https:\/\/www.lux-airport.lu\/wp-content\/uploads\/2022\/09\/download-media.jpg 500w, https:\/\/www.lux-airport.lu\/wp-content\/uploads\/2022\/09\/download-media-300x180.jpg 300w\" sizes=\"auto, (max-width: 500px) 100vw, 500px\" \/><\/figure>\n\n\n\n<p class=\"has-white-color has-text-color\">St\u00f6bern Sie in einer Reihe von Flughafenbildern und -videos, die zum Download bereitstehen<\/p>\n\n\n\n<div class=\"wp-block-buttons is-content-justification-center is-layout-flex wp-container-core-buttons-is-layout-16018d1d wp-block-buttons-is-layout-flex\">\n<div class=\"wp-block-button\"><a class=\"wp-block-button__link has-text-color has-background wp-element-button\" href=\"https:\/\/www.lux-airport.lu\/de\/unternehmen\/presse\/download-medienanfragen\/\" style=\"border-radius:0px;color:#535353;background-color:#f9f9f9\">F\u00dcR DEN ZUGANG REGISTRIEREN<\/a><\/div>\n<\/div>\n<\/div>\n<\/div>\n\n\n\n<div class=\"wp-block-column is-layout-flow wp-block-column-is-layout-flow\">\n<div class=\"wp-block-group is-vertical is-layout-flex wp-container-core-group-is-layout-8cf370e7 wp-block-group-is-layout-flex\">\n<h3 class=\"wp-block-heading has-white-color has-text-color\" style=\"font-size:24px\">Presseanfragen<\/h3>\n\n\n\n<figure class=\"wp-block-image size-full\"><img loading=\"lazy\" decoding=\"async\" width=\"500\" height=\"300\" src=\"https:\/\/www.lux-airport.lu\/wp-content\/uploads\/2022\/10\/press-requests.jpg\" alt=\"\" class=\"wp-image-6162\" srcset=\"https:\/\/www.lux-airport.lu\/wp-content\/uploads\/2022\/10\/press-requests.jpg 500w, https:\/\/www.lux-airport.lu\/wp-content\/uploads\/2022\/10\/press-requests-300x180.jpg 300w\" sizes=\"auto, (max-width: 500px) 100vw, 500px\" \/><\/figure>\n\n\n\n<p class=\"has-white-color has-text-color\">Kontaktieren Sie uns f\u00fcr Presseanfragen oder Public Relations Angelegenheiten<\/p>\n\n\n\n<div class=\"wp-block-buttons is-content-justification-center is-layout-flex wp-container-core-buttons-is-layout-16018d1d wp-block-buttons-is-layout-flex\">\n<div class=\"wp-block-button\"><a class=\"wp-block-button__link has-text-color has-background wp-element-button\" href=\"https:\/\/www.lux-airport.lu\/de\/unternehmen\/presse\/kontakt-uns\/\" style=\"border-radius:0px;color:#535353;background-color:#f9f9f9\">KONTAKT US<\/a><\/div>\n<\/div>\n<\/div>\n<\/div>\n<\/div>\n\n\n\n<div class=\"wp-block-columns justifyCenter is-layout-flex wp-container-core-columns-is-layout-9d6595d7 wp-block-columns-is-layout-flex\">\n<div class=\"wp-block-column is-layout-flow wp-block-column-is-layout-flow\" style=\"flex-basis:62%\">\n<div class=\"wp-block-columns corporateHomeEnvironment has-background is-layout-flex wp-container-core-columns-is-layout-9d6595d7 wp-block-columns-is-layout-flex\" style=\"background-color:#f9f9f9\">\n<div class=\"wp-block-column is-layout-flow wp-block-column-is-layout-flow\" style=\"flex-basis:33.33%\">\n<figure class=\"wp-block-image size-full is-resized\"><img loading=\"lazy\" decoding=\"async\" src=\"https:\/\/www.lux-airport.lu\/wp-content\/uploads\/2022\/09\/sustainability-report.jpg\" alt=\"\" class=\"wp-image-5918\" width=\"245\" height=\"417\" srcset=\"https:\/\/www.lux-airport.lu\/wp-content\/uploads\/2022\/09\/sustainability-report.jpg 245w, https:\/\/www.lux-airport.lu\/wp-content\/uploads\/2022\/09\/sustainability-report-176x300.jpg 176w\" sizes=\"auto, (max-width: 245px) 100vw, 245px\" \/><\/figure>\n<\/div>\n\n\n\n<div class=\"wp-block-column is-layout-flow wp-block-column-is-layout-flow\" style=\"flex-basis:66.66%\">\n<div class=\"wp-block-group is-vertical is-layout-flex wp-container-core-group-is-layout-8cf370e7 wp-block-group-is-layout-flex\">\n<h2 class=\"wp-block-heading\">Umwelt und Nachhaltigkeit<\/h2>\n<\/div>\n\n\n\n<h3 class=\"wp-block-heading\">Heute schon den gr\u00fcnen Flughafen von morgen bauen<\/h3>\n\n\n\n<p>Die Nachhaltigkeit eines Flughafens zu verbessern, stellt eine Herausforderung dar. Doch mit der Unterst\u00fctzung eines aktiven Managements, engagierter Partner und motivierter Mitarbeiter ergeben sich vielf\u00e4ltige M\u00f6glichkeiten. Bei lux-Airport verfolgen wir mit unserem Umweltmanagement mehrere Ziele: Reduzierung unseres Energieverbrauchs und unseres CO<sub>2<\/sub>-Fu\u00dfabdrucks, einen bewussten Umgang mit Wasser, M\u00fcll, Boden und Untergrund sowie Schutz der Artenvielfalt.<\/p>\n\n\n\n<div class=\"wp-block-buttons is-layout-flex wp-block-buttons-is-layout-flex\">\n<div class=\"wp-block-button\"><a class=\"wp-block-button__link has-white-color has-text-color has-background wp-element-button\" href=\"https:\/\/www.lux-airport.lu\/de\/unternehmen\/unser-engagement\/umwelt-und-nachhaltigkeit\/\" style=\"border-radius:0px;background-color:#0d7eac\">MEHR LERNEN<\/a><\/div>\n<\/div>\n<\/div>\n<\/div>\n<\/div>\n\n\n\n<div class=\"wp-block-column corporateHomeCareers has-background is-layout-flow wp-block-column-is-layout-flow\" style=\"background-color:#fafafa00;flex-basis:22%\">\n<div class=\"wp-block-group is-vertical is-layout-flex wp-container-core-group-is-layout-8cf370e7 wp-block-group-is-layout-flex\">\n<h2 class=\"wp-block-heading\">Karriere<\/h2>\n\n\n\n<h3 class=\"wp-block-heading\">Arbeiten am LUX<\/h3>\n\n\n\n<p>M\u00f6chten Sie beruflich richtig durchstarten und Teil des dynamischen Teams am Flughafen Luxemburg werden? Dann sehen Sie sich bei unseren freien Stellen um.<\/p>\n\n\n\n<p>Der Flughafen Luxemburg bietet grenzenlose M\u00f6glichkeiten.<\/p>\n\n\n\n<div class=\"wp-block-buttons is-layout-flex wp-block-buttons-is-layout-flex\">\n<div class=\"wp-block-button\"><a class=\"wp-block-button__link has-white-color has-text-color has-background wp-element-button\" href=\"\/de\/corporate\/open-positions\/\" style=\"border-radius:0px;background-color:#0d7eac\">ALLE KARRIEREM\u00d6GLICHKEITEN ANZEIGEN<\/a><\/div>\n<\/div>\n<\/div>\n<\/div>\n<\/div>\n","protected":false},"excerpt":{"rendered":"<p>lux-Airport Unternehmen Unsere Geschichte Willkommen auf dem Flughafen! Wir laden ein zu einer Entdeckungsreise \u00fcber den Flughafen Luxemburg. Hier erfahren Sie alles \u00fcber unsere Geschichte, finden Informationen zu unseren aktuellen Leistungen und zu unserer Vision f\u00fcr die Zukunft. Wir sind die Soci\u00e9t\u00e9 de l\u2019A\u00e9roport de Luxembourg SA, besser bekannt unter dem Namen lux-Airport. Meine Flughafenstadt [&hellip;]<\/p>\n","protected":false},"author":1,"featured_media":0,"parent":0,"menu_order":0,"comment_status":"closed","ping_status":"closed","template":"","meta":{"_acf_changed":false,"footnotes":""},"class_list":["post-9351","page","type-page","status-publish","hentry"],"acf":{"set_page_width_full":false,"start_with_small_header":false,"reno_options":{"hide_reno_widget":false,"open_widget_on_page_load":false,"which_tab_to_open":"chatbot","hide_reno_turn_onoff":false,"set_height_to_mini":false,"reno_page_branded_text_back_front":{"reno_show_branded_text":false,"reno_text_in_the_back":"JOURNEY","reno_text_in_the_front":"my journey starts here"}},"branded_text_backfront":{"hide_branded_text":false,"text_in_the_back":"JOURNEY","text_in_the_front_left":"My journey","text_in_the_front_right":"starts here"},"hide_breadcrumbs":false,"hide_footer_widgets":false,"hide_page_title":false,"advertising__adsense":{"show_ads_in_this_page":true,"image_instead_of_adsense":{"enable_image_instead_of_adsense":false,"banner_image_300x250":null,"banner_url":""}},"header_image_options":{"show_header_image":"Yes","header_image":""}},"_links":{"self":[{"href":"https:\/\/www.lux-airport.lu\/de\/wp-json\/wp\/v2\/pages\/9351","targetHints":{"allow":["GET"]}}],"collection":[{"href":"https:\/\/www.lux-airport.lu\/de\/wp-json\/wp\/v2\/pages"}],"about":[{"href":"https:\/\/www.lux-airport.lu\/de\/wp-json\/wp\/v2\/types\/page"}],"author":[{"embeddable":true,"href":"https:\/\/www.lux-airport.lu\/de\/wp-json\/wp\/v2\/users\/1"}],"replies":[{"embeddable":true,"href":"https:\/\/www.lux-airport.lu\/de\/wp-json\/wp\/v2\/comments?post=9351"}],"version-history":[{"count":0,"href":"https:\/\/www.lux-airport.lu\/de\/wp-json\/wp\/v2\/pages\/9351\/revisions"}],"wp:attachment":[{"href":"https:\/\/www.lux-airport.lu\/de\/wp-json\/wp\/v2\/media?parent=9351"}],"curies":[{"name":"wp","href":"https:\/\/api.w.org\/{rel}","templated":true}]}}