{"id":8963,"date":"2022-11-27T02:12:14","date_gmt":"2022-11-27T01:12:14","guid":{"rendered":"https:\/\/www.lux-airport.lu\/unser-engagement\/environment-and-sustainability\/"},"modified":"2025-12-03T12:14:42","modified_gmt":"2025-12-03T11:14:42","slug":"umwelt-und-nachhaltigkeit","status":"publish","type":"page","link":"https:\/\/www.lux-airport.lu\/de\/unternehmen\/unser-engagement\/umwelt-und-nachhaltigkeit\/","title":{"rendered":"Umwelt und Nachhaltigkeit"},"content":{"rendered":"\n<h2 class=\"wp-block-heading\"><strong>DIE UMWELT IST EIN INTEGRALER BESTANDTEIL DER AKTIVIT\u00c4TEN DES LUX-AIRPORTS<\/strong><\/h2>\n\n\n\n<h2 class=\"wp-block-heading\"><strong>Die Nachhaltigkeit eines Flughafens zu verbessern, stellt eine Herausforderung dar.<\/strong> <strong>Doch mit<\/strong><\/h2>\n\n\n\n<p><strong>der Unterst\u00fctzung eines aktiven Managements, engagierter Partner und motivierter Mitarbeiter ergeben sich vielf\u00e4ltige M\u00f6glichkeiten. Bei lux-Airport verfolgen wir mit unserem Umweltmanagement mehrere Ziele:<\/strong> <strong>Reduzierung unseres Energieverbrauchs und unseres CO<sub>2<\/sub>-Fu\u00dfabdrucks, einen bewussten Umgang mit Wasser, M\u00fcll, Boden und Untergrund sowie Schutz der Artenvielfalt.<\/strong><\/p>\n\n\n\n<p>Wir wollen unser Handeln an einem strukturierten Umweltmanagementsystem ausrichten. Damit bilden wir ein solides Fundament, um alle unsere Stakeholder zu motivieren und gemeinsam mit ihnen die Umwelt zu sch\u00fctzen und zu verbessern. In diesem Bereich unserer Website und in der zweite Ausgabe unseres &gt; <a href=\"https:\/\/www.lux-airport.lu\/wp-content\/uploads\/2023\/08\/LUX_S-Report_V2_230931_Web.pdf\" target=\"_blank\" rel=\"noreferrer noopener\"><strong><u>Umweltbericht<\/u><\/strong> <\/a>informieren wir \u00fcber die Erfolge und \u00fcber unser Konzept f\u00fcr die aktuelle Frage, die von entscheidender Bedeutung ist: Wie k\u00f6nnen wir zu einer nachhaltigeren Luftfahrtindustrie beitragen? Danke, dass Sie uns auf dieser Reise begleiten. Wir freuen uns \u00fcber Ihr Interesse. Weitere Informationen finden Sie in unserer &gt; <strong><em><u><a href=\"https:\/\/www.lux-airport.lu\/wp-content\/uploads\/2025\/09\/Environmental-Policy-v5_signed.pdf\" target=\"_blank\" rel=\"noreferrer noopener\">Umweltpolitik<\/a><\/u><\/em><\/strong> <strong><em><u><a href=\"https:\/\/www.lux-airport.lu\/wp-content\/uploads\/2025\/09\/Environmental-Policy-v5_signed.pdf\" target=\"_blank\" rel=\"noreferrer noopener\">(PDF)<\/a><\/u><\/em><\/strong>.<\/p>\n\n\n\n<div style=\"height:30px\" aria-hidden=\"true\" class=\"wp-block-spacer\"><\/div>\n\n\n\n<h2 class=\"wp-block-heading has-text-color\" style=\"color:#64c251\">Unsere Themen<\/h2>\n\n\n\n<div class=\"wp-block-columns sustainabilityColumns has-background is-layout-flex wp-container-core-columns-is-layout-9d6595d7 wp-block-columns-is-layout-flex\" style=\"background-color:#96c11f\">\n<div class=\"wp-block-column is-layout-flow wp-block-column-is-layout-flow\" style=\"flex-basis:25%\">\n<p class=\"has-text-align-center has-white-color has-text-color\"><strong><a href=\"https:\/\/www.lux-airport.lu\/de\/unternehmen\/unser-engagement\/umwelt-und-nachhaltigkeit\/co2-fussabdruck\/\" data-type=\"page\" data-id=\"6900\"><strong>CO<sub>2<\/sub>-Fu\u00dfabdruck<\/strong><\/a><\/strong><\/p>\n\n\n\n<figure class=\"wp-block-image size-full\"><a href=\"https:\/\/www.lux-airport.lu\/de\/unternehmen\/unser-engagement\/umwelt-und-nachhaltigkeit\/co2-fussabdruck\/\"><img loading=\"lazy\" decoding=\"async\" width=\"253\" height=\"271\" src=\"https:\/\/www.lux-airport.lu\/wp-content\/uploads\/2022\/11\/carbon-footprint.png\" alt=\"\" class=\"wp-image-8457\"><\/a><\/figure>\n<\/div>\n\n\n\n<div class=\"wp-block-column is-layout-flow wp-block-column-is-layout-flow\" style=\"flex-basis:25%\">\n<p class=\"has-text-align-center has-white-color has-text-color\"><span><a style=\"font-weight: bold;\" href=\"https:\/\/www.lux-airport.lu\/de\/unternehmen\/unser-engagement\/umwelt-und-nachhaltigkeit\/abfallwirtschaft\/\" data-type=\"page\" data-id=\"5536\"><strong>Wasser &amp; Abfallmanagement<\/strong><\/a><\/span><\/p>\n\n\n\n<figure class=\"wp-block-image size-full\"><a href=\"https:\/\/www.lux-airport.lu\/de\/unternehmen\/unser-engagement\/umwelt-und-nachhaltigkeit\/abfallwirtschaft\/\"><img loading=\"lazy\" decoding=\"async\" width=\"253\" height=\"271\" src=\"https:\/\/www.lux-airport.lu\/wp-content\/uploads\/2022\/11\/waste-management.png\" alt=\"\" class=\"wp-image-8460\"><\/a><\/figure>\n<\/div>\n\n\n\n<div class=\"wp-block-column is-layout-flow wp-block-column-is-layout-flow\" style=\"flex-basis:25%\">\n<p class=\"has-text-align-center has-white-color has-text-color\"><strong><a href=\"https:\/\/www.lux-airport.lu\/de\/unternehmen\/unser-engagement\/umwelt-und-nachhaltigkeit\/biologische-vielfalt\/\" data-type=\"page\" data-id=\"5540\"><strong>Artenvielfalt &amp; Bodenmanagement<\/strong><\/a><\/strong><\/p>\n\n\n\n<figure class=\"wp-block-image size-full\"><a href=\"https:\/\/www.lux-airport.lu\/de\/unternehmen\/unser-engagement\/umwelt-und-nachhaltigkeit\/biologische-vielfalt\/\"><img loading=\"lazy\" decoding=\"async\" width=\"253\" height=\"271\" src=\"https:\/\/www.lux-airport.lu\/wp-content\/uploads\/2022\/11\/biodiversity.png\" alt=\"\" class=\"wp-image-8463\"><\/a><\/figure>\n<\/div>\n\n\n\n<div class=\"wp-block-column is-layout-flow wp-block-column-is-layout-flow\" style=\"flex-basis:25%\">\n<p class=\"has-text-align-center has-white-color has-text-color\"><strong><a href=\"https:\/\/www.lux-airport.lu\/de\/unternehmen\/unser-engagement\/umwelt-und-nachhaltigkeit\/nachhaltigkeit\/\" data-type=\"page\" data-id=\"6897\"><strong>Nachhaltigkeit<\/strong><\/a><\/strong><\/p>\n\n\n\n<figure class=\"wp-block-image size-full\"><a href=\"https:\/\/www.lux-airport.lu\/de\/unternehmen\/unser-engagement\/umwelt-und-nachhaltigkeit\/nachhaltigkeit\/\"><img loading=\"lazy\" decoding=\"async\" width=\"253\" height=\"271\" src=\"https:\/\/www.lux-airport.lu\/wp-content\/uploads\/2022\/11\/sustainability.png\" alt=\"\" class=\"wp-image-8466\"><\/a><\/figure>\n<\/div>\n<\/div>\n\n\n\n<div class=\"wp-block-columns sustainabilityColumns has-background is-layout-flex wp-container-core-columns-is-layout-9d6595d7 wp-block-columns-is-layout-flex\" style=\"background-color:#96c11f\">\n<div class=\"wp-block-column is-layout-flow wp-block-column-is-layout-flow\" style=\"flex-basis:25%\">\n<p class=\"has-text-align-center has-white-color has-text-color\"><strong><a href=\"https:\/\/www.lux-airport.lu\/de\/unternehmen\/unser-engagement\/umwelt-und-nachhaltigkeit\/grune-elektrizitat\/\" data-type=\"page\" data-id=\"8491\">Energie<\/a><\/strong><\/p>\n\n\n\n<figure class=\"wp-block-image size-full\"><a href=\"https:\/\/www.lux-airport.lu\/de\/unternehmen\/unser-engagement\/umwelt-und-nachhaltigkeit\/grune-elektrizitat\/\"><img loading=\"lazy\" decoding=\"async\" width=\"253\" height=\"271\" src=\"https:\/\/www.lux-airport.lu\/wp-content\/uploads\/2022\/11\/Energy.png\" alt=\"\" class=\"wp-image-8469\"><\/a><\/figure>\n<\/div>\n\n\n\n<div class=\"wp-block-column is-layout-flow wp-block-column-is-layout-flow\" style=\"flex-basis:25%\">\n<p class=\"has-text-align-center has-white-color has-text-color\"><strong><a href=\"https:\/\/www.lux-airport.lu\/de\/unternehmen\/unser-engagement\/umwelt-und-nachhaltigkeit\/larm-management\/\" data-type=\"page\" data-id=\"5534\">L\u00e4rmmanagement<\/a><\/strong><\/p>\n\n\n\n<figure class=\"wp-block-image size-full\"><a href=\"https:\/\/www.lux-airport.lu\/de\/unternehmen\/unser-engagement\/umwelt-und-nachhaltigkeit\/larm-management\/\"><img loading=\"lazy\" decoding=\"async\" width=\"253\" height=\"271\" src=\"https:\/\/www.lux-airport.lu\/wp-content\/uploads\/2022\/11\/noise-management.png\" alt=\"\" class=\"wp-image-8472\"><\/a><\/figure>\n<\/div>\n\n\n\n<div class=\"wp-block-column is-layout-flow wp-block-column-is-layout-flow\" style=\"flex-basis:25%\">\n<p class=\"has-text-align-center has-white-color has-text-color\"><strong><a href=\"https:\/\/www.lux-airport.lu\/de\/unternehmen\/unser-engagement\/umwelt-und-nachhaltigkeit\/luftqualitat\/\" data-type=\"page\" data-id=\"5538\">Luftqualit\u00e4t<\/a><\/strong><\/p>\n\n\n\n<figure class=\"wp-block-image size-full\"><a href=\"https:\/\/www.lux-airport.lu\/de\/unternehmen\/unser-engagement\/umwelt-und-nachhaltigkeit\/luftqualitat\/\"><img loading=\"lazy\" decoding=\"async\" width=\"253\" height=\"271\" src=\"https:\/\/www.lux-airport.lu\/wp-content\/uploads\/2022\/11\/air-quality.png\" alt=\"\" class=\"wp-image-8475\"><\/a><\/figure>\n<\/div>\n\n\n\n<div class=\"wp-block-column is-layout-flow wp-block-column-is-layout-flow\" style=\"flex-basis:25%\">\n<p class=\"has-text-align-center has-white-color has-text-color\"><strong><a href=\"https:\/\/www.lux-airport.lu\/de\/unternehmen\/unser-engagement\/umwelt-und-nachhaltigkeit\/zahlen-fakten\/\" data-type=\"page\" data-id=\"5542\"><strong>Zahlen &amp; Fakten<\/strong><\/a><\/strong><\/p>\n\n\n\n<figure class=\"wp-block-image size-full\"><a href=\"https:\/\/www.lux-airport.lu\/de\/unternehmen\/unser-engagement\/umwelt-und-nachhaltigkeit\/zahlen-fakten\/\"><img loading=\"lazy\" decoding=\"async\" width=\"253\" height=\"271\" src=\"https:\/\/www.lux-airport.lu\/wp-content\/uploads\/2022\/11\/key-figures.png\" alt=\"\" class=\"wp-image-8478\"><\/a><\/figure>\n<\/div>\n<\/div>\n\n\n\n<div style=\"height:50px\" aria-hidden=\"true\" class=\"wp-block-spacer\"><\/div>\n\n\n\n<p><strong><strong>Wir sind stolz auf die Zertifikate, die uns auf unserem Weg zum gr\u00fcnen Flughafen bereits erteilt wurden:<\/strong><\/strong><\/p>\n\n\n\n<div class=\"wp-block-columns is-layout-flex wp-container-core-columns-is-layout-9d6595d7 wp-block-columns-is-layout-flex\">\n<div class=\"wp-block-column is-vertically-aligned-center is-layout-flow wp-block-column-is-layout-flow\" style=\"flex-basis:20%\">\n<figure class=\"wp-block-image size-full\"><img loading=\"lazy\" decoding=\"async\" width=\"1080\" height=\"1080\" src=\"https:\/\/www.lux-airport.lu\/wp-content\/uploads\/2025\/12\/Level-4-WB-002.jpg\" alt=\"\" class=\"wp-image-23466\" srcset=\"https:\/\/www.lux-airport.lu\/wp-content\/uploads\/2025\/12\/Level-4-WB-002.jpg 1080w, https:\/\/www.lux-airport.lu\/wp-content\/uploads\/2025\/12\/Level-4-WB-002-300x300.jpg 300w, https:\/\/www.lux-airport.lu\/wp-content\/uploads\/2025\/12\/Level-4-WB-002-1024x1024.jpg 1024w, https:\/\/www.lux-airport.lu\/wp-content\/uploads\/2025\/12\/Level-4-WB-002-150x150.jpg 150w, https:\/\/www.lux-airport.lu\/wp-content\/uploads\/2025\/12\/Level-4-WB-002-768x768.jpg 768w\" sizes=\"auto, (max-width: 1080px) 100vw, 1080px\" \/><\/figure>\n<\/div>\n\n\n\n<div class=\"wp-block-column is-vertically-aligned-center is-layout-flow wp-block-column-is-layout-flow\" style=\"flex-basis:20%\">\n<figure class=\"wp-block-image size-full\"><img loading=\"lazy\" decoding=\"async\" width=\"174\" height=\"200\" src=\"https:\/\/www.lux-airport.lu\/wp-content\/uploads\/2023\/01\/image-4.png\" alt=\"\" class=\"wp-image-9712\"><\/figure>\n<\/div>\n\n\n\n<div class=\"wp-block-column is-vertically-aligned-center is-layout-flow wp-block-column-is-layout-flow\" style=\"flex-basis:20%\">\n<figure class=\"wp-block-image size-full\"><img loading=\"lazy\" decoding=\"async\" width=\"250\" height=\"141\" src=\"https:\/\/www.lux-airport.lu\/wp-content\/uploads\/2023\/01\/image-5.png\" alt=\"\" class=\"wp-image-9716\"><\/figure>\n<\/div>\n\n\n\n<div class=\"wp-block-column is-vertically-aligned-center is-layout-flow wp-block-column-is-layout-flow\" style=\"flex-basis:20%\">\n<figure class=\"wp-block-gallery has-nested-images columns-default is-cropped wp-block-gallery-1 is-layout-flex wp-block-gallery-is-layout-flex\">\n<figure class=\"wp-block-image size-large\"><img loading=\"lazy\" decoding=\"async\" width=\"1024\" height=\"518\" data-id=\"22617\" src=\"https:\/\/www.lux-airport.lu\/wp-content\/uploads\/2025\/06\/TR-Testmark_9000037269_EN_CMYK_without-QR-Code-2-1024x518.jpg\" alt=\"\" class=\"wp-image-22617\" srcset=\"https:\/\/www.lux-airport.lu\/wp-content\/uploads\/2025\/06\/TR-Testmark_9000037269_EN_CMYK_without-QR-Code-2-1024x518.jpg 1024w, https:\/\/www.lux-airport.lu\/wp-content\/uploads\/2025\/06\/TR-Testmark_9000037269_EN_CMYK_without-QR-Code-2-300x152.jpg 300w, https:\/\/www.lux-airport.lu\/wp-content\/uploads\/2025\/06\/TR-Testmark_9000037269_EN_CMYK_without-QR-Code-2-768x388.jpg 768w, https:\/\/www.lux-airport.lu\/wp-content\/uploads\/2025\/06\/TR-Testmark_9000037269_EN_CMYK_without-QR-Code-2.jpg 1434w\" sizes=\"auto, (max-width: 1024px) 100vw, 1024px\" \/><\/figure>\n<\/figure>\n<\/div>\n\n\n\n<div class=\"wp-block-column is-vertically-aligned-center is-layout-flow wp-block-column-is-layout-flow\" style=\"flex-basis:20%\">\n<figure class=\"wp-block-image size-full\"><img loading=\"lazy\" decoding=\"async\" width=\"250\" height=\"95\" src=\"https:\/\/www.lux-airport.lu\/wp-content\/uploads\/2022\/08\/sdk-700x265-1-250x95-1.png\" alt=\"\" class=\"wp-image-2323\"><\/figure>\n<\/div>\n\n\n\n<div class=\"wp-block-column is-vertically-aligned-center is-layout-flow wp-block-column-is-layout-flow\" style=\"flex-basis:20%\">\n<figure class=\"wp-block-image size-full\"><img loading=\"lazy\" decoding=\"async\" width=\"221\" height=\"202\" src=\"https:\/\/www.lux-airport.lu\/wp-content\/uploads\/2022\/08\/LAGStar-1.png\" alt=\"\" class=\"wp-image-2320\"><\/figure>\n<\/div>\n<\/div>\n\n\n\n<div style=\"height:30px\" aria-hidden=\"true\" class=\"wp-block-spacer\"><\/div>\n\n\n\n<div class=\"wp-block-columns are-vertically-aligned-center lightGreenBackground is-layout-flex wp-container-core-columns-is-layout-9d6595d7 wp-block-columns-is-layout-flex\">\n<div class=\"wp-block-column is-vertically-aligned-center is-layout-flow wp-block-column-is-layout-flow\">\n<h2 class=\"wp-block-heading has-text-align-center\"><a href=\"https:\/\/www.lux-airport.lu\/wp-content\/uploads\/2022\/11\/LUX_Sustainability-Report_Issue-1.pdf\" target=\"_blank\" rel=\"noreferrer noopener\">Laden Sie die erste Ausgabe unseres Nachhaltigkeitsberichts herunter.<\/a><\/h2>\n<\/div>\n\n\n\n<div class=\"wp-block-column is-vertically-aligned-center is-layout-flow wp-block-column-is-layout-flow\">\n<figure class=\"wp-block-image size-full\"><a class=\"https:\/\/www.lux-airport.lu\/wp-content\/uploads\/2022\/11\/LUX_Sustainability-Report_Issue-1.pdf\" href=\"https:\/\/www.lux-airport.lu\/wp-content\/uploads\/2022\/11\/LUX_Sustainability-Report_Issue-1.pdf\" target=\"_blank\" rel=\"noreferrer noopener\"><img loading=\"lazy\" decoding=\"async\" width=\"245\" height=\"417\" src=\"https:\/\/www.lux-airport.lu\/wp-content\/uploads\/2022\/09\/sustainability-report.jpg\" alt=\"\" class=\"wp-image-5918\" srcset=\"https:\/\/www.lux-airport.lu\/wp-content\/uploads\/2022\/09\/sustainability-report.jpg 245w, https:\/\/www.lux-airport.lu\/wp-content\/uploads\/2022\/09\/sustainability-report-176x300.jpg 176w\" sizes=\"auto, (max-width: 245px) 100vw, 245px\" \/><\/a><\/figure>\n<\/div>\n<\/div>\n\n\n\n<div class=\"wp-block-columns are-vertically-aligned-center lightGreenBackground is-layout-flex wp-container-core-columns-is-layout-9d6595d7 wp-block-columns-is-layout-flex\">\n<div class=\"wp-block-column is-vertically-aligned-center is-layout-flow wp-block-column-is-layout-flow\">\n<h2 class=\"wp-block-heading has-text-align-center\"><a href=\"https:\/\/www.lux-airport.lu\/wp-content\/uploads\/2023\/08\/LUX_S-Report_V2_230931_Web.pdf\" target=\"_blank\" data-type=\"link\" data-id=\"https:\/\/www.lux-airport.lu\/wp-content\/uploads\/2023\/08\/LUX_S-Report_V2_230931_Web.pdf\" rel=\"noreferrer noopener\">Laden Sie die zweite Ausgabe unseres Nachhaltigkeitsberichts herunter.<\/a><\/h2>\n<\/div>\n\n\n\n<div class=\"wp-block-column is-vertically-aligned-center is-layout-flow wp-block-column-is-layout-flow\">\n<figure class=\"wp-block-image size-large is-resized\"><a class=\"https:\/\/www.lux-airport.lu\/wp-content\/uploads\/2022\/11\/LUX_Sustainability-Report_Issue-1.pdf\" href=\"https:\/\/www.lux-airport.lu\/wp-content\/uploads\/2023\/08\/LUX_S-Report_V2_230931_Web.pdf\" target=\"_blank\" rel=\"noreferrer noopener\"><img loading=\"lazy\" decoding=\"async\" width=\"597\" height=\"1024\" src=\"https:\/\/www.lux-airport.lu\/wp-content\/uploads\/2023\/08\/Screenshot_74-597x1024.png\" alt=\"\" class=\"wp-image-14674\" style=\"width:252px;height:432px\" srcset=\"https:\/\/www.lux-airport.lu\/wp-content\/uploads\/2023\/08\/Screenshot_74-597x1024.png 597w, https:\/\/www.lux-airport.lu\/wp-content\/uploads\/2023\/08\/Screenshot_74-175x300.png 175w, https:\/\/www.lux-airport.lu\/wp-content\/uploads\/2023\/08\/Screenshot_74-768x1317.png 768w, https:\/\/www.lux-airport.lu\/wp-content\/uploads\/2023\/08\/Screenshot_74.png 852w\" sizes=\"auto, (max-width: 597px) 100vw, 597px\" \/><\/a><\/figure>\n<\/div>\n<\/div>\n\n\n\n<div style=\"height:50px\" aria-hidden=\"true\" class=\"wp-block-spacer\"><\/div>\n\n\n\n<figure class=\"wp-block-image size-full\"><img loading=\"lazy\" decoding=\"async\" width=\"1722\" height=\"564\" src=\"https:\/\/www.lux-airport.lu\/wp-content\/uploads\/2022\/11\/image-3.png\" alt=\"Diagramm zur Umgebungsoptimierung\" class=\"wp-image-8506\" srcset=\"https:\/\/www.lux-airport.lu\/wp-content\/uploads\/2022\/11\/image-3.png 1722w, https:\/\/www.lux-airport.lu\/wp-content\/uploads\/2022\/11\/image-3-300x98.png 300w, https:\/\/www.lux-airport.lu\/wp-content\/uploads\/2022\/11\/image-3-1024x335.png 1024w, https:\/\/www.lux-airport.lu\/wp-content\/uploads\/2022\/11\/image-3-768x252.png 768w, https:\/\/www.lux-airport.lu\/wp-content\/uploads\/2022\/11\/image-3-1536x503.png 1536w\" sizes=\"auto, (max-width: 1722px) 100vw, 1722px\" \/><\/figure>\n","protected":false},"excerpt":{"rendered":"<p>DIE UMWELT IST EIN INTEGRALER BESTANDTEIL DER AKTIVIT\u00c4TEN DES LUX-AIRPORTS Die Nachhaltigkeit eines Flughafens zu verbessern, stellt eine Herausforderung dar. Doch mit der Unterst\u00fctzung eines aktiven Managements, engagierter Partner und motivierter Mitarbeiter ergeben sich vielf\u00e4ltige M\u00f6glichkeiten. Bei lux-Airport verfolgen wir mit unserem Umweltmanagement mehrere Ziele: Reduzierung unseres Energieverbrauchs und unseres CO2-Fu\u00dfabdrucks, einen bewussten Umgang mit [&hellip;]<\/p>\n","protected":false},"author":1,"featured_media":0,"parent":6895,"menu_order":0,"comment_status":"closed","ping_status":"closed","template":"","meta":{"_acf_changed":false,"footnotes":""},"class_list":["post-8963","page","type-page","status-publish","hentry"],"acf":{"set_page_width_full":false,"start_with_small_header":false,"reno_options":{"hide_reno_widget":false,"open_widget_on_page_load":false,"which_tab_to_open":"chatbot","hide_reno_turn_onoff":false,"set_height_to_mini":false,"reno_page_branded_text_back_front":{"reno_show_branded_text":false,"reno_text_in_the_back":"JOURNEY","reno_text_in_the_front":"my journey starts here"}},"branded_text_backfront":{"hide_branded_text":false,"text_in_the_back":"JOURNEY","text_in_the_front_left":"My journey","text_in_the_front_right":"starts here"},"hide_breadcrumbs":false,"hide_footer_widgets":false,"hide_page_title":false,"advertising__adsense":{"show_ads_in_this_page":true,"image_instead_of_adsense":{"enable_image_instead_of_adsense":false,"banner_image_300x250":null,"banner_url":""}},"header_image_options":{"show_header_image":"Yes","header_image":""}},"_links":{"self":[{"href":"https:\/\/www.lux-airport.lu\/de\/wp-json\/wp\/v2\/pages\/8963","targetHints":{"allow":["GET"]}}],"collection":[{"href":"https:\/\/www.lux-airport.lu\/de\/wp-json\/wp\/v2\/pages"}],"about":[{"href":"https:\/\/www.lux-airport.lu\/de\/wp-json\/wp\/v2\/types\/page"}],"author":[{"embeddable":true,"href":"https:\/\/www.lux-airport.lu\/de\/wp-json\/wp\/v2\/users\/1"}],"replies":[{"embeddable":true,"href":"https:\/\/www.lux-airport.lu\/de\/wp-json\/wp\/v2\/comments?post=8963"}],"version-history":[{"count":0,"href":"https:\/\/www.lux-airport.lu\/de\/wp-json\/wp\/v2\/pages\/8963\/revisions"}],"up":[{"embeddable":true,"href":"https:\/\/www.lux-airport.lu\/de\/wp-json\/wp\/v2\/pages\/6895"}],"wp:attachment":[{"href":"https:\/\/www.lux-airport.lu\/de\/wp-json\/wp\/v2\/media?parent=8963"}],"curies":[{"name":"wp","href":"https:\/\/api.w.org\/{rel}","templated":true}]}}